{"id":892,"date":"2015-08-03T13:35:41","date_gmt":"2015-08-03T19:35:41","guid":{"rendered":"https:\/\/www.meetingone.eu\/eu-nl\/?page_id=892"},"modified":"2022-07-22T07:33:57","modified_gmt":"2022-07-22T13:33:57","slug":"doe-mee-met-ons-team","status":"publish","type":"page","link":"https:\/\/www.meetingone.com\/eu-nl\/doe-mee-met-ons-team\/","title":{"rendered":"Join Our Team"},"content":{"rendered":"<p>[vc_row full_width=&#8221;stretch_row&#8221; css=&#8221;.vc_custom_1652450867602{background-position: center !important;background-repeat: no-repeat !important;background-size: cover !important;}&#8221; el_class=&#8221;french-home-page&#8221;][vc_column width=&#8221;6\/12&#8243;][vc_column_text css=&#8221;.vc_custom_1651824489049{padding-top: 40px !important;}&#8221; el_class=&#8221;white-text&#8221;]<\/p>\n<h1 class=\"banner-heading\"><span style=\"color: #0c3f4c\"><strong>Lib\u00e9rez le potentiel de vos partenaires<\/strong><\/span><\/h1>\n<div class=\"banner-sub-heading\">D\u00e9veloppez votre strat\u00e9gie de <span style=\"color: #0c3f4c\"><strong>Customer Education<\/strong><\/span> pour former vos clients et partenaires d&#8217;affaires gr\u00e2ce \u00e0 notre expertise et \u00e0 nos solutions de formation.<\/div>\n<p>[\/vc_column_text][vc_row_inner][vc_column_inner width=&#8221;1\/4&#8243;][vc_single_image image=&#8221;6438&#8243; img_size=&#8221;full&#8221;][\/vc_column_inner][vc_column_inner width=&#8221;3\/4&#8243; css=&#8221;.vc_custom_1651231503172{padding-right: 55px !important;padding-left: 55px !important;}&#8221;][vc_column_text]<\/p>\n<div class=\"button-design scrollanchor\"><a class=\"anchorLink vc_general vc_btn3 vc_btn3-size-md vc_btn3-shape-round vc_btn3-style-outline-custom vc_btn3-block\" style=\"border-color: #ffffff;color: #ffffff;background-color: transparent;text-align: center\" href=\"#myAnchor\" rel=\"noopener\"><strong>LMS \/ LXP d&#8217;entreprise<\/strong><\/a><\/div>\n<div class=\"button-design scrollanchor\"><a class=\"anchorLink vc_general vc_btn3 vc_btn3-size-md vc_btn3-shape-round vc_btn3-style-outline-custom vc_btn3-block\" style=\"border-color: #ffffff;color: #ffffff;background-color: transparent;text-align: center\" href=\"#myAnchor1\" rel=\"noopener\"><strong>Outil auteur eLearning<\/strong><\/a><\/div>\n<div class=\"button-design scrollanchor\"><a class=\"anchorLink vc_general vc_btn3 vc_btn3-size-md vc_btn3-shape-round vc_btn3-style-outline-custom vc_btn3-block\" style=\"border-color: #ffffff;color: #ffffff;background-color: transparent;text-align: center\" href=\"#myAnchor2\" rel=\"noopener\"><strong>Classe virtuelle<\/strong><\/a><\/div>\n<div class=\"home button-design-lightyellow scrollanchor\"><a class=\"anchorLink vc_general vc_btn3 vc_btn3-size-md vc_btn3-shape-round vc_btn3-style-outline-custom vc_btn3-block\" style=\"border-color: #fedc51;color: #ffffff;background-color: transparent;text-align: center\" href=\"#myAnchor3\" rel=\"noopener\"><strong>Accompagnement &amp; Support<\/strong><\/a><\/div>\n<p>[\/vc_column_text][\/vc_column_inner][\/vc_row_inner][\/vc_column][vc_column width=&#8221;6\/12&#8243; el_class=&#8221;home-banner&#8221;][vc_single_image image=&#8221;7439&#8243; img_size=&#8221;full&#8221;][\/vc_column][\/vc_row][vc_row full_width=&#8221;stretch_row&#8221; css=&#8221;.vc_custom_1649744588859{padding-top: 35px !important;padding-bottom: 45px !important;}&#8221;][vc_column width=&#8221;1\/2&#8243;][vc_single_image image=&#8221;7435&#8243; img_size=&#8221;full&#8221; alignment=&#8221;center&#8221;][vc_column_text]<\/p>\n<h4 style=\"text-align: right;font-size: 28px\"><span style=\"color: #0c3f4c\"><strong>Adobe Learning Manager<\/strong><\/span><\/h4>\n<p style=\"text-align: right\"><a href=\"\/eu-fr\/learning-manager\/\"><strong>En savoir plus &gt;<\/strong><\/a><\/p>\n<p>[\/vc_column_text][\/vc_column][vc_column width=&#8221;1\/2&#8243;][vc_column_text]<a id=\"myAnchor\" name=\"myAnchor\"><\/a><\/p>\n<h3 id=\"myAnchor\" class=\"page-sub-heading\"><span style=\"color: #225d71\"><strong>R\u00e9volutionnez l&#8217;exp\u00e9rience d&#8217;apprentissage avec Adobe Learning Manager<\/strong><\/span><\/h3>\n<p>Adobe Learning Manager est une plateforme d&#8217;apprentissage compl\u00e8te qui r\u00e9pond aux besoins de chaque apprenant. Cette solution LMS vous permet de former efficacement vos collaborateurs, partenaires et clients gr\u00e2ce \u00e0 une exp\u00e9rience d&#8217;apprentissage personnalis\u00e9e qui encourage la d\u00e9couverte et la pratique. Son puissant syst\u00e8me d&#8217;analyses permet une prise de d\u00e9cision efficace. Ancrez l&#8217;apprentissage dans votre flux de travail en int\u00e9grant le LMS \u00e0 d&#8217;autres plateformes d&#8217;entreprise gr\u00e2ce \u00e0 un solide cadre API.[\/vc_column_text][vc_row_inner][vc_column_inner width=&#8221;1\/6&#8243;][\/vc_column_inner][vc_column_inner width=&#8221;2\/3&#8243; css=&#8221;.vc_custom_1650296380474{padding-right: 25px !important;padding-left: 25px !important;}&#8221;][vc_btn title=&#8221;<strong>Faites-nous part de votre projet<\/strong>&#8221; style=&#8221;outline-custom&#8221; outline_custom_color=&#8221;#f68920&#8243; outline_custom_hover_background=&#8221;#f68920&#8243; outline_custom_hover_text=&#8221;#ffffff&#8221; shape=&#8221;round&#8221; align=&#8221;center&#8221; button_block=&#8221;true&#8221; link=&#8221;url:%2Feu-fr%2Fnous-contacter%2F|target:_blank&#8221; css=&#8221;.vc_custom_1657186133770{padding-bottom: 20px !important;}&#8221; el_class=&#8221;button-design-orange&#8221;][\/vc_column_inner][vc_column_inner width=&#8221;1\/6&#8243;][\/vc_column_inner][\/vc_row_inner][\/vc_column][\/vc_row][vc_row full_width=&#8221;stretch_row&#8221; css=&#8221;.vc_custom_1649762120715{padding-top: 35px !important;padding-bottom: 45px !important;background-color: #f2f7f9 !important;}&#8221;][vc_column width=&#8221;1\/2&#8243;][vc_column_text]<a id=\"myAnchor1\" name=\"myAnchor1\"><\/a><\/p>\n<h3 id=\"myAnchor1\" class=\"page-sub-heading\"><span style=\"color: #225d71\"><strong>Cr\u00e9ez vos formations en ligne avec Adobe Captivate<\/strong><\/span><\/h3>\n<p>Avec Adobe Captivate, vous allez pouvoir cr\u00e9er des contenus de eLearning de qualit\u00e9 accessibles sur n&#8217;importe quel support &#8211; ordinateur, tablette ou t\u00e9l\u00e9phone portable. Cet outil auteur facilite la cr\u00e9ation de cours interactifs avec une exp\u00e9rience \u00e0 360\u00b0 int\u00e9grant diff\u00e9rents m\u00e9dias &#8211; diapositives, images, vid\u00e9os, et quiz. Gr\u00e2ce \u00e0 la biblioth\u00e8que de contenus, les possibilit\u00e9s sont immenses.<\/p>\n<p>Perfectionnez-vous avec nos webinaires mensuels.[\/vc_column_text][vc_row_inner][vc_column_inner width=&#8221;1\/6&#8243;][\/vc_column_inner][vc_column_inner width=&#8221;2\/3&#8243; css=&#8221;.vc_custom_1650296534370{padding-right: 25px !important;padding-left: 25px !important;}&#8221;][vc_btn title=&#8221;<strong>D\u00e9couvrez nos webinaires<\/strong>&#8221; style=&#8221;outline-custom&#8221; outline_custom_color=&#8221;#a3cd3a&#8221; outline_custom_hover_background=&#8221;#a3cd3a&#8221; outline_custom_hover_text=&#8221;#ffffff&#8221; shape=&#8221;round&#8221; align=&#8221;center&#8221; button_block=&#8221;true&#8221; link=&#8221;url:%2Feu-fr%2Fapprendre%2Fwebinaires%2F|target:_blank&#8221; css=&#8221;.vc_custom_1652695673677{padding-bottom: 20px !important;}&#8221; el_class=&#8221;button-design-green&#8221;][\/vc_column_inner][vc_column_inner width=&#8221;1\/6&#8243;][\/vc_column_inner][\/vc_row_inner][\/vc_column][vc_column width=&#8221;1\/2&#8243;][vc_single_image image=&#8221;7436&#8243; img_size=&#8221;full&#8221; alignment=&#8221;center&#8221;][vc_column_text css=&#8221;.vc_custom_1653921801958{padding-left: 50px !important;}&#8221; el_class=&#8221;secondrow&#8221;]<img decoding=\"async\" loading=\"lazy\" class=\"alignleft wp-image-7432\" src=\"https:\/\/www.meetingone.com\/eu-fr\/wp-content\/uploads\/sites\/7\/2022\/05\/adobe-captive-1.png\" alt=\"\" width=\"60\" height=\"60\" \/><\/p>\n<h4><\/h4>\n<h4 class=\"header-align\"><span style=\"color: #0c3f4c\"><strong>\u00a0 Adobe Captivate<\/strong><\/span><\/h4>\n<p style=\"text-align: right\"><a href=\"\/eu-fr\/captivate\/\"><strong>En savoir plus &gt;<\/strong><\/a><\/p>\n<p>[\/vc_column_text][\/vc_column][\/vc_row][vc_row full_width=&#8221;stretch_row&#8221; css=&#8221;.vc_custom_1649744588859{padding-top: 35px !important;padding-bottom: 45px !important;}&#8221;][vc_column width=&#8221;1\/2&#8243;][vc_single_image image=&#8221;7441&#8243; img_size=&#8221;full&#8221; alignment=&#8221;center&#8221;][vc_column_text css=&#8221;.vc_custom_1653400734417{padding-left: 50px !important;}&#8221; el_class=&#8221;secondrow&#8221;]<img decoding=\"async\" loading=\"lazy\" class=\"alignleft wp-image-7433\" src=\"https:\/\/www.meetingone.com\/eu-fr\/wp-content\/uploads\/sites\/7\/2022\/05\/adobe-connect.png\" alt=\"\" width=\"60\" height=\"60\" \/><\/p>\n<h4 class=\"header-align\"><span style=\"color: #0c3f4c\"><strong>Adobe Connect<\/strong><\/span><\/h4>\n<p style=\"text-align: right\"><a href=\"\/eu-fr\/adobe-connect\/\"><strong>En savoir plus &gt;<\/strong><\/a><\/p>\n<p>[\/vc_column_text][\/vc_column][vc_column width=&#8221;1\/2&#8243;][vc_column_text]<a id=\"myAnchor2\" name=\"myAnchor2\"><\/a><\/p>\n<h3 id=\"myAnchor2\" class=\"page-sub-heading\"><span style=\"color: #225d71\"><strong>Repensez la classe virtuelle avec Adobe Connect<\/strong><\/span><\/h3>\n<p>Adobe Connect vous offre toute la puissance du virtuel pour raconter des histoires inoubliables. Utilisez sa sc\u00e8ne polyvalente pour concevoir et donner vie \u00e0 des exp\u00e9riences virtuelles exceptionnelles pour un public vari\u00e9. Rendez vos formations, webinaires et r\u00e9unions extraordinaires et \u00e9tendez votre port\u00e9e en toute s\u00e9curit\u00e9.<\/p>\n<p>D\u00e9couvrez Adobe Connect lors de nos webinaires bi-mensuels&#8230;[\/vc_column_text][vc_row_inner][vc_column_inner width=&#8221;1\/6&#8243;][\/vc_column_inner][vc_column_inner width=&#8221;2\/3&#8243; css=&#8221;.vc_custom_1650296610899{padding-right: 25px !important;padding-left: 25px !important;}&#8221;][vc_btn title=&#8221;<strong>S&#8217;inscrire pour une d\u00e9mo<\/strong>&#8221; style=&#8221;outline-custom&#8221; outline_custom_color=&#8221;#fedc51&#8243; outline_custom_hover_background=&#8221;#fedc51&#8243; outline_custom_hover_text=&#8221;#ffffff&#8221; shape=&#8221;round&#8221; align=&#8221;center&#8221; button_block=&#8221;true&#8221; link=&#8221;url:%2Feu-fr%2Fapprendre%2Fwebinaires%2F|target:_blank&#8221; css=&#8221;.vc_custom_1652695993270{padding-bottom: 20px !important;}&#8221; el_class=&#8221;.button-design-light-orange&#8221;][\/vc_column_inner][vc_column_inner width=&#8221;1\/6&#8243;][\/vc_column_inner][\/vc_row_inner][\/vc_column][\/vc_row][vc_row full_width=&#8221;stretch_row&#8221; css=&#8221;.vc_custom_1649762099643{padding-top: 35px !important;padding-bottom: 45px !important;background-color: #f2f7f9 !important;}&#8221;][vc_column width=&#8221;1\/2&#8243;][vc_column_text]<a id=\"myAnchor3\" name=\"myAnchor3\"><\/a><\/p>\n<h3 id=\"myAnchor3\" class=\"page-sub-heading\"><span style=\"color: #225d71\"><strong>Atteignez vos objectifs avec le bon partenaire<\/strong><\/span><\/h3>\n<p>Partenaire Gold International d&#8217;Adobe depuis 2005, MeetingOne vous accompagne pour tous vos projets e-Learning. Bien plus qu&#8217;un simple fournisseur, nous nous positionnons en v\u00e9ritable partenaire \u00e0 vos c\u00f4t\u00e9s en vous proposant toute une gamme de services de support et d&#8217;accompagnement en fran\u00e7ais.<\/p>\n<p>Notre priorit\u00e9 est la r\u00e9ussite de vos projets de Digital Learning.[\/vc_column_text][vc_row_inner][vc_column_inner width=&#8221;1\/6&#8243;][\/vc_column_inner][vc_column_inner width=&#8221;2\/3&#8243; css=&#8221;.vc_custom_1650296640697{padding-right: 25px !important;padding-left: 25px !important;}&#8221;][vc_btn title=&#8221;<strong>D\u00e9couvrez tous nos services<\/strong>&#8221; style=&#8221;outline-custom&#8221; outline_custom_color=&#8221;#6ac8dc&#8221; outline_custom_hover_background=&#8221;#6ac8dc&#8221; outline_custom_hover_text=&#8221;#ffffff&#8221; shape=&#8221;round&#8221; align=&#8221;center&#8221; button_block=&#8221;true&#8221; link=&#8221;url:%2Feu-fr%2Funder-construction-page%2F|target:_blank&#8221; css=&#8221;.vc_custom_1652696074668{padding-bottom: 20px !important;}&#8221; el_class=&#8221;button-design-blue&#8221;][\/vc_column_inner][vc_column_inner width=&#8221;1\/6&#8243;][\/vc_column_inner][\/vc_row_inner][\/vc_column][vc_column width=&#8221;1\/2&#8243;][vc_single_image image=&#8221;7438&#8243; img_size=&#8221;full&#8221; alignment=&#8221;center&#8221;][vc_column_text css=&#8221;.vc_custom_1652696189415{padding-left: 50px !important;}&#8221; el_class=&#8221;secondrow&#8221;]<\/p>\n<p style=\"text-align: right\"><a href=\"\/eu-fr\/notre-histoire\/\"><strong>En savoir plus &gt; <\/strong><\/a><\/p>\n<p>[\/vc_column_text][\/vc_column][\/vc_row]<\/p>\n","protected":false},"excerpt":{"rendered":"<p>[vc_row full_width=&#8221;stretch_row&#8221; css=&#8221;.vc_custom_1652450867602{background-position: center !important;background-repeat: no-repeat !important;background-size: cover !important;}&#8221; el_class=&#8221;french-home-page&#8221;][vc_column width=&#8221;6\/12&#8243;][vc_column_text css=&#8221;.vc_custom_1651824489049{padding-top: 40px !important;}&#8221; el_class=&#8221;white-text&#8221;] Lib\u00e9rez le potentiel de vos partenaires D\u00e9veloppez votre strat\u00e9gie de Customer Education pour former vos clients et partenaires d&#8217;affaires gr\u00e2ce \u00e0 notre expertise et \u00e0 nos solutions de formation. [\/vc_column_text][vc_row_inner][vc_column_inner width=&#8221;1\/4&#8243;][vc_single_image image=&#8221;6438&#8243; img_size=&#8221;full&#8221;][\/vc_column_inner][vc_column_inner width=&#8221;3\/4&#8243; css=&#8221;.vc_custom_1651231503172{padding-right: 55px !important;padding-left: 55px !important;}&#8221;][vc_column_text] LMS [&hellip;]<\/p>\n","protected":false},"author":1,"featured_media":0,"parent":0,"menu_order":0,"comment_status":"closed","ping_status":"closed","template":"","meta":{"footnotes":""},"yoast_head":"<!-- This site is optimized with the Yoast SEO plugin v21.2 - https:\/\/yoast.com\/wordpress\/plugins\/seo\/ -->\n<title>Doe mee met ons team<\/title>\n<meta name=\"description\" content=\"\u2022 Meer productieve gesprekken &amp; HIPAA-compatibele audio- en web conferenties, allemaal verpakt in een aanpasbare Gezondheidszorg Conferentie Oplossing van MeetingOne.\" \/>\n<meta name=\"robots\" content=\"index, follow, max-snippet:-1, max-image-preview:large, max-video-preview:-1\" \/>\n<link rel=\"canonical\" href=\"https:\/\/www.meetingone.com\/eu-nl\/doe-mee-met-ons-team\/\" \/>\n<meta property=\"og:locale\" content=\"en_US\" \/>\n<meta property=\"og:type\" content=\"article\" \/>\n<meta property=\"og:title\" content=\"Doe mee met ons team\" \/>\n<meta property=\"og:description\" content=\"\u2022 Meer productieve gesprekken &amp; HIPAA-compatibele audio- en web conferenties, allemaal verpakt in een aanpasbare Gezondheidszorg Conferentie Oplossing van MeetingOne.\" \/>\n<meta property=\"og:url\" content=\"https:\/\/www.meetingone.com\/eu-nl\/doe-mee-met-ons-team\/\" \/>\n<meta property=\"og:site_name\" content=\"MeetingOne Dutch\" \/>\n<meta property=\"article:publisher\" content=\"https:\/\/www.facebook.com\/MeetingOne\" \/>\n<meta property=\"article:modified_time\" content=\"2022-07-22T13:33:57+00:00\" \/>\n<meta property=\"og:image\" content=\"https:\/\/www.meetingone.com\/eu-fr\/wp-content\/uploads\/sites\/7\/2022\/05\/adobe-captive-1.png\" \/>\n<meta name=\"twitter:card\" content=\"summary_large_image\" \/>\n<meta name=\"twitter:site\" content=\"@meetingone\" \/>\n<meta name=\"twitter:label1\" content=\"Est. reading time\" \/>\n\t<meta name=\"twitter:data1\" content=\"3 minutes\" \/>\n<script type=\"application\/ld+json\" class=\"yoast-schema-graph\">{\"@context\":\"https:\/\/schema.org\",\"@graph\":[{\"@type\":\"WebPage\",\"@id\":\"https:\/\/www.meetingone.com\/eu-nl\/doe-mee-met-ons-team\/\",\"url\":\"https:\/\/www.meetingone.com\/eu-nl\/doe-mee-met-ons-team\/\",\"name\":\"Doe mee met ons team\",\"isPartOf\":{\"@id\":\"https:\/\/www.meetingone.com\/eu-nl\/#website\"},\"datePublished\":\"2015-08-03T19:35:41+00:00\",\"dateModified\":\"2022-07-22T13:33:57+00:00\",\"description\":\"\u2022 Meer productieve gesprekken & HIPAA-compatibele audio- en web conferenties, allemaal verpakt in een aanpasbare Gezondheidszorg Conferentie Oplossing van MeetingOne.\",\"breadcrumb\":{\"@id\":\"https:\/\/www.meetingone.com\/eu-nl\/doe-mee-met-ons-team\/#breadcrumb\"},\"inLanguage\":\"en-US\",\"potentialAction\":[{\"@type\":\"ReadAction\",\"target\":[\"https:\/\/www.meetingone.com\/eu-nl\/doe-mee-met-ons-team\/\"]}]},{\"@type\":\"BreadcrumbList\",\"@id\":\"https:\/\/www.meetingone.com\/eu-nl\/doe-mee-met-ons-team\/#breadcrumb\",\"itemListElement\":[{\"@type\":\"ListItem\",\"position\":1,\"name\":\"Home\",\"item\":\"https:\/\/www.meetingone.com\/eu-nl\/\"},{\"@type\":\"ListItem\",\"position\":2,\"name\":\"Join Our Team\"}]},{\"@type\":\"WebSite\",\"@id\":\"https:\/\/www.meetingone.com\/eu-nl\/#website\",\"url\":\"https:\/\/www.meetingone.com\/eu-nl\/\",\"name\":\"MeetingOne Dutch\",\"description\":\"\",\"potentialAction\":[{\"@type\":\"SearchAction\",\"target\":{\"@type\":\"EntryPoint\",\"urlTemplate\":\"https:\/\/www.meetingone.com\/eu-nl\/?s={search_term_string}\"},\"query-input\":\"required name=search_term_string\"}],\"inLanguage\":\"en-US\"}]}<\/script>\n<!-- \/ Yoast SEO plugin. -->","yoast_head_json":{"title":"Doe mee met ons team","description":"\u2022 Meer productieve gesprekken & HIPAA-compatibele audio- en web conferenties, allemaal verpakt in een aanpasbare Gezondheidszorg Conferentie Oplossing van MeetingOne.","robots":{"index":"index","follow":"follow","max-snippet":"max-snippet:-1","max-image-preview":"max-image-preview:large","max-video-preview":"max-video-preview:-1"},"canonical":"https:\/\/www.meetingone.com\/eu-nl\/doe-mee-met-ons-team\/","og_locale":"en_US","og_type":"article","og_title":"Doe mee met ons team","og_description":"\u2022 Meer productieve gesprekken & HIPAA-compatibele audio- en web conferenties, allemaal verpakt in een aanpasbare Gezondheidszorg Conferentie Oplossing van MeetingOne.","og_url":"https:\/\/www.meetingone.com\/eu-nl\/doe-mee-met-ons-team\/","og_site_name":"MeetingOne Dutch","article_publisher":"https:\/\/www.facebook.com\/MeetingOne","article_modified_time":"2022-07-22T13:33:57+00:00","og_image":[{"url":"https:\/\/www.meetingone.com\/eu-fr\/wp-content\/uploads\/sites\/7\/2022\/05\/adobe-captive-1.png"}],"twitter_card":"summary_large_image","twitter_site":"@meetingone","twitter_misc":{"Est. reading time":"3 minutes"},"schema":{"@context":"https:\/\/schema.org","@graph":[{"@type":"WebPage","@id":"https:\/\/www.meetingone.com\/eu-nl\/doe-mee-met-ons-team\/","url":"https:\/\/www.meetingone.com\/eu-nl\/doe-mee-met-ons-team\/","name":"Doe mee met ons team","isPartOf":{"@id":"https:\/\/www.meetingone.com\/eu-nl\/#website"},"datePublished":"2015-08-03T19:35:41+00:00","dateModified":"2022-07-22T13:33:57+00:00","description":"\u2022 Meer productieve gesprekken & HIPAA-compatibele audio- en web conferenties, allemaal verpakt in een aanpasbare Gezondheidszorg Conferentie Oplossing van MeetingOne.","breadcrumb":{"@id":"https:\/\/www.meetingone.com\/eu-nl\/doe-mee-met-ons-team\/#breadcrumb"},"inLanguage":"en-US","potentialAction":[{"@type":"ReadAction","target":["https:\/\/www.meetingone.com\/eu-nl\/doe-mee-met-ons-team\/"]}]},{"@type":"BreadcrumbList","@id":"https:\/\/www.meetingone.com\/eu-nl\/doe-mee-met-ons-team\/#breadcrumb","itemListElement":[{"@type":"ListItem","position":1,"name":"Home","item":"https:\/\/www.meetingone.com\/eu-nl\/"},{"@type":"ListItem","position":2,"name":"Join Our Team"}]},{"@type":"WebSite","@id":"https:\/\/www.meetingone.com\/eu-nl\/#website","url":"https:\/\/www.meetingone.com\/eu-nl\/","name":"MeetingOne Dutch","description":"","potentialAction":[{"@type":"SearchAction","target":{"@type":"EntryPoint","urlTemplate":"https:\/\/www.meetingone.com\/eu-nl\/?s={search_term_string}"},"query-input":"required name=search_term_string"}],"inLanguage":"en-US"}]}},"_links":{"self":[{"href":"https:\/\/www.meetingone.com\/eu-nl\/wp-json\/wp\/v2\/pages\/892"}],"collection":[{"href":"https:\/\/www.meetingone.com\/eu-nl\/wp-json\/wp\/v2\/pages"}],"about":[{"href":"https:\/\/www.meetingone.com\/eu-nl\/wp-json\/wp\/v2\/types\/page"}],"author":[{"embeddable":true,"href":"https:\/\/www.meetingone.com\/eu-nl\/wp-json\/wp\/v2\/users\/1"}],"replies":[{"embeddable":true,"href":"https:\/\/www.meetingone.com\/eu-nl\/wp-json\/wp\/v2\/comments?post=892"}],"version-history":[{"count":28,"href":"https:\/\/www.meetingone.com\/eu-nl\/wp-json\/wp\/v2\/pages\/892\/revisions"}],"predecessor-version":[{"id":6407,"href":"https:\/\/www.meetingone.com\/eu-nl\/wp-json\/wp\/v2\/pages\/892\/revisions\/6407"}],"wp:attachment":[{"href":"https:\/\/www.meetingone.com\/eu-nl\/wp-json\/wp\/v2\/media?parent=892"}],"curies":[{"name":"wp","href":"https:\/\/api.w.org\/{rel}","templated":true}]}}