{"id":5121,"date":"2017-05-12T12:06:17","date_gmt":"2017-05-12T18:06:17","guid":{"rendered":"https:\/\/www.meetingone.eu\/eu-nl\/?page_id=5121"},"modified":"2017-12-01T10:35:29","modified_gmt":"2017-12-01T17:35:29","slug":"coaching","status":"publish","type":"page","link":"https:\/\/www.meetingone.com\/eu-nl\/coaching\/","title":{"rendered":"Online Event Facilitation &amp; Coaching"},"content":{"rendered":"<p>[vc_row full_width=&#8221;stretch_row&#8221; css=&#8221;.vc_custom_1490728555576{background-color: #50bfd6 !important;background-position: 0 0 !important;background-repeat: no-repeat !important;}&#8221;][vc_column][vc_row_inner][vc_column_inner width=&#8221;5\/12&#8243;][vc_column_text el_class=&#8221;white-text&#8221; css=&#8221;.vc_custom_1512149599590{padding-top: 50px !important;}&#8221;]<\/p>\n<h1 style=\"font-size: 18px\">Ondersteun de vaardigheden, de kennis en de mentaliteit van uw werknemers voor succesvolle virtuele evenementen.<\/h1>\n<p>[\/vc_column_text][vc_btn title=&#8221;Een offerte aanvragen&#8221; style=&#8221;custom&#8221; custom_background=&#8221;#bb2025&#8243; custom_text=&#8221;#ffffff&#8221; size=&#8221;lg&#8221; align=&#8221;left&#8221; css_animation=&#8221;right-to-left&#8221; css=&#8221;.vc_custom_1501784178189{padding-top: 10px !important;padding-bottom: 20px !important;}&#8221; link=&#8221;url:https%3A%2F%2Fwww.meetingone.com%2Feu-nl%2Fcontact%2F||target:%20_blank&#8221;][\/vc_column_inner][vc_column_inner width=&#8221;7\/12&#8243;][vc_single_image image=&#8221;5123&#8243; img_size=&#8221;full&#8221;][\/vc_column_inner][\/vc_row_inner][\/vc_column][\/vc_row][vc_row full_width=&#8221;stretch_row&#8221; css=&#8221;.vc_custom_1490730948873{padding-top: 15px !important;padding-bottom: 35px !important;background-color: #225d71 !important;}&#8221;][vc_column width=&#8221;1\/6&#8243;][\/vc_column][vc_column width=&#8221;2\/3&#8243;][vc_column_text el_class=&#8221;white-text&#8221;]<\/p>\n<h2 style=\"text-align: center;font-size: 28px\">Online faciliteren en coachen van evenementen<\/h2>\n<p>[\/vc_column_text][\/vc_column][vc_column width=&#8221;1\/6&#8243;][\/vc_column][\/vc_row][vc_row full_width=&#8221;stretch_row&#8221; css=&#8221;.vc_custom_1490733323177{padding-top: 20px !important;padding-bottom: 40px !important;background-color: #ffffff !important;}&#8221;][vc_column width=&#8221;1\/12&#8243;][\/vc_column][vc_column width=&#8221;10\/12&#8243;][vc_single_image image=&#8221;5321&#8243; img_size=&#8221;full&#8221; alignment=&#8221;center&#8221; css=&#8221;.vc_custom_1501785644668{padding-top: 25px !important;}&#8221;][vc_column_text css=&#8221;.vc_custom_1505145822308{padding-top: 0px !important;}&#8221;]<\/p>\n<h3 style=\"text-align: center\"><span style=\"color: #bb2025\"><strong>We helpen u om er een succes van te maken !<\/strong><\/span><\/h3>\n<p>[\/vc_column_text][vc_column_text]Met medewerkers over de hele wereld is de manier waarop we communiceren, samenwerken en verbinden voor altijd veranderd.\u00a0 Investeren in een platform voor conferenceren of een LMS is de eerste stap om afstands belemmeringen te overwinnen. Om het meeste uit uw platform te halen, zijn unieke strategie\u00ebn nodig ; voor het uitvoeren van online evenementen, om gebruikers het beheer van de virtuele platform software en \u2013 omgeving aan te leren, en om aan de juiste mentaliteit voor een virtuele wereld te werken.<\/p>\n<p><strong>De uitstekende programma&#8217;s van de trainings experts van MeetingOne vergroten het succes van uw virtuele interacties. <\/strong><span style=\"color: #f68920\"><strong>Zorg dat u de <\/strong><strong>essenti\u00eble <\/strong><strong>coaching en begeleiding krijgt om effectieve online evenementen te realiseren !<\/strong><\/span><\/p>\n<h3 style=\"text-align: center\"><\/h3>\n<p>[\/vc_column_text][\/vc_column][vc_column width=&#8221;1\/12&#8243;][\/vc_column][\/vc_row][vc_row full_width=&#8221;stretch_row&#8221; css=&#8221;.vc_custom_1490732964227{padding-top: 35px !important;padding-bottom: 35px !important;background-color: #e1eaec !important;}&#8221;][vc_column width=&#8221;7\/12&#8243;][vc_column_text css=&#8221;.vc_custom_1505146115357{padding-top: 10px !important;padding-bottom: 25px !important;}&#8221;]<\/p>\n<h3 style=\"text-align: center\"><span style=\"color: #bb2025\">Zorg voor aantrekkelijke virtuele interactie<\/span><\/h3>\n<p><strong>Succes is afhankelijk van menselijke interacties in de virtuele ruimte. Onze methode helpt teams en hosts om zich stap voor stap te ori\u00ebnteren in een virtuele omgeving :<\/strong><\/p>\n<ol>\n<li>We beoordelen uw online communicatie- en samenwerkings initiatieven.<\/li>\n<li>We evalueren uw toepassing en geven u aanbevelingen voor het bereiken van uw virtuele doelen.<\/li>\n<li>We geven uw trainers vervolgens een best practice-opleiding, om ze op de virtuele omgeving voor te bereiden.<\/li>\n<li>Na het opstarten van uw virtuele programma&#8217;s bieden we begeleiding om een soepele overgang te verzekeren.<\/li>\n<li>We staan altijd klaar om ondersteuning, coaching en hulp te bieden.<\/li>\n<\/ol>\n<p>[\/vc_column_text][\/vc_column][vc_column width=&#8221;5\/12&#8243;][vc_single_image image=&#8221;5125&#8243; img_size=&#8221;full&#8221; css=&#8221;.vc_custom_1512149711891{padding-top: 45px !important;}&#8221;][\/vc_column][\/vc_row][vc_row full_width=&#8221;stretch_row&#8221; css=&#8221;.vc_custom_1490731825804{padding-top: 25px !important;padding-bottom: 25px !important;background-color: #436e81 !important;}&#8221;][vc_column width=&#8221;5\/12&#8243;][vc_single_image image=&#8221;4908&#8243; img_size=&#8221;full&#8221; alignment=&#8221;center&#8221; css=&#8221;.vc_custom_1494612705705{padding-top: 15px !important;padding-right: 20px !important;padding-left: 20px !important;}&#8221;][\/vc_column][vc_column width=&#8221;7\/12&#8243;][vc_column_text css=&#8221;.vc_custom_1505146282976{padding-top: 30px !important;padding-bottom: 35px !important;}&#8221; el_class=&#8221;white-text&#8221;]<\/p>\n<h3 style=\"text-align: center\"><span style=\"color: #fedc51\">Gebruik het volledige potentieel van Adobe Connect<\/span><\/h3>\n<p><strong>Het volledige potentieel van Adobe Connect benutten gaat verder dan webcams, schermen delen en chats.\u00a0We <\/strong><strong>leren u hoe u<\/strong><strong> inhoud en presentaties aanpast aan uw virtuele omgeving :<\/strong><\/p>\n<ul>\n<li>Leer hoe u inhoud voor een klaslokaal omzet in boeiend online materiaal.<\/li>\n<li>Ontwerp virtuele klaslokalen en online evenementen die participatie bevorderen onder onze deskundige begeleiding.<\/li>\n<li>Ontdek in detail de virtuele tools die uw sessies onvergetelijk zullen maken.<\/li>\n<\/ul>\n<p>[\/vc_column_text][\/vc_column][\/vc_row][vc_row css=&#8221;.vc_custom_1490728859802{margin-bottom: px !important;padding-bottom: 25px !important;}&#8221;][vc_column width=&#8221;7\/12&#8243;][vc_column_text css=&#8221;.vc_custom_1505146363501{padding-top: 65px !important;padding-bottom: 20px !important;}&#8221;]<\/p>\n<h3 style=\"text-align: center\"><span style=\"color: #bb2025\">Maak onvergetelijke virtuele presentaties<\/span><\/h3>\n<p><strong>De virtuele omgeving maakt van uw organisatie een open werkplek zonder grenzen.\u00a0Wij laten u zien hoe u een online evenement <\/strong><strong>onvergetelijk<\/strong><strong> en <\/strong><strong>efficient <\/strong><strong>maakt :<\/strong><\/p>\n<ul>\n<li>Onze adviseurs kunnen u helpen om effici\u00ebnter\u00a0te communiceren zodat uw inhoud meer bereikt.<\/li>\n<li>Verbeter participatie en interactie met uw publiek door onze bewezen strategie\u00ebn.<\/li>\n<li>Houd uw trainers op schema &#8211; gebruik onze zeer effici\u00ebnte certificerings programma&#8217;s om te zorgen dat ze hun opleiding op het gebied van virtuele omgevingen voortzetten.<\/li>\n<\/ul>\n<p>[\/vc_column_text][\/vc_column][vc_column width=&#8221;5\/12&#8243;][vc_single_image image=&#8221;5126&#8243; img_size=&#8221;full&#8221; css=&#8221;.vc_custom_1494612736976{padding-top: 35px !important;padding-right: 10px !important;padding-bottom: 10px !important;padding-left: 10px !important;}&#8221;][\/vc_column][\/vc_row][vc_row full_width=&#8221;stretch_row&#8221; css=&#8221;.vc_custom_1490732027368{background-color: #e1eaec !important;}&#8221;][vc_column width=&#8221;5\/12&#8243;][vc_single_image image=&#8221;5127&#8243; img_size=&#8221;350&#215;300&#8243; alignment=&#8221;center&#8221;][\/vc_column][vc_column width=&#8221;6\/12&#8243;][vc_column_text css=&#8221;.vc_custom_1501784867531{padding-top: 70px !important;}&#8221;]<\/p>\n<h3><span style=\"color: #bb2025\"><strong>Ieder <\/strong>team, <strong>ieder<\/strong> land<\/span><\/h3>\n<p><strong>Met 200 ontwerpers, trainers en specialisten over de hele wereld kunnen we voldoen aan uw internationale en meertalige vereisten.<\/strong>[\/vc_column_text][\/vc_column][vc_column width=&#8221;1\/12&#8243;][\/vc_column][\/vc_row][vc_row full_width=&#8221;stretch_row&#8221; css=&#8221;.vc_custom_1490732242300{padding-top: 35px !important;padding-bottom: 35px !important;background-color: #bb2025 !important;}&#8221;][vc_column width=&#8221;1\/2&#8243;][vc_column_text el_class=&#8221;white-text&#8221; css=&#8221;.vc_custom_1505146663770{padding-top: 7px !important;padding-bottom: 15px !important;}&#8221;]<\/p>\n<h3 style=\"text-align: center\">Klaar om uw online sessies te verbeteren ?<\/h3>\n<p>[\/vc_column_text][\/vc_column][vc_column width=&#8221;5\/12&#8243;][vc_btn title=&#8221;Vertel ons wat u wilt bereiken! &#8221; style=&#8221;outline-custom&#8221; outline_custom_color=&#8221;#f7b41e&#8221; outline_custom_hover_background=&#8221;#f7b41e&#8221; outline_custom_hover_text=&#8221;#ffffff&#8221; size=&#8221;lg&#8221; align=&#8221;center&#8221; css_animation=&#8221;right-to-left&#8221; button_block=&#8221;true&#8221; css=&#8221;.vc_custom_1501784890630{padding-top: 15px !important;padding-bottom: 15px !important;}&#8221; link=&#8221;url:https%3A%2F%2Fwww.meetingone.com%2Feu-nl%2Fcontact%2F||target:%20_blank&#8221;][\/vc_column][\/vc_row][vc_row css=&#8221;.vc_custom_1490732497355{padding-top: 65px !important;padding-bottom: 10px !important;}&#8221;][vc_column]<div class=\"templatera_shortcode\"><p>[vc_row full_width=&#8221;stretch_row&#8221; css=&#8221;.vc_custom_1439846154648{padding-bottom: 30px !important;background-image: url(https:\/\/www.meetingone.com\/wp-content\/uploads\/sites\/8\/2015\/02\/product-tab-bg.jpg?id=71) !important;background-position: center !important;background-repeat: no-repeat !important;background-size: cover !important;}&#8221; el_class=&#8221;product-tabs&#8221;][vc_column css=&#8221;.vc_custom_1441720877080{padding-top: 25px !important;}&#8221;][vc_column_text css=&#8221;.vc_custom_1442872115353{padding-top: 40px !important;padding-bottom: 20px !important;}&#8221;]<\/p>\n<h2 style=\"text-align: center;\"><span style=\"color: #bb2025;\">Verbeter uw webconferencing met producten van MeetingOne<\/span><\/h2>\n<p>[\/vc_column_text][vc_tta_tabs style=&#8221;flat&#8221; shape=&#8221;square&#8221; color=&#8221;white&#8221; alignment=&#8221;center&#8221; active_section=&#8221;1&#8243; el_class=&#8221;the-product-tabs&#8221;][vc_tta_section title=&#8221;Adobe Connect&#8221; tab_id=&#8221;1436469061645-24e15fd0-1585fcb4-e55c&#8221;][vc_column_text]<img decoding=\"async\" loading=\"lazy\" class=\"wp-image-4141 alignleft\" src=\"https:\/\/www.meetingone.com\/eu-nl\/wp-content\/uploads\/sites\/8\/2015\/09\/AdobeConnectLogo.png\" alt=\"\" width=\"200\" height=\"200\" srcset=\"https:\/\/www.meetingone.com\/eu-nl\/wp-content\/uploads\/sites\/8\/2015\/09\/AdobeConnectLogo.png 512w, https:\/\/www.meetingone.com\/eu-nl\/wp-content\/uploads\/sites\/8\/2015\/09\/AdobeConnectLogo-150x150.png 150w, https:\/\/www.meetingone.com\/eu-nl\/wp-content\/uploads\/sites\/8\/2015\/09\/AdobeConnectLogo-300x300.png 300w\" sizes=\"(max-width: 200px) 100vw, 200px\" \/><\/p>\n<p>Adobe Connect is geavanceerde software voor webconferencing die een interactieve en boeiende online vergaderervaring biedt. Het systeem gaat veel verder dan het delen van het scherm voor samenwerking, online training en grootschalige webinars. Adobe Connect stelt gebruikers in staat de meest krachtige online sessie direct vanaf een mobiel apparaat te beheren, inclusief hosting, presenteren, het delen van bestanden, het gebruik van whiteboards, brainstormsessies, gebruik van emoticons en nog veel meer.<\/p>\n<p style=\"text-align: right;\"><a class=\"button yellow\" href=\"https:\/\/www.meetingone.com\/eu-nl\/adobe-connect\/\">Dieper ingaan op de oplossing<\/a><\/p>\n<p>[\/vc_column_text][\/vc_tta_section][vc_tta_section title=&#8221;AudioOne&#8221; tab_id=&#8221;1436469061357-fcdba6b8-38a0fcb4-e55c&#8221;][vc_column_text]<img decoding=\"async\" loading=\"lazy\" class=\"alignleft wp-image-345\" src=\"https:\/\/www.meetingone.com\/wp-content\/uploads\/sites\/8\/2015\/07\/audio-one-logo.png\" alt=\"audio-one-logo\" width=\"200\" height=\"149\" \/><\/p>\n<p>Deze toonaangevende oplossing voor audio biedt zowel traditionele audioconferencing als met Adobe Connect ge\u00efntegreerde audio in \u00e9\u00e9n betrouwbaar, kosteneffectief pakket. Eenvoudig, veilig en volledig instelbaar: AudioOne is de oplossing van de volgende generatie voor geavanceerde audioconferencing.<\/p>\n<p style=\"text-align: right;\"><a class=\"button yellow\" href=\"https:\/\/www.meetingone.com\/eu-nl\/audioone\/\">Ik wil meer weten<\/a><\/p>\n<p>[\/vc_column_text][\/vc_tta_section][vc_tta_section title=&#8221;Click&amp;Meet&#8221; tab_id=&#8221;1436469096553-b54b865a-888cfcb4-e55c&#8221;][vc_column_text]<img decoding=\"async\" loading=\"lazy\" class=\"alignleft wp-image-346\" src=\"https:\/\/www.meetingone.com\/wp-content\/uploads\/sites\/8\/2015\/07\/click-meet-logo.png\" alt=\"click-meet-logo\" width=\"200\" height=\"119\" \/><\/p>\n<p>Click&amp;Meet is een gebruiksvriendelijke interface die wordt meegeleverd bij alle AudioOne-accounts en klanten de flexibiliteit geeft om totale controle over vergaderingen te behouden vanaf hun eigen computerscherm. Met een klik op de knop kunt u telefonische deelnemers dempen\/dempen opheffen, uitbellen naar deelnemers, zien wie er aan het woord is en direct feedback krijgen met de functie voor polls.<\/p>\n<p style=\"text-align: right;\"><a class=\"button yellow\" href=\"https:\/\/www.meetingone.com\/eu-nl\/audioone\/clickmeet\/\">Meer lezen<\/a><\/p>\n<p>[\/vc_column_text][\/vc_tta_section][vc_tta_section title=&#8221;ScheduleOne&#8221; tab_id=&#8221;1436469113141-eab0033d-52c7fcb4-e55c&#8221;][vc_column_text]<img decoding=\"async\" loading=\"lazy\" class=\"alignleft wp-image-348\" src=\"https:\/\/www.meetingone.com\/wp-content\/uploads\/sites\/8\/2015\/07\/schedule-one-logo.png\" alt=\"schedule-one-logo\" width=\"200\" height=\"142\" \/><\/p>\n<p>ScheduleOne wordt gebruikt om uitnodigingen voor Adobe Connect-vergaderingen aan te passen, ge\u00efntegreerde AudioOne-gesprekken te plannen en zelfs om nieuwe webruimten te maken. Met deze geavanceerde plug-in voor Outlook kunt u al deze dingen en meer doen zonder dat u Outlook hoeft te verlaten. Stroomlijn de communicatie van uw team met deze krachtige en innovatieve vergaderplug-in, alleen van MeetingOne!<\/p>\n<p style=\"text-align: right;\"><a class=\"button yellow\" href=\"\/eu-nl\/producten\/scheduleone\/\">Waar gaat dit over?<\/a><\/p>\n<p>[\/vc_column_text][\/vc_tta_section][vc_tta_section title=&#8221;OAI&#8221; tab_id=&#8221;1436469125342-7f659e94-bea4fcb4-e55c&#8221;][vc_column_text]<a href=\"\/eu-nl\/audioone\/oai\/\"><img decoding=\"async\" loading=\"lazy\" class=\"wp-image-3878 alignleft\" src=\"https:\/\/www.meetingone.com\/eu-nl\/wp-content\/uploads\/sites\/8\/2015\/09\/OAI-White-color.png\" alt=\"\" width=\"200\" height=\"127\" srcset=\"https:\/\/www.meetingone.com\/eu-nl\/wp-content\/uploads\/sites\/8\/2015\/09\/OAI-White-color.png 644w, https:\/\/www.meetingone.com\/eu-nl\/wp-content\/uploads\/sites\/8\/2015\/09\/OAI-White-color-300x191.png 300w\" sizes=\"(max-width: 200px) 100vw, 200px\" \/><\/a><\/p>\n<p class=\"p1\">Bekijk simpelweg en on-line het verbruik van uw audio conferentie zalen\u00a0 in realtime over de laatste 4 maanden en pas uw persoonlijke\u00a0 facturatie codes toe.<\/p>\n<p style=\"text-align: right;\"><a class=\"button yellow\" href=\"\/eu-nl\/audioone\/oai\/\">Alle informatie<\/a><\/p>\n<p>[\/vc_column_text][\/vc_tta_section][vc_tta_section title=&#8221;Blackboard&#8221; tab_id=&#8221;1436469138345-4cded42f-1b57fcb4-e55c&#8221;][vc_column_text]<img decoding=\"async\" loading=\"lazy\" class=\"alignleft wp-image-948 size-medium\" src=\"https:\/\/www.meetingone.com\/wp-content\/uploads\/sites\/8\/2015\/02\/blackboard-logo-300x141.png\" alt=\"blackboard-logo\" width=\"300\" height=\"141\" \/>We hebben een ge\u00efntegreerd bouwblok ontwikkeld met veel unieke voordelen voor een naadloos gebruik van de ultramoderne technologie van Adobe Connect binnen het Blackboard Learning Management System. Onze integrator biedt veel innovatieve en rijke functionaliteit om uw studenten een onge\u00ebvenaarde Blackboard-ervaring te bieden.<\/p>\n<p style=\"text-align: right;\"><a class=\"button yellow\" href=\"\/eu-nl\/adobe-connect\/lms-integratie\/blackboard-integrator\/\">Ik wil voorlichting<\/a><\/p>\n<p>[\/vc_column_text][\/vc_tta_section][\/vc_tta_tabs][\/vc_column][\/vc_row]<\/p>\n<\/div>[\/vc_column][\/vc_row]<\/p>\n","protected":false},"excerpt":{"rendered":"<p>[vc_row full_width=&#8221;stretch_row&#8221; css=&#8221;.vc_custom_1490728555576{background-color: #50bfd6 !important;background-position: 0 0 !important;background-repeat: no-repeat !important;}&#8221;][vc_column][vc_row_inner][vc_column_inner width=&#8221;5\/12&#8243;][vc_column_text el_class=&#8221;white-text&#8221; css=&#8221;.vc_custom_1512149599590{padding-top: 50px !important;}&#8221;] Ondersteun de vaardigheden, de kennis en de mentaliteit van uw werknemers voor succesvolle virtuele evenementen. [\/vc_column_text][vc_btn title=&#8221;Een offerte aanvragen&#8221; style=&#8221;custom&#8221; custom_background=&#8221;#bb2025&#8243; custom_text=&#8221;#ffffff&#8221; size=&#8221;lg&#8221; align=&#8221;left&#8221; css_animation=&#8221;right-to-left&#8221; css=&#8221;.vc_custom_1501784178189{padding-top: 10px !important;padding-bottom: 20px !important;}&#8221; link=&#8221;url:https%3A%2F%2Fwww.meetingone.com%2Feu-nl%2Fcontact%2F||target:%20_blank&#8221;][\/vc_column_inner][vc_column_inner width=&#8221;7\/12&#8243;][vc_single_image image=&#8221;5123&#8243; img_size=&#8221;full&#8221;][\/vc_column_inner][\/vc_row_inner][\/vc_column][\/vc_row][vc_row full_width=&#8221;stretch_row&#8221; css=&#8221;.vc_custom_1490730948873{padding-top: 15px !important;padding-bottom: 35px !important;background-color: [&hellip;]<\/p>\n","protected":false},"author":17,"featured_media":0,"parent":0,"menu_order":0,"comment_status":"closed","ping_status":"closed","template":"","meta":{"footnotes":""},"yoast_head":"<!-- This site is optimized with the Yoast SEO plugin v21.2 - https:\/\/yoast.com\/wordpress\/plugins\/seo\/ -->\n<title>Online Event Facilitation &amp; Coaching - MeetingOne Dutch<\/title>\n<meta name=\"description\" content=\"Haal het meeste uit uw web conferentie en LMS platforms ! Wij bieden on-line facilitatie &amp; coaching diensten voor evenementen, bewezen om te helpen !\" \/>\n<meta name=\"robots\" content=\"index, follow, max-snippet:-1, max-image-preview:large, max-video-preview:-1\" \/>\n<link rel=\"canonical\" href=\"https:\/\/www.meetingone.com\/eu-nl\/coaching\/\" \/>\n<meta property=\"og:locale\" content=\"en_US\" \/>\n<meta property=\"og:type\" content=\"article\" \/>\n<meta property=\"og:title\" content=\"Online Event Facilitation &amp; Coaching - MeetingOne Dutch\" \/>\n<meta property=\"og:description\" content=\"Haal het meeste uit uw web conferentie en LMS platforms ! Wij bieden on-line facilitatie &amp; coaching diensten voor evenementen, bewezen om te helpen !\" \/>\n<meta property=\"og:url\" content=\"https:\/\/www.meetingone.com\/eu-nl\/coaching\/\" \/>\n<meta property=\"og:site_name\" content=\"MeetingOne Dutch\" \/>\n<meta property=\"article:publisher\" content=\"https:\/\/www.facebook.com\/MeetingOne\" \/>\n<meta property=\"article:modified_time\" content=\"2017-12-01T17:35:29+00:00\" \/>\n<meta property=\"og:image\" content=\"https:\/\/www.meetingone.com\/eu-nl\/wp-content\/uploads\/sites\/8\/2015\/07\/MeetingOne-Icon.png\" \/>\n\t<meta property=\"og:image:width\" content=\"400\" \/>\n\t<meta property=\"og:image:height\" content=\"400\" \/>\n\t<meta property=\"og:image:type\" content=\"image\/png\" \/>\n<meta name=\"twitter:card\" content=\"summary_large_image\" \/>\n<meta name=\"twitter:site\" content=\"@meetingone\" \/>\n<meta name=\"twitter:label1\" content=\"Est. reading time\" \/>\n\t<meta name=\"twitter:data1\" content=\"5 minutes\" \/>\n<script type=\"application\/ld+json\" class=\"yoast-schema-graph\">{\"@context\":\"https:\/\/schema.org\",\"@graph\":[{\"@type\":\"WebPage\",\"@id\":\"https:\/\/www.meetingone.com\/eu-nl\/coaching\/\",\"url\":\"https:\/\/www.meetingone.com\/eu-nl\/coaching\/\",\"name\":\"Online Event Facilitation &amp; Coaching - MeetingOne Dutch\",\"isPartOf\":{\"@id\":\"https:\/\/www.meetingone.com\/eu-nl\/#website\"},\"datePublished\":\"2017-05-12T18:06:17+00:00\",\"dateModified\":\"2017-12-01T17:35:29+00:00\",\"description\":\"Haal het meeste uit uw web conferentie en LMS platforms ! Wij bieden on-line facilitatie & coaching diensten voor evenementen, bewezen om te helpen !\",\"breadcrumb\":{\"@id\":\"https:\/\/www.meetingone.com\/eu-nl\/coaching\/#breadcrumb\"},\"inLanguage\":\"en-US\",\"potentialAction\":[{\"@type\":\"ReadAction\",\"target\":[\"https:\/\/www.meetingone.com\/eu-nl\/coaching\/\"]}]},{\"@type\":\"BreadcrumbList\",\"@id\":\"https:\/\/www.meetingone.com\/eu-nl\/coaching\/#breadcrumb\",\"itemListElement\":[{\"@type\":\"ListItem\",\"position\":1,\"name\":\"Home\",\"item\":\"https:\/\/www.meetingone.com\/eu-nl\/\"},{\"@type\":\"ListItem\",\"position\":2,\"name\":\"Online Event Facilitation &amp; Coaching\"}]},{\"@type\":\"WebSite\",\"@id\":\"https:\/\/www.meetingone.com\/eu-nl\/#website\",\"url\":\"https:\/\/www.meetingone.com\/eu-nl\/\",\"name\":\"MeetingOne Dutch\",\"description\":\"\",\"potentialAction\":[{\"@type\":\"SearchAction\",\"target\":{\"@type\":\"EntryPoint\",\"urlTemplate\":\"https:\/\/www.meetingone.com\/eu-nl\/?s={search_term_string}\"},\"query-input\":\"required name=search_term_string\"}],\"inLanguage\":\"en-US\"}]}<\/script>\n<!-- \/ Yoast SEO plugin. -->","yoast_head_json":{"title":"Online Event Facilitation &amp; Coaching - MeetingOne Dutch","description":"Haal het meeste uit uw web conferentie en LMS platforms ! Wij bieden on-line facilitatie & coaching diensten voor evenementen, bewezen om te helpen !","robots":{"index":"index","follow":"follow","max-snippet":"max-snippet:-1","max-image-preview":"max-image-preview:large","max-video-preview":"max-video-preview:-1"},"canonical":"https:\/\/www.meetingone.com\/eu-nl\/coaching\/","og_locale":"en_US","og_type":"article","og_title":"Online Event Facilitation &amp; Coaching - MeetingOne Dutch","og_description":"Haal het meeste uit uw web conferentie en LMS platforms ! Wij bieden on-line facilitatie & coaching diensten voor evenementen, bewezen om te helpen !","og_url":"https:\/\/www.meetingone.com\/eu-nl\/coaching\/","og_site_name":"MeetingOne Dutch","article_publisher":"https:\/\/www.facebook.com\/MeetingOne","article_modified_time":"2017-12-01T17:35:29+00:00","og_image":[{"width":400,"height":400,"url":"https:\/\/www.meetingone.com\/eu-nl\/wp-content\/uploads\/sites\/8\/2015\/07\/MeetingOne-Icon.png","type":"image\/png"}],"twitter_card":"summary_large_image","twitter_site":"@meetingone","twitter_misc":{"Est. reading time":"5 minutes"},"schema":{"@context":"https:\/\/schema.org","@graph":[{"@type":"WebPage","@id":"https:\/\/www.meetingone.com\/eu-nl\/coaching\/","url":"https:\/\/www.meetingone.com\/eu-nl\/coaching\/","name":"Online Event Facilitation &amp; Coaching - MeetingOne Dutch","isPartOf":{"@id":"https:\/\/www.meetingone.com\/eu-nl\/#website"},"datePublished":"2017-05-12T18:06:17+00:00","dateModified":"2017-12-01T17:35:29+00:00","description":"Haal het meeste uit uw web conferentie en LMS platforms ! Wij bieden on-line facilitatie & coaching diensten voor evenementen, bewezen om te helpen !","breadcrumb":{"@id":"https:\/\/www.meetingone.com\/eu-nl\/coaching\/#breadcrumb"},"inLanguage":"en-US","potentialAction":[{"@type":"ReadAction","target":["https:\/\/www.meetingone.com\/eu-nl\/coaching\/"]}]},{"@type":"BreadcrumbList","@id":"https:\/\/www.meetingone.com\/eu-nl\/coaching\/#breadcrumb","itemListElement":[{"@type":"ListItem","position":1,"name":"Home","item":"https:\/\/www.meetingone.com\/eu-nl\/"},{"@type":"ListItem","position":2,"name":"Online Event Facilitation &amp; Coaching"}]},{"@type":"WebSite","@id":"https:\/\/www.meetingone.com\/eu-nl\/#website","url":"https:\/\/www.meetingone.com\/eu-nl\/","name":"MeetingOne Dutch","description":"","potentialAction":[{"@type":"SearchAction","target":{"@type":"EntryPoint","urlTemplate":"https:\/\/www.meetingone.com\/eu-nl\/?s={search_term_string}"},"query-input":"required name=search_term_string"}],"inLanguage":"en-US"}]}},"_links":{"self":[{"href":"https:\/\/www.meetingone.com\/eu-nl\/wp-json\/wp\/v2\/pages\/5121"}],"collection":[{"href":"https:\/\/www.meetingone.com\/eu-nl\/wp-json\/wp\/v2\/pages"}],"about":[{"href":"https:\/\/www.meetingone.com\/eu-nl\/wp-json\/wp\/v2\/types\/page"}],"author":[{"embeddable":true,"href":"https:\/\/www.meetingone.com\/eu-nl\/wp-json\/wp\/v2\/users\/17"}],"replies":[{"embeddable":true,"href":"https:\/\/www.meetingone.com\/eu-nl\/wp-json\/wp\/v2\/comments?post=5121"}],"version-history":[{"count":12,"href":"https:\/\/www.meetingone.com\/eu-nl\/wp-json\/wp\/v2\/pages\/5121\/revisions"}],"predecessor-version":[{"id":5704,"href":"https:\/\/www.meetingone.com\/eu-nl\/wp-json\/wp\/v2\/pages\/5121\/revisions\/5704"}],"wp:attachment":[{"href":"https:\/\/www.meetingone.com\/eu-nl\/wp-json\/wp\/v2\/media?parent=5121"}],"curies":[{"name":"wp","href":"https:\/\/api.w.org\/{rel}","templated":true}]}}