{"id":4805,"date":"2017-04-12T12:28:14","date_gmt":"2017-04-12T18:28:14","guid":{"rendered":"https:\/\/www.meetingone.eu\/eu-nl\/?page_id=4805"},"modified":"2021-04-29T02:02:12","modified_gmt":"2021-04-29T08:02:12","slug":"audioone-api","status":"publish","type":"page","link":"https:\/\/www.meetingone.com\/eu-nl\/audioone-api\/","title":{"rendered":"AudioOne API"},"content":{"rendered":"<p>[vc_row full_width=&#8221;stretch_row&#8221; css=&#8221;.vc_custom_1482420036587{padding-top: 30px !important;padding-bottom: 20px !important;background-color: #ffe266 !important;}&#8221;][vc_column width=&#8221;5\/12&#8243;][vc_column_text css=&#8221;.vc_custom_1504688981286{padding-top: 50px !important;padding-bottom: 50px !important;}&#8221;]<\/p>\n<h3 style=\"text-align: center;\"><span style=\"color: #1a5363;\"><strong>Combineer uw <span style=\"color: #bb2025;\">geliefde<\/span> MeetingOne Audio-toepassing met\u00a0 de <span style=\"color: #bb2025;\">platformen<\/span> waarop u vertrouwt !<\/strong><\/span><\/h3>\n<p>[\/vc_column_text][\/vc_column][vc_column width=&#8221;7\/12&#8243;][vc_single_image image=&#8221;4807&#8243; img_size=&#8221;full&#8221; alignment=&#8221;center&#8221;][\/vc_column][\/vc_row][vc_row full_width=&#8221;stretch_row&#8221; css=&#8221;.vc_custom_1482420630838{padding-top: 20px !important;padding-bottom: 20px !important;background-color: #225d71 !important;}&#8221;][vc_column width=&#8221;1\/12&#8243;][\/vc_column][vc_column width=&#8221;1\/12&#8243; offset=&#8221;vc_col-lg-3 vc_col-md-3 vc_hidden-xs&#8221;][vc_single_image image=&#8221;4808&#8243; img_size=&#8221;245&#215;245&#8243; alignment=&#8221;center&#8221; css=&#8221;.vc_custom_1492021970045{margin-top: -40px !important;margin-bottom: -40px !important;}&#8221;][\/vc_column][vc_column width=&#8221;6\/12&#8243;][vc_column_text el_class=&#8221;white-text&#8221; css=&#8221;.vc_custom_1504689421001{padding-bottom: 20px !important;}&#8221;]<\/p>\n<h1>De audio API voor AudioOne<\/h1>\n<p><strong>Onze audio API maakt gebruik van de functionaliteit van AudioOne om u naadloze audio conferentie ervaringen te bieden voor uw LMS of externe toepassingen.<\/strong>[\/vc_column_text][\/vc_column][vc_column width=&#8221;2\/12&#8243;][\/vc_column][\/vc_row][vc_row css=&#8221;.vc_custom_1482423340797{padding-top: 50px !important;padding-bottom: 40px !important;}&#8221;][vc_column][vc_column_text]<\/p>\n<h3 style=\"text-align: center;\"><span style=\"color: #bb2025;\">Krijg snelle en eenvoudige toegang tot conferenties binnen uw toepassingen.<\/span><\/h3>\n<h4 style=\"text-align: center;\">Onze API voegt het gemak toe van de inrichting van audiokamers met \u00e9\u00e9n klik, vanuit de platforms van uw keuze.<\/h4>\n<p style=\"text-align: center;\"><strong>De AudioOne API voldoet aan de unieke wensen van het dagelijks gebruik van talloze organisaties.<\/strong><\/p>\n<p>[\/vc_column_text][vc_row_inner][vc_column_inner width=&#8221;1\/3&#8243; css=&#8221;.vc_custom_1482423290433{border-top-width: 10px !important;border-right-width: 10px !important;border-bottom-width: 10px !important;border-left-width: 10px !important;padding-top: 20px !important;padding-right: 20px !important;padding-bottom: 20px !important;padding-left: 20px !important;background-color: #f68920 !important;border-left-color: #ffffff !important;border-left-style: solid !important;border-right-color: #ffffff !important;border-right-style: solid !important;border-top-color: #ffffff !important;border-top-style: solid !important;border-bottom-color: #ffffff !important;border-bottom-style: solid !important;border-radius: 30px !important;}&#8221;][vc_single_image image=&#8221;4809&#8243; img_size=&#8221;&#8221; alignment=&#8221;center&#8221; css_animation=&#8221;appear&#8221;][vc_column_text el_class=&#8221;white-text&#8221; css=&#8221;.vc_custom_1482423663724{margin-top: -15px !important;padding-bottom: 15px !important;}&#8221;]<\/p>\n<h3 style=\"text-align: center;\">Learning Management Systems (LMS)<\/h3>\n<p>[\/vc_column_text][\/vc_column_inner][vc_column_inner width=&#8221;1\/3&#8243; css=&#8221;.vc_custom_1482423501078{padding: 20px !important;background-color: #bb2025 !important;border: 10px solid #ffffff !important;border-radius: 30px !important;}&#8221;][vc_single_image image=&#8221;4810&#8243; img_size=&#8221;&#8221; alignment=&#8221;center&#8221; css_animation=&#8221;appear&#8221;][vc_column_text el_class=&#8221;white-text&#8221; css=&#8221;.vc_custom_1504689588493{margin-top: -15px !important;padding-bottom: 15px !important;}&#8221;]<\/p>\n<h3 style=\"text-align: center;\">Interne Applicaties<br \/>\n(Business tools)<\/h3>\n<p>[\/vc_column_text][\/vc_column_inner][vc_column_inner width=&#8221;1\/3&#8243; css=&#8221;.vc_custom_1482423541366{padding: 20px !important;background-color: #46b4ce !important;border: 10px solid #ffffff !important;border-radius: 30px !important;}&#8221;][vc_single_image image=&#8221;4811&#8243; img_size=&#8221;&#8221; alignment=&#8221;center&#8221; css_animation=&#8221;appear&#8221;][vc_column_text el_class=&#8221;white-text&#8221; css=&#8221;.vc_custom_1492027251881{margin-top: -15px !important;padding-bottom: 15px !important;}&#8221;]<\/p>\n<h3 style=\"text-align: center;\">Externe<br \/>\nplatformen<\/h3>\n<p>[\/vc_column_text][\/vc_column_inner][\/vc_row_inner][vc_column_text css=&#8221;.vc_custom_1504689718035{padding-top: 30px !important;}&#8221;]<\/p>\n<h3 style=\"text-align: center;\"><span style=\"color: #bb2025;\">Met uw audio-API ge\u00efntegreerd in uw dagelijkse platformen, kunt u :<\/span><\/h3>\n<p>[\/vc_column_text][vc_row_inner][vc_column_inner width=&#8221;1\/2&#8243;][vc_column_text]<\/p>\n<ul>\n<li style=\"text-align: left;\">\n<h4>Volledig uitgeruste audiozalen cre\u00ebren\/verwijderen<\/h4>\n<\/li>\n<li style=\"text-align: left;\">\n<h4>Plan audio gesprekken van uit uw applicaties<\/h4>\n<\/li>\n<li style=\"text-align: left;\">\n<h4>Profiteer van hoogwaardige audio met concurrentiele tarieven<\/h4>\n<\/li>\n<\/ul>\n<p>[\/vc_column_text][\/vc_column_inner][vc_column_inner width=&#8221;1\/2&#8243;][vc_column_text]<\/p>\n<ul>\n<li>\n<h4>Maakt welkom e-mails mogelijk\u00a0 bij het aanmaken van nieuwe audiozalen<\/h4>\n<\/li>\n<li>\n<h4><span id=\"result_box\" class=\"\" lang=\"nl\"><span class=\"\">Krijg toegang tot de statistieken van de zalen die specifiek zijn voor elk van uw organisatoren<\/span><\/span><\/h4>\n<\/li>\n<li>\n<h4>En nog meer !<\/h4>\n<\/li>\n<\/ul>\n<p>[\/vc_column_text][\/vc_column_inner][\/vc_row_inner][vc_btn title=&#8221;Aan de slag &#8211; Praat met ons over uw platform !&#8221; style=&#8221;custom&#8221; custom_background=&#8221;#bb2025&#8243; custom_text=&#8221;#ffffff&#8221; size=&#8221;lg&#8221; align=&#8221;center&#8221; css_animation=&#8221;appear&#8221; link=&#8221;url:https%3A%2F%2Fwww.meetingone.com%2Feu-nl%2Fcontact%2F||target:%20_blank&#8221; css=&#8221;.vc_custom_1504690244743{padding-top: 50px !important;}&#8221;][\/vc_column][\/vc_row][vc_row full_width=&#8221;stretch_row&#8221; css=&#8221;.vc_custom_1482424595538{margin-top: 25px !important;padding-top: 32px !important;padding-bottom: 32px !important;background-color: #225d71 !important;}&#8221;][vc_column width=&#8221;2\/12&#8243;][vc_single_image image=&#8221;4812&#8243; img_size=&#8221;170&#215;170&#8243; alignment=&#8221;center&#8221;][\/vc_column][vc_column width=&#8221;10\/12&#8243;][vc_column_text]<\/p>\n<h3><span style=\"color: #fedc51;\">Heeft u Adobe Connect ? Synchroniseer web conferenties met onze audio API !<\/span><\/h3>\n<p>[\/vc_column_text][vc_column_text el_class=&#8221;white-text&#8221; css=&#8221;.vc_custom_1504690570874{margin-top: -10px !important;}&#8221;]<strong>Pas alle voordelen van deze audio API van MeetingOne toe met uw Adobe Connect-account !<\/strong><\/p>\n<p>Integreer uw audio en web conferenties rechtstreeks in de interface van uw favoriete externe platformen.[\/vc_column_text][\/vc_column][\/vc_row][vc_row css=&#8221;.vc_custom_1493394087755{padding-top: 10px !important;padding-bottom: 60px !important;}&#8221;][vc_column width=&#8221;9\/12&#8243;][vc_column_text css=&#8221;.vc_custom_1504690680153{padding-top: 20px !important;}&#8221;]<\/p>\n<h3 style=\"text-align: center;\"><span style=\"color: #f68920;\">Nog geen ervaring met AudioOne ?<\/span><\/h3>\n<h4 style=\"text-align: center;\"><span style=\"color: #bb2025;\">Probeer de toonaangevende wereldwijde dienst voor tele-conferenties en audio-integratie.<\/span><\/h4>\n<p>[\/vc_column_text][vc_column_text]<\/p>\n<p style=\"text-align: center;\"><strong>Behaal superieure geluids kwaliteit, interactieve oproep bediening en de meest veilige audio-toegang in de branche.\u00a0<\/strong>Uw tele conferenties en online vergaderingen, trainingen en webinars verdienen de beste mogelijke audio kwaliteit die op de markt bestaat ! Wordt klant van AudioOne en ervaar de voordelen van een betere tele-conferentie.<\/p>\n<p>[\/vc_column_text][vc_row_inner css=&#8221;.vc_custom_1482427999323{margin-top: -45px !important;}&#8221;][vc_column_inner width=&#8221;1\/12&#8243;][\/vc_column_inner][vc_column_inner width=&#8221;5\/12&#8243;][vc_btn title=&#8221;Meer informatie over AudioOne&#8221; style=&#8221;custom&#8221; custom_background=&#8221;#f68920&#8243; custom_text=&#8221;#ffffff&#8221; align=&#8221;center&#8221; css_animation=&#8221;left-to-right&#8221; link=&#8221;url:https%3A%2F%2Fwww.meetingone.com%2Feu-nl%2Faudioone%2F||target:%20_blank&#8221; button_block=&#8221;true&#8221; css=&#8221;.vc_custom_1493394106291{padding-top: 40px !important;}&#8221;][\/vc_column_inner][vc_column_inner width=&#8221;5\/12&#8243;][vc_btn title=&#8221;Start een proef periode met AudioOne&#8221; style=&#8221;custom&#8221; custom_background=&#8221;#bb2025&#8243; custom_text=&#8221;#ffffff&#8221; align=&#8221;center&#8221; css_animation=&#8221;right-to-left&#8221; link=&#8221;url:https%3A%2F%2Fwww.meetingone.com%2Feu-nl%2Fprobeer-het-gratis-uit%2Faudioone-audioconferencing-proef%2F||target:%20_blank&#8221; button_block=&#8221;true&#8221; el_class=&#8221;red-text&#8221; css=&#8221;.vc_custom_1504691111977{padding-top: 40px !important;}&#8221;][\/vc_column_inner][vc_column_inner width=&#8221;1\/12&#8243;][\/vc_column_inner][\/vc_row_inner][\/vc_column][vc_column width=&#8221;3\/12&#8243;][vc_single_image image=&#8221;378&#8243; img_size=&#8221;&#8221; alignment=&#8221;center&#8221; css=&#8221;.vc_custom_1493394037407{padding-top: 40px !important;}&#8221;][\/vc_column][\/vc_row][vc_row][vc_column]<div class=\"templatera_shortcode\"><p>[vc_row full_width=&#8221;stretch_row&#8221; css=&#8221;.vc_custom_1439846154648{padding-bottom: 30px !important;background-image: url(https:\/\/www.meetingone.com\/wp-content\/uploads\/sites\/8\/2015\/02\/product-tab-bg.jpg?id=71) !important;background-position: center !important;background-repeat: no-repeat !important;background-size: cover !important;}&#8221; el_class=&#8221;product-tabs&#8221;][vc_column css=&#8221;.vc_custom_1441720877080{padding-top: 25px !important;}&#8221;][vc_column_text css=&#8221;.vc_custom_1442872115353{padding-top: 40px !important;padding-bottom: 20px !important;}&#8221;]<\/p>\n<h2 style=\"text-align: center;\"><span style=\"color: #bb2025;\">Verbeter uw webconferencing met producten van MeetingOne<\/span><\/h2>\n<p>[\/vc_column_text][vc_tta_tabs style=&#8221;flat&#8221; shape=&#8221;square&#8221; color=&#8221;white&#8221; alignment=&#8221;center&#8221; active_section=&#8221;1&#8243; el_class=&#8221;the-product-tabs&#8221;][vc_tta_section title=&#8221;Adobe Connect&#8221; tab_id=&#8221;1436469061645-24e15fd0-1585fcb4-e55c&#8221;][vc_column_text]<img decoding=\"async\" loading=\"lazy\" class=\"wp-image-4141 alignleft\" src=\"https:\/\/www.meetingone.com\/eu-nl\/wp-content\/uploads\/sites\/8\/2015\/09\/AdobeConnectLogo.png\" alt=\"\" width=\"200\" height=\"200\" srcset=\"https:\/\/www.meetingone.com\/eu-nl\/wp-content\/uploads\/sites\/8\/2015\/09\/AdobeConnectLogo.png 512w, https:\/\/www.meetingone.com\/eu-nl\/wp-content\/uploads\/sites\/8\/2015\/09\/AdobeConnectLogo-150x150.png 150w, https:\/\/www.meetingone.com\/eu-nl\/wp-content\/uploads\/sites\/8\/2015\/09\/AdobeConnectLogo-300x300.png 300w\" sizes=\"(max-width: 200px) 100vw, 200px\" \/><\/p>\n<p>Adobe Connect is geavanceerde software voor webconferencing die een interactieve en boeiende online vergaderervaring biedt. Het systeem gaat veel verder dan het delen van het scherm voor samenwerking, online training en grootschalige webinars. Adobe Connect stelt gebruikers in staat de meest krachtige online sessie direct vanaf een mobiel apparaat te beheren, inclusief hosting, presenteren, het delen van bestanden, het gebruik van whiteboards, brainstormsessies, gebruik van emoticons en nog veel meer.<\/p>\n<p style=\"text-align: right;\"><a class=\"button yellow\" href=\"https:\/\/www.meetingone.com\/eu-nl\/adobe-connect\/\">Dieper ingaan op de oplossing<\/a><\/p>\n<p>[\/vc_column_text][\/vc_tta_section][vc_tta_section title=&#8221;AudioOne&#8221; tab_id=&#8221;1436469061357-fcdba6b8-38a0fcb4-e55c&#8221;][vc_column_text]<img decoding=\"async\" loading=\"lazy\" class=\"alignleft wp-image-345\" src=\"https:\/\/www.meetingone.com\/wp-content\/uploads\/sites\/8\/2015\/07\/audio-one-logo.png\" alt=\"audio-one-logo\" width=\"200\" height=\"149\" \/><\/p>\n<p>Deze toonaangevende oplossing voor audio biedt zowel traditionele audioconferencing als met Adobe Connect ge\u00efntegreerde audio in \u00e9\u00e9n betrouwbaar, kosteneffectief pakket. Eenvoudig, veilig en volledig instelbaar: AudioOne is de oplossing van de volgende generatie voor geavanceerde audioconferencing.<\/p>\n<p style=\"text-align: right;\"><a class=\"button yellow\" href=\"https:\/\/www.meetingone.com\/eu-nl\/audioone\/\">Ik wil meer weten<\/a><\/p>\n<p>[\/vc_column_text][\/vc_tta_section][vc_tta_section title=&#8221;Click&amp;Meet&#8221; tab_id=&#8221;1436469096553-b54b865a-888cfcb4-e55c&#8221;][vc_column_text]<img decoding=\"async\" loading=\"lazy\" class=\"alignleft wp-image-346\" src=\"https:\/\/www.meetingone.com\/wp-content\/uploads\/sites\/8\/2015\/07\/click-meet-logo.png\" alt=\"click-meet-logo\" width=\"200\" height=\"119\" \/><\/p>\n<p>Click&amp;Meet is een gebruiksvriendelijke interface die wordt meegeleverd bij alle AudioOne-accounts en klanten de flexibiliteit geeft om totale controle over vergaderingen te behouden vanaf hun eigen computerscherm. Met een klik op de knop kunt u telefonische deelnemers dempen\/dempen opheffen, uitbellen naar deelnemers, zien wie er aan het woord is en direct feedback krijgen met de functie voor polls.<\/p>\n<p style=\"text-align: right;\"><a class=\"button yellow\" href=\"https:\/\/www.meetingone.com\/eu-nl\/audioone\/clickmeet\/\">Meer lezen<\/a><\/p>\n<p>[\/vc_column_text][\/vc_tta_section][vc_tta_section title=&#8221;ScheduleOne&#8221; tab_id=&#8221;1436469113141-eab0033d-52c7fcb4-e55c&#8221;][vc_column_text]<img decoding=\"async\" loading=\"lazy\" class=\"alignleft wp-image-348\" src=\"https:\/\/www.meetingone.com\/wp-content\/uploads\/sites\/8\/2015\/07\/schedule-one-logo.png\" alt=\"schedule-one-logo\" width=\"200\" height=\"142\" \/><\/p>\n<p>ScheduleOne wordt gebruikt om uitnodigingen voor Adobe Connect-vergaderingen aan te passen, ge\u00efntegreerde AudioOne-gesprekken te plannen en zelfs om nieuwe webruimten te maken. Met deze geavanceerde plug-in voor Outlook kunt u al deze dingen en meer doen zonder dat u Outlook hoeft te verlaten. Stroomlijn de communicatie van uw team met deze krachtige en innovatieve vergaderplug-in, alleen van MeetingOne!<\/p>\n<p style=\"text-align: right;\"><a class=\"button yellow\" href=\"\/eu-nl\/producten\/scheduleone\/\">Waar gaat dit over?<\/a><\/p>\n<p>[\/vc_column_text][\/vc_tta_section][vc_tta_section title=&#8221;OAI&#8221; tab_id=&#8221;1436469125342-7f659e94-bea4fcb4-e55c&#8221;][vc_column_text]<a href=\"\/eu-nl\/audioone\/oai\/\"><img decoding=\"async\" loading=\"lazy\" class=\"wp-image-3878 alignleft\" src=\"https:\/\/www.meetingone.com\/eu-nl\/wp-content\/uploads\/sites\/8\/2015\/09\/OAI-White-color.png\" alt=\"\" width=\"200\" height=\"127\" srcset=\"https:\/\/www.meetingone.com\/eu-nl\/wp-content\/uploads\/sites\/8\/2015\/09\/OAI-White-color.png 644w, https:\/\/www.meetingone.com\/eu-nl\/wp-content\/uploads\/sites\/8\/2015\/09\/OAI-White-color-300x191.png 300w\" sizes=\"(max-width: 200px) 100vw, 200px\" \/><\/a><\/p>\n<p class=\"p1\">Bekijk simpelweg en on-line het verbruik van uw audio conferentie zalen\u00a0 in realtime over de laatste 4 maanden en pas uw persoonlijke\u00a0 facturatie codes toe.<\/p>\n<p style=\"text-align: right;\"><a class=\"button yellow\" href=\"\/eu-nl\/audioone\/oai\/\">Alle informatie<\/a><\/p>\n<p>[\/vc_column_text][\/vc_tta_section][vc_tta_section title=&#8221;Blackboard&#8221; tab_id=&#8221;1436469138345-4cded42f-1b57fcb4-e55c&#8221;][vc_column_text]<img decoding=\"async\" loading=\"lazy\" class=\"alignleft wp-image-948 size-medium\" src=\"https:\/\/www.meetingone.com\/wp-content\/uploads\/sites\/8\/2015\/02\/blackboard-logo-300x141.png\" alt=\"blackboard-logo\" width=\"300\" height=\"141\" \/>We hebben een ge\u00efntegreerd bouwblok ontwikkeld met veel unieke voordelen voor een naadloos gebruik van de ultramoderne technologie van Adobe Connect binnen het Blackboard Learning Management System. Onze integrator biedt veel innovatieve en rijke functionaliteit om uw studenten een onge\u00ebvenaarde Blackboard-ervaring te bieden.<\/p>\n<p style=\"text-align: right;\"><a class=\"button yellow\" href=\"\/eu-nl\/adobe-connect\/lms-integratie\/blackboard-integrator\/\">Ik wil voorlichting<\/a><\/p>\n<p>[\/vc_column_text][\/vc_tta_section][\/vc_tta_tabs][\/vc_column][\/vc_row]<\/p>\n<\/div>[\/vc_column][\/vc_row]<\/p>\n","protected":false},"excerpt":{"rendered":"<p>[vc_row full_width=&#8221;stretch_row&#8221; css=&#8221;.vc_custom_1482420036587{padding-top: 30px !important;padding-bottom: 20px !important;background-color: #ffe266 !important;}&#8221;][vc_column width=&#8221;5\/12&#8243;][vc_column_text css=&#8221;.vc_custom_1504688981286{padding-top: 50px !important;padding-bottom: 50px !important;}&#8221;] Combineer uw geliefde MeetingOne Audio-toepassing met\u00a0 de platformen waarop u vertrouwt ! [\/vc_column_text][\/vc_column][vc_column width=&#8221;7\/12&#8243;][vc_single_image image=&#8221;4807&#8243; img_size=&#8221;full&#8221; alignment=&#8221;center&#8221;][\/vc_column][\/vc_row][vc_row full_width=&#8221;stretch_row&#8221; css=&#8221;.vc_custom_1482420630838{padding-top: 20px !important;padding-bottom: 20px !important;background-color: #225d71 !important;}&#8221;][vc_column width=&#8221;1\/12&#8243;][\/vc_column][vc_column width=&#8221;1\/12&#8243; offset=&#8221;vc_col-lg-3 vc_col-md-3 vc_hidden-xs&#8221;][vc_single_image image=&#8221;4808&#8243; img_size=&#8221;245&#215;245&#8243; alignment=&#8221;center&#8221; css=&#8221;.vc_custom_1492021970045{margin-top: -40px !important;margin-bottom: -40px !important;}&#8221;][\/vc_column][vc_column width=&#8221;6\/12&#8243;][vc_column_text el_class=&#8221;white-text&#8221; [&hellip;]<\/p>\n","protected":false},"author":17,"featured_media":0,"parent":0,"menu_order":0,"comment_status":"closed","ping_status":"closed","template":"","meta":{"footnotes":""},"yoast_head":"<!-- This site is optimized with the Yoast SEO plugin v21.2 - https:\/\/yoast.com\/wordpress\/plugins\/seo\/ -->\n<title>AudioOne API - MeetingOne Dutch<\/title>\n<meta name=\"description\" content=\"Directe toegang tot uw audio conferenties via uw favoriete platform met onze audio API. Van LMS via willekeurige applicaties, heeft u eenvoudige audio toegang !\" \/>\n<meta name=\"robots\" content=\"index, follow, max-snippet:-1, max-image-preview:large, max-video-preview:-1\" \/>\n<link rel=\"canonical\" href=\"https:\/\/www.meetingone.com\/eu-nl\/audioone-api\/\" \/>\n<meta property=\"og:locale\" content=\"en_US\" \/>\n<meta property=\"og:type\" content=\"article\" \/>\n<meta property=\"og:title\" content=\"AudioOne API - MeetingOne Dutch\" \/>\n<meta property=\"og:description\" content=\"Directe toegang tot uw audio conferenties via uw favoriete platform met onze audio API. Van LMS via willekeurige applicaties, heeft u eenvoudige audio toegang !\" \/>\n<meta property=\"og:url\" content=\"https:\/\/www.meetingone.com\/eu-nl\/audioone-api\/\" \/>\n<meta property=\"og:site_name\" content=\"MeetingOne Dutch\" \/>\n<meta property=\"article:publisher\" content=\"https:\/\/www.facebook.com\/MeetingOne\" \/>\n<meta property=\"article:modified_time\" content=\"2021-04-29T08:02:12+00:00\" \/>\n<meta property=\"og:image\" content=\"https:\/\/www.meetingone.com\/eu-nl\/wp-content\/uploads\/sites\/8\/2015\/07\/MeetingOne-Icon.png\" \/>\n\t<meta property=\"og:image:width\" content=\"400\" \/>\n\t<meta property=\"og:image:height\" content=\"400\" \/>\n\t<meta property=\"og:image:type\" content=\"image\/png\" \/>\n<meta name=\"twitter:card\" content=\"summary_large_image\" \/>\n<meta name=\"twitter:site\" content=\"@meetingone\" \/>\n<meta name=\"twitter:label1\" content=\"Est. reading time\" \/>\n\t<meta name=\"twitter:data1\" content=\"5 minutes\" \/>\n<script type=\"application\/ld+json\" class=\"yoast-schema-graph\">{\"@context\":\"https:\/\/schema.org\",\"@graph\":[{\"@type\":\"WebPage\",\"@id\":\"https:\/\/www.meetingone.com\/eu-nl\/audioone-api\/\",\"url\":\"https:\/\/www.meetingone.com\/eu-nl\/audioone-api\/\",\"name\":\"AudioOne API - MeetingOne Dutch\",\"isPartOf\":{\"@id\":\"https:\/\/www.meetingone.com\/eu-nl\/#website\"},\"datePublished\":\"2017-04-12T18:28:14+00:00\",\"dateModified\":\"2021-04-29T08:02:12+00:00\",\"description\":\"Directe toegang tot uw audio conferenties via uw favoriete platform met onze audio API. Van LMS via willekeurige applicaties, heeft u eenvoudige audio toegang !\",\"breadcrumb\":{\"@id\":\"https:\/\/www.meetingone.com\/eu-nl\/audioone-api\/#breadcrumb\"},\"inLanguage\":\"en-US\",\"potentialAction\":[{\"@type\":\"ReadAction\",\"target\":[\"https:\/\/www.meetingone.com\/eu-nl\/audioone-api\/\"]}]},{\"@type\":\"BreadcrumbList\",\"@id\":\"https:\/\/www.meetingone.com\/eu-nl\/audioone-api\/#breadcrumb\",\"itemListElement\":[{\"@type\":\"ListItem\",\"position\":1,\"name\":\"Home\",\"item\":\"https:\/\/www.meetingone.com\/eu-nl\/\"},{\"@type\":\"ListItem\",\"position\":2,\"name\":\"AudioOne API\"}]},{\"@type\":\"WebSite\",\"@id\":\"https:\/\/www.meetingone.com\/eu-nl\/#website\",\"url\":\"https:\/\/www.meetingone.com\/eu-nl\/\",\"name\":\"MeetingOne Dutch\",\"description\":\"\",\"potentialAction\":[{\"@type\":\"SearchAction\",\"target\":{\"@type\":\"EntryPoint\",\"urlTemplate\":\"https:\/\/www.meetingone.com\/eu-nl\/?s={search_term_string}\"},\"query-input\":\"required name=search_term_string\"}],\"inLanguage\":\"en-US\"}]}<\/script>\n<!-- \/ Yoast SEO plugin. -->","yoast_head_json":{"title":"AudioOne API - MeetingOne Dutch","description":"Directe toegang tot uw audio conferenties via uw favoriete platform met onze audio API. Van LMS via willekeurige applicaties, heeft u eenvoudige audio toegang !","robots":{"index":"index","follow":"follow","max-snippet":"max-snippet:-1","max-image-preview":"max-image-preview:large","max-video-preview":"max-video-preview:-1"},"canonical":"https:\/\/www.meetingone.com\/eu-nl\/audioone-api\/","og_locale":"en_US","og_type":"article","og_title":"AudioOne API - MeetingOne Dutch","og_description":"Directe toegang tot uw audio conferenties via uw favoriete platform met onze audio API. Van LMS via willekeurige applicaties, heeft u eenvoudige audio toegang !","og_url":"https:\/\/www.meetingone.com\/eu-nl\/audioone-api\/","og_site_name":"MeetingOne Dutch","article_publisher":"https:\/\/www.facebook.com\/MeetingOne","article_modified_time":"2021-04-29T08:02:12+00:00","og_image":[{"width":400,"height":400,"url":"https:\/\/www.meetingone.com\/eu-nl\/wp-content\/uploads\/sites\/8\/2015\/07\/MeetingOne-Icon.png","type":"image\/png"}],"twitter_card":"summary_large_image","twitter_site":"@meetingone","twitter_misc":{"Est. reading time":"5 minutes"},"schema":{"@context":"https:\/\/schema.org","@graph":[{"@type":"WebPage","@id":"https:\/\/www.meetingone.com\/eu-nl\/audioone-api\/","url":"https:\/\/www.meetingone.com\/eu-nl\/audioone-api\/","name":"AudioOne API - MeetingOne Dutch","isPartOf":{"@id":"https:\/\/www.meetingone.com\/eu-nl\/#website"},"datePublished":"2017-04-12T18:28:14+00:00","dateModified":"2021-04-29T08:02:12+00:00","description":"Directe toegang tot uw audio conferenties via uw favoriete platform met onze audio API. Van LMS via willekeurige applicaties, heeft u eenvoudige audio toegang !","breadcrumb":{"@id":"https:\/\/www.meetingone.com\/eu-nl\/audioone-api\/#breadcrumb"},"inLanguage":"en-US","potentialAction":[{"@type":"ReadAction","target":["https:\/\/www.meetingone.com\/eu-nl\/audioone-api\/"]}]},{"@type":"BreadcrumbList","@id":"https:\/\/www.meetingone.com\/eu-nl\/audioone-api\/#breadcrumb","itemListElement":[{"@type":"ListItem","position":1,"name":"Home","item":"https:\/\/www.meetingone.com\/eu-nl\/"},{"@type":"ListItem","position":2,"name":"AudioOne API"}]},{"@type":"WebSite","@id":"https:\/\/www.meetingone.com\/eu-nl\/#website","url":"https:\/\/www.meetingone.com\/eu-nl\/","name":"MeetingOne Dutch","description":"","potentialAction":[{"@type":"SearchAction","target":{"@type":"EntryPoint","urlTemplate":"https:\/\/www.meetingone.com\/eu-nl\/?s={search_term_string}"},"query-input":"required name=search_term_string"}],"inLanguage":"en-US"}]}},"_links":{"self":[{"href":"https:\/\/www.meetingone.com\/eu-nl\/wp-json\/wp\/v2\/pages\/4805"}],"collection":[{"href":"https:\/\/www.meetingone.com\/eu-nl\/wp-json\/wp\/v2\/pages"}],"about":[{"href":"https:\/\/www.meetingone.com\/eu-nl\/wp-json\/wp\/v2\/types\/page"}],"author":[{"embeddable":true,"href":"https:\/\/www.meetingone.com\/eu-nl\/wp-json\/wp\/v2\/users\/17"}],"replies":[{"embeddable":true,"href":"https:\/\/www.meetingone.com\/eu-nl\/wp-json\/wp\/v2\/comments?post=4805"}],"version-history":[{"count":14,"href":"https:\/\/www.meetingone.com\/eu-nl\/wp-json\/wp\/v2\/pages\/4805\/revisions"}],"predecessor-version":[{"id":5389,"href":"https:\/\/www.meetingone.com\/eu-nl\/wp-json\/wp\/v2\/pages\/4805\/revisions\/5389"}],"wp:attachment":[{"href":"https:\/\/www.meetingone.com\/eu-nl\/wp-json\/wp\/v2\/media?parent=4805"}],"curies":[{"name":"wp","href":"https:\/\/api.w.org\/{rel}","templated":true}]}}