{"id":207,"date":"2015-06-10T15:53:37","date_gmt":"2015-06-10T21:53:37","guid":{"rendered":"https:\/\/www.meetingone.eu\/eu-nl\/?page_id=207"},"modified":"2017-12-01T10:49:07","modified_gmt":"2017-12-01T17:49:07","slug":"lms-integratie","status":"publish","type":"page","link":"https:\/\/www.meetingone.com\/eu-nl\/adobe-connect\/lms-integratie\/","title":{"rendered":"LMS Integration"},"content":{"rendered":"<p>[vc_row full_width=&#8221;stretch_row_content_no_spaces&#8221; parallax=&#8221;content-moving&#8221; parallax_image=&#8221;1753&#8243; el_class=&#8221;page-banner&#8221;][vc_column][vc_row_inner el_class=&#8221;banner-content&#8221; css=&#8221;.vc_custom_1439416769417{margin-top: 250px !important;padding-right: 20px !important;padding-left: 20px !important;}&#8221;][vc_column_inner][vc_column_text el_class=&#8221;white-text&#8221; css=&#8221;.vc_custom_1512150509253{padding-top: 10px !important;padding-bottom: 10px !important;}&#8221;]<\/p>\n<h1 style=\"font-size: 36px\">Ga verder met uw leer management systeem<\/h1>\n<p>[\/vc_column_text][\/vc_column_inner][\/vc_row_inner][\/vc_column][\/vc_row][vc_row full_width=&#8221;stretch_row&#8221; css=&#8221;.vc_custom_1439417247160{background-image: url(https:\/\/www.meetingone.com\/wp-content\/uploads\/sites\/8\/2015\/02\/Red-Brushed-Steel_1600x400px.png?id=995) !important;background-position: center !important;background-repeat: no-repeat !important;background-size: cover !important;}&#8221;][vc_column][vc_row_inner][vc_column_inner width=&#8221;1\/4&#8243;][vc_single_image image=&#8221;681&#8243; img_size=&#8221;190&#215;190&#8243; alignment=&#8221;center&#8221; css=&#8221;.vc_custom_1439417470210{padding-top: 20px !important;padding-bottom: 20px !important;}&#8221;][\/vc_column_inner][vc_column_inner width=&#8221;3\/4&#8243;][vc_column_text el_class=&#8221;white-text&#8221; css=&#8221;.vc_custom_1512150522876{padding-top: 15px !important;padding-bottom: 15px !important;}&#8221;]<\/p>\n<h2 style=\"font-size: 32px\">Integreer uw bestaande LMS in Adobe Connect<\/h2>\n<p>Adobe Connect Learning biedt een volledige oplossing voor snel trainen en mobiel leren. Klanten worden in staat gesteld om snel live en op aanvraag trainingen samen te stellen, te leveren en te meten voor een consistente implementatie op alle apparaten.\u00a0 Adobe Connect integreert in meerdere LMS-platformen om uw online trainings programma naar het opvolgende niveau te tillen.[\/vc_column_text][\/vc_column_inner][\/vc_row_inner][\/vc_column][\/vc_row][vc_row css=&#8221;.vc_custom_1439498067799{padding-bottom: 15px !important;}&#8221;][vc_column][vc_column_text css=&#8221;.vc_custom_1441728774594{padding-top: 20px !important;padding-bottom: 30px !important;}&#8221;]<\/p>\n<h3><span style=\"color: #ff6600\">Uw bestaande LMS-platformen integreren <\/span><\/h3>\n<ul>\n<li>Meerdere LMS-integraties beschikbaar<\/li>\n<li>Huidige integraties omvatten Blackboard, Blue Sky Path, Moodle, Canvas<\/li>\n<li>Adobe Connect integreren met verschillende van de belangrijkste LMS-providers om naadloos te leveren en gebruikers te volgen<\/li>\n<li>Snel inhoud beheren, maken en leveren voor interactie met grote groepen<\/li>\n<li>Communiceren met deelnemers en de voortgang van assessments en resultaten volgen<\/li>\n<li>Mogelijkheden voor virtuele klaslokalen uitbreiden en toevoegen, zoals samenwerkend problemen oplossen of educatieve spellen en inhoud gebruiken die compatibel is met de Flash Player<\/li>\n<\/ul>\n<p>[\/vc_column_text][\/vc_column][\/vc_row][vc_row full_width=&#8221;stretch_row&#8221; bg_type=&#8221;grad&#8221; css=&#8221;.vc_custom_1439497649926{padding-top: 20px !important;padding-bottom: 20px !important;background-position: center !important;background-repeat: no-repeat !important;background-size: cover !important;}&#8221; bg_grad=&#8221;background: -webkit-gradient(linear, left top, left bottom, color-stop(0%, #D44A00), color-stop(28%, #F5830A), color-stop(71%, #F5830A), color-stop(100%, #D44A00));background: -moz-linear-gradient(left,#D44A00 0%,#F5830A 28%,#F5830A 71%,#D44A00 100%);background: -webkit-linear-gradient(left,#D44A00 0%,#F5830A 28%,#F5830A 71%,#D44A00 100%);background: -o-linear-gradient(left,#D44A00 0%,#F5830A 28%,#F5830A 71%,#D44A00 100%);background: -ms-linear-gradient(left,#D44A00 0%,#F5830A 28%,#F5830A 71%,#D44A00 100%);background: linear-gradient(left,#D44A00 0%,#F5830A 28%,#F5830A 71%,#D44A00 100%);&#8221;][vc_column][vc_column_text css=&#8221;.vc_custom_1504617020091{padding-top: 0px !important;padding-bottom: 20px !important;}&#8221; el_class=&#8221;white-text&#8221;]<\/p>\n<h2 style=\"text-align: center\">Partnerschappen voor leer management systemen<\/h2>\n<h4 style=\"text-align: center\">MeetingOne heeft strategische partnerschappen gevormd om de integratie te vereenvoudigen. Onze beschikbare LMS-partnerschappen voor uw regio staan hieronder vermeld.<\/h4>\n<p>[\/vc_column_text][\/vc_column][\/vc_row][vc_row full_width=&#8221;stretch_row&#8221; css=&#8221;.vc_custom_1439497570632{padding-top: 60px !important;padding-bottom: 60px !important;}&#8221;][vc_column][vc_row_inner][vc_column_inner width=&#8221;1\/4&#8243;][\/vc_column_inner][vc_column_inner width=&#8221;1\/2&#8243;][vc_single_image image=&#8221;948&#8243; img_size=&#8221;medium&#8221; alignment=&#8221;center&#8221; onclick=&#8221;custom_link&#8221; link=&#8221;\/eu-nl\/adobe-connect\/lms-integratie\/blackboard-integrator\/&#8221;][\/vc_column_inner][vc_column_inner width=&#8221;1\/4&#8243;][\/vc_column_inner][\/vc_row_inner][\/vc_column][\/vc_row][vc_row][vc_column]<div class=\"templatera_shortcode\"><p>[vc_row full_width=&#8221;stretch_row&#8221; css=&#8221;.vc_custom_1439846154648{padding-bottom: 30px !important;background-image: url(https:\/\/www.meetingone.com\/wp-content\/uploads\/sites\/8\/2015\/02\/product-tab-bg.jpg?id=71) !important;background-position: center !important;background-repeat: no-repeat !important;background-size: cover !important;}&#8221; el_class=&#8221;product-tabs&#8221;][vc_column css=&#8221;.vc_custom_1441720877080{padding-top: 25px !important;}&#8221;][vc_column_text css=&#8221;.vc_custom_1442872115353{padding-top: 40px !important;padding-bottom: 20px !important;}&#8221;]<\/p>\n<h2 style=\"text-align: center;\"><span style=\"color: #bb2025;\">Verbeter uw webconferencing met producten van MeetingOne<\/span><\/h2>\n<p>[\/vc_column_text][vc_tta_tabs style=&#8221;flat&#8221; shape=&#8221;square&#8221; color=&#8221;white&#8221; alignment=&#8221;center&#8221; active_section=&#8221;1&#8243; el_class=&#8221;the-product-tabs&#8221;][vc_tta_section title=&#8221;Adobe Connect&#8221; tab_id=&#8221;1436469061645-24e15fd0-1585fcb4-e55c&#8221;][vc_column_text]<img decoding=\"async\" loading=\"lazy\" class=\"wp-image-4141 alignleft\" src=\"https:\/\/www.meetingone.com\/eu-nl\/wp-content\/uploads\/sites\/8\/2015\/09\/AdobeConnectLogo.png\" alt=\"\" width=\"200\" height=\"200\" srcset=\"https:\/\/www.meetingone.com\/eu-nl\/wp-content\/uploads\/sites\/8\/2015\/09\/AdobeConnectLogo.png 512w, https:\/\/www.meetingone.com\/eu-nl\/wp-content\/uploads\/sites\/8\/2015\/09\/AdobeConnectLogo-150x150.png 150w, https:\/\/www.meetingone.com\/eu-nl\/wp-content\/uploads\/sites\/8\/2015\/09\/AdobeConnectLogo-300x300.png 300w\" sizes=\"(max-width: 200px) 100vw, 200px\" \/><\/p>\n<p>Adobe Connect is geavanceerde software voor webconferencing die een interactieve en boeiende online vergaderervaring biedt. Het systeem gaat veel verder dan het delen van het scherm voor samenwerking, online training en grootschalige webinars. Adobe Connect stelt gebruikers in staat de meest krachtige online sessie direct vanaf een mobiel apparaat te beheren, inclusief hosting, presenteren, het delen van bestanden, het gebruik van whiteboards, brainstormsessies, gebruik van emoticons en nog veel meer.<\/p>\n<p style=\"text-align: right;\"><a class=\"button yellow\" href=\"https:\/\/www.meetingone.com\/eu-nl\/adobe-connect\/\">Dieper ingaan op de oplossing<\/a><\/p>\n<p>[\/vc_column_text][\/vc_tta_section][vc_tta_section title=&#8221;AudioOne&#8221; tab_id=&#8221;1436469061357-fcdba6b8-38a0fcb4-e55c&#8221;][vc_column_text]<img decoding=\"async\" loading=\"lazy\" class=\"alignleft wp-image-345\" src=\"https:\/\/www.meetingone.com\/wp-content\/uploads\/sites\/8\/2015\/07\/audio-one-logo.png\" alt=\"audio-one-logo\" width=\"200\" height=\"149\" \/><\/p>\n<p>Deze toonaangevende oplossing voor audio biedt zowel traditionele audioconferencing als met Adobe Connect ge\u00efntegreerde audio in \u00e9\u00e9n betrouwbaar, kosteneffectief pakket. Eenvoudig, veilig en volledig instelbaar: AudioOne is de oplossing van de volgende generatie voor geavanceerde audioconferencing.<\/p>\n<p style=\"text-align: right;\"><a class=\"button yellow\" href=\"https:\/\/www.meetingone.com\/eu-nl\/audioone\/\">Ik wil meer weten<\/a><\/p>\n<p>[\/vc_column_text][\/vc_tta_section][vc_tta_section title=&#8221;Click&amp;Meet&#8221; tab_id=&#8221;1436469096553-b54b865a-888cfcb4-e55c&#8221;][vc_column_text]<img decoding=\"async\" loading=\"lazy\" class=\"alignleft wp-image-346\" src=\"https:\/\/www.meetingone.com\/wp-content\/uploads\/sites\/8\/2015\/07\/click-meet-logo.png\" alt=\"click-meet-logo\" width=\"200\" height=\"119\" \/><\/p>\n<p>Click&amp;Meet is een gebruiksvriendelijke interface die wordt meegeleverd bij alle AudioOne-accounts en klanten de flexibiliteit geeft om totale controle over vergaderingen te behouden vanaf hun eigen computerscherm. Met een klik op de knop kunt u telefonische deelnemers dempen\/dempen opheffen, uitbellen naar deelnemers, zien wie er aan het woord is en direct feedback krijgen met de functie voor polls.<\/p>\n<p style=\"text-align: right;\"><a class=\"button yellow\" href=\"https:\/\/www.meetingone.com\/eu-nl\/audioone\/clickmeet\/\">Meer lezen<\/a><\/p>\n<p>[\/vc_column_text][\/vc_tta_section][vc_tta_section title=&#8221;ScheduleOne&#8221; tab_id=&#8221;1436469113141-eab0033d-52c7fcb4-e55c&#8221;][vc_column_text]<img decoding=\"async\" loading=\"lazy\" class=\"alignleft wp-image-348\" src=\"https:\/\/www.meetingone.com\/wp-content\/uploads\/sites\/8\/2015\/07\/schedule-one-logo.png\" alt=\"schedule-one-logo\" width=\"200\" height=\"142\" \/><\/p>\n<p>ScheduleOne wordt gebruikt om uitnodigingen voor Adobe Connect-vergaderingen aan te passen, ge\u00efntegreerde AudioOne-gesprekken te plannen en zelfs om nieuwe webruimten te maken. Met deze geavanceerde plug-in voor Outlook kunt u al deze dingen en meer doen zonder dat u Outlook hoeft te verlaten. Stroomlijn de communicatie van uw team met deze krachtige en innovatieve vergaderplug-in, alleen van MeetingOne!<\/p>\n<p style=\"text-align: right;\"><a class=\"button yellow\" href=\"\/eu-nl\/producten\/scheduleone\/\">Waar gaat dit over?<\/a><\/p>\n<p>[\/vc_column_text][\/vc_tta_section][vc_tta_section title=&#8221;OAI&#8221; tab_id=&#8221;1436469125342-7f659e94-bea4fcb4-e55c&#8221;][vc_column_text]<a href=\"\/eu-nl\/audioone\/oai\/\"><img decoding=\"async\" loading=\"lazy\" class=\"wp-image-3878 alignleft\" src=\"https:\/\/www.meetingone.com\/eu-nl\/wp-content\/uploads\/sites\/8\/2015\/09\/OAI-White-color.png\" alt=\"\" width=\"200\" height=\"127\" srcset=\"https:\/\/www.meetingone.com\/eu-nl\/wp-content\/uploads\/sites\/8\/2015\/09\/OAI-White-color.png 644w, https:\/\/www.meetingone.com\/eu-nl\/wp-content\/uploads\/sites\/8\/2015\/09\/OAI-White-color-300x191.png 300w\" sizes=\"(max-width: 200px) 100vw, 200px\" \/><\/a><\/p>\n<p class=\"p1\">Bekijk simpelweg en on-line het verbruik van uw audio conferentie zalen\u00a0 in realtime over de laatste 4 maanden en pas uw persoonlijke\u00a0 facturatie codes toe.<\/p>\n<p style=\"text-align: right;\"><a class=\"button yellow\" href=\"\/eu-nl\/audioone\/oai\/\">Alle informatie<\/a><\/p>\n<p>[\/vc_column_text][\/vc_tta_section][vc_tta_section title=&#8221;Blackboard&#8221; tab_id=&#8221;1436469138345-4cded42f-1b57fcb4-e55c&#8221;][vc_column_text]<img decoding=\"async\" loading=\"lazy\" class=\"alignleft wp-image-948 size-medium\" src=\"https:\/\/www.meetingone.com\/wp-content\/uploads\/sites\/8\/2015\/02\/blackboard-logo-300x141.png\" alt=\"blackboard-logo\" width=\"300\" height=\"141\" \/>We hebben een ge\u00efntegreerd bouwblok ontwikkeld met veel unieke voordelen voor een naadloos gebruik van de ultramoderne technologie van Adobe Connect binnen het Blackboard Learning Management System. Onze integrator biedt veel innovatieve en rijke functionaliteit om uw studenten een onge\u00ebvenaarde Blackboard-ervaring te bieden.<\/p>\n<p style=\"text-align: right;\"><a class=\"button yellow\" href=\"\/eu-nl\/adobe-connect\/lms-integratie\/blackboard-integrator\/\">Ik wil voorlichting<\/a><\/p>\n<p>[\/vc_column_text][\/vc_tta_section][\/vc_tta_tabs][\/vc_column][\/vc_row]<\/p>\n<\/div>[\/vc_column][\/vc_row]<\/p>\n","protected":false},"excerpt":{"rendered":"<p>[vc_row full_width=&#8221;stretch_row_content_no_spaces&#8221; parallax=&#8221;content-moving&#8221; parallax_image=&#8221;1753&#8243; el_class=&#8221;page-banner&#8221;][vc_column][vc_row_inner el_class=&#8221;banner-content&#8221; css=&#8221;.vc_custom_1439416769417{margin-top: 250px !important;padding-right: 20px !important;padding-left: 20px !important;}&#8221;][vc_column_inner][vc_column_text el_class=&#8221;white-text&#8221; css=&#8221;.vc_custom_1512150509253{padding-top: 10px !important;padding-bottom: 10px !important;}&#8221;] Ga verder met uw leer management systeem [\/vc_column_text][\/vc_column_inner][\/vc_row_inner][\/vc_column][\/vc_row][vc_row full_width=&#8221;stretch_row&#8221; css=&#8221;.vc_custom_1439417247160{background-image: url(https:\/\/www.meetingone.com\/wp-content\/uploads\/sites\/8\/2015\/02\/Red-Brushed-Steel_1600x400px.png?id=995) !important;background-position: center !important;background-repeat: no-repeat !important;background-size: cover !important;}&#8221;][vc_column][vc_row_inner][vc_column_inner width=&#8221;1\/4&#8243;][vc_single_image image=&#8221;681&#8243; img_size=&#8221;190&#215;190&#8243; alignment=&#8221;center&#8221; css=&#8221;.vc_custom_1439417470210{padding-top: 20px !important;padding-bottom: 20px !important;}&#8221;][\/vc_column_inner][vc_column_inner width=&#8221;3\/4&#8243;][vc_column_text el_class=&#8221;white-text&#8221; css=&#8221;.vc_custom_1512150522876{padding-top: 15px !important;padding-bottom: 15px !important;}&#8221;] Integreer uw [&hellip;]<\/p>\n","protected":false},"author":1,"featured_media":0,"parent":165,"menu_order":0,"comment_status":"closed","ping_status":"closed","template":"","meta":{"footnotes":""},"yoast_head":"<!-- This site is optimized with the Yoast SEO plugin v21.2 - https:\/\/yoast.com\/wordpress\/plugins\/seo\/ -->\n<title>LMS-integratie in Adobe Connect - MeetingOne<\/title>\n<meta name=\"description\" content=\"Wilt u uw on-line cursussen aanvullen met een meer interactief element ? Voeg MeetingOne LMS Integration toe aan uw virtuele klaslokalen om ze nog interessanter te maken !\" \/>\n<meta name=\"robots\" content=\"index, follow, max-snippet:-1, max-image-preview:large, max-video-preview:-1\" \/>\n<link rel=\"canonical\" href=\"https:\/\/www.meetingone.com\/eu-nl\/adobe-connect\/lms-integratie\/\" \/>\n<meta property=\"og:locale\" content=\"en_US\" \/>\n<meta property=\"og:type\" content=\"article\" \/>\n<meta property=\"og:title\" content=\"LMS-integratie in Adobe Connect - MeetingOne\" \/>\n<meta property=\"og:description\" content=\"Wilt u uw on-line cursussen aanvullen met een meer interactief element ? Voeg MeetingOne LMS Integration toe aan uw virtuele klaslokalen om ze nog interessanter te maken !\" \/>\n<meta property=\"og:url\" content=\"https:\/\/www.meetingone.com\/eu-nl\/adobe-connect\/lms-integratie\/\" \/>\n<meta property=\"og:site_name\" content=\"MeetingOne Dutch\" \/>\n<meta property=\"article:publisher\" content=\"https:\/\/www.facebook.com\/MeetingOne\" \/>\n<meta property=\"article:modified_time\" content=\"2017-12-01T17:49:07+00:00\" \/>\n<meta property=\"og:image\" content=\"https:\/\/www.meetingone.com\/eu-nl\/wp-content\/uploads\/sites\/8\/2015\/07\/MeetingOne-Icon.png\" \/>\n\t<meta property=\"og:image:width\" content=\"400\" \/>\n\t<meta property=\"og:image:height\" content=\"400\" \/>\n\t<meta property=\"og:image:type\" content=\"image\/png\" \/>\n<meta name=\"twitter:card\" content=\"summary_large_image\" \/>\n<meta name=\"twitter:site\" content=\"@meetingone\" \/>\n<meta name=\"twitter:label1\" content=\"Est. reading time\" \/>\n\t<meta name=\"twitter:data1\" content=\"3 minutes\" \/>\n<script type=\"application\/ld+json\" class=\"yoast-schema-graph\">{\"@context\":\"https:\/\/schema.org\",\"@graph\":[{\"@type\":\"WebPage\",\"@id\":\"https:\/\/www.meetingone.com\/eu-nl\/adobe-connect\/lms-integratie\/\",\"url\":\"https:\/\/www.meetingone.com\/eu-nl\/adobe-connect\/lms-integratie\/\",\"name\":\"LMS-integratie in Adobe Connect - MeetingOne\",\"isPartOf\":{\"@id\":\"https:\/\/www.meetingone.com\/eu-nl\/#website\"},\"datePublished\":\"2015-06-10T21:53:37+00:00\",\"dateModified\":\"2017-12-01T17:49:07+00:00\",\"description\":\"Wilt u uw on-line cursussen aanvullen met een meer interactief element ? Voeg MeetingOne LMS Integration toe aan uw virtuele klaslokalen om ze nog interessanter te maken !\",\"breadcrumb\":{\"@id\":\"https:\/\/www.meetingone.com\/eu-nl\/adobe-connect\/lms-integratie\/#breadcrumb\"},\"inLanguage\":\"en-US\",\"potentialAction\":[{\"@type\":\"ReadAction\",\"target\":[\"https:\/\/www.meetingone.com\/eu-nl\/adobe-connect\/lms-integratie\/\"]}]},{\"@type\":\"BreadcrumbList\",\"@id\":\"https:\/\/www.meetingone.com\/eu-nl\/adobe-connect\/lms-integratie\/#breadcrumb\",\"itemListElement\":[{\"@type\":\"ListItem\",\"position\":1,\"name\":\"Home\",\"item\":\"https:\/\/www.meetingone.com\/eu-nl\/\"},{\"@type\":\"ListItem\",\"position\":2,\"name\":\"Adobe Connect\",\"item\":\"https:\/\/www.meetingone.com\/eu-nl\/adobe-connect\/\"},{\"@type\":\"ListItem\",\"position\":3,\"name\":\"LMS Integration\"}]},{\"@type\":\"WebSite\",\"@id\":\"https:\/\/www.meetingone.com\/eu-nl\/#website\",\"url\":\"https:\/\/www.meetingone.com\/eu-nl\/\",\"name\":\"MeetingOne Dutch\",\"description\":\"\",\"potentialAction\":[{\"@type\":\"SearchAction\",\"target\":{\"@type\":\"EntryPoint\",\"urlTemplate\":\"https:\/\/www.meetingone.com\/eu-nl\/?s={search_term_string}\"},\"query-input\":\"required name=search_term_string\"}],\"inLanguage\":\"en-US\"}]}<\/script>\n<!-- \/ Yoast SEO plugin. -->","yoast_head_json":{"title":"LMS-integratie in Adobe Connect - MeetingOne","description":"Wilt u uw on-line cursussen aanvullen met een meer interactief element ? Voeg MeetingOne LMS Integration toe aan uw virtuele klaslokalen om ze nog interessanter te maken !","robots":{"index":"index","follow":"follow","max-snippet":"max-snippet:-1","max-image-preview":"max-image-preview:large","max-video-preview":"max-video-preview:-1"},"canonical":"https:\/\/www.meetingone.com\/eu-nl\/adobe-connect\/lms-integratie\/","og_locale":"en_US","og_type":"article","og_title":"LMS-integratie in Adobe Connect - MeetingOne","og_description":"Wilt u uw on-line cursussen aanvullen met een meer interactief element ? Voeg MeetingOne LMS Integration toe aan uw virtuele klaslokalen om ze nog interessanter te maken !","og_url":"https:\/\/www.meetingone.com\/eu-nl\/adobe-connect\/lms-integratie\/","og_site_name":"MeetingOne Dutch","article_publisher":"https:\/\/www.facebook.com\/MeetingOne","article_modified_time":"2017-12-01T17:49:07+00:00","og_image":[{"width":400,"height":400,"url":"https:\/\/www.meetingone.com\/eu-nl\/wp-content\/uploads\/sites\/8\/2015\/07\/MeetingOne-Icon.png","type":"image\/png"}],"twitter_card":"summary_large_image","twitter_site":"@meetingone","twitter_misc":{"Est. reading time":"3 minutes"},"schema":{"@context":"https:\/\/schema.org","@graph":[{"@type":"WebPage","@id":"https:\/\/www.meetingone.com\/eu-nl\/adobe-connect\/lms-integratie\/","url":"https:\/\/www.meetingone.com\/eu-nl\/adobe-connect\/lms-integratie\/","name":"LMS-integratie in Adobe Connect - MeetingOne","isPartOf":{"@id":"https:\/\/www.meetingone.com\/eu-nl\/#website"},"datePublished":"2015-06-10T21:53:37+00:00","dateModified":"2017-12-01T17:49:07+00:00","description":"Wilt u uw on-line cursussen aanvullen met een meer interactief element ? Voeg MeetingOne LMS Integration toe aan uw virtuele klaslokalen om ze nog interessanter te maken !","breadcrumb":{"@id":"https:\/\/www.meetingone.com\/eu-nl\/adobe-connect\/lms-integratie\/#breadcrumb"},"inLanguage":"en-US","potentialAction":[{"@type":"ReadAction","target":["https:\/\/www.meetingone.com\/eu-nl\/adobe-connect\/lms-integratie\/"]}]},{"@type":"BreadcrumbList","@id":"https:\/\/www.meetingone.com\/eu-nl\/adobe-connect\/lms-integratie\/#breadcrumb","itemListElement":[{"@type":"ListItem","position":1,"name":"Home","item":"https:\/\/www.meetingone.com\/eu-nl\/"},{"@type":"ListItem","position":2,"name":"Adobe Connect","item":"https:\/\/www.meetingone.com\/eu-nl\/adobe-connect\/"},{"@type":"ListItem","position":3,"name":"LMS Integration"}]},{"@type":"WebSite","@id":"https:\/\/www.meetingone.com\/eu-nl\/#website","url":"https:\/\/www.meetingone.com\/eu-nl\/","name":"MeetingOne Dutch","description":"","potentialAction":[{"@type":"SearchAction","target":{"@type":"EntryPoint","urlTemplate":"https:\/\/www.meetingone.com\/eu-nl\/?s={search_term_string}"},"query-input":"required name=search_term_string"}],"inLanguage":"en-US"}]}},"_links":{"self":[{"href":"https:\/\/www.meetingone.com\/eu-nl\/wp-json\/wp\/v2\/pages\/207"}],"collection":[{"href":"https:\/\/www.meetingone.com\/eu-nl\/wp-json\/wp\/v2\/pages"}],"about":[{"href":"https:\/\/www.meetingone.com\/eu-nl\/wp-json\/wp\/v2\/types\/page"}],"author":[{"embeddable":true,"href":"https:\/\/www.meetingone.com\/eu-nl\/wp-json\/wp\/v2\/users\/1"}],"replies":[{"embeddable":true,"href":"https:\/\/www.meetingone.com\/eu-nl\/wp-json\/wp\/v2\/comments?post=207"}],"version-history":[{"count":19,"href":"https:\/\/www.meetingone.com\/eu-nl\/wp-json\/wp\/v2\/pages\/207\/revisions"}],"predecessor-version":[{"id":5714,"href":"https:\/\/www.meetingone.com\/eu-nl\/wp-json\/wp\/v2\/pages\/207\/revisions\/5714"}],"up":[{"embeddable":true,"href":"https:\/\/www.meetingone.com\/eu-nl\/wp-json\/wp\/v2\/pages\/165"}],"wp:attachment":[{"href":"https:\/\/www.meetingone.com\/eu-nl\/wp-json\/wp\/v2\/media?parent=207"}],"curies":[{"name":"wp","href":"https:\/\/api.w.org\/{rel}","templated":true}]}}