{"id":183,"date":"2015-06-10T15:50:00","date_gmt":"2015-06-10T21:50:00","guid":{"rendered":"https:\/\/www.meetingone.eu\/eu-nl\/?page_id=183"},"modified":"2020-03-04T11:13:34","modified_gmt":"2020-03-04T18:13:34","slug":"webinars","status":"publish","type":"page","link":"https:\/\/www.meetingone.com\/eu-nl\/adobe-connect\/webinars\/","title":{"rendered":"Webinars"},"content":{"rendered":"<p>[vc_row full_width=&#8221;stretch_row&#8221; parallax=&#8221;content-moving&#8221; parallax_image=&#8221;13738&#8243; css=&#8221;.vc_custom_1583345434614{padding-top: 30px !important;padding-bottom: 20px !important;background-image: url(https:\/\/www.meetingone.com\/eu-nl\/wp-content\/uploads\/sites\/8\/2017\/04\/Blue-to-white-background-02-1.jpg?id=6141) !important;}&#8221;][vc_column width=&#8221;6\/12&#8243;][vc_column_text el_class=&#8221;white-text&#8221; css=&#8221;.vc_custom_1583345469491{padding-top: 40px !important;}&#8221;]<\/p>\n<h1 style=\"text-align: center;\"><strong>Een Leider in Webinars<\/strong><\/h1>\n<p style=\"text-align: center; font-size: 16px;\"><strong>Adobe Connect Webinars scoren hoog in de gebruiker \u2018s waarderingen.<\/strong><\/p>\n<p>[\/vc_column_text][vc_row_inner][vc_column_inner width=&#8221;1\/2&#8243;][vc_btn title=&#8221;<strong>Vraag een Test aan of een Offerte<\/strong>&#8221; style=&#8221;custom&#8221; custom_background=&#8221;#50bfd6&#8243; custom_text=&#8221;#ffffff&#8221; align=&#8221;center&#8221; link=&#8221;url:https%3A%2F%2Fwww.meetingone.com%2Feu-nl%2Fcontact%2F||target:%20_blank&#8221; button_block=&#8221;true&#8221; css=&#8221;.vc_custom_1583345484631{padding-bottom: 40px !important;}&#8221;][\/vc_column_inner][vc_column_inner width=&#8221;1\/2&#8243;][vc_btn title=&#8221;<strong>\u2b50 \u2b50 \u2b50 Bekijk de Beoordelingen<\/strong>&#8221; style=&#8221;outline-custom&#8221; outline_custom_color=&#8221;#fedc51&#8243; outline_custom_hover_background=&#8221;#bb2025&#8243; outline_custom_hover_text=&#8221;#ffffff&#8221; align=&#8221;center&#8221; link=&#8221;url:https%3A%2F%2Fwww.g2.com%2Fcategories%2Fwebinar||target:%20_blank&#8221; css=&#8221;.vc_custom_1583345498199{padding-bottom: 40px !important;}&#8221; button_block=&#8221;true&#8221;][\/vc_column_inner][\/vc_row_inner][\/vc_column][vc_column width=&#8221;6\/12&#8243;][vc_single_image image=&#8221;6274&#8243; img_size=&#8221;full&#8221; alignment=&#8221;center&#8221; onclick=&#8221;custom_link&#8221; img_link_target=&#8221;_blank&#8221; link=&#8221;https:\/\/www.g2.com\/categories\/webinar&#8221;][\/vc_column][\/vc_row][vc_row full_width=&#8221;stretch_row&#8221; css=&#8221;.vc_custom_1582577196728{padding-top: 10px !important;padding-bottom: 10px !important;background-color: #0c3f4c !important;}&#8221;][vc_column width=&#8221;1\/12&#8243;][\/vc_column][vc_column width=&#8221;1\/6&#8243; css=&#8221;.vc_custom_1582577168109{padding-top: 25px !important;}&#8221;][vc_single_image image=&#8221;4141&#8243; img_size=&#8221;150&#215;150&#8243; alignment=&#8221;center&#8221; css=&#8221;.vc_custom_1442245988847{padding-top: 5px !important;padding-bottom: 5px !important;}&#8221;][\/vc_column][vc_column width=&#8221;8\/12&#8243;][vc_column_text el_class=&#8221;white-text&#8221; css=&#8221;.vc_custom_1504622598102{padding-top: 5px !important;padding-bottom: 20px !important;}&#8221;]<\/p>\n<h2 style=\"text-align: left;\">Adobe Connect Webinars<\/h2>\n<p>Adobe Connect Webinars stelt organisaties in staat de deelname en het aantal reacties te vergroten en meer interesse te genereren door boeiende, zeer interactieve en effectieve online evenementen te cr\u00eberen[\/vc_column_text][\/vc_column][vc_column width=&#8221;1\/12&#8243;][\/vc_column][\/vc_row][vc_column][\/vc_column][vc_row][vc_column][vc_column_text css=&#8221;.vc_custom_1441725664584{padding-top: 20px !important;}&#8221;]<\/p>\n<h3 style=\"text-align: center;\"><span style=\"color: #bb2025;\">PREMIUM FUNCTIES<\/span><\/h3>\n<p>[\/vc_column_text][vc_row_inner][vc_column_inner width=&#8221;1\/3&#8243; css=&#8221;.vc_custom_1445373288615{padding-bottom: 32px !important;}&#8221;][vc_single_image image=&#8221;706&#8243; img_size=&#8221;155&#215;155&#8243; alignment=&#8221;center&#8221; css_animation=&#8221;appear&#8221;][vc_column_text]<\/p>\n<h4 style=\"text-align: center;\">Ge\u00efntegreerde analyse tools<\/h4>\n<p>[\/vc_column_text][\/vc_column_inner][vc_column_inner width=&#8221;1\/3&#8243; css=&#8221;.vc_custom_1445373294993{padding-bottom: 32px !important;}&#8221;][vc_single_image image=&#8221;707&#8243; img_size=&#8221;150&#215;150&#8243; alignment=&#8221;center&#8221; css_animation=&#8221;appear&#8221;][vc_column_text]<\/p>\n<h4 style=\"text-align: center;\">Configureerbare registratie pagina&#8217;s en e-mails<\/h4>\n<p>[\/vc_column_text][\/vc_column_inner][vc_column_inner width=&#8221;1\/3&#8243; css=&#8221;.vc_custom_1445373302136{padding-bottom: 32px !important;}&#8221;][vc_single_image image=&#8221;709&#8243; img_size=&#8221;150&#215;150&#8243; alignment=&#8221;center&#8221; css_animation=&#8221;appear&#8221;][vc_column_text]<\/p>\n<h4 style=\"text-align: center;\">Campagne beheer en scoren van leads<\/h4>\n<p>[\/vc_column_text][\/vc_column_inner][\/vc_row_inner][\/vc_column][\/vc_row][vc_row full_width=&#8221;stretch_row&#8221; css=&#8221;.vc_custom_1439398144703{padding-top: 20px !important;padding-bottom: 20px !important;background-color: rgba(7,27,48,0.07) !important;background-position: center !important;background-repeat: no-repeat !important;background-size: cover !important;*background-color: rgb(7,27,48) !important;}&#8221;][vc_column width=&#8221;1\/2&#8243;][vc_btn title=&#8221;ZIE HET IN DE PRAKTIJK&#8221; style=&#8221;flat&#8221; color=&#8221;m1-peach&#8221; size=&#8221;lg&#8221; align=&#8221;center&#8221; css_animation=&#8221;left-to-right&#8221; link=&#8221;url:%2Feu-nl%2Fleren%2Fwebinars%2F||&#8221; button_block=&#8221;true&#8221;][\/vc_column][vc_column width=&#8221;1\/2&#8243;][vc_btn title=&#8221;PROBEER HET UIT&#8221; style=&#8221;flat&#8221; color=&#8221;m1-yellow&#8221; size=&#8221;lg&#8221; align=&#8221;center&#8221; css_animation=&#8221;right-to-left&#8221; link=&#8221;url:%2Feu-nl%2Fprobeer-het-gratis-uit%2Fgeintegreerde-evaluatie-audioone-adobe-connect%2F||&#8221; button_block=&#8221;true&#8221;][\/vc_column][\/vc_row][vc_row full_width=&#8221;stretch_row&#8221; css=&#8221;.vc_custom_1439399043615{padding-bottom: 25px !important;background-image: url(https:\/\/www.meetingone.com\/wp-content\/uploads\/sites\/8\/2015\/06\/Webinars_longer.jpg?id=1573) !important;background-position: center !important;background-repeat: no-repeat !important;background-size: cover !important;}&#8221;][vc_column][vc_row_inner][vc_column_inner width=&#8221;1\/2&#8243;][vc_column_text css=&#8221;.vc_custom_1512149450846{padding-top: 25px !important;padding-bottom: 10px !important;}&#8221;]<\/p>\n<h2 style=\"font-size: 28px;\"><span style=\"color: #bb2025;\">Verzorg boeiende online evenementen<\/span><\/h2>\n<p>[\/vc_column_text][vc_column_text css=&#8221;.vc_custom_1512149391003{padding-bottom: 20px !important;}&#8221;]<\/p>\n<h3><span style=\"color: #ff6600;\">Evenementen volledig aanpassen en optimiseren<\/span><\/h3>\n<ul>\n<li>Aanpasbaar en ontwikkeld voor consistente live-omgeving<\/li>\n<li>Op uw merk af te stemmen URL&#8217;s voor accounts en webinar ruimten<\/li>\n<li>Controle over de landings pagina en het ontwerp van e-mail berichten voor evenementen<\/li>\n<li>Ge\u00efntegreerde, gemakkelijk te gebruiken analyse tools en rapportage<\/li>\n<li>Tools voor het monitoren van de betrokkenheid bij het webinar<\/li>\n<li>Boeiende visuele interpretaties van gegevens<\/li>\n<\/ul>\n<p>[\/vc_column_text][\/vc_column_inner][vc_column_inner width=&#8221;1\/2&#8243;]<br \/>\n[\/vc_column_inner][\/vc_row_inner][\/vc_column][\/vc_row][vc_row full_width=&#8221;stretch_row&#8221; parallax=&#8221;content-moving&#8221; parallax_image=&#8221;1584&#8243; css=&#8221;.vc_custom_1439400301818{padding-bottom: 25px !important;background-position: center;background-repeat: no-repeat !important;background-size: cover !important;}&#8221;][vc_column][vc_row_inner][vc_column_inner width=&#8221;1\/2&#8243;]<br \/>\n[\/vc_column_inner][vc_column_inner width=&#8221;1\/2&#8243;][vc_column_text el_class=&#8221;white-text&#8221; css=&#8221;.vc_custom_1512149405749{padding-top: 60px !important;padding-bottom: 40px !important;}&#8221;]<\/p>\n<h3><span style=\"color: #ffcc00;\">Eenvoudige toegang tot webinars waarborgen en de deelname maximaliseren.<\/span><\/h3>\n<ul>\n<li>Deelnemers kunnen direct deelnemen aan uw webinars.<\/li>\n<li>Maak gemakkelijke toegang tot webinars vanaf mobiele apparaten mogelijk met de Adobe Connect-app.<\/li>\n<li>Vereenvoudig de registratie voor evenementen, voer follow-ups uit met automatische uitnodigingen, bevestigingen en herinneringen per e-mail en verstuur communicatie over evenementen<\/li>\n<li>Neem vergaderingen op om ze later terug te kunnen zien en bied de brede functionaliteit van een live vergadering in een opgenomen webinar<\/li>\n<\/ul>\n<p>[\/vc_column_text][\/vc_column_inner][\/vc_row_inner][\/vc_column][\/vc_row][vc_row full_width=&#8221;stretch_row&#8221; css=&#8221;.vc_custom_1439401153557{padding-bottom: 25px !important;background-image: url(https:\/\/www.meetingone.com\/wp-content\/uploads\/sites\/8\/2015\/06\/Engaginging-Webinar.jpg?id=1598) !important;background-position: center !important;background-repeat: no-repeat !important;background-size: cover !important;}&#8221;][vc_column][vc_row_inner][vc_column_inner width=&#8221;1\/2&#8243;][vc_column_text css=&#8221;.vc_custom_1512149418043{padding-top: 45px !important;padding-bottom: 25px !important;}&#8221;]<\/p>\n<h3><span style=\"color: #ff6600;\">Trek de aandacht van het publiek en houd deelnemers betrokken.<\/span><\/h3>\n<ul>\n<li>Vermaak deelnemers met boeiende media en deel verschillende soorten inhoud.<\/li>\n<li>Vergroot de interactie met en behoud van publiek met polls, vraag- en antwoord sessies, handen opsteken, opmerkingen, whiteboards en meer<\/li>\n<li>Druk het stempel van uw merk op het evenement door het uiterlijk van uw webinar aan te passen en bewaar lay-outs en inhoud als herbruikbare sjablonen<\/li>\n<li>Beheer een volledige reeks privileges voor deelnemers en werk in realtime samen met presentatoren<\/li>\n<li>Versterk de audio-ervaring van uw publiek door Adobe Connect te integreren met AudioOne audioconferencing<\/li>\n<\/ul>\n<p>[\/vc_column_text][\/vc_column_inner][vc_column_inner width=&#8221;1\/2&#8243;]<br \/>\n[\/vc_column_inner][\/vc_row_inner][\/vc_column][\/vc_row][vc_row full_width=&#8221;stretch_row&#8221;][vc_column]<div class=\"templatera_shortcode\"><p>[vc_row full_width=&#8221;stretch_row&#8221; css=&#8221;.vc_custom_1439846154648{padding-bottom: 30px !important;background-image: url(https:\/\/www.meetingone.com\/wp-content\/uploads\/sites\/8\/2015\/02\/product-tab-bg.jpg?id=71) !important;background-position: center !important;background-repeat: no-repeat !important;background-size: cover !important;}&#8221; el_class=&#8221;product-tabs&#8221;][vc_column css=&#8221;.vc_custom_1441720877080{padding-top: 25px !important;}&#8221;][vc_column_text css=&#8221;.vc_custom_1442872115353{padding-top: 40px !important;padding-bottom: 20px !important;}&#8221;]<\/p>\n<h2 style=\"text-align: center;\"><span style=\"color: #bb2025;\">Verbeter uw webconferencing met producten van MeetingOne<\/span><\/h2>\n<p>[\/vc_column_text][vc_tta_tabs style=&#8221;flat&#8221; shape=&#8221;square&#8221; color=&#8221;white&#8221; alignment=&#8221;center&#8221; active_section=&#8221;1&#8243; el_class=&#8221;the-product-tabs&#8221;][vc_tta_section title=&#8221;Adobe Connect&#8221; tab_id=&#8221;1436469061645-24e15fd0-1585fcb4-e55c&#8221;][vc_column_text]<img decoding=\"async\" loading=\"lazy\" class=\"wp-image-4141 alignleft\" src=\"https:\/\/www.meetingone.com\/eu-nl\/wp-content\/uploads\/sites\/8\/2015\/09\/AdobeConnectLogo.png\" alt=\"\" width=\"200\" height=\"200\" srcset=\"https:\/\/www.meetingone.com\/eu-nl\/wp-content\/uploads\/sites\/8\/2015\/09\/AdobeConnectLogo.png 512w, https:\/\/www.meetingone.com\/eu-nl\/wp-content\/uploads\/sites\/8\/2015\/09\/AdobeConnectLogo-150x150.png 150w, https:\/\/www.meetingone.com\/eu-nl\/wp-content\/uploads\/sites\/8\/2015\/09\/AdobeConnectLogo-300x300.png 300w\" sizes=\"(max-width: 200px) 100vw, 200px\" \/><\/p>\n<p>Adobe Connect is geavanceerde software voor webconferencing die een interactieve en boeiende online vergaderervaring biedt. Het systeem gaat veel verder dan het delen van het scherm voor samenwerking, online training en grootschalige webinars. Adobe Connect stelt gebruikers in staat de meest krachtige online sessie direct vanaf een mobiel apparaat te beheren, inclusief hosting, presenteren, het delen van bestanden, het gebruik van whiteboards, brainstormsessies, gebruik van emoticons en nog veel meer.<\/p>\n<p style=\"text-align: right;\"><a class=\"button yellow\" href=\"https:\/\/www.meetingone.com\/eu-nl\/adobe-connect\/\">Dieper ingaan op de oplossing<\/a><\/p>\n<p>[\/vc_column_text][\/vc_tta_section][vc_tta_section title=&#8221;AudioOne&#8221; tab_id=&#8221;1436469061357-fcdba6b8-38a0fcb4-e55c&#8221;][vc_column_text]<img decoding=\"async\" loading=\"lazy\" class=\"alignleft wp-image-345\" src=\"https:\/\/www.meetingone.com\/wp-content\/uploads\/sites\/8\/2015\/07\/audio-one-logo.png\" alt=\"audio-one-logo\" width=\"200\" height=\"149\" \/><\/p>\n<p>Deze toonaangevende oplossing voor audio biedt zowel traditionele audioconferencing als met Adobe Connect ge\u00efntegreerde audio in \u00e9\u00e9n betrouwbaar, kosteneffectief pakket. Eenvoudig, veilig en volledig instelbaar: AudioOne is de oplossing van de volgende generatie voor geavanceerde audioconferencing.<\/p>\n<p style=\"text-align: right;\"><a class=\"button yellow\" href=\"https:\/\/www.meetingone.com\/eu-nl\/audioone\/\">Ik wil meer weten<\/a><\/p>\n<p>[\/vc_column_text][\/vc_tta_section][vc_tta_section title=&#8221;Click&amp;Meet&#8221; tab_id=&#8221;1436469096553-b54b865a-888cfcb4-e55c&#8221;][vc_column_text]<img decoding=\"async\" loading=\"lazy\" class=\"alignleft wp-image-346\" src=\"https:\/\/www.meetingone.com\/wp-content\/uploads\/sites\/8\/2015\/07\/click-meet-logo.png\" alt=\"click-meet-logo\" width=\"200\" height=\"119\" \/><\/p>\n<p>Click&amp;Meet is een gebruiksvriendelijke interface die wordt meegeleverd bij alle AudioOne-accounts en klanten de flexibiliteit geeft om totale controle over vergaderingen te behouden vanaf hun eigen computerscherm. Met een klik op de knop kunt u telefonische deelnemers dempen\/dempen opheffen, uitbellen naar deelnemers, zien wie er aan het woord is en direct feedback krijgen met de functie voor polls.<\/p>\n<p style=\"text-align: right;\"><a class=\"button yellow\" href=\"https:\/\/www.meetingone.com\/eu-nl\/audioone\/clickmeet\/\">Meer lezen<\/a><\/p>\n<p>[\/vc_column_text][\/vc_tta_section][vc_tta_section title=&#8221;ScheduleOne&#8221; tab_id=&#8221;1436469113141-eab0033d-52c7fcb4-e55c&#8221;][vc_column_text]<img decoding=\"async\" loading=\"lazy\" class=\"alignleft wp-image-348\" src=\"https:\/\/www.meetingone.com\/wp-content\/uploads\/sites\/8\/2015\/07\/schedule-one-logo.png\" alt=\"schedule-one-logo\" width=\"200\" height=\"142\" \/><\/p>\n<p>ScheduleOne wordt gebruikt om uitnodigingen voor Adobe Connect-vergaderingen aan te passen, ge\u00efntegreerde AudioOne-gesprekken te plannen en zelfs om nieuwe webruimten te maken. Met deze geavanceerde plug-in voor Outlook kunt u al deze dingen en meer doen zonder dat u Outlook hoeft te verlaten. Stroomlijn de communicatie van uw team met deze krachtige en innovatieve vergaderplug-in, alleen van MeetingOne!<\/p>\n<p style=\"text-align: right;\"><a class=\"button yellow\" href=\"\/eu-nl\/producten\/scheduleone\/\">Waar gaat dit over?<\/a><\/p>\n<p>[\/vc_column_text][\/vc_tta_section][vc_tta_section title=&#8221;OAI&#8221; tab_id=&#8221;1436469125342-7f659e94-bea4fcb4-e55c&#8221;][vc_column_text]<a href=\"\/eu-nl\/audioone\/oai\/\"><img decoding=\"async\" loading=\"lazy\" class=\"wp-image-3878 alignleft\" src=\"https:\/\/www.meetingone.com\/eu-nl\/wp-content\/uploads\/sites\/8\/2015\/09\/OAI-White-color.png\" alt=\"\" width=\"200\" height=\"127\" srcset=\"https:\/\/www.meetingone.com\/eu-nl\/wp-content\/uploads\/sites\/8\/2015\/09\/OAI-White-color.png 644w, https:\/\/www.meetingone.com\/eu-nl\/wp-content\/uploads\/sites\/8\/2015\/09\/OAI-White-color-300x191.png 300w\" sizes=\"(max-width: 200px) 100vw, 200px\" \/><\/a><\/p>\n<p class=\"p1\">Bekijk simpelweg en on-line het verbruik van uw audio conferentie zalen\u00a0 in realtime over de laatste 4 maanden en pas uw persoonlijke\u00a0 facturatie codes toe.<\/p>\n<p style=\"text-align: right;\"><a class=\"button yellow\" href=\"\/eu-nl\/audioone\/oai\/\">Alle informatie<\/a><\/p>\n<p>[\/vc_column_text][\/vc_tta_section][vc_tta_section title=&#8221;Blackboard&#8221; tab_id=&#8221;1436469138345-4cded42f-1b57fcb4-e55c&#8221;][vc_column_text]<img decoding=\"async\" loading=\"lazy\" class=\"alignleft wp-image-948 size-medium\" src=\"https:\/\/www.meetingone.com\/wp-content\/uploads\/sites\/8\/2015\/02\/blackboard-logo-300x141.png\" alt=\"blackboard-logo\" width=\"300\" height=\"141\" \/>We hebben een ge\u00efntegreerd bouwblok ontwikkeld met veel unieke voordelen voor een naadloos gebruik van de ultramoderne technologie van Adobe Connect binnen het Blackboard Learning Management System. Onze integrator biedt veel innovatieve en rijke functionaliteit om uw studenten een onge\u00ebvenaarde Blackboard-ervaring te bieden.<\/p>\n<p style=\"text-align: right;\"><a class=\"button yellow\" href=\"\/eu-nl\/adobe-connect\/lms-integratie\/blackboard-integrator\/\">Ik wil voorlichting<\/a><\/p>\n<p>[\/vc_column_text][\/vc_tta_section][\/vc_tta_tabs][\/vc_column][\/vc_row]<\/p>\n<\/div>[\/vc_column][\/vc_row]<\/p>\n","protected":false},"excerpt":{"rendered":"<p>[vc_row full_width=&#8221;stretch_row&#8221; parallax=&#8221;content-moving&#8221; parallax_image=&#8221;13738&#8243; css=&#8221;.vc_custom_1583345434614{padding-top: 30px !important;padding-bottom: 20px !important;background-image: url(https:\/\/www.meetingone.com\/eu-nl\/wp-content\/uploads\/sites\/8\/2017\/04\/Blue-to-white-background-02-1.jpg?id=6141) !important;}&#8221;][vc_column width=&#8221;6\/12&#8243;][vc_column_text el_class=&#8221;white-text&#8221; css=&#8221;.vc_custom_1583345469491{padding-top: 40px !important;}&#8221;] Een Leider in Webinars Adobe Connect Webinars scoren hoog in de gebruiker \u2018s waarderingen. [\/vc_column_text][vc_row_inner][vc_column_inner width=&#8221;1\/2&#8243;][vc_btn title=&#8221;Vraag een Test aan of een Offerte&#8221; style=&#8221;custom&#8221; custom_background=&#8221;#50bfd6&#8243; custom_text=&#8221;#ffffff&#8221; align=&#8221;center&#8221; link=&#8221;url:https%3A%2F%2Fwww.meetingone.com%2Feu-nl%2Fcontact%2F||target:%20_blank&#8221; button_block=&#8221;true&#8221; css=&#8221;.vc_custom_1583345484631{padding-bottom: 40px !important;}&#8221;][\/vc_column_inner][vc_column_inner width=&#8221;1\/2&#8243;][vc_btn title=&#8221;\u2b50 \u2b50 \u2b50 Bekijk de Beoordelingen&#8221; [&hellip;]<\/p>\n","protected":false},"author":1,"featured_media":0,"parent":165,"menu_order":0,"comment_status":"closed","ping_status":"closed","template":"","meta":{"footnotes":""},"yoast_head":"<!-- This site is optimized with the Yoast SEO plugin v21.2 - https:\/\/yoast.com\/wordpress\/plugins\/seo\/ -->\n<title>Adobe Connect Webinars \u2013 MeetingOne<\/title>\n<meta name=\"description\" content=\"Beheer interactieve on-line evenementen via de integratie van MeetingOne met Adobe Connect Webinars \u2013 volledig aanpasbaar en ontworpen voor maximale betrokkenheid.\" \/>\n<meta name=\"robots\" content=\"index, follow, max-snippet:-1, max-image-preview:large, max-video-preview:-1\" \/>\n<link rel=\"canonical\" href=\"https:\/\/www.meetingone.com\/eu-nl\/adobe-connect\/webinars\/\" \/>\n<meta property=\"og:locale\" content=\"en_US\" \/>\n<meta property=\"og:type\" content=\"article\" \/>\n<meta property=\"og:title\" content=\"Adobe Connect Webinars \u2013 MeetingOne\" \/>\n<meta property=\"og:description\" content=\"Beheer interactieve on-line evenementen via de integratie van MeetingOne met Adobe Connect Webinars \u2013 volledig aanpasbaar en ontworpen voor maximale betrokkenheid.\" \/>\n<meta property=\"og:url\" content=\"https:\/\/www.meetingone.com\/eu-nl\/adobe-connect\/webinars\/\" \/>\n<meta property=\"og:site_name\" content=\"MeetingOne Dutch\" \/>\n<meta property=\"article:publisher\" content=\"https:\/\/www.facebook.com\/MeetingOne\" \/>\n<meta property=\"article:modified_time\" content=\"2020-03-04T18:13:34+00:00\" \/>\n<meta property=\"og:image\" content=\"https:\/\/www.meetingone.com\/eu-nl\/wp-content\/uploads\/sites\/8\/2015\/07\/MeetingOne-Icon.png\" \/>\n\t<meta property=\"og:image:width\" content=\"400\" \/>\n\t<meta property=\"og:image:height\" content=\"400\" \/>\n\t<meta property=\"og:image:type\" content=\"image\/png\" \/>\n<meta name=\"twitter:card\" content=\"summary_large_image\" \/>\n<meta name=\"twitter:site\" content=\"@meetingone\" \/>\n<meta name=\"twitter:label1\" content=\"Est. reading time\" \/>\n\t<meta name=\"twitter:data1\" content=\"5 minutes\" \/>\n<script type=\"application\/ld+json\" class=\"yoast-schema-graph\">{\"@context\":\"https:\/\/schema.org\",\"@graph\":[{\"@type\":\"WebPage\",\"@id\":\"https:\/\/www.meetingone.com\/eu-nl\/adobe-connect\/webinars\/\",\"url\":\"https:\/\/www.meetingone.com\/eu-nl\/adobe-connect\/webinars\/\",\"name\":\"Adobe Connect Webinars \u2013 MeetingOne\",\"isPartOf\":{\"@id\":\"https:\/\/www.meetingone.com\/eu-nl\/#website\"},\"datePublished\":\"2015-06-10T21:50:00+00:00\",\"dateModified\":\"2020-03-04T18:13:34+00:00\",\"description\":\"Beheer interactieve on-line evenementen via de integratie van MeetingOne met Adobe Connect Webinars \u2013 volledig aanpasbaar en ontworpen voor maximale betrokkenheid.\",\"breadcrumb\":{\"@id\":\"https:\/\/www.meetingone.com\/eu-nl\/adobe-connect\/webinars\/#breadcrumb\"},\"inLanguage\":\"en-US\",\"potentialAction\":[{\"@type\":\"ReadAction\",\"target\":[\"https:\/\/www.meetingone.com\/eu-nl\/adobe-connect\/webinars\/\"]}]},{\"@type\":\"BreadcrumbList\",\"@id\":\"https:\/\/www.meetingone.com\/eu-nl\/adobe-connect\/webinars\/#breadcrumb\",\"itemListElement\":[{\"@type\":\"ListItem\",\"position\":1,\"name\":\"Home\",\"item\":\"https:\/\/www.meetingone.com\/eu-nl\/\"},{\"@type\":\"ListItem\",\"position\":2,\"name\":\"Adobe Connect\",\"item\":\"https:\/\/www.meetingone.com\/eu-nl\/adobe-connect\/\"},{\"@type\":\"ListItem\",\"position\":3,\"name\":\"Webinars\"}]},{\"@type\":\"WebSite\",\"@id\":\"https:\/\/www.meetingone.com\/eu-nl\/#website\",\"url\":\"https:\/\/www.meetingone.com\/eu-nl\/\",\"name\":\"MeetingOne Dutch\",\"description\":\"\",\"potentialAction\":[{\"@type\":\"SearchAction\",\"target\":{\"@type\":\"EntryPoint\",\"urlTemplate\":\"https:\/\/www.meetingone.com\/eu-nl\/?s={search_term_string}\"},\"query-input\":\"required name=search_term_string\"}],\"inLanguage\":\"en-US\"}]}<\/script>\n<!-- \/ Yoast SEO plugin. -->","yoast_head_json":{"title":"Adobe Connect Webinars \u2013 MeetingOne","description":"Beheer interactieve on-line evenementen via de integratie van MeetingOne met Adobe Connect Webinars \u2013 volledig aanpasbaar en ontworpen voor maximale betrokkenheid.","robots":{"index":"index","follow":"follow","max-snippet":"max-snippet:-1","max-image-preview":"max-image-preview:large","max-video-preview":"max-video-preview:-1"},"canonical":"https:\/\/www.meetingone.com\/eu-nl\/adobe-connect\/webinars\/","og_locale":"en_US","og_type":"article","og_title":"Adobe Connect Webinars \u2013 MeetingOne","og_description":"Beheer interactieve on-line evenementen via de integratie van MeetingOne met Adobe Connect Webinars \u2013 volledig aanpasbaar en ontworpen voor maximale betrokkenheid.","og_url":"https:\/\/www.meetingone.com\/eu-nl\/adobe-connect\/webinars\/","og_site_name":"MeetingOne Dutch","article_publisher":"https:\/\/www.facebook.com\/MeetingOne","article_modified_time":"2020-03-04T18:13:34+00:00","og_image":[{"width":400,"height":400,"url":"https:\/\/www.meetingone.com\/eu-nl\/wp-content\/uploads\/sites\/8\/2015\/07\/MeetingOne-Icon.png","type":"image\/png"}],"twitter_card":"summary_large_image","twitter_site":"@meetingone","twitter_misc":{"Est. reading time":"5 minutes"},"schema":{"@context":"https:\/\/schema.org","@graph":[{"@type":"WebPage","@id":"https:\/\/www.meetingone.com\/eu-nl\/adobe-connect\/webinars\/","url":"https:\/\/www.meetingone.com\/eu-nl\/adobe-connect\/webinars\/","name":"Adobe Connect Webinars \u2013 MeetingOne","isPartOf":{"@id":"https:\/\/www.meetingone.com\/eu-nl\/#website"},"datePublished":"2015-06-10T21:50:00+00:00","dateModified":"2020-03-04T18:13:34+00:00","description":"Beheer interactieve on-line evenementen via de integratie van MeetingOne met Adobe Connect Webinars \u2013 volledig aanpasbaar en ontworpen voor maximale betrokkenheid.","breadcrumb":{"@id":"https:\/\/www.meetingone.com\/eu-nl\/adobe-connect\/webinars\/#breadcrumb"},"inLanguage":"en-US","potentialAction":[{"@type":"ReadAction","target":["https:\/\/www.meetingone.com\/eu-nl\/adobe-connect\/webinars\/"]}]},{"@type":"BreadcrumbList","@id":"https:\/\/www.meetingone.com\/eu-nl\/adobe-connect\/webinars\/#breadcrumb","itemListElement":[{"@type":"ListItem","position":1,"name":"Home","item":"https:\/\/www.meetingone.com\/eu-nl\/"},{"@type":"ListItem","position":2,"name":"Adobe Connect","item":"https:\/\/www.meetingone.com\/eu-nl\/adobe-connect\/"},{"@type":"ListItem","position":3,"name":"Webinars"}]},{"@type":"WebSite","@id":"https:\/\/www.meetingone.com\/eu-nl\/#website","url":"https:\/\/www.meetingone.com\/eu-nl\/","name":"MeetingOne Dutch","description":"","potentialAction":[{"@type":"SearchAction","target":{"@type":"EntryPoint","urlTemplate":"https:\/\/www.meetingone.com\/eu-nl\/?s={search_term_string}"},"query-input":"required name=search_term_string"}],"inLanguage":"en-US"}]}},"_links":{"self":[{"href":"https:\/\/www.meetingone.com\/eu-nl\/wp-json\/wp\/v2\/pages\/183"}],"collection":[{"href":"https:\/\/www.meetingone.com\/eu-nl\/wp-json\/wp\/v2\/pages"}],"about":[{"href":"https:\/\/www.meetingone.com\/eu-nl\/wp-json\/wp\/v2\/types\/page"}],"author":[{"embeddable":true,"href":"https:\/\/www.meetingone.com\/eu-nl\/wp-json\/wp\/v2\/users\/1"}],"replies":[{"embeddable":true,"href":"https:\/\/www.meetingone.com\/eu-nl\/wp-json\/wp\/v2\/comments?post=183"}],"version-history":[{"count":21,"href":"https:\/\/www.meetingone.com\/eu-nl\/wp-json\/wp\/v2\/pages\/183\/revisions"}],"predecessor-version":[{"id":3921,"href":"https:\/\/www.meetingone.com\/eu-nl\/wp-json\/wp\/v2\/pages\/183\/revisions\/3921"}],"up":[{"embeddable":true,"href":"https:\/\/www.meetingone.com\/eu-nl\/wp-json\/wp\/v2\/pages\/165"}],"wp:attachment":[{"href":"https:\/\/www.meetingone.com\/eu-nl\/wp-json\/wp\/v2\/media?parent=183"}],"curies":[{"name":"wp","href":"https:\/\/api.w.org\/{rel}","templated":true}]}}