{"id":181,"date":"2015-06-10T15:49:47","date_gmt":"2015-06-10T21:49:47","guid":{"rendered":"https:\/\/www.meetingone.eu\/eu-nl\/?page_id=181"},"modified":"2017-12-01T10:50:37","modified_gmt":"2017-12-01T17:50:37","slug":"meetings","status":"publish","type":"page","link":"https:\/\/www.meetingone.com\/eu-nl\/adobe-connect\/meetings\/","title":{"rendered":"Meetings"},"content":{"rendered":"<p>[vc_row full_width=&#8221;stretch_row_content_no_spaces&#8221; parallax=&#8221;content-moving&#8221; parallax_image=&#8221;3355&#8243; el_class=&#8221;page-banner&#8221;][vc_column][vc_row_inner el_class=&#8221;banner-content&#8221; css=&#8221;.vc_custom_1439415534610{margin-top: 250px !important;}&#8221;][vc_column_inner][vc_column_text el_class=&#8221;white-text&#8221; css=&#8221;.vc_custom_1512150603589{padding-top: 8px !important;padding-right: 20px !important;padding-bottom: 8px !important;padding-left: 20px !important;}&#8221;]<\/p>\n<h1 style=\"font-size: 32px\">Verbeter de samenwerking met Adobe Connect Meetings<\/h1>\n<p>[\/vc_column_text][\/vc_column_inner][\/vc_row_inner][\/vc_column][\/vc_row][vc_row full_width=&#8221;stretch_row&#8221; bg_type=&#8221;grad&#8221; css=&#8221;.vc_custom_1440711366340{padding-top: 10px !important;padding-bottom: 10px !important;background-position: center !important;background-repeat: no-repeat !important;background-size: cover !important;}&#8221; bg_grad=&#8221;background: -webkit-gradient(linear, left top, left bottom, color-stop(0%, #75040A), color-stop(28%, #B3161B), color-stop(72%, #B3161B), color-stop(100%, #75040A));background: -moz-linear-gradient(left,#75040A 0%,#B3161B 28%,#B3161B 72%,#75040A 100%);background: -webkit-linear-gradient(left,#75040A 0%,#B3161B 28%,#B3161B 72%,#75040A 100%);background: -o-linear-gradient(left,#75040A 0%,#B3161B 28%,#B3161B 72%,#75040A 100%);background: -ms-linear-gradient(left,#75040A 0%,#B3161B 28%,#B3161B 72%,#75040A 100%);background: linear-gradient(left,#75040A 0%,#B3161B 28%,#B3161B 72%,#75040A 100%);&#8221;][vc_column][vc_row_inner css=&#8221;.vc_custom_1445373444102{padding-top: 5px !important;padding-bottom: 5px !important;}&#8221;][vc_column_inner width=&#8221;1\/4&#8243; css=&#8221;.vc_custom_1439326116900{padding-top: 20px !important;padding-bottom: 20px !important;}&#8221;][vc_single_image image=&#8221;4141&#8243; img_size=&#8221;150&#215;150&#8243; alignment=&#8221;center&#8221;][\/vc_column_inner][vc_column_inner width=&#8221;3\/4&#8243;][vc_column_text el_class=&#8221;white-text&#8221; css=&#8221;.vc_custom_1445373427903{padding-top: 5px !important;padding-bottom: 5px !important;}&#8221;]<\/p>\n<h2 style=\"text-align: left\">Adobe Connect Meetings<\/h2>\n<p>Gebruik Adobe Connect voor een groot aantal wensen op het gebied van online vergaderen, van het gewoon delen van een scherm helemaal tot cruciale, realtime samenwerking. Met Adobe Connect kunnen uw teams effici\u00ebnter en doeltreffender werken, de productiviteit verbeteren en het helpt ook om de kosten te verlagen.[\/vc_column_text][\/vc_column_inner][\/vc_row_inner][\/vc_column][\/vc_row][vc_row][vc_column][vc_column_text css=&#8221;.vc_custom_1441724948133{padding-top: 20px !important;}&#8221;]<\/p>\n<h3 style=\"text-align: center\"><span style=\"color: #bb2025\">PREMIUM FUNCTIES<\/span><\/h3>\n<p>[\/vc_column_text][vc_row_inner][vc_column_inner width=&#8221;1\/3&#8243; css=&#8221;.vc_custom_1445373366835{padding-bottom: 32px !important;}&#8221;][vc_single_image image=&#8221;701&#8243; img_size=&#8221;150&#215;150&#8243; alignment=&#8221;center&#8221;][vc_column_text]<\/p>\n<h4 style=\"text-align: center\">Direct toegang op alle apparaten<\/h4>\n<p>[\/vc_column_text][\/vc_column_inner][vc_column_inner width=&#8221;1\/3&#8243; css=&#8221;.vc_custom_1445373375824{padding-bottom: 32px !important;}&#8221;][vc_single_image image=&#8221;702&#8243; img_size=&#8221;150&#215;150&#8243; alignment=&#8221;center&#8221;][vc_column_text]<\/p>\n<h4 style=\"text-align: center\">Permanente vergaderruimte<\/h4>\n<p>[\/vc_column_text][\/vc_column_inner][vc_column_inner width=&#8221;1\/3&#8243; css=&#8221;.vc_custom_1445373384319{padding-bottom: 32px !important;}&#8221;][vc_single_image image=&#8221;703&#8243; img_size=&#8221;150&#215;150&#8243; alignment=&#8221;center&#8221;][vc_column_text]<\/p>\n<h4 style=\"text-align: center\">Goed beveiligde communicatie en naleving<\/h4>\n<p>[\/vc_column_text][\/vc_column_inner][\/vc_row_inner][\/vc_column][\/vc_row][vc_row full_width=&#8221;stretch_row&#8221; css=&#8221;.vc_custom_1439327105726{padding-top: 20px !important;padding-bottom: 20px !important;background-color: rgba(7,27,48,0.07) !important;*background-color: rgb(7,27,48) !important;}&#8221;][vc_column width=&#8221;1\/2&#8243;][vc_btn title=&#8221;Plan een demo&#8221; style=&#8221;flat&#8221; color=&#8221;m1-peach&#8221; size=&#8221;lg&#8221; align=&#8221;center&#8221; css_animation=&#8221;left-to-right&#8221; link=&#8221;url:%2Feu-nl%2FPlan-een-demo%2F||&#8221; button_block=&#8221;true&#8221;][\/vc_column][vc_column width=&#8221;1\/2&#8243;][vc_btn title=&#8221;Start gratis&#8221; style=&#8221;flat&#8221; color=&#8221;m1-yellow&#8221; size=&#8221;lg&#8221; align=&#8221;center&#8221; css_animation=&#8221;right-to-left&#8221; link=&#8221;url:%2Feu-nl%2Fprobeer-het-gratis-uit%2Fgeintegreerde-evaluatie-audioone-adobe-connect%2F||&#8221; button_block=&#8221;true&#8221;][\/vc_column][\/vc_row][vc_row full_width=&#8221;stretch_row&#8221; css=&#8221;.vc_custom_1439395627160{padding-bottom: 25px !important;background-image: url(https:\/\/www.meetingone.com\/wp-content\/uploads\/sites\/8\/2015\/06\/Tablet-AC-Meeting.jpg?id=1539) !important;background-position: center !important;background-repeat: no-repeat !important;background-size: cover !important;}&#8221;][vc_column][vc_row_inner][vc_column_inner width=&#8221;1\/2&#8243;]<br \/>\n[\/vc_column_inner][vc_column_inner width=&#8221;1\/2&#8243; offset=&#8221;vc_col-xs-offset-2&#8243;][vc_column_text css=&#8221;.vc_custom_1441725229655{padding-top: 20px !important;}&#8221;]<\/p>\n<h3><span style=\"color: #bb2025\">Adobe Connect Meetings\u00a0<span lang=\"nl\">brengen u samen.\u00a0<\/span><\/span><\/h3>\n<p>[\/vc_column_text][vc_column_text css=&#8221;.vc_custom_1504621646496{padding-bottom: 15px !important;}&#8221;]<\/p>\n<h4><span style=\"color: #ff6600\">Direct toegang op alle apparaten.<\/span><\/h4>\n<ul>\n<li>Direct vanaf mobiele apparaten samenwerken, hosten en presenteren<\/li>\n<li>Deelname op iOS- en Android-apparaten mogelijk maken<\/li>\n<li>Waarborgen dat deelnemers direct aan vergaderingen kunnen deelnemen, zonder nog meer te moeten downloaden<\/li>\n<\/ul>\n<h4><span style=\"color: #ff6600\">Boeiende, samenwerking stimulerende interacties mogelijk maken zodat uw teams sneller kunnen werken.<\/span><\/h4>\n<ul>\n<li>Ondersteuning voor vrijwel elk online vergader scenario<\/li>\n<li>Gebruikmaken van een grote set mogelijkheden voor samenwerking, met &#8216;pods&#8217; die veel functionaliteit bieden, zoals beheer van deelnemers, delen, opmerkingen, video, whiteboard, polls, vraag- en antwoord sessies en meer<\/li>\n<li>Meerdere sub conferentie ruimtes cre\u00ebren, monitoren en beheren om discussies in de juiste richting te sturen<\/li>\n<li>Betere toegankelijkheid voor alle deelnemers bieden met volledige toetsenbord navigatie, ondersteuning voor schermlezers, sneltoetsen en extensies voor ondertiteling<\/li>\n<\/ul>\n<p>[\/vc_column_text][\/vc_column_inner][\/vc_row_inner][\/vc_column][\/vc_row][vc_row full_width=&#8221;stretch_row&#8221; parallax=&#8221;content-moving&#8221; parallax_image=&#8221;1521&#8243; css=&#8221;.vc_custom_1439330589577{padding-top: 15px !important;padding-bottom: 15px !important;}&#8221;][vc_column width=&#8221;1\/2&#8243;][vc_column_text el_class=&#8221;white-text&#8221; css=&#8221;.vc_custom_1504621750110{margin-top: 20px !important;}&#8221;]<\/p>\n<h4><span style=\"color: #ffcc00\">Persoonlijk digitaal kantoor<\/span><\/h4>\n<ul>\n<li>Vergaderen met een persoonlijke URL die altijd beschikbaar is en een omgeving die u kunt afstemmen op uw merk<\/li>\n<li>Snel extra online vergader ruimten cre\u00ebren met sjablonen<\/li>\n<li>Bestanden, documenten, lay-outs en notities beveiligd opslaan<\/li>\n<\/ul>\n<p>[\/vc_column_text][vc_column_text el_class=&#8221;white-text&#8221; css=&#8221;.vc_custom_1504622005429{padding-top: -20px !important;padding-bottom: 20px !important;}&#8221;]<\/p>\n<h4><span style=\"color: #ffcc00\">Geweldige tools voor opnemen en bewerken.<\/span><\/h4>\n<ul>\n<li>Vergaderingen opnemen, bewerken en opnieuw publiceren voor brede, op aanvraag toegang<\/li>\n<li>Inhoud bewerken, indexeren, deelnemers anonimiseren, specifieke functionaliteit verbergen<\/li>\n<li>Training formaliseren rond opnamen met Adobe Connect Learning<\/li>\n<\/ul>\n<p>[\/vc_column_text][\/vc_column][vc_column width=&#8221;1\/2&#8243;][vc_column_text]<br \/>\n[\/vc_column_text][\/vc_column][\/vc_row][vc_row full_width=&#8221;stretch_row&#8221; css=&#8221;.vc_custom_1440711263228{padding-top: 30px !important;padding-bottom: 10px !important;background-image: url(https:\/\/www.meetingone.com\/wp-content\/uploads\/sites\/8\/2015\/06\/AC-Meetings-Security2.jpg?id=1532) !important;background-position: center !important;background-repeat: no-repeat !important;background-size: cover !important;}&#8221;][vc_column width=&#8221;1\/2&#8243;][vc_column_text]<br \/>\n[\/vc_column_text][\/vc_column][vc_column width=&#8221;1\/2&#8243;][vc_column_text css=&#8221;.vc_custom_1504622108969{padding-top: 15px !important;padding-bottom: 40px !important;}&#8221;]<\/p>\n<h4><span style=\"color: #ff6600\">Goed beveiligde communicaties en naleving.<\/span><\/h4>\n<ul>\n<li>Kies voor een toonaangevende oplossing die zelfs door het Amerikaanse Ministerie van Defensie wordt gebruikt<\/li>\n<li>Implementeer een oplossing met geavanceerde bediening voor beveiliging, naleving en privacy<\/li>\n<li>Ondersteun uw publiek met functies voor toegangs standaarden volgens &#8216;Section 508&#8217;<\/li>\n<li>Selecteer de meest geschikte optie voor implementatie in uw organisatie: gehost, op locatie of als managed service<\/li>\n<li>In overeenstemming met regelgeving van de overheid en intern beleid door beveiliging, opslag en volgen van elektronische communicatie met Adobe Connect<\/li>\n<\/ul>\n<p>[\/vc_column_text][\/vc_column][\/vc_row][vc_row full_width=&#8221;stretch_row&#8221;][vc_column]<div class=\"templatera_shortcode\"><p>[vc_row full_width=&#8221;stretch_row&#8221; css=&#8221;.vc_custom_1439846154648{padding-bottom: 30px !important;background-image: url(https:\/\/www.meetingone.com\/wp-content\/uploads\/sites\/8\/2015\/02\/product-tab-bg.jpg?id=71) !important;background-position: center !important;background-repeat: no-repeat !important;background-size: cover !important;}&#8221; el_class=&#8221;product-tabs&#8221;][vc_column css=&#8221;.vc_custom_1441720877080{padding-top: 25px !important;}&#8221;][vc_column_text css=&#8221;.vc_custom_1442872115353{padding-top: 40px !important;padding-bottom: 20px !important;}&#8221;]<\/p>\n<h2 style=\"text-align: center;\"><span style=\"color: #bb2025;\">Verbeter uw webconferencing met producten van MeetingOne<\/span><\/h2>\n<p>[\/vc_column_text][vc_tta_tabs style=&#8221;flat&#8221; shape=&#8221;square&#8221; color=&#8221;white&#8221; alignment=&#8221;center&#8221; active_section=&#8221;1&#8243; el_class=&#8221;the-product-tabs&#8221;][vc_tta_section title=&#8221;Adobe Connect&#8221; tab_id=&#8221;1436469061645-24e15fd0-1585fcb4-e55c&#8221;][vc_column_text]<img decoding=\"async\" loading=\"lazy\" class=\"wp-image-4141 alignleft\" src=\"https:\/\/www.meetingone.com\/eu-nl\/wp-content\/uploads\/sites\/8\/2015\/09\/AdobeConnectLogo.png\" alt=\"\" width=\"200\" height=\"200\" srcset=\"https:\/\/www.meetingone.com\/eu-nl\/wp-content\/uploads\/sites\/8\/2015\/09\/AdobeConnectLogo.png 512w, https:\/\/www.meetingone.com\/eu-nl\/wp-content\/uploads\/sites\/8\/2015\/09\/AdobeConnectLogo-150x150.png 150w, https:\/\/www.meetingone.com\/eu-nl\/wp-content\/uploads\/sites\/8\/2015\/09\/AdobeConnectLogo-300x300.png 300w\" sizes=\"(max-width: 200px) 100vw, 200px\" \/><\/p>\n<p>Adobe Connect is geavanceerde software voor webconferencing die een interactieve en boeiende online vergaderervaring biedt. Het systeem gaat veel verder dan het delen van het scherm voor samenwerking, online training en grootschalige webinars. Adobe Connect stelt gebruikers in staat de meest krachtige online sessie direct vanaf een mobiel apparaat te beheren, inclusief hosting, presenteren, het delen van bestanden, het gebruik van whiteboards, brainstormsessies, gebruik van emoticons en nog veel meer.<\/p>\n<p style=\"text-align: right;\"><a class=\"button yellow\" href=\"https:\/\/www.meetingone.com\/eu-nl\/adobe-connect\/\">Dieper ingaan op de oplossing<\/a><\/p>\n<p>[\/vc_column_text][\/vc_tta_section][vc_tta_section title=&#8221;AudioOne&#8221; tab_id=&#8221;1436469061357-fcdba6b8-38a0fcb4-e55c&#8221;][vc_column_text]<img decoding=\"async\" loading=\"lazy\" class=\"alignleft wp-image-345\" src=\"https:\/\/www.meetingone.com\/wp-content\/uploads\/sites\/8\/2015\/07\/audio-one-logo.png\" alt=\"audio-one-logo\" width=\"200\" height=\"149\" \/><\/p>\n<p>Deze toonaangevende oplossing voor audio biedt zowel traditionele audioconferencing als met Adobe Connect ge\u00efntegreerde audio in \u00e9\u00e9n betrouwbaar, kosteneffectief pakket. Eenvoudig, veilig en volledig instelbaar: AudioOne is de oplossing van de volgende generatie voor geavanceerde audioconferencing.<\/p>\n<p style=\"text-align: right;\"><a class=\"button yellow\" href=\"https:\/\/www.meetingone.com\/eu-nl\/audioone\/\">Ik wil meer weten<\/a><\/p>\n<p>[\/vc_column_text][\/vc_tta_section][vc_tta_section title=&#8221;Click&amp;Meet&#8221; tab_id=&#8221;1436469096553-b54b865a-888cfcb4-e55c&#8221;][vc_column_text]<img decoding=\"async\" loading=\"lazy\" class=\"alignleft wp-image-346\" src=\"https:\/\/www.meetingone.com\/wp-content\/uploads\/sites\/8\/2015\/07\/click-meet-logo.png\" alt=\"click-meet-logo\" width=\"200\" height=\"119\" \/><\/p>\n<p>Click&amp;Meet is een gebruiksvriendelijke interface die wordt meegeleverd bij alle AudioOne-accounts en klanten de flexibiliteit geeft om totale controle over vergaderingen te behouden vanaf hun eigen computerscherm. Met een klik op de knop kunt u telefonische deelnemers dempen\/dempen opheffen, uitbellen naar deelnemers, zien wie er aan het woord is en direct feedback krijgen met de functie voor polls.<\/p>\n<p style=\"text-align: right;\"><a class=\"button yellow\" href=\"https:\/\/www.meetingone.com\/eu-nl\/audioone\/clickmeet\/\">Meer lezen<\/a><\/p>\n<p>[\/vc_column_text][\/vc_tta_section][vc_tta_section title=&#8221;ScheduleOne&#8221; tab_id=&#8221;1436469113141-eab0033d-52c7fcb4-e55c&#8221;][vc_column_text]<img decoding=\"async\" loading=\"lazy\" class=\"alignleft wp-image-348\" src=\"https:\/\/www.meetingone.com\/wp-content\/uploads\/sites\/8\/2015\/07\/schedule-one-logo.png\" alt=\"schedule-one-logo\" width=\"200\" height=\"142\" \/><\/p>\n<p>ScheduleOne wordt gebruikt om uitnodigingen voor Adobe Connect-vergaderingen aan te passen, ge\u00efntegreerde AudioOne-gesprekken te plannen en zelfs om nieuwe webruimten te maken. Met deze geavanceerde plug-in voor Outlook kunt u al deze dingen en meer doen zonder dat u Outlook hoeft te verlaten. Stroomlijn de communicatie van uw team met deze krachtige en innovatieve vergaderplug-in, alleen van MeetingOne!<\/p>\n<p style=\"text-align: right;\"><a class=\"button yellow\" href=\"\/eu-nl\/producten\/scheduleone\/\">Waar gaat dit over?<\/a><\/p>\n<p>[\/vc_column_text][\/vc_tta_section][vc_tta_section title=&#8221;OAI&#8221; tab_id=&#8221;1436469125342-7f659e94-bea4fcb4-e55c&#8221;][vc_column_text]<a href=\"\/eu-nl\/audioone\/oai\/\"><img decoding=\"async\" loading=\"lazy\" class=\"wp-image-3878 alignleft\" src=\"https:\/\/www.meetingone.com\/eu-nl\/wp-content\/uploads\/sites\/8\/2015\/09\/OAI-White-color.png\" alt=\"\" width=\"200\" height=\"127\" srcset=\"https:\/\/www.meetingone.com\/eu-nl\/wp-content\/uploads\/sites\/8\/2015\/09\/OAI-White-color.png 644w, https:\/\/www.meetingone.com\/eu-nl\/wp-content\/uploads\/sites\/8\/2015\/09\/OAI-White-color-300x191.png 300w\" sizes=\"(max-width: 200px) 100vw, 200px\" \/><\/a><\/p>\n<p class=\"p1\">Bekijk simpelweg en on-line het verbruik van uw audio conferentie zalen\u00a0 in realtime over de laatste 4 maanden en pas uw persoonlijke\u00a0 facturatie codes toe.<\/p>\n<p style=\"text-align: right;\"><a class=\"button yellow\" href=\"\/eu-nl\/audioone\/oai\/\">Alle informatie<\/a><\/p>\n<p>[\/vc_column_text][\/vc_tta_section][vc_tta_section title=&#8221;Blackboard&#8221; tab_id=&#8221;1436469138345-4cded42f-1b57fcb4-e55c&#8221;][vc_column_text]<img decoding=\"async\" loading=\"lazy\" class=\"alignleft wp-image-948 size-medium\" src=\"https:\/\/www.meetingone.com\/wp-content\/uploads\/sites\/8\/2015\/02\/blackboard-logo-300x141.png\" alt=\"blackboard-logo\" width=\"300\" height=\"141\" \/>We hebben een ge\u00efntegreerd bouwblok ontwikkeld met veel unieke voordelen voor een naadloos gebruik van de ultramoderne technologie van Adobe Connect binnen het Blackboard Learning Management System. Onze integrator biedt veel innovatieve en rijke functionaliteit om uw studenten een onge\u00ebvenaarde Blackboard-ervaring te bieden.<\/p>\n<p style=\"text-align: right;\"><a class=\"button yellow\" href=\"\/eu-nl\/adobe-connect\/lms-integratie\/blackboard-integrator\/\">Ik wil voorlichting<\/a><\/p>\n<p>[\/vc_column_text][\/vc_tta_section][\/vc_tta_tabs][\/vc_column][\/vc_row]<\/p>\n<\/div>[\/vc_column][\/vc_row]<\/p>\n","protected":false},"excerpt":{"rendered":"<p>[vc_row full_width=&#8221;stretch_row_content_no_spaces&#8221; parallax=&#8221;content-moving&#8221; parallax_image=&#8221;3355&#8243; el_class=&#8221;page-banner&#8221;][vc_column][vc_row_inner el_class=&#8221;banner-content&#8221; css=&#8221;.vc_custom_1439415534610{margin-top: 250px !important;}&#8221;][vc_column_inner][vc_column_text el_class=&#8221;white-text&#8221; css=&#8221;.vc_custom_1512150603589{padding-top: 8px !important;padding-right: 20px !important;padding-bottom: 8px !important;padding-left: 20px !important;}&#8221;] Verbeter de samenwerking met Adobe Connect Meetings [\/vc_column_text][\/vc_column_inner][\/vc_row_inner][\/vc_column][\/vc_row][vc_row full_width=&#8221;stretch_row&#8221; bg_type=&#8221;grad&#8221; css=&#8221;.vc_custom_1440711366340{padding-top: 10px !important;padding-bottom: 10px !important;background-position: center !important;background-repeat: no-repeat !important;background-size: cover !important;}&#8221; bg_grad=&#8221;background: -webkit-gradient(linear, left top, left bottom, color-stop(0%, #75040A), color-stop(28%, #B3161B), color-stop(72%, #B3161B), color-stop(100%, #75040A));background: -moz-linear-gradient(left,#75040A [&hellip;]<\/p>\n","protected":false},"author":1,"featured_media":0,"parent":165,"menu_order":0,"comment_status":"closed","ping_status":"closed","template":"","meta":{"footnotes":""},"yoast_head":"<!-- This site is optimized with the Yoast SEO plugin v21.2 - https:\/\/yoast.com\/wordpress\/plugins\/seo\/ -->\n<title>Adobe Connect Meetings \u2013 MeetingOne<\/title>\n<meta name=\"description\" content=\"De integratie van MeetingOne met Adobe Connect Vergaderingen, maakt het mogelijk om robuuste on-line vergaderingen te beheren, van het delen van uw scherm, tot het real-time on-line samenwerken.\" \/>\n<meta name=\"robots\" content=\"index, follow, max-snippet:-1, max-image-preview:large, max-video-preview:-1\" \/>\n<link rel=\"canonical\" href=\"https:\/\/www.meetingone.com\/eu-nl\/adobe-connect\/meetings\/\" \/>\n<meta property=\"og:locale\" content=\"en_US\" \/>\n<meta property=\"og:type\" content=\"article\" \/>\n<meta property=\"og:title\" content=\"Adobe Connect Meetings \u2013 MeetingOne\" \/>\n<meta property=\"og:description\" content=\"De integratie van MeetingOne met Adobe Connect Vergaderingen, maakt het mogelijk om robuuste on-line vergaderingen te beheren, van het delen van uw scherm, tot het real-time on-line samenwerken.\" \/>\n<meta property=\"og:url\" content=\"https:\/\/www.meetingone.com\/eu-nl\/adobe-connect\/meetings\/\" \/>\n<meta property=\"og:site_name\" content=\"MeetingOne Dutch\" \/>\n<meta property=\"article:publisher\" content=\"https:\/\/www.facebook.com\/MeetingOne\" \/>\n<meta property=\"article:modified_time\" content=\"2017-12-01T17:50:37+00:00\" \/>\n<meta property=\"og:image\" content=\"https:\/\/www.meetingone.com\/eu-nl\/wp-content\/uploads\/sites\/8\/2015\/07\/MeetingOne-Icon.png\" \/>\n\t<meta property=\"og:image:width\" content=\"400\" \/>\n\t<meta property=\"og:image:height\" content=\"400\" \/>\n\t<meta property=\"og:image:type\" content=\"image\/png\" \/>\n<meta name=\"twitter:card\" content=\"summary_large_image\" \/>\n<meta name=\"twitter:site\" content=\"@meetingone\" \/>\n<meta name=\"twitter:label1\" content=\"Est. reading time\" \/>\n\t<meta name=\"twitter:data1\" content=\"5 minutes\" \/>\n<script type=\"application\/ld+json\" class=\"yoast-schema-graph\">{\"@context\":\"https:\/\/schema.org\",\"@graph\":[{\"@type\":\"WebPage\",\"@id\":\"https:\/\/www.meetingone.com\/eu-nl\/adobe-connect\/meetings\/\",\"url\":\"https:\/\/www.meetingone.com\/eu-nl\/adobe-connect\/meetings\/\",\"name\":\"Adobe Connect Meetings \u2013 MeetingOne\",\"isPartOf\":{\"@id\":\"https:\/\/www.meetingone.com\/eu-nl\/#website\"},\"datePublished\":\"2015-06-10T21:49:47+00:00\",\"dateModified\":\"2017-12-01T17:50:37+00:00\",\"description\":\"De integratie van MeetingOne met Adobe Connect Vergaderingen, maakt het mogelijk om robuuste on-line vergaderingen te beheren, van het delen van uw scherm, tot het real-time on-line samenwerken.\",\"breadcrumb\":{\"@id\":\"https:\/\/www.meetingone.com\/eu-nl\/adobe-connect\/meetings\/#breadcrumb\"},\"inLanguage\":\"en-US\",\"potentialAction\":[{\"@type\":\"ReadAction\",\"target\":[\"https:\/\/www.meetingone.com\/eu-nl\/adobe-connect\/meetings\/\"]}]},{\"@type\":\"BreadcrumbList\",\"@id\":\"https:\/\/www.meetingone.com\/eu-nl\/adobe-connect\/meetings\/#breadcrumb\",\"itemListElement\":[{\"@type\":\"ListItem\",\"position\":1,\"name\":\"Home\",\"item\":\"https:\/\/www.meetingone.com\/eu-nl\/\"},{\"@type\":\"ListItem\",\"position\":2,\"name\":\"Adobe Connect\",\"item\":\"https:\/\/www.meetingone.com\/eu-nl\/adobe-connect\/\"},{\"@type\":\"ListItem\",\"position\":3,\"name\":\"Meetings\"}]},{\"@type\":\"WebSite\",\"@id\":\"https:\/\/www.meetingone.com\/eu-nl\/#website\",\"url\":\"https:\/\/www.meetingone.com\/eu-nl\/\",\"name\":\"MeetingOne Dutch\",\"description\":\"\",\"potentialAction\":[{\"@type\":\"SearchAction\",\"target\":{\"@type\":\"EntryPoint\",\"urlTemplate\":\"https:\/\/www.meetingone.com\/eu-nl\/?s={search_term_string}\"},\"query-input\":\"required name=search_term_string\"}],\"inLanguage\":\"en-US\"}]}<\/script>\n<!-- \/ Yoast SEO plugin. -->","yoast_head_json":{"title":"Adobe Connect Meetings \u2013 MeetingOne","description":"De integratie van MeetingOne met Adobe Connect Vergaderingen, maakt het mogelijk om robuuste on-line vergaderingen te beheren, van het delen van uw scherm, tot het real-time on-line samenwerken.","robots":{"index":"index","follow":"follow","max-snippet":"max-snippet:-1","max-image-preview":"max-image-preview:large","max-video-preview":"max-video-preview:-1"},"canonical":"https:\/\/www.meetingone.com\/eu-nl\/adobe-connect\/meetings\/","og_locale":"en_US","og_type":"article","og_title":"Adobe Connect Meetings \u2013 MeetingOne","og_description":"De integratie van MeetingOne met Adobe Connect Vergaderingen, maakt het mogelijk om robuuste on-line vergaderingen te beheren, van het delen van uw scherm, tot het real-time on-line samenwerken.","og_url":"https:\/\/www.meetingone.com\/eu-nl\/adobe-connect\/meetings\/","og_site_name":"MeetingOne Dutch","article_publisher":"https:\/\/www.facebook.com\/MeetingOne","article_modified_time":"2017-12-01T17:50:37+00:00","og_image":[{"width":400,"height":400,"url":"https:\/\/www.meetingone.com\/eu-nl\/wp-content\/uploads\/sites\/8\/2015\/07\/MeetingOne-Icon.png","type":"image\/png"}],"twitter_card":"summary_large_image","twitter_site":"@meetingone","twitter_misc":{"Est. reading time":"5 minutes"},"schema":{"@context":"https:\/\/schema.org","@graph":[{"@type":"WebPage","@id":"https:\/\/www.meetingone.com\/eu-nl\/adobe-connect\/meetings\/","url":"https:\/\/www.meetingone.com\/eu-nl\/adobe-connect\/meetings\/","name":"Adobe Connect Meetings \u2013 MeetingOne","isPartOf":{"@id":"https:\/\/www.meetingone.com\/eu-nl\/#website"},"datePublished":"2015-06-10T21:49:47+00:00","dateModified":"2017-12-01T17:50:37+00:00","description":"De integratie van MeetingOne met Adobe Connect Vergaderingen, maakt het mogelijk om robuuste on-line vergaderingen te beheren, van het delen van uw scherm, tot het real-time on-line samenwerken.","breadcrumb":{"@id":"https:\/\/www.meetingone.com\/eu-nl\/adobe-connect\/meetings\/#breadcrumb"},"inLanguage":"en-US","potentialAction":[{"@type":"ReadAction","target":["https:\/\/www.meetingone.com\/eu-nl\/adobe-connect\/meetings\/"]}]},{"@type":"BreadcrumbList","@id":"https:\/\/www.meetingone.com\/eu-nl\/adobe-connect\/meetings\/#breadcrumb","itemListElement":[{"@type":"ListItem","position":1,"name":"Home","item":"https:\/\/www.meetingone.com\/eu-nl\/"},{"@type":"ListItem","position":2,"name":"Adobe Connect","item":"https:\/\/www.meetingone.com\/eu-nl\/adobe-connect\/"},{"@type":"ListItem","position":3,"name":"Meetings"}]},{"@type":"WebSite","@id":"https:\/\/www.meetingone.com\/eu-nl\/#website","url":"https:\/\/www.meetingone.com\/eu-nl\/","name":"MeetingOne Dutch","description":"","potentialAction":[{"@type":"SearchAction","target":{"@type":"EntryPoint","urlTemplate":"https:\/\/www.meetingone.com\/eu-nl\/?s={search_term_string}"},"query-input":"required name=search_term_string"}],"inLanguage":"en-US"}]}},"_links":{"self":[{"href":"https:\/\/www.meetingone.com\/eu-nl\/wp-json\/wp\/v2\/pages\/181"}],"collection":[{"href":"https:\/\/www.meetingone.com\/eu-nl\/wp-json\/wp\/v2\/pages"}],"about":[{"href":"https:\/\/www.meetingone.com\/eu-nl\/wp-json\/wp\/v2\/types\/page"}],"author":[{"embeddable":true,"href":"https:\/\/www.meetingone.com\/eu-nl\/wp-json\/wp\/v2\/users\/1"}],"replies":[{"embeddable":true,"href":"https:\/\/www.meetingone.com\/eu-nl\/wp-json\/wp\/v2\/comments?post=181"}],"version-history":[{"count":34,"href":"https:\/\/www.meetingone.com\/eu-nl\/wp-json\/wp\/v2\/pages\/181\/revisions"}],"predecessor-version":[{"id":6091,"href":"https:\/\/www.meetingone.com\/eu-nl\/wp-json\/wp\/v2\/pages\/181\/revisions\/6091"}],"up":[{"embeddable":true,"href":"https:\/\/www.meetingone.com\/eu-nl\/wp-json\/wp\/v2\/pages\/165"}],"wp:attachment":[{"href":"https:\/\/www.meetingone.com\/eu-nl\/wp-json\/wp\/v2\/media?parent=181"}],"curies":[{"name":"wp","href":"https:\/\/api.w.org\/{rel}","templated":true}]}}