{"id":161,"date":"2015-06-10T15:46:23","date_gmt":"2015-06-10T21:46:23","guid":{"rendered":"https:\/\/www.meetingone.eu\/eu-nl\/?page_id=161"},"modified":"2018-01-10T09:20:40","modified_gmt":"2018-01-10T16:20:40","slug":"diensten","status":"publish","type":"page","link":"https:\/\/www.meetingone.com\/eu-nl\/diensten\/","title":{"rendered":"Services"},"content":{"rendered":"<p>[vc_row full_width=&#8221;stretch_row_content_no_spaces&#8221; parallax=&#8221;content-moving&#8221; parallax_image=&#8221;1925&#8243; el_class=&#8221;page-banner&#8221; css=&#8221;.vc_custom_1439500501015{background-position: center;background-repeat: no-repeat !important;background-size: cover !important;}&#8221;][vc_column][vc_row_inner el_class=&#8221;banner-content&#8221; css=&#8221;.vc_custom_1439500923616{margin-top: 250px !important;padding-right: 20px !important;padding-left: 20px !important;}&#8221;][vc_column_inner][vc_column_text css=&#8221;.vc_custom_1515601166948{padding-top: 10px !important;padding-bottom: 10px !important;}&#8221; el_class=&#8221;white-text&#8221;]<\/p>\n<h1>Onze services<\/h1>\n<p>[\/vc_column_text][\/vc_column_inner][\/vc_row_inner][\/vc_column][\/vc_row][vc_row full_width=&#8221;stretch_row&#8221; css=&#8221;.vc_custom_1440710212563{background-image: url(https:\/\/www.meetingone.com\/wp-content\/uploads\/sites\/8\/2015\/06\/Brushed-Steel-blue.png?id=1929) !important;background-position: center !important;background-repeat: no-repeat !important;background-size: cover !important;}&#8221;][vc_column css=&#8221;.vc_custom_1441830342723{padding-top: 10px !important;padding-bottom: 10px !important;}&#8221;][vc_column_text el_class=&#8221;white-text&#8221; css=&#8221;.vc_custom_1441830320534{padding-top: 10px !important;padding-bottom: 30px !important;}&#8221;]<\/p>\n<h4 style=\"text-align: center\">Het is ons doel om al onze klanten te voorzien van een conferencingoplossing op maat. MeetingOne-services zijn ontworpen om uw producten voor audio- en webconferencing te verbeteren voor een unieke gepersonaliseerde ervaring.<\/h4>\n<p>[\/vc_column_text][\/vc_column][\/vc_row][vc_row][vc_column][vc_column_text css=&#8221;.vc_custom_1441729015490{padding-top: 25px !important;}&#8221;]<\/p>\n<h2 id=\"tw-target-text\" class=\"tw-data-text vk_txt tw-ta tw-text-medium\" style=\"text-align: center\"><span lang=\"nl\" style=\"color: #bb2025\">Aangeboden Diensten<\/span><\/h2>\n<p>[\/vc_column_text][vc_row_inner][vc_column_inner width=&#8221;1\/3&#8243;][vc_single_image image=&#8221;375&#8243; img_size=&#8221;175&#215;175&#8243; alignment=&#8221;center&#8221; css_animation=&#8221;appear&#8221;][vc_column_text]<\/p>\n<h3 style=\"text-align: center\">Faciliteren van audio en webinars<\/h3>\n<p>[\/vc_column_text][vc_column_text el_class=&#8221;red-box&#8221;]<\/p>\n<p style=\"text-align: center\">We kunnen u helpen online sessies voor grote vergaderingen en webinars soepel te laten verlopen<\/p>\n<p>[\/vc_column_text][vc_column_text]<\/p>\n<ul>\n<li>Test voorafgaand aan webinar om logistieke details uit te werken<\/li>\n<li>Live ondersteuning tijdens evenement<\/li>\n<li>Beheer van vragensessies<\/li>\n<li>Evenementopnamen met eenvoudige nabewerking en 90 dagen hosting<\/li>\n<\/ul>\n<p>[\/vc_column_text][vc_btn title=&#8221;Meer weergeven&#8221; style=&#8221;flat&#8221; shape=&#8221;square&#8221; color=&#8221;m1-red&#8221; align=&#8221;center&#8221; link=&#8221;url:%2Feu-nl%2Fdiensten%2Ffaciliteren-van-audio-en-web%2F||&#8221;][\/vc_column_inner][vc_column_inner width=&#8221;1\/3&#8243;][vc_single_image image=&#8221;381&#8243; img_size=&#8221;175&#215;175&#8243; alignment=&#8221;center&#8221; css_animation=&#8221;appear&#8221;][vc_column_text]<\/p>\n<h3 style=\"text-align: center\">Snellere<br \/>\nacceptatie<\/h3>\n<p>[\/vc_column_text][vc_column_text el_class=&#8221;orange-box&#8221;]<\/p>\n<p style=\"text-align: center\">Gebruik onze bulkservices om sneller aan de slag te kunnen<\/p>\n<p>[\/vc_column_text][vc_column_text]<\/p>\n<ul>\n<li>Profielen in bulk uploaden\/verwijderen<\/li>\n<li>Bestaande audio-instellingen migreren<\/li>\n<li>Meldingsmails genereren en verzenden<\/li>\n<li>Gebruikerswachtwoorden opnieuw instellen en aanpassen<\/li>\n<\/ul>\n<p>[\/vc_column_text][vc_btn title=&#8221;Meer weergeven&#8221; style=&#8221;flat&#8221; shape=&#8221;square&#8221; color=&#8221;m1-orange&#8221; align=&#8221;center&#8221; link=&#8221;url:%2Feu-nl%2Fdiensten%2Fbulk-provisioning%2F||&#8221;][\/vc_column_inner][vc_column_inner width=&#8221;1\/3&#8243;][vc_single_image image=&#8221;382&#8243; img_size=&#8221;175&#215;175&#8243; alignment=&#8221;center&#8221; css_animation=&#8221;appear&#8221;][vc_column_text]<\/p>\n<h3 style=\"text-align: center\">Hoogwaardige<br \/>\nklantenservice<\/h3>\n<p>[\/vc_column_text][vc_column_text el_class=&#8221;peach-box&#8221;]<\/p>\n<p style=\"text-align: center\">Het MeetingOne Support-team staat klaar om te helpen!<\/p>\n<p>[\/vc_column_text][vc_column_text]<\/p>\n<ul>\n<li>24\/7 basale klantenservice<\/li>\n<li>&#8216;How-to&#8217;-webinars, gebruikershandleidingen en videohandleidingen<\/li>\n<li>Exclusieve trainingspakketten beschikbaar<\/li>\n<\/ul>\n<p>[\/vc_column_text][vc_btn title=&#8221;Meer weergeven&#8221; style=&#8221;flat&#8221; shape=&#8221;square&#8221; color=&#8221;m1-peach&#8221; align=&#8221;center&#8221; link=&#8221;url:%2Feu-nl%2Fdiensten%2Fondersteuningspakketten%2F||&#8221;][\/vc_column_inner][\/vc_row_inner][\/vc_column][\/vc_row][vc_row][vc_column]\n<div class=\"ult_exp_section_layer no-padding\" >\n\t<div class=\"ult_exp_section \" style=\"color:#cccccc;background-color:#ffffff; font-weight:normal;font-size:20px;line-height:20px;  \" data-textcolor=\"#cccccc\"data-texthover=\"#999999\"data-icncolor=\"#cccccc\"data-ihover=\"#999999\"data-height=\"0\"data-cntbg=\"#ffffff\"data-cnthvrbg=\"#ffffff\"data-headerbg=\"#ffffff\"data-headerhover=\"#ffffff\"data-title=\"See More\"data-newtitle=\"See Less\"data-icon=\"Defaults-chevron-down\"data-newicon=\"Defaults-chevron-up\"data-activeicon=\"#999999\"data-effect=\"slideToggle\"data-override=\"1\"data-activetitle=\"#999999\"data-activebg=\"#ffffff\"data-img=\"\"data-newimg=\"\"><div class=\"ult_exp_section-main ult_expright_icon\">\n\t\t\t\t\t<div class=\"ult_expheader\" align=\"right\" >See More\n\t\t\t\t\t <\/div>\t<div class=\"ult-just-icon-wrapper ult_exp_icon\">\n\t\t\t\t\t<div class=\"align-icon \" style=\"text-align:right; \">\n\t\t\t\t\t\t\n<span class=\"aio-icon  none  ult_expsection_icon \"  style=\"color:#cccccc;font-size:25px;display:inline-block;\">\n\t<i class=\"Defaults-chevron-down ult_ex_icon\"  ><\/i>\n<\/span>\n\t\t\t\t\t<\/div>\n\t\t\t\t<\/div><\/div>\n\t\t\t\t<\/div><div class=\"ult_exp_content \" style=\"background-color:#ffffff;  \"><div class=\"ult_ecpsub_cont\" style=\" \" >[vc_empty_space][vc_row_inner][vc_column_inner width=&#8221;1\/3&#8243;][vc_single_image image=&#8221;682&#8243; img_size=&#8221;175&#215;175&#8243; alignment=&#8221;center&#8221; css_animation=&#8221;appear&#8221;][vc_column_text]<\/p>\n<h3 style=\"text-align: center\">Aangepaste aanmeldpagina voor Adobe Connect<\/h3>\n<p>[\/vc_column_text][vc_column_text el_class=&#8221;red-box&#8221;]<\/p>\n<p style=\"text-align: center\">Tover uw Adobe Connect-aanmelding om in een professionele portal en landingspagina! Opties voor aanpassing zijn onder meer:<\/p>\n<p>[\/vc_column_text][vc_column_text]<\/p>\n<ul>\n<li style=\"text-align: left\">Aanmeldformulier kan volledig aan uw merk worden aangepast<\/li>\n<li style=\"text-align: left\">De mogelijkheid tot aanpassing aan elk vensterformaat<\/li>\n<li style=\"text-align: left\">Aangepaste afbeeldingen voor kop- en voetteksten<\/li>\n<li style=\"text-align: left\">Knoppen toevoegen voor sociale media<\/li>\n<\/ul>\n<p>[\/vc_column_text][vc_btn title=&#8221;Meer weergeven&#8221; style=&#8221;flat&#8221; shape=&#8221;square&#8221; color=&#8221;m1-red&#8221; align=&#8221;center&#8221; link=&#8221;url:%2Feu-nl%2Fdiensten%2Faangepaste-aanmeldpagina%2F||&#8221;][\/vc_column_inner][vc_column_inner width=&#8221;1\/3&#8243;][vc_single_image image=&#8221;377&#8243; img_size=&#8221;175&#215;175&#8243; alignment=&#8221;center&#8221; css_animation=&#8221;appear&#8221;][vc_column_text]<\/p>\n<h3 style=\"text-align: center\">Aangepaste<br \/>\nrapportage<\/h3>\n<p>[\/vc_column_text][vc_column_text el_class=&#8221;orange-box&#8221;]<\/p>\n<p style=\"text-align: center\">Een greep uit de vele rapporten die we kunnen bieden:<\/p>\n<p>[\/vc_column_text][vc_column_text]<\/p>\n<ul>\n<li style=\"text-align: left\">Gebruiksrapporten Adobe Connect<\/li>\n<li style=\"text-align: left\">Provisioningrapporten Adobe Connect<\/li>\n<li style=\"text-align: left\">Inhoud- en opnamerapporten Adobe Connect<\/li>\n<li style=\"text-align: left\">Ge\u00efntegreerde rapporten met gespreksinformatie van AudioOne<\/li>\n<li style=\"text-align: left\">Ge\u00efntegreerde provisioningrapporten van AudioOne<\/li>\n<\/ul>\n<p>[\/vc_column_text][vc_btn title=&#8221;Neem contact met ons op&#8221; style=&#8221;flat&#8221; shape=&#8221;square&#8221; color=&#8221;m1-orange&#8221; align=&#8221;center&#8221; link=&#8221;url:https%3A%2F%2Fwww.meetingone.com%2Feu-nl%2Fcontact%2F||&#8221;][\/vc_column_inner][vc_column_inner width=&#8221;1\/3&#8243;][vc_single_image image=&#8221;384&#8243; img_size=&#8221;175&#215;175&#8243; alignment=&#8221;center&#8221; css_animation=&#8221;appear&#8221;][vc_column_text]<\/p>\n<h3 style=\"text-align: center\">SIP<\/h3>\n<h3 style=\"text-align: center\">UV<\/h3>\n<p>[\/vc_column_text][vc_column_text el_class=&#8221;peach-box&#8221;]Adobe Connect On-Premise-klanten hebben een SIP-server of -service nodig om gebruik te kunnen maken van de volledige audiofunctionaliteit van Adobe Connect.[\/vc_column_text][vc_column_text]<\/p>\n<ul>\n<li style=\"text-align: left\">Integratie voor uw Connect VOIP- en conferencingaudio<\/li>\n<li style=\"text-align: left\">Full duplex-audio (twee richtingen)<\/li>\n<li style=\"text-align: left\">Eenduidige ervaring met audioconferencing<\/li>\n<li style=\"text-align: left\">Tussen de services wordt een systeemeigen full duplex SIP-verbinding tot stand gebracht<\/li>\n<li style=\"text-align: left\">Betrouwbare service met minder conversie en meer directe verbindingen<\/li>\n<li style=\"text-align: left\">Kosteneffectieve opties<\/li>\n<\/ul>\n<p>[\/vc_column_text][vc_btn title=&#8221;Neem contact met ons op&#8221; style=&#8221;flat&#8221; shape=&#8221;square&#8221; color=&#8221;m1-peach&#8221; align=&#8221;center&#8221; link=&#8221;url:https%3A%2F%2Fwww.meetingone.com%2Feu-nl%2Fcontact%2F||&#8221;][\/vc_column_inner][\/vc_row_inner]<\/div><\/div>\n\n\t\t\t<\/div>[vc_empty_space][\/vc_column][\/vc_row][vc_row full_width=&#8221;stretch_row&#8221;][vc_column]<div class=\"templatera_shortcode\"><p>[vc_row full_width=&#8221;stretch_row&#8221; css=&#8221;.vc_custom_1439846154648{padding-bottom: 30px !important;background-image: url(https:\/\/www.meetingone.com\/wp-content\/uploads\/sites\/8\/2015\/02\/product-tab-bg.jpg?id=71) !important;background-position: center !important;background-repeat: no-repeat !important;background-size: cover !important;}&#8221; el_class=&#8221;product-tabs&#8221;][vc_column css=&#8221;.vc_custom_1441720877080{padding-top: 25px !important;}&#8221;][vc_column_text css=&#8221;.vc_custom_1442872115353{padding-top: 40px !important;padding-bottom: 20px !important;}&#8221;]<\/p>\n<h2 style=\"text-align: center;\"><span style=\"color: #bb2025;\">Verbeter uw webconferencing met producten van MeetingOne<\/span><\/h2>\n<p>[\/vc_column_text][vc_tta_tabs style=&#8221;flat&#8221; shape=&#8221;square&#8221; color=&#8221;white&#8221; alignment=&#8221;center&#8221; active_section=&#8221;1&#8243; el_class=&#8221;the-product-tabs&#8221;][vc_tta_section title=&#8221;Adobe Connect&#8221; tab_id=&#8221;1436469061645-24e15fd0-1585fcb4-e55c&#8221;][vc_column_text]<img decoding=\"async\" loading=\"lazy\" class=\"wp-image-4141 alignleft\" src=\"https:\/\/www.meetingone.com\/eu-nl\/wp-content\/uploads\/sites\/8\/2015\/09\/AdobeConnectLogo.png\" alt=\"\" width=\"200\" height=\"200\" srcset=\"https:\/\/www.meetingone.com\/eu-nl\/wp-content\/uploads\/sites\/8\/2015\/09\/AdobeConnectLogo.png 512w, https:\/\/www.meetingone.com\/eu-nl\/wp-content\/uploads\/sites\/8\/2015\/09\/AdobeConnectLogo-150x150.png 150w, https:\/\/www.meetingone.com\/eu-nl\/wp-content\/uploads\/sites\/8\/2015\/09\/AdobeConnectLogo-300x300.png 300w\" sizes=\"(max-width: 200px) 100vw, 200px\" \/><\/p>\n<p>Adobe Connect is geavanceerde software voor webconferencing die een interactieve en boeiende online vergaderervaring biedt. Het systeem gaat veel verder dan het delen van het scherm voor samenwerking, online training en grootschalige webinars. Adobe Connect stelt gebruikers in staat de meest krachtige online sessie direct vanaf een mobiel apparaat te beheren, inclusief hosting, presenteren, het delen van bestanden, het gebruik van whiteboards, brainstormsessies, gebruik van emoticons en nog veel meer.<\/p>\n<p style=\"text-align: right;\"><a class=\"button yellow\" href=\"https:\/\/www.meetingone.com\/eu-nl\/adobe-connect\/\">Dieper ingaan op de oplossing<\/a><\/p>\n<p>[\/vc_column_text][\/vc_tta_section][vc_tta_section title=&#8221;AudioOne&#8221; tab_id=&#8221;1436469061357-fcdba6b8-38a0fcb4-e55c&#8221;][vc_column_text]<img decoding=\"async\" loading=\"lazy\" class=\"alignleft wp-image-345\" src=\"https:\/\/www.meetingone.com\/wp-content\/uploads\/sites\/8\/2015\/07\/audio-one-logo.png\" alt=\"audio-one-logo\" width=\"200\" height=\"149\" \/><\/p>\n<p>Deze toonaangevende oplossing voor audio biedt zowel traditionele audioconferencing als met Adobe Connect ge\u00efntegreerde audio in \u00e9\u00e9n betrouwbaar, kosteneffectief pakket. Eenvoudig, veilig en volledig instelbaar: AudioOne is de oplossing van de volgende generatie voor geavanceerde audioconferencing.<\/p>\n<p style=\"text-align: right;\"><a class=\"button yellow\" href=\"https:\/\/www.meetingone.com\/eu-nl\/audioone\/\">Ik wil meer weten<\/a><\/p>\n<p>[\/vc_column_text][\/vc_tta_section][vc_tta_section title=&#8221;Click&amp;Meet&#8221; tab_id=&#8221;1436469096553-b54b865a-888cfcb4-e55c&#8221;][vc_column_text]<img decoding=\"async\" loading=\"lazy\" class=\"alignleft wp-image-346\" src=\"https:\/\/www.meetingone.com\/wp-content\/uploads\/sites\/8\/2015\/07\/click-meet-logo.png\" alt=\"click-meet-logo\" width=\"200\" height=\"119\" \/><\/p>\n<p>Click&amp;Meet is een gebruiksvriendelijke interface die wordt meegeleverd bij alle AudioOne-accounts en klanten de flexibiliteit geeft om totale controle over vergaderingen te behouden vanaf hun eigen computerscherm. Met een klik op de knop kunt u telefonische deelnemers dempen\/dempen opheffen, uitbellen naar deelnemers, zien wie er aan het woord is en direct feedback krijgen met de functie voor polls.<\/p>\n<p style=\"text-align: right;\"><a class=\"button yellow\" href=\"https:\/\/www.meetingone.com\/eu-nl\/audioone\/clickmeet\/\">Meer lezen<\/a><\/p>\n<p>[\/vc_column_text][\/vc_tta_section][vc_tta_section title=&#8221;ScheduleOne&#8221; tab_id=&#8221;1436469113141-eab0033d-52c7fcb4-e55c&#8221;][vc_column_text]<img decoding=\"async\" loading=\"lazy\" class=\"alignleft wp-image-348\" src=\"https:\/\/www.meetingone.com\/wp-content\/uploads\/sites\/8\/2015\/07\/schedule-one-logo.png\" alt=\"schedule-one-logo\" width=\"200\" height=\"142\" \/><\/p>\n<p>ScheduleOne wordt gebruikt om uitnodigingen voor Adobe Connect-vergaderingen aan te passen, ge\u00efntegreerde AudioOne-gesprekken te plannen en zelfs om nieuwe webruimten te maken. Met deze geavanceerde plug-in voor Outlook kunt u al deze dingen en meer doen zonder dat u Outlook hoeft te verlaten. Stroomlijn de communicatie van uw team met deze krachtige en innovatieve vergaderplug-in, alleen van MeetingOne!<\/p>\n<p style=\"text-align: right;\"><a class=\"button yellow\" href=\"\/eu-nl\/producten\/scheduleone\/\">Waar gaat dit over?<\/a><\/p>\n<p>[\/vc_column_text][\/vc_tta_section][vc_tta_section title=&#8221;OAI&#8221; tab_id=&#8221;1436469125342-7f659e94-bea4fcb4-e55c&#8221;][vc_column_text]<a href=\"\/eu-nl\/audioone\/oai\/\"><img decoding=\"async\" loading=\"lazy\" class=\"wp-image-3878 alignleft\" src=\"https:\/\/www.meetingone.com\/eu-nl\/wp-content\/uploads\/sites\/8\/2015\/09\/OAI-White-color.png\" alt=\"\" width=\"200\" height=\"127\" srcset=\"https:\/\/www.meetingone.com\/eu-nl\/wp-content\/uploads\/sites\/8\/2015\/09\/OAI-White-color.png 644w, https:\/\/www.meetingone.com\/eu-nl\/wp-content\/uploads\/sites\/8\/2015\/09\/OAI-White-color-300x191.png 300w\" sizes=\"(max-width: 200px) 100vw, 200px\" \/><\/a><\/p>\n<p class=\"p1\">Bekijk simpelweg en on-line het verbruik van uw audio conferentie zalen\u00a0 in realtime over de laatste 4 maanden en pas uw persoonlijke\u00a0 facturatie codes toe.<\/p>\n<p style=\"text-align: right;\"><a class=\"button yellow\" href=\"\/eu-nl\/audioone\/oai\/\">Alle informatie<\/a><\/p>\n<p>[\/vc_column_text][\/vc_tta_section][vc_tta_section title=&#8221;Blackboard&#8221; tab_id=&#8221;1436469138345-4cded42f-1b57fcb4-e55c&#8221;][vc_column_text]<img decoding=\"async\" loading=\"lazy\" class=\"alignleft wp-image-948 size-medium\" src=\"https:\/\/www.meetingone.com\/wp-content\/uploads\/sites\/8\/2015\/02\/blackboard-logo-300x141.png\" alt=\"blackboard-logo\" width=\"300\" height=\"141\" \/>We hebben een ge\u00efntegreerd bouwblok ontwikkeld met veel unieke voordelen voor een naadloos gebruik van de ultramoderne technologie van Adobe Connect binnen het Blackboard Learning Management System. Onze integrator biedt veel innovatieve en rijke functionaliteit om uw studenten een onge\u00ebvenaarde Blackboard-ervaring te bieden.<\/p>\n<p style=\"text-align: right;\"><a class=\"button yellow\" href=\"\/eu-nl\/adobe-connect\/lms-integratie\/blackboard-integrator\/\">Ik wil voorlichting<\/a><\/p>\n<p>[\/vc_column_text][\/vc_tta_section][\/vc_tta_tabs][\/vc_column][\/vc_row]<\/p>\n<\/div>[\/vc_column][\/vc_row]<\/p>\n","protected":false},"excerpt":{"rendered":"<p>[vc_row full_width=&#8221;stretch_row_content_no_spaces&#8221; parallax=&#8221;content-moving&#8221; parallax_image=&#8221;1925&#8243; el_class=&#8221;page-banner&#8221; css=&#8221;.vc_custom_1439500501015{background-position: center;background-repeat: no-repeat !important;background-size: cover !important;}&#8221;][vc_column][vc_row_inner el_class=&#8221;banner-content&#8221; css=&#8221;.vc_custom_1439500923616{margin-top: 250px !important;padding-right: 20px !important;padding-left: 20px !important;}&#8221;][vc_column_inner][vc_column_text css=&#8221;.vc_custom_1515601166948{padding-top: 10px !important;padding-bottom: 10px !important;}&#8221; el_class=&#8221;white-text&#8221;] Onze services [\/vc_column_text][\/vc_column_inner][\/vc_row_inner][\/vc_column][\/vc_row][vc_row full_width=&#8221;stretch_row&#8221; css=&#8221;.vc_custom_1440710212563{background-image: url(https:\/\/www.meetingone.com\/wp-content\/uploads\/sites\/8\/2015\/06\/Brushed-Steel-blue.png?id=1929) !important;background-position: center !important;background-repeat: no-repeat !important;background-size: cover !important;}&#8221;][vc_column css=&#8221;.vc_custom_1441830342723{padding-top: 10px !important;padding-bottom: 10px !important;}&#8221;][vc_column_text el_class=&#8221;white-text&#8221; css=&#8221;.vc_custom_1441830320534{padding-top: 10px !important;padding-bottom: 30px !important;}&#8221;] Het is ons doel om al [&hellip;]<\/p>\n","protected":false},"author":1,"featured_media":0,"parent":0,"menu_order":0,"comment_status":"closed","ping_status":"closed","template":"","meta":{"footnotes":""},"yoast_head":"<!-- This site is optimized with the Yoast SEO plugin v21.2 - https:\/\/yoast.com\/wordpress\/plugins\/seo\/ -->\n<title>Services voor vergaderen en online trainingen \u2013 MeetingOne<\/title>\n<meta name=\"description\" content=\"MeetingOne kan worden ge\u00efntegreerd met uw audio- en webconferentietools voor uitstekende ervaringen tijdens vergaderingen, webinars en online trainingen.\" \/>\n<meta name=\"robots\" content=\"index, follow, max-snippet:-1, max-image-preview:large, max-video-preview:-1\" \/>\n<link rel=\"canonical\" href=\"https:\/\/www.meetingone.com\/eu-nl\/diensten\/\" \/>\n<meta property=\"og:locale\" content=\"en_US\" \/>\n<meta property=\"og:type\" content=\"article\" \/>\n<meta property=\"og:title\" content=\"Services voor vergaderen en online trainingen \u2013 MeetingOne\" \/>\n<meta property=\"og:description\" content=\"MeetingOne kan worden ge\u00efntegreerd met uw audio- en webconferentietools voor uitstekende ervaringen tijdens vergaderingen, webinars en online trainingen.\" \/>\n<meta property=\"og:url\" content=\"https:\/\/www.meetingone.com\/eu-nl\/diensten\/\" \/>\n<meta property=\"og:site_name\" content=\"MeetingOne Dutch\" \/>\n<meta property=\"article:publisher\" content=\"https:\/\/www.facebook.com\/MeetingOne\" \/>\n<meta property=\"article:modified_time\" content=\"2018-01-10T16:20:40+00:00\" \/>\n<meta property=\"og:image\" content=\"https:\/\/www.meetingone.com\/eu-nl\/wp-content\/uploads\/sites\/8\/2015\/07\/MeetingOne-Icon.png\" \/>\n\t<meta property=\"og:image:width\" content=\"400\" \/>\n\t<meta property=\"og:image:height\" content=\"400\" \/>\n\t<meta property=\"og:image:type\" content=\"image\/png\" \/>\n<meta name=\"twitter:card\" content=\"summary_large_image\" \/>\n<meta name=\"twitter:site\" content=\"@meetingone\" \/>\n<meta name=\"twitter:label1\" content=\"Est. reading time\" \/>\n\t<meta name=\"twitter:data1\" content=\"5 minutes\" \/>\n<script type=\"application\/ld+json\" class=\"yoast-schema-graph\">{\"@context\":\"https:\/\/schema.org\",\"@graph\":[{\"@type\":\"WebPage\",\"@id\":\"https:\/\/www.meetingone.com\/eu-nl\/diensten\/\",\"url\":\"https:\/\/www.meetingone.com\/eu-nl\/diensten\/\",\"name\":\"Services voor vergaderen en online trainingen \u2013 MeetingOne\",\"isPartOf\":{\"@id\":\"https:\/\/www.meetingone.com\/eu-nl\/#website\"},\"datePublished\":\"2015-06-10T21:46:23+00:00\",\"dateModified\":\"2018-01-10T16:20:40+00:00\",\"description\":\"MeetingOne kan worden ge\u00efntegreerd met uw audio- en webconferentietools voor uitstekende ervaringen tijdens vergaderingen, webinars en online trainingen.\",\"breadcrumb\":{\"@id\":\"https:\/\/www.meetingone.com\/eu-nl\/diensten\/#breadcrumb\"},\"inLanguage\":\"en-US\",\"potentialAction\":[{\"@type\":\"ReadAction\",\"target\":[\"https:\/\/www.meetingone.com\/eu-nl\/diensten\/\"]}]},{\"@type\":\"BreadcrumbList\",\"@id\":\"https:\/\/www.meetingone.com\/eu-nl\/diensten\/#breadcrumb\",\"itemListElement\":[{\"@type\":\"ListItem\",\"position\":1,\"name\":\"Home\",\"item\":\"https:\/\/www.meetingone.com\/eu-nl\/\"},{\"@type\":\"ListItem\",\"position\":2,\"name\":\"Services\"}]},{\"@type\":\"WebSite\",\"@id\":\"https:\/\/www.meetingone.com\/eu-nl\/#website\",\"url\":\"https:\/\/www.meetingone.com\/eu-nl\/\",\"name\":\"MeetingOne Dutch\",\"description\":\"\",\"potentialAction\":[{\"@type\":\"SearchAction\",\"target\":{\"@type\":\"EntryPoint\",\"urlTemplate\":\"https:\/\/www.meetingone.com\/eu-nl\/?s={search_term_string}\"},\"query-input\":\"required name=search_term_string\"}],\"inLanguage\":\"en-US\"}]}<\/script>\n<!-- \/ Yoast SEO plugin. -->","yoast_head_json":{"title":"Services voor vergaderen en online trainingen \u2013 MeetingOne","description":"MeetingOne kan worden ge\u00efntegreerd met uw audio- en webconferentietools voor uitstekende ervaringen tijdens vergaderingen, webinars en online trainingen.","robots":{"index":"index","follow":"follow","max-snippet":"max-snippet:-1","max-image-preview":"max-image-preview:large","max-video-preview":"max-video-preview:-1"},"canonical":"https:\/\/www.meetingone.com\/eu-nl\/diensten\/","og_locale":"en_US","og_type":"article","og_title":"Services voor vergaderen en online trainingen \u2013 MeetingOne","og_description":"MeetingOne kan worden ge\u00efntegreerd met uw audio- en webconferentietools voor uitstekende ervaringen tijdens vergaderingen, webinars en online trainingen.","og_url":"https:\/\/www.meetingone.com\/eu-nl\/diensten\/","og_site_name":"MeetingOne Dutch","article_publisher":"https:\/\/www.facebook.com\/MeetingOne","article_modified_time":"2018-01-10T16:20:40+00:00","og_image":[{"width":400,"height":400,"url":"https:\/\/www.meetingone.com\/eu-nl\/wp-content\/uploads\/sites\/8\/2015\/07\/MeetingOne-Icon.png","type":"image\/png"}],"twitter_card":"summary_large_image","twitter_site":"@meetingone","twitter_misc":{"Est. reading time":"5 minutes"},"schema":{"@context":"https:\/\/schema.org","@graph":[{"@type":"WebPage","@id":"https:\/\/www.meetingone.com\/eu-nl\/diensten\/","url":"https:\/\/www.meetingone.com\/eu-nl\/diensten\/","name":"Services voor vergaderen en online trainingen \u2013 MeetingOne","isPartOf":{"@id":"https:\/\/www.meetingone.com\/eu-nl\/#website"},"datePublished":"2015-06-10T21:46:23+00:00","dateModified":"2018-01-10T16:20:40+00:00","description":"MeetingOne kan worden ge\u00efntegreerd met uw audio- en webconferentietools voor uitstekende ervaringen tijdens vergaderingen, webinars en online trainingen.","breadcrumb":{"@id":"https:\/\/www.meetingone.com\/eu-nl\/diensten\/#breadcrumb"},"inLanguage":"en-US","potentialAction":[{"@type":"ReadAction","target":["https:\/\/www.meetingone.com\/eu-nl\/diensten\/"]}]},{"@type":"BreadcrumbList","@id":"https:\/\/www.meetingone.com\/eu-nl\/diensten\/#breadcrumb","itemListElement":[{"@type":"ListItem","position":1,"name":"Home","item":"https:\/\/www.meetingone.com\/eu-nl\/"},{"@type":"ListItem","position":2,"name":"Services"}]},{"@type":"WebSite","@id":"https:\/\/www.meetingone.com\/eu-nl\/#website","url":"https:\/\/www.meetingone.com\/eu-nl\/","name":"MeetingOne Dutch","description":"","potentialAction":[{"@type":"SearchAction","target":{"@type":"EntryPoint","urlTemplate":"https:\/\/www.meetingone.com\/eu-nl\/?s={search_term_string}"},"query-input":"required name=search_term_string"}],"inLanguage":"en-US"}]}},"_links":{"self":[{"href":"https:\/\/www.meetingone.com\/eu-nl\/wp-json\/wp\/v2\/pages\/161"}],"collection":[{"href":"https:\/\/www.meetingone.com\/eu-nl\/wp-json\/wp\/v2\/pages"}],"about":[{"href":"https:\/\/www.meetingone.com\/eu-nl\/wp-json\/wp\/v2\/types\/page"}],"author":[{"embeddable":true,"href":"https:\/\/www.meetingone.com\/eu-nl\/wp-json\/wp\/v2\/users\/1"}],"replies":[{"embeddable":true,"href":"https:\/\/www.meetingone.com\/eu-nl\/wp-json\/wp\/v2\/comments?post=161"}],"version-history":[{"count":22,"href":"https:\/\/www.meetingone.com\/eu-nl\/wp-json\/wp\/v2\/pages\/161\/revisions"}],"predecessor-version":[{"id":5743,"href":"https:\/\/www.meetingone.com\/eu-nl\/wp-json\/wp\/v2\/pages\/161\/revisions\/5743"}],"wp:attachment":[{"href":"https:\/\/www.meetingone.com\/eu-nl\/wp-json\/wp\/v2\/media?parent=161"}],"curies":[{"name":"wp","href":"https:\/\/api.w.org\/{rel}","templated":true}]}}