{"id":894,"date":"2015-08-03T13:35:53","date_gmt":"2015-08-03T19:35:53","guid":{"rendered":"https:\/\/www.meetingone.eu\/eu-fr\/?page_id=894"},"modified":"2025-09-02T04:41:54","modified_gmt":"2025-09-02T10:41:54","slug":"nous-contacter","status":"publish","type":"page","link":"https:\/\/www.meetingone.com\/eu-fr\/nous-contacter\/","title":{"rendered":"A Propos &#8211; Nous contacter"},"content":{"rendered":"<p>[vc_row full_width=&#8221;stretch_row_content_no_spaces&#8221; parallax=&#8221;content-moving&#8221; parallax_image=&#8221;2475&#8243; el_class=&#8221;small-banner&#8221; css=&#8221;.vc_custom_1655385549687{background-position: center;background-repeat: no-repeat !important;background-size: cover !important;}&#8221;][vc_column][vc_row_inner el_class=&#8221;banner-content&#8221; css=&#8221;.vc_custom_1440446884999{margin-top: 175px !important;padding-top: 10px !important;padding-right: 20px !important;padding-bottom: 10px !important;padding-left: 20px !important;}&#8221;][vc_column_inner][vc_column_text el_class=&#8221;white-text&#8221;]<\/p>\n<h1>Nous contacter<\/h1>\n<p>[\/vc_column_text][\/vc_column_inner][\/vc_row_inner][\/vc_column][\/vc_row][vc_row full_width=&#8221;stretch_row&#8221; css=&#8221;.vc_custom_1655385681509{padding-top: 20px !important;padding-bottom: 20px !important;background-color: #f4f4f4 !important;}&#8221;][vc_column][vc_row_inner][vc_column_inner width=&#8221;1\/3&#8243; css=&#8221;.vc_custom_1443193983779{padding-top: 15px !important;padding-bottom: 15px !important;}&#8221;][vc_column_text]<strong>Service client<\/strong><\/p>\n<p>+33 (0)4 48 20 31 67<br \/>\n<a href=\"mailto:supporteu@meetingone.com\">supporteu@meetingone.com<\/a>[\/vc_column_text][\/vc_column_inner][vc_column_inner width=&#8221;1\/3&#8243; css=&#8221;.vc_custom_1443193965656{padding-top: 15px !important;padding-bottom: 15px !important;}&#8221;][vc_column_text]<strong>Facturation<\/strong><\/p>\n<p>+33 (0)4 48 20 31 68<strong><br \/>\n<\/strong><a href=\"mailto:billingeu@meetingone.com\">billingeu@meetingone.com<\/a>[\/vc_column_text][\/vc_column_inner][vc_column_inner width=&#8221;1\/3&#8243; css=&#8221;.vc_custom_1443193974467{padding-top: 15px !important;padding-bottom: 15px !important;}&#8221;][vc_column_text]<strong>Informations G\u00e9n\u00e9rales<\/strong><\/p>\n<p>+33 (0)4 48 20 31 68<br \/>\n<a href=\"mailto:infoEU@meetingone.com\">infoeu@meetingone.com<\/a>[\/vc_column_text][vc_column_text]<\/p>\n<p id=\"tw-target-text\" class=\"tw-data-text vk_txt tw-ta tw-text-medium\" dir=\"ltr\"><strong><span lang=\"fr\">Service commercial<\/span><\/strong><\/p>\n<p class=\"tw-data-text vk_txt tw-ta tw-text-medium\" dir=\"ltr\">+33 (0)4 48 20 31 68<br \/>\n<a href=\"mailto:saleseu@meetingone.com\">saleseu@meetingone.com<\/a><\/p>\n<p>[\/vc_column_text][\/vc_column_inner][\/vc_row_inner][\/vc_column][\/vc_row][vc_row full_width=&#8221;stretch_row&#8221; css=&#8221;.vc_custom_1486049011736{padding-top: 25px !important;padding-bottom: 25px !important;background-color: #225d71 !important;}&#8221;][vc_column width=&#8221;1\/12&#8243;][\/vc_column][vc_column width=&#8221;8\/12&#8243;][vc_column_text el_class=&#8221;white-text&#8221; css=&#8221;.vc_custom_1655385331216{padding-top: 10px !important;padding-bottom: 20px !important;}&#8221;]<\/p>\n<h3 style=\"text-align: center;\">Aidez MeetingOne \u00e0 s&#8217;am\u00e9liorer gr\u00e2ce \u00e0 vos retours d&#8217;appr\u00e9ciation.<\/h3>\n<p>[\/vc_column_text][\/vc_column][vc_column width=&#8221;2\/12&#8243;][vc_btn title=&#8221;Dites-nous tout!&#8221; style=&#8221;outline-custom&#8221; outline_custom_color=&#8221;#ffffff&#8221; outline_custom_hover_background=&#8221;#6bc8dc&#8221; outline_custom_hover_text=&#8221;#ffffff&#8221; size=&#8221;lg&#8221; align=&#8221;center&#8221; css_animation=&#8221;appear&#8221; link=&#8221;url:http%3A%2F%2Finfo.meetingone.com%2Fcustomer-feedback||target:%20_blank&#8221; css=&#8221;.vc_custom_1655385310292{padding-top: 20px !important;padding-bottom: 20px !important;}&#8221;][\/vc_column][vc_column width=&#8221;1\/12&#8243;][\/vc_column][\/vc_row][vc_row][vc_column][vc_empty_space][vc_column_text]<\/p>\n<h2 style=\"text-align: center;\"><span style=\"color: #bb2025;\">Des questions sur les produits ou services MeetingOne ? <\/span><\/h2>\n<h4 style=\"text-align: center;\">Choisissez votre section :<\/h4>\n<p>[\/vc_column_text][vc_empty_space][vc_tta_tabs style=&#8221;flat&#8221; shape=&#8221;square&#8221; color=&#8221;white&#8221; active_section=&#8221;1&#8243; el_class=&#8221;contact-form-tabs&#8221;][vc_tta_section title=&#8221;VENTE&#8221; tab_id=&#8221;1439445557685-d2f2e5ca-32d4&#8243;][vc_raw_html]JTNDc2NyaXB0JTIwY2hhcnNldCUzRCUyMnV0Zi04JTIyJTIwdHlwZSUzRCUyMnRleHQlMkZqYXZhc2NyaXB0JTIyJTIwc3JjJTNEJTIyJTJGJTJGanMuaHNmb3Jtcy5uZXQlMkZmb3JtcyUyRnYyLmpzJTIyJTNFJTNDJTJGc2NyaXB0JTNFJTBBJTNDc2NyaXB0JTNFJTBBJTIwJTIwaGJzcHQuZm9ybXMuY3JlYXRlJTI4JTdCJTBBJTIwJTIwJTIwJTIwcmVnaW9uJTNBJTIwJTIybmExJTIyJTJDJTBBJTIwJTIwJTIwJTIwcG9ydGFsSWQlM0ElMjAlMjIyMTg1Njk5MyUyMiUyQyUwQSUyMCUyMCUyMCUyMGZvcm1JZCUzQSUyMCUyMmEwYzFmNTdlLWNjNWUtNGFkZi1iYzNkLTAxNjFjN2E0YzVlZSUyMiUwQSUyMCUyMCU3RCUyOSUzQiUwQSUzQyUyRnNjcmlwdCUzRQ==[\/vc_raw_html][\/vc_tta_section][vc_tta_section title=&#8221;SUPPORT&#8221; tab_id=&#8221;1439445557883-d2664cb2-da5e&#8221;][vc_raw_html]JTNDc2NyaXB0JTIwY2hhcnNldCUzRCUyMnV0Zi04JTIyJTIwdHlwZSUzRCUyMnRleHQlMkZqYXZhc2NyaXB0JTIyJTIwc3JjJTNEJTIyJTJGJTJGanMuaHNmb3Jtcy5uZXQlMkZmb3JtcyUyRnYyLmpzJTIyJTNFJTNDJTJGc2NyaXB0JTNFJTBBJTNDc2NyaXB0JTNFJTBBJTIwJTIwaGJzcHQuZm9ybXMuY3JlYXRlJTI4JTdCJTBBJTIwJTIwJTIwJTIwcmVnaW9uJTNBJTIwJTIybmExJTIyJTJDJTBBJTIwJTIwJTIwJTIwcG9ydGFsSWQlM0ElMjAlMjIyMTg1Njk5MyUyMiUyQyUwQSUyMCUyMCUyMCUyMGZvcm1JZCUzQSUyMCUyMjkyOTA5MjU0LTRiNzgtNGM2My04ZTRjLWE2ODEyOWY4ZDUyNyUyMiUwQSUyMCUyMCU3RCUyOSUzQiUwQSUzQyUyRnNjcmlwdCUzRQ==[\/vc_raw_html][\/vc_tta_section][vc_tta_section title=&#8221;FACTURATION&#8221; tab_id=&#8221;1571936795756-c788c3cc-5fdc&#8221;][vc_raw_html]JTNDc2NyaXB0JTIwY2hhcnNldCUzRCUyMnV0Zi04JTIyJTIwdHlwZSUzRCUyMnRleHQlMkZqYXZhc2NyaXB0JTIyJTIwc3JjJTNEJTIyJTJGJTJGanMuaHNmb3Jtcy5uZXQlMkZmb3JtcyUyRnYyLmpzJTIyJTNFJTNDJTJGc2NyaXB0JTNFJTBBJTNDc2NyaXB0JTNFJTBBJTIwJTIwaGJzcHQuZm9ybXMuY3JlYXRlJTI4JTdCJTBBJTIwJTIwJTIwJTIwcmVnaW9uJTNBJTIwJTIybmExJTIyJTJDJTBBJTIwJTIwJTIwJTIwcG9ydGFsSWQlM0ElMjAlMjIyMTg1Njk5MyUyMiUyQyUwQSUyMCUyMCUyMCUyMGZvcm1JZCUzQSUyMCUyMjNmM2M3MmExLTI4NjAtNDgxOC04YzA3LTYzZDFhNDc0NDUyNSUyMiUwQSUyMCUyMCU3RCUyOSUzQiUwQSUzQyUyRnNjcmlwdCUzRQ==[\/vc_raw_html][\/vc_tta_section][\/vc_tta_tabs][\/vc_column][\/vc_row][vc_row][vc_column][vc_column_text]<\/p>\n<h2 style=\"text-align: center;\"><span style=\"color: #bb2025;\">Si\u00e8ges sociaux<\/span><\/h2>\n<p>[\/vc_column_text][vc_row_inner][vc_column_inner width=&#8221;1\/2&#8243; css=&#8221;.vc_custom_1443194047832{margin-top: 10px !important;margin-bottom: 20px !important;}&#8221;][vc_single_image image=&#8221;1204&#8243; img_size=&#8221;100&#215;100&#8243; alignment=&#8221;center&#8221; style=&#8221;vc_box_border_circle_2&#8243;][vc_column_text css=&#8221;.vc_custom_1756809711399{margin-top: -70px !important;padding-top: 30px !important;padding-right: 30px !important;padding-bottom: 30px !important;padding-left: 30px !important;background-color: #bb2025 !important;}&#8221; el_class=&#8221;white-text&#8221;]<\/p>\n<h3 style=\"text-align: center;\">ETATS-UNIS<\/h3>\n<p style=\"text-align: center;\"><strong>MeetingOne CORP<\/strong><\/p>\n<p style=\"text-align: center;\">One Cherry Center<br \/>\n501 S. Cherry St.,<br \/>\nSuite 1100, PMB 801<br \/>\nDenver, CO 80246 Etats-Unis<\/p>\n<p style=\"text-align: center;\">Toll-Free: 1-866-523-1137 &#8211; Local: (303) 623-2530<br \/>\nFax: (303) 623-1294<\/p>\n<p>[\/vc_column_text][\/vc_column_inner][vc_column_inner width=&#8221;1\/2&#8243; css=&#8221;.vc_custom_1481135592969{margin-top: 10px !important;}&#8221;][vc_single_image image=&#8221;1210&#8243; img_size=&#8221;100&#215;100&#8243; alignment=&#8221;center&#8221; style=&#8221;vc_box_border_circle_2&#8243;][vc_column_text css=&#8221;.vc_custom_1756809696288{margin-top: -70px !important;padding-top: 30px !important;padding-right: 30px !important;padding-bottom: 55px !important;padding-left: 30px !important;background-color: #bb2025 !important;}&#8221; el_class=&#8221;white-text&#8221;]<\/p>\n<h3 style=\"text-align: center;\">FRANCE<\/h3>\n<p style=\"text-align: center;\"><strong>MeetingOne France SA<\/strong><\/p>\n<p style=\"text-align: center;\">Immeuble Optimum<br \/>\n450 rue Baden Powell<br \/>\n34000 Montpellier<br \/>\n&#8211;<\/p>\n<p style=\"text-align: center;\">T\u00e9l. +33 (0)4 48 20 31 68<\/p>\n<p>[\/vc_column_text][\/vc_column_inner][\/vc_row_inner][vc_empty_space height=&#8221;30px&#8221;][\/vc_column][\/vc_row]<\/p>\n","protected":false},"excerpt":{"rendered":"<p>[vc_row full_width=&#8221;stretch_row_content_no_spaces&#8221; parallax=&#8221;content-moving&#8221; parallax_image=&#8221;2475&#8243; el_class=&#8221;small-banner&#8221; css=&#8221;.vc_custom_1655385549687{background-position: center;background-repeat: no-repeat !important;background-size: cover !important;}&#8221;][vc_column][vc_row_inner el_class=&#8221;banner-content&#8221; css=&#8221;.vc_custom_1440446884999{margin-top: 175px !important;padding-top: 10px !important;padding-right: 20px !important;padding-bottom: 10px !important;padding-left: 20px !important;}&#8221;][vc_column_inner][vc_column_text el_class=&#8221;white-text&#8221;] Nous contacter [\/vc_column_text][\/vc_column_inner][\/vc_row_inner][\/vc_column][\/vc_row][vc_row full_width=&#8221;stretch_row&#8221; css=&#8221;.vc_custom_1655385681509{padding-top: 20px !important;padding-bottom: 20px !important;background-color: #f4f4f4 !important;}&#8221;][vc_column][vc_row_inner][vc_column_inner width=&#8221;1\/3&#8243; css=&#8221;.vc_custom_1443193983779{padding-top: 15px !important;padding-bottom: 15px !important;}&#8221;][vc_column_text]Service client +33 (0)4 48 20 31 67 supporteu@meetingone.com[\/vc_column_text][\/vc_column_inner][vc_column_inner width=&#8221;1\/3&#8243; css=&#8221;.vc_custom_1443193965656{padding-top: 15px !important;padding-bottom: 15px !important;}&#8221;][vc_column_text]Facturation [&hellip;]<\/p>\n","protected":false},"author":1,"featured_media":0,"parent":0,"menu_order":0,"comment_status":"closed","ping_status":"closed","template":"","meta":{"footnotes":""},"yoast_head":"<!-- This site is optimized with the Yoast SEO plugin v21.2 - https:\/\/yoast.com\/wordpress\/plugins\/seo\/ -->\n<title>Nous contacter - MeetingOne France<\/title>\n<meta name=\"robots\" content=\"index, follow, max-snippet:-1, max-image-preview:large, max-video-preview:-1\" \/>\n<link rel=\"canonical\" href=\"https:\/\/www.meetingone.com\/eu-fr\/nous-contacter\/\" \/>\n<meta property=\"og:locale\" content=\"en_US\" \/>\n<meta property=\"og:type\" content=\"article\" \/>\n<meta property=\"og:title\" content=\"Nous contacter - MeetingOne France\" \/>\n<meta property=\"og:description\" content=\"[vc_row full_width=&#8221;stretch_row_content_no_spaces&#8221; parallax=&#8221;content-moving&#8221; parallax_image=&#8221;2475&#8243; el_class=&#8221;small-banner&#8221; css=&#8221;.vc_custom_1655385549687{background-position: center;background-repeat: no-repeat !important;background-size: cover !important;}&#8221;][vc_column][vc_row_inner el_class=&#8221;banner-content&#8221; css=&#8221;.vc_custom_1440446884999{margin-top: 175px !important;padding-top: 10px !important;padding-right: 20px !important;padding-bottom: 10px !important;padding-left: 20px !important;}&#8221;][vc_column_inner][vc_column_text el_class=&#8221;white-text&#8221;] Nous contacter [\/vc_column_text][\/vc_column_inner][\/vc_row_inner][\/vc_column][\/vc_row][vc_row full_width=&#8221;stretch_row&#8221; css=&#8221;.vc_custom_1655385681509{padding-top: 20px !important;padding-bottom: 20px !important;background-color: #f4f4f4 !important;}&#8221;][vc_column][vc_row_inner][vc_column_inner width=&#8221;1\/3&#8243; css=&#8221;.vc_custom_1443193983779{padding-top: 15px !important;padding-bottom: 15px !important;}&#8221;][vc_column_text]Service client +33 (0)4 48 20 31 67 supporteu@meetingone.com[\/vc_column_text][\/vc_column_inner][vc_column_inner width=&#8221;1\/3&#8243; css=&#8221;.vc_custom_1443193965656{padding-top: 15px !important;padding-bottom: 15px !important;}&#8221;][vc_column_text]Facturation [&hellip;]\" \/>\n<meta property=\"og:url\" content=\"https:\/\/www.meetingone.com\/eu-fr\/nous-contacter\/\" \/>\n<meta property=\"og:site_name\" content=\"MeetingOne French\" \/>\n<meta property=\"article:publisher\" content=\"https:\/\/www.facebook.com\/MeetingOne\" \/>\n<meta property=\"article:modified_time\" content=\"2025-09-02T10:41:54+00:00\" \/>\n<meta property=\"og:image\" content=\"https:\/\/www.meetingone.com\/eu-fr\/wp-content\/uploads\/sites\/7\/2015\/07\/MeetingOne-Icon.png\" \/>\n\t<meta property=\"og:image:width\" content=\"400\" \/>\n\t<meta property=\"og:image:height\" content=\"400\" \/>\n\t<meta property=\"og:image:type\" content=\"image\/png\" \/>\n<meta name=\"twitter:card\" content=\"summary_large_image\" \/>\n<meta name=\"twitter:site\" content=\"@meetingone\" \/>\n<meta name=\"twitter:label1\" content=\"Est. reading time\" \/>\n\t<meta name=\"twitter:data1\" content=\"2 minutes\" \/>\n<script type=\"application\/ld+json\" class=\"yoast-schema-graph\">{\"@context\":\"https:\/\/schema.org\",\"@graph\":[{\"@type\":\"WebPage\",\"@id\":\"https:\/\/www.meetingone.com\/eu-fr\/nous-contacter\/\",\"url\":\"https:\/\/www.meetingone.com\/eu-fr\/nous-contacter\/\",\"name\":\"Nous contacter - MeetingOne France\",\"isPartOf\":{\"@id\":\"https:\/\/www.meetingone.com\/eu-fr\/#website\"},\"datePublished\":\"2015-08-03T19:35:53+00:00\",\"dateModified\":\"2025-09-02T10:41:54+00:00\",\"breadcrumb\":{\"@id\":\"https:\/\/www.meetingone.com\/eu-fr\/nous-contacter\/#breadcrumb\"},\"inLanguage\":\"en-US\",\"potentialAction\":[{\"@type\":\"ReadAction\",\"target\":[\"https:\/\/www.meetingone.com\/eu-fr\/nous-contacter\/\"]}]},{\"@type\":\"BreadcrumbList\",\"@id\":\"https:\/\/www.meetingone.com\/eu-fr\/nous-contacter\/#breadcrumb\",\"itemListElement\":[{\"@type\":\"ListItem\",\"position\":1,\"name\":\"Home\",\"item\":\"https:\/\/www.meetingone.com\/eu-fr\/\"},{\"@type\":\"ListItem\",\"position\":2,\"name\":\"A Propos &#8211; Nous contacter\"}]},{\"@type\":\"WebSite\",\"@id\":\"https:\/\/www.meetingone.com\/eu-fr\/#website\",\"url\":\"https:\/\/www.meetingone.com\/eu-fr\/\",\"name\":\"MeetingOne French\",\"description\":\"\",\"potentialAction\":[{\"@type\":\"SearchAction\",\"target\":{\"@type\":\"EntryPoint\",\"urlTemplate\":\"https:\/\/www.meetingone.com\/eu-fr\/?s={search_term_string}\"},\"query-input\":\"required name=search_term_string\"}],\"inLanguage\":\"en-US\"}]}<\/script>\n<!-- \/ Yoast SEO plugin. -->","yoast_head_json":{"title":"Nous contacter - MeetingOne France","robots":{"index":"index","follow":"follow","max-snippet":"max-snippet:-1","max-image-preview":"max-image-preview:large","max-video-preview":"max-video-preview:-1"},"canonical":"https:\/\/www.meetingone.com\/eu-fr\/nous-contacter\/","og_locale":"en_US","og_type":"article","og_title":"Nous contacter - MeetingOne France","og_description":"[vc_row full_width=&#8221;stretch_row_content_no_spaces&#8221; parallax=&#8221;content-moving&#8221; parallax_image=&#8221;2475&#8243; el_class=&#8221;small-banner&#8221; css=&#8221;.vc_custom_1655385549687{background-position: center;background-repeat: no-repeat !important;background-size: cover !important;}&#8221;][vc_column][vc_row_inner el_class=&#8221;banner-content&#8221; css=&#8221;.vc_custom_1440446884999{margin-top: 175px !important;padding-top: 10px !important;padding-right: 20px !important;padding-bottom: 10px !important;padding-left: 20px !important;}&#8221;][vc_column_inner][vc_column_text el_class=&#8221;white-text&#8221;] Nous contacter [\/vc_column_text][\/vc_column_inner][\/vc_row_inner][\/vc_column][\/vc_row][vc_row full_width=&#8221;stretch_row&#8221; css=&#8221;.vc_custom_1655385681509{padding-top: 20px !important;padding-bottom: 20px !important;background-color: #f4f4f4 !important;}&#8221;][vc_column][vc_row_inner][vc_column_inner width=&#8221;1\/3&#8243; css=&#8221;.vc_custom_1443193983779{padding-top: 15px !important;padding-bottom: 15px !important;}&#8221;][vc_column_text]Service client +33 (0)4 48 20 31 67 supporteu@meetingone.com[\/vc_column_text][\/vc_column_inner][vc_column_inner width=&#8221;1\/3&#8243; css=&#8221;.vc_custom_1443193965656{padding-top: 15px !important;padding-bottom: 15px !important;}&#8221;][vc_column_text]Facturation [&hellip;]","og_url":"https:\/\/www.meetingone.com\/eu-fr\/nous-contacter\/","og_site_name":"MeetingOne French","article_publisher":"https:\/\/www.facebook.com\/MeetingOne","article_modified_time":"2025-09-02T10:41:54+00:00","og_image":[{"width":400,"height":400,"url":"https:\/\/www.meetingone.com\/eu-fr\/wp-content\/uploads\/sites\/7\/2015\/07\/MeetingOne-Icon.png","type":"image\/png"}],"twitter_card":"summary_large_image","twitter_site":"@meetingone","twitter_misc":{"Est. reading time":"2 minutes"},"schema":{"@context":"https:\/\/schema.org","@graph":[{"@type":"WebPage","@id":"https:\/\/www.meetingone.com\/eu-fr\/nous-contacter\/","url":"https:\/\/www.meetingone.com\/eu-fr\/nous-contacter\/","name":"Nous contacter - MeetingOne France","isPartOf":{"@id":"https:\/\/www.meetingone.com\/eu-fr\/#website"},"datePublished":"2015-08-03T19:35:53+00:00","dateModified":"2025-09-02T10:41:54+00:00","breadcrumb":{"@id":"https:\/\/www.meetingone.com\/eu-fr\/nous-contacter\/#breadcrumb"},"inLanguage":"en-US","potentialAction":[{"@type":"ReadAction","target":["https:\/\/www.meetingone.com\/eu-fr\/nous-contacter\/"]}]},{"@type":"BreadcrumbList","@id":"https:\/\/www.meetingone.com\/eu-fr\/nous-contacter\/#breadcrumb","itemListElement":[{"@type":"ListItem","position":1,"name":"Home","item":"https:\/\/www.meetingone.com\/eu-fr\/"},{"@type":"ListItem","position":2,"name":"A Propos &#8211; Nous contacter"}]},{"@type":"WebSite","@id":"https:\/\/www.meetingone.com\/eu-fr\/#website","url":"https:\/\/www.meetingone.com\/eu-fr\/","name":"MeetingOne French","description":"","potentialAction":[{"@type":"SearchAction","target":{"@type":"EntryPoint","urlTemplate":"https:\/\/www.meetingone.com\/eu-fr\/?s={search_term_string}"},"query-input":"required name=search_term_string"}],"inLanguage":"en-US"}]}},"_links":{"self":[{"href":"https:\/\/www.meetingone.com\/eu-fr\/wp-json\/wp\/v2\/pages\/894"}],"collection":[{"href":"https:\/\/www.meetingone.com\/eu-fr\/wp-json\/wp\/v2\/pages"}],"about":[{"href":"https:\/\/www.meetingone.com\/eu-fr\/wp-json\/wp\/v2\/types\/page"}],"author":[{"embeddable":true,"href":"https:\/\/www.meetingone.com\/eu-fr\/wp-json\/wp\/v2\/users\/1"}],"replies":[{"embeddable":true,"href":"https:\/\/www.meetingone.com\/eu-fr\/wp-json\/wp\/v2\/comments?post=894"}],"version-history":[{"count":85,"href":"https:\/\/www.meetingone.com\/eu-fr\/wp-json\/wp\/v2\/pages\/894\/revisions"}],"predecessor-version":[{"id":8306,"href":"https:\/\/www.meetingone.com\/eu-fr\/wp-json\/wp\/v2\/pages\/894\/revisions\/8306"}],"wp:attachment":[{"href":"https:\/\/www.meetingone.com\/eu-fr\/wp-json\/wp\/v2\/media?parent=894"}],"curies":[{"name":"wp","href":"https:\/\/api.w.org\/{rel}","templated":true}]}}