{"id":8261,"date":"2024-04-12T05:59:40","date_gmt":"2024-04-12T11:59:40","guid":{"rendered":"https:\/\/www.meetingone.com\/eu-fr\/?page_id=8261"},"modified":"2024-06-20T04:35:26","modified_gmt":"2024-06-20T10:35:26","slug":"classforteams","status":"publish","type":"page","link":"https:\/\/www.meetingone.com\/eu-fr\/classforteams\/","title":{"rendered":"Class For Teams"},"content":{"rendered":"<p>[vc_row full_width=&#8221;stretch_row_content&#8221; css=&#8221;.vc_custom_1712923031783{background-color: #0c684c !important;}&#8221;][vc_column width=&#8221;1\/2&#8243;][vc_single_image image=&#8221;8217&#8243; img_size=&#8221;large&#8221; alignment=&#8221;center&#8221; style=&#8221;vc_box_rounded&#8221;][\/vc_column][vc_column width=&#8221;1\/2&#8243;][vc_single_image image=&#8221;8233&#8243; img_size=&#8221;medium&#8221; css=&#8221;.vc_custom_1712923813850{padding-top: 110px !important;padding-right: 10px !important;padding-bottom: 10px !important;padding-left: 0px !important;}&#8221;][vc_column_text css=&#8221;.vc_custom_1712928143075{padding-top: 0px !important;padding-left: 0px !important;}&#8221;]<\/p>\n<h1><span style=\"color: #ffffff;\"><strong>La salle virtuelle nouvelle g\u00e9n\u00e9ration<\/strong><\/span><\/h1>\n<h4><span style=\"color: #ffffff;\">Class For Teams<\/span><\/h4>\n<p>[\/vc_column_text][\/vc_column][\/vc_row][vc_row full_width=&#8221;stretch_row&#8221; css=&#8221;.vc_custom_1715854038424{background-color: #135f66 !important;}&#8221;][vc_column width=&#8221;5\/6&#8243;][vc_column_text css=&#8221;.vc_custom_1715854828617{padding-top: 0px !important;padding-left: 0px !important;}&#8221;]<\/p>\n<h3><span style=\"color: #ebf4f4;\"><strong>Class a \u00e9t\u00e9 class\u00e9 dans le top 10 mondial des meilleures soci\u00e9t\u00e9s des Technologies de l&#8217;\u00c9ducation, et dans le top 4 aux \u00c9tats-Unis.<\/strong><\/span><\/h3>\n<h4><span style=\"color: #ebf4f4;\">Consultez l&#8217;article <\/span><a href=\"https:\/\/time.com\/collection\/worlds-top-edtech-companies-2024\/\"><span style=\"color: #ebf4f4;\"><strong>ici<\/strong><\/span><\/a><\/h4>\n<p>[\/vc_column_text][\/vc_column][vc_column width=&#8221;1\/6&#8243;][vc_single_image image=&#8221;8283&#8243; alignment=&#8221;center&#8221; style=&#8221;vc_box_rounded&#8221;][\/vc_column][\/vc_row][vc_row full_width=&#8221;stretch_row&#8221; css=&#8221;.vc_custom_1712845686194{background-color: #ebf4f4 !important;}&#8221;][vc_column][vc_column_text]<\/p>\n<h2><span style=\"color: #003366;\"><strong>Ajouter un environnement de salle virtuelle<\/strong><strong> \u00e0 Zoom et Teams<\/strong><\/span><\/h2>\n<h4><span style=\"color: #003366;\">Class est une salle virtuelle de nouvelle g\u00e9n\u00e9ration d\u00e9velopp\u00e9e par Class Technologies Inc., une soci\u00e9t\u00e9 fond\u00e9e par Michael Chasen, pionnier en technologie de l&#8217;\u00e9ducation. Ax\u00e9 exclusivement sur l&#8217;apprentissage synchrone en ligne et la formation virtuelle dirig\u00e9e par un instructeur, Class permet l&#8217;apprentissage actif de plus de 10 millions d&#8217;utilisateurs provenant de plus de 1 500 \u00e9tablissements dans le monde et est le plus grand fournisseur de logiciels de classe virtuelle pour l&#8217;\u00e9ducation.<\/span><\/h4>\n<p>[\/vc_column_text][\/vc_column][\/vc_row][vc_row full_width=&#8221;stretch_row&#8221; css=&#8221;.vc_custom_1712845686194{background-color: #ebf4f4 !important;}&#8221;][vc_column][vc_video link=&#8221;https:\/\/www.youtube.com\/watch?v=zz56g4Q-PH0&#8243; css=&#8221;.vc_custom_1718879548584{margin-top: -10px !important;margin-bottom: -1px !important;}&#8221;][vc_column_text css=&#8221;.vc_custom_1718879718267{margin-top: -10px !important;}&#8221;]<\/p>\n<h4 style=\"text-align: center;\"><span style=\"color: #003366;\">WEBINAIRE &#8211; Vous en avez assez d&#8217;\u00eatre brid\u00e9(e) par Zoom ou Teams lors de vos sessions ?<br \/>\n<\/span><\/h4>\n<h5><span style=\"color: #003366;\">Dans cette session, <strong>Yannick Le Garff<\/strong> (<strong>MeetingOne<\/strong>) et <strong>Emmanuel Clemot<\/strong> (<strong>Class<\/strong>) explorent le contraste entre les LMS (Syst\u00e8mes de gestion de l&#8217;apprentissage) asynchrones et l&#8217;engagement social des vid\u00e9oconf\u00e9rences synchrones, tout en approfondissant les probl\u00e8mes que les utilisateurs basiques de Zoom et de Teams rencontrent g\u00e9n\u00e9ralement pendant leurs sessions. Vous d\u00e9couvrirez \u00e9galement, entre autres via une d\u00e9monstration de Class, comment une salle de classe\/r\u00e9union nouvelle g\u00e9n\u00e9ration \u2013 Class \u2013 peut transformer les relations professionnelles en ligne de votre organisation.<\/span><\/h5>\n<p>[\/vc_column_text][\/vc_column][\/vc_row][vc_row css=&#8221;.vc_custom_1712850067663{padding-top: 30px !important;padding-bottom: 50px !important;}&#8221;][vc_column][vc_column_text]<\/p>\n<h2><span style=\"color: #ff9900;\"><strong>Salle \u00e0 usage professionnel<\/strong><\/span><\/h2>\n<p>[\/vc_column_text][vc_row_inner][vc_column_inner width=&#8221;2\/3&#8243;][vc_single_image image=&#8221;8236&#8243; img_size=&#8221;full&#8221; style=&#8221;vc_box_rounded&#8221; css=&#8221;.vc_custom_1712929196897{padding-top: 40px !important;padding-right: 20px !important;}&#8221;][\/vc_column_inner][vc_column_inner width=&#8221;1\/3&#8243;][vc_column_text]<\/p>\n<h3><span style=\"color: #003366;\"><strong>Travail connect\u00e9<\/strong><\/span><\/h3>\n<h4><span style=\"color: #003366;\">Class est un environnement temps r\u00e9el de collaboration virtuel \u00e0 grande \u00e9chelle, offrant la possibilit\u00e9 de donner vie au contenu et de favoriser de v\u00e9ritables liens entre les employ\u00e9s, ainsi qu&#8217;avec votre organisation.<\/span><\/h4>\n<h4><span style=\"color: #003366;\">Class permet des exp\u00e9riences de collaboration active centr\u00e9es sur les m\u00eames interactions humaines (les conversations de groupe, la pratique et les commentaires, les ateliers et projets collaboratifs) qui sont g\u00e9n\u00e9ralement associ\u00e9es \u00e0 la collaboration en pr\u00e9sentiel, mais d\u00e9sormais accessibles depuis n&#8217;importe quel endroit ou appareil.<\/span><\/h4>\n<p>[\/vc_column_text][\/vc_column_inner][\/vc_row_inner][\/vc_column][\/vc_row][vc_row full_width=&#8221;stretch_row&#8221; css=&#8221;.vc_custom_1712850030488{padding-top: 30px !important;padding-bottom: 50px !important;background-color: #ebf4f4 !important;}&#8221;][vc_column][vc_column_text]<\/p>\n<h2><span style=\"color: #39db44;\"><strong>Salle \u00e0 usage \u00e9ducatif<\/strong><\/span><\/h2>\n<p>[\/vc_column_text][vc_row_inner][vc_column_inner width=&#8221;1\/3&#8243;][vc_column_text]<\/p>\n<h3><span style=\"color: #003366;\"><strong>Am\u00e9liorer la collaboration et l&#8217;apprentissage mixtes, hybrides et virtuels<\/strong><\/span><\/h3>\n<h4><span style=\"color: #003366;\">Class permet aux animateurs d&#8217;apporter de la cr\u00e9ativit\u00e9, de l&#8217;innovation et de la connectivit\u00e9 dans la salle virtuelle \u00e0 l&#8217;aide d&#8217;outils et de tableaux de bord interactifs, reproduisant plus facilement l&#8217;exp\u00e9rience du pr\u00e9sentiel dans un environnement virtuel, tels que des ateliers am\u00e9lior\u00e9s, un suivi automatis\u00e9 des pr\u00e9sences et de l&#8217;activit\u00e9, ainsi que l&#8217;int\u00e9gration de pages Web et de quiz.<\/span><br \/>\n<span style=\"color: #003366;\">L\u2019apprentissage et la collaboration ne sont plus soumis au temps ni au lieu. Les progr\u00e8s technologiques et pratiques permettent d\u00e9sormais d\u2019apprendre et de travailler n\u2019importe o\u00f9 et \u00e0 tout moment, sans sacrifier la rigueur et les interactions de la r\u00e9union et l\u2019apprentissage traditionnels.<\/span><\/h4>\n<p>[\/vc_column_text][\/vc_column_inner][vc_column_inner width=&#8221;2\/3&#8243;][vc_single_image image=&#8221;8237&#8243; img_size=&#8221;full&#8221; alignment=&#8221;right&#8221; style=&#8221;vc_box_rounded&#8221; css=&#8221;.vc_custom_1712929255850{padding-top: 50px !important;padding-left: 20px !important;}&#8221;][\/vc_column_inner][\/vc_row_inner][\/vc_column][\/vc_row][vc_row][vc_column][vc_video link=&#8221;https:\/\/weareclasstech.wistia.com\/medias\/07awrjtosr&#8221; align=&#8221;center&#8221; css=&#8221;.vc_custom_1712850929295{padding-right: 50px !important;padding-left: 50px !important;}&#8221;][\/vc_column][\/vc_row][vc_row][vc_column width=&#8221;1\/3&#8243;][\/vc_column][vc_column width=&#8221;1\/3&#8243;][vc_btn title=&#8221;<strong>Contactez un commercial<\/strong>&#8221; style=&#8221;custom&#8221; custom_background=&#8221;#6ac8dc&#8221; custom_text=&#8221;#ffffff&#8221; shape=&#8221;round&#8221; align=&#8221;center&#8221; button_block=&#8221;true&#8221; link=&#8221;url:https%3A%2F%2Fwww.meetingone.com%2Feu-fr%2Fnous-contacter%2F|title:Contactez-nous&#8221; css=&#8221;.vc_custom_1712851135901{padding-bottom: 20px !important;}&#8221;][\/vc_column][vc_column width=&#8221;1\/3&#8243;][\/vc_column][\/vc_row][vc_row][vc_column][vc_column_text]<\/p>\n<h2><strong><span style=\"color: #6ac8dc;\">Principales fonctionnalit\u00e9s de Class For Teams<\/span><br \/>\n<\/strong><\/h2>\n<p>[\/vc_column_text][vc_row_inner][vc_column_inner width=&#8221;1\/4&#8243; css=&#8221;.vc_custom_1712908437690{border-top-width: 10px !important;border-right-width: 10px !important;border-bottom-width: 10px !important;border-left-width: 10px !important;background-color: #ebf4f4 !important;border-left-color: #ffffff !important;border-left-style: solid !important;border-right-color: #ffffff !important;border-right-style: solid !important;border-top-color: #ffffff !important;border-top-style: solid !important;border-bottom-color: #ffffff !important;border-bottom-style: solid !important;border-radius: 20px !important;}&#8221;][vc_single_image image=&#8221;8243&#8243; img_size=&#8221;180&#215;180&#8243; alignment=&#8221;center&#8221; css=&#8221;.vc_custom_1712908614496{margin-bottom: -1px !important;padding-top: 25px !important;padding-bottom: 10px !important;}&#8221;][vc_column_text css=&#8221;.vc_custom_1712923568955{margin-top: -1px !important;margin-bottom: -1px !important;padding-right: 15px !important;padding-bottom: 15px !important;padding-left: 15px !important;}&#8221;]<\/p>\n<h4><strong><span style=\"color: #003366;\">Am\u00e9liorer l&#8217;engagement<\/span><br \/>\n<span style=\"color: #003366;\">des participants<\/span><br \/>\n<\/strong><\/h4>\n<p>[\/vc_column_text][vc_column_text css=&#8221;.vc_custom_1712928630453{padding-right: 15px !important;padding-bottom: 5px !important;padding-left: 15px !important;}&#8221;]<span style=\"color: #003366;\">Offrez une exp\u00e9rience d&#8217;apprentissage et de collaboration en ligne dynamique et personnalis\u00e9e pour une meilleure implication des participants gr\u00e2ce au partage d&#8217;\u00e9cran interactif, \u00e0 des sessions hautement collaboratives et aux tableaux blancs virtuels.<\/span>[\/vc_column_text][\/vc_column_inner][vc_column_inner width=&#8221;1\/4&#8243; css=&#8221;.vc_custom_1712908411636{border-top-width: 10px !important;border-right-width: 10px !important;border-bottom-width: 10px !important;border-left-width: 10px !important;background-color: #ebf4f4 !important;border-left-color: #ffffff !important;border-left-style: solid !important;border-right-color: #ffffff !important;border-right-style: solid !important;border-top-color: #ffffff !important;border-top-style: solid !important;border-bottom-color: #ffffff !important;border-bottom-style: solid !important;border-radius: 20px !important;}&#8221;][vc_single_image image=&#8221;8244&#8243; img_size=&#8221;180&#215;180&#8243; alignment=&#8221;center&#8221; css=&#8221;.vc_custom_1712908652734{margin-bottom: -1px !important;padding-top: 25px !important;padding-bottom: 10px !important;}&#8221;][vc_column_text css=&#8221;.vc_custom_1712928787422{margin-top: -1px !important;margin-bottom: -1px !important;padding-right: 15px !important;padding-bottom: 15px !important;padding-left: 15px !important;}&#8221;]<\/p>\n<h4><span style=\"color: #003366;\"><strong>Collaborer de mani\u00e8re<br \/>\nsignificative<\/strong><\/span><\/h4>\n<p>&nbsp;<\/p>\n<p>[\/vc_column_text][vc_column_text css=&#8221;.vc_custom_1712928829517{padding-right: 15px !important;padding-bottom: 75px !important;padding-left: 15px !important;}&#8221;]<span style=\"color: #003366;\">Fournissez les outils n\u00e9cessaires afin de partager des id\u00e9es et collaborer efficacement via des ateliers am\u00e9lior\u00e9s et des int\u00e9grations permettant de travailler sur des documents partag\u00e9s simultan\u00e9ment.<\/span>[\/vc_column_text][\/vc_column_inner][vc_column_inner width=&#8221;1\/4&#8243; css=&#8221;.vc_custom_1712908471229{border-top-width: 10px !important;border-right-width: 10px !important;border-bottom-width: 10px !important;border-left-width: 10px !important;background-color: #ebf4f4 !important;border-left-color: #ffffff !important;border-left-style: solid !important;border-right-color: #ffffff !important;border-right-style: solid !important;border-top-color: #ffffff !important;border-top-style: solid !important;border-bottom-color: #ffffff !important;border-bottom-style: solid !important;border-radius: 20px !important;}&#8221;][vc_single_image image=&#8221;8245&#8243; img_size=&#8221;180&#215;180&#8243; alignment=&#8221;center&#8221; css=&#8221;.vc_custom_1712909167334{margin-bottom: -1px !important;padding-top: 25px !important;padding-bottom: 10px !important;}&#8221;][vc_column_text css=&#8221;.vc_custom_1712923609451{margin-top: -1px !important;margin-bottom: -1px !important;padding-right: 15px !important;padding-bottom: 20px !important;padding-left: 15px !important;}&#8221;]<\/p>\n<h4><strong><span style=\"color: #003366;\">Rationaliser la configuration et<\/span><br \/>\n<span style=\"color: #003366;\">les r\u00e9unions<\/span><br \/>\n<\/strong><\/h4>\n<p>[\/vc_column_text][vc_column_text css=&#8221;.vc_custom_1712928873507{padding-right: 15px !important;padding-bottom: 25px !important;padding-left: 15px !important;}&#8221;]<span style=\"color: #003366;\">Gagnez du temps sur les t\u00e2ches administratives, telles que la pr\u00e9paration des sessions et de la liste des participants, \u00e0 l&#8217;aide des mod\u00e8les de salle de r\u00e9union et de cours, mais aussi de l&#8217;int\u00e9gration en temps r\u00e9el avec votre LMS pour synchroniser les listes, le contenu et les notes.<\/span>[\/vc_column_text][\/vc_column_inner][vc_column_inner width=&#8221;1\/4&#8243; css=&#8221;.vc_custom_1712908500838{border-top-width: 10px !important;border-right-width: 10px !important;border-bottom-width: 10px !important;border-left-width: 10px !important;background-color: #ebf4f4 !important;border-left-color: #ffffff !important;border-left-style: solid !important;border-right-color: #ffffff !important;border-right-style: solid !important;border-top-color: #ffffff !important;border-top-style: solid !important;border-bottom-color: #ffffff !important;border-bottom-style: solid !important;border-radius: 20px !important;}&#8221;][vc_single_image image=&#8221;8246&#8243; img_size=&#8221;180&#215;180&#8243; alignment=&#8221;center&#8221; css=&#8221;.vc_custom_1712909839211{margin-bottom: -1px !important;padding-top: 25px !important;padding-bottom: 10px !important;}&#8221;][vc_column_text css=&#8221;.vc_custom_1712928800079{margin-top: -1px !important;margin-bottom: -1px !important;padding-right: 15px !important;padding-bottom: 15px !important;padding-left: 15px !important;}&#8221;]<\/p>\n<h4><span style=\"color: #003366;\"><strong>Tirer parti de l&#8217;analyse<br \/>\net de l&#8217;automatisation<\/strong><\/span><\/h4>\n<p>&nbsp;<\/p>\n<p>[\/vc_column_text][vc_column_text css=&#8221;.vc_custom_1712928858159{padding-right: 15px !important;padding-bottom: 50px !important;padding-left: 15px !important;}&#8221;]<span style=\"color: #003366;\">\u00c9tendez la port\u00e9e des offres virtuelles gr\u00e2ce aux enregistrements interactifs et d\u00e9montrez leur efficacit\u00e9 avec des tableaux de bord d\u00e9taillant les mesures automatis\u00e9es cl\u00e9s telles que l&#8217;engagement et la participation aux sessions.<\/span>[\/vc_column_text][\/vc_column_inner][\/vc_row_inner][\/vc_column][\/vc_row][vc_row][vc_column][vc_column_text el_class=&#8221;white-text&#8221;]<\/p>\n<h4><span style=\"color: #003366;\">Class b\u00e9n\u00e9ficie de la confiance de plus de 10 millions d&#8217;utilisateurs issus de 1 500 institutions \u00e0 travers le monde.<\/span><br \/>\n<span style=\"color: #003366;\">Rejoignez-les avec MeetingOne.<\/span><\/h4>\n<p>[\/vc_column_text][\/vc_column][\/vc_row]<\/p>\n","protected":false},"excerpt":{"rendered":"<p>[vc_row full_width=&#8221;stretch_row_content&#8221; css=&#8221;.vc_custom_1712923031783{background-color: #0c684c !important;}&#8221;][vc_column width=&#8221;1\/2&#8243;][vc_single_image image=&#8221;8217&#8243; img_size=&#8221;large&#8221; alignment=&#8221;center&#8221; style=&#8221;vc_box_rounded&#8221;][\/vc_column][vc_column width=&#8221;1\/2&#8243;][vc_single_image image=&#8221;8233&#8243; img_size=&#8221;medium&#8221; css=&#8221;.vc_custom_1712923813850{padding-top: 110px !important;padding-right: 10px !important;padding-bottom: 10px !important;padding-left: 0px !important;}&#8221;][vc_column_text css=&#8221;.vc_custom_1712928143075{padding-top: 0px !important;padding-left: 0px !important;}&#8221;] La salle virtuelle nouvelle g\u00e9n\u00e9ration Class For Teams [\/vc_column_text][\/vc_column][\/vc_row][vc_row full_width=&#8221;stretch_row&#8221; css=&#8221;.vc_custom_1715854038424{background-color: #135f66 !important;}&#8221;][vc_column width=&#8221;5\/6&#8243;][vc_column_text css=&#8221;.vc_custom_1715854828617{padding-top: 0px !important;padding-left: 0px !important;}&#8221;] Class a \u00e9t\u00e9 class\u00e9 dans le top 10 mondial [&hellip;]<\/p>\n","protected":false},"author":9,"featured_media":0,"parent":0,"menu_order":0,"comment_status":"closed","ping_status":"closed","template":"","meta":{"footnotes":""},"yoast_head":"<!-- This site is optimized with the Yoast SEO plugin v21.2 - https:\/\/yoast.com\/wordpress\/plugins\/seo\/ -->\n<title>Class For Teams - MeetingOne French<\/title>\n<meta name=\"robots\" content=\"index, follow, max-snippet:-1, max-image-preview:large, max-video-preview:-1\" \/>\n<link rel=\"canonical\" href=\"https:\/\/www.meetingone.com\/eu-fr\/classforteams\/\" \/>\n<meta property=\"og:locale\" content=\"en_US\" \/>\n<meta property=\"og:type\" content=\"article\" \/>\n<meta property=\"og:title\" content=\"Class For Teams - MeetingOne French\" \/>\n<meta property=\"og:description\" content=\"[vc_row full_width=&#8221;stretch_row_content&#8221; css=&#8221;.vc_custom_1712923031783{background-color: #0c684c !important;}&#8221;][vc_column width=&#8221;1\/2&#8243;][vc_single_image image=&#8221;8217&#8243; img_size=&#8221;large&#8221; alignment=&#8221;center&#8221; style=&#8221;vc_box_rounded&#8221;][\/vc_column][vc_column width=&#8221;1\/2&#8243;][vc_single_image image=&#8221;8233&#8243; img_size=&#8221;medium&#8221; css=&#8221;.vc_custom_1712923813850{padding-top: 110px !important;padding-right: 10px !important;padding-bottom: 10px !important;padding-left: 0px !important;}&#8221;][vc_column_text css=&#8221;.vc_custom_1712928143075{padding-top: 0px !important;padding-left: 0px !important;}&#8221;] La salle virtuelle nouvelle g\u00e9n\u00e9ration Class For Teams [\/vc_column_text][\/vc_column][\/vc_row][vc_row full_width=&#8221;stretch_row&#8221; css=&#8221;.vc_custom_1715854038424{background-color: #135f66 !important;}&#8221;][vc_column width=&#8221;5\/6&#8243;][vc_column_text css=&#8221;.vc_custom_1715854828617{padding-top: 0px !important;padding-left: 0px !important;}&#8221;] Class a \u00e9t\u00e9 class\u00e9 dans le top 10 mondial [&hellip;]\" \/>\n<meta property=\"og:url\" content=\"https:\/\/www.meetingone.com\/eu-fr\/classforteams\/\" \/>\n<meta property=\"og:site_name\" content=\"MeetingOne French\" \/>\n<meta property=\"article:publisher\" content=\"https:\/\/www.facebook.com\/MeetingOne\" \/>\n<meta property=\"article:modified_time\" content=\"2024-06-20T10:35:26+00:00\" \/>\n<meta property=\"og:image\" content=\"https:\/\/www.meetingone.com\/eu-fr\/wp-content\/uploads\/sites\/7\/2015\/07\/MeetingOne-Icon.png\" \/>\n\t<meta property=\"og:image:width\" content=\"400\" \/>\n\t<meta property=\"og:image:height\" content=\"400\" \/>\n\t<meta property=\"og:image:type\" content=\"image\/png\" \/>\n<meta name=\"twitter:card\" content=\"summary_large_image\" \/>\n<meta name=\"twitter:site\" content=\"@meetingone\" \/>\n<meta name=\"twitter:label1\" content=\"Est. reading time\" \/>\n\t<meta name=\"twitter:data1\" content=\"5 minutes\" \/>\n<script type=\"application\/ld+json\" class=\"yoast-schema-graph\">{\"@context\":\"https:\/\/schema.org\",\"@graph\":[{\"@type\":\"WebPage\",\"@id\":\"https:\/\/www.meetingone.com\/eu-fr\/classforteams\/\",\"url\":\"https:\/\/www.meetingone.com\/eu-fr\/classforteams\/\",\"name\":\"Class For Teams - MeetingOne French\",\"isPartOf\":{\"@id\":\"https:\/\/www.meetingone.com\/eu-fr\/#website\"},\"datePublished\":\"2024-04-12T11:59:40+00:00\",\"dateModified\":\"2024-06-20T10:35:26+00:00\",\"breadcrumb\":{\"@id\":\"https:\/\/www.meetingone.com\/eu-fr\/classforteams\/#breadcrumb\"},\"inLanguage\":\"en-US\",\"potentialAction\":[{\"@type\":\"ReadAction\",\"target\":[\"https:\/\/www.meetingone.com\/eu-fr\/classforteams\/\"]}]},{\"@type\":\"BreadcrumbList\",\"@id\":\"https:\/\/www.meetingone.com\/eu-fr\/classforteams\/#breadcrumb\",\"itemListElement\":[{\"@type\":\"ListItem\",\"position\":1,\"name\":\"Home\",\"item\":\"https:\/\/www.meetingone.com\/eu-fr\/\"},{\"@type\":\"ListItem\",\"position\":2,\"name\":\"Class For Teams\"}]},{\"@type\":\"WebSite\",\"@id\":\"https:\/\/www.meetingone.com\/eu-fr\/#website\",\"url\":\"https:\/\/www.meetingone.com\/eu-fr\/\",\"name\":\"MeetingOne French\",\"description\":\"\",\"potentialAction\":[{\"@type\":\"SearchAction\",\"target\":{\"@type\":\"EntryPoint\",\"urlTemplate\":\"https:\/\/www.meetingone.com\/eu-fr\/?s={search_term_string}\"},\"query-input\":\"required name=search_term_string\"}],\"inLanguage\":\"en-US\"}]}<\/script>\n<!-- \/ Yoast SEO plugin. -->","yoast_head_json":{"title":"Class For Teams - MeetingOne French","robots":{"index":"index","follow":"follow","max-snippet":"max-snippet:-1","max-image-preview":"max-image-preview:large","max-video-preview":"max-video-preview:-1"},"canonical":"https:\/\/www.meetingone.com\/eu-fr\/classforteams\/","og_locale":"en_US","og_type":"article","og_title":"Class For Teams - MeetingOne French","og_description":"[vc_row full_width=&#8221;stretch_row_content&#8221; css=&#8221;.vc_custom_1712923031783{background-color: #0c684c !important;}&#8221;][vc_column width=&#8221;1\/2&#8243;][vc_single_image image=&#8221;8217&#8243; img_size=&#8221;large&#8221; alignment=&#8221;center&#8221; style=&#8221;vc_box_rounded&#8221;][\/vc_column][vc_column width=&#8221;1\/2&#8243;][vc_single_image image=&#8221;8233&#8243; img_size=&#8221;medium&#8221; css=&#8221;.vc_custom_1712923813850{padding-top: 110px !important;padding-right: 10px !important;padding-bottom: 10px !important;padding-left: 0px !important;}&#8221;][vc_column_text css=&#8221;.vc_custom_1712928143075{padding-top: 0px !important;padding-left: 0px !important;}&#8221;] La salle virtuelle nouvelle g\u00e9n\u00e9ration Class For Teams [\/vc_column_text][\/vc_column][\/vc_row][vc_row full_width=&#8221;stretch_row&#8221; css=&#8221;.vc_custom_1715854038424{background-color: #135f66 !important;}&#8221;][vc_column width=&#8221;5\/6&#8243;][vc_column_text css=&#8221;.vc_custom_1715854828617{padding-top: 0px !important;padding-left: 0px !important;}&#8221;] Class a \u00e9t\u00e9 class\u00e9 dans le top 10 mondial [&hellip;]","og_url":"https:\/\/www.meetingone.com\/eu-fr\/classforteams\/","og_site_name":"MeetingOne French","article_publisher":"https:\/\/www.facebook.com\/MeetingOne","article_modified_time":"2024-06-20T10:35:26+00:00","og_image":[{"width":400,"height":400,"url":"https:\/\/www.meetingone.com\/eu-fr\/wp-content\/uploads\/sites\/7\/2015\/07\/MeetingOne-Icon.png","type":"image\/png"}],"twitter_card":"summary_large_image","twitter_site":"@meetingone","twitter_misc":{"Est. reading time":"5 minutes"},"schema":{"@context":"https:\/\/schema.org","@graph":[{"@type":"WebPage","@id":"https:\/\/www.meetingone.com\/eu-fr\/classforteams\/","url":"https:\/\/www.meetingone.com\/eu-fr\/classforteams\/","name":"Class For Teams - MeetingOne French","isPartOf":{"@id":"https:\/\/www.meetingone.com\/eu-fr\/#website"},"datePublished":"2024-04-12T11:59:40+00:00","dateModified":"2024-06-20T10:35:26+00:00","breadcrumb":{"@id":"https:\/\/www.meetingone.com\/eu-fr\/classforteams\/#breadcrumb"},"inLanguage":"en-US","potentialAction":[{"@type":"ReadAction","target":["https:\/\/www.meetingone.com\/eu-fr\/classforteams\/"]}]},{"@type":"BreadcrumbList","@id":"https:\/\/www.meetingone.com\/eu-fr\/classforteams\/#breadcrumb","itemListElement":[{"@type":"ListItem","position":1,"name":"Home","item":"https:\/\/www.meetingone.com\/eu-fr\/"},{"@type":"ListItem","position":2,"name":"Class For Teams"}]},{"@type":"WebSite","@id":"https:\/\/www.meetingone.com\/eu-fr\/#website","url":"https:\/\/www.meetingone.com\/eu-fr\/","name":"MeetingOne French","description":"","potentialAction":[{"@type":"SearchAction","target":{"@type":"EntryPoint","urlTemplate":"https:\/\/www.meetingone.com\/eu-fr\/?s={search_term_string}"},"query-input":"required name=search_term_string"}],"inLanguage":"en-US"}]}},"_links":{"self":[{"href":"https:\/\/www.meetingone.com\/eu-fr\/wp-json\/wp\/v2\/pages\/8261"}],"collection":[{"href":"https:\/\/www.meetingone.com\/eu-fr\/wp-json\/wp\/v2\/pages"}],"about":[{"href":"https:\/\/www.meetingone.com\/eu-fr\/wp-json\/wp\/v2\/types\/page"}],"author":[{"embeddable":true,"href":"https:\/\/www.meetingone.com\/eu-fr\/wp-json\/wp\/v2\/users\/9"}],"replies":[{"embeddable":true,"href":"https:\/\/www.meetingone.com\/eu-fr\/wp-json\/wp\/v2\/comments?post=8261"}],"version-history":[{"count":13,"href":"https:\/\/www.meetingone.com\/eu-fr\/wp-json\/wp\/v2\/pages\/8261\/revisions"}],"predecessor-version":[{"id":8289,"href":"https:\/\/www.meetingone.com\/eu-fr\/wp-json\/wp\/v2\/pages\/8261\/revisions\/8289"}],"wp:attachment":[{"href":"https:\/\/www.meetingone.com\/eu-fr\/wp-json\/wp\/v2\/media?parent=8261"}],"curies":[{"name":"wp","href":"https:\/\/api.w.org\/{rel}","templated":true}]}}