{"id":8216,"date":"2024-04-10T09:23:02","date_gmt":"2024-04-10T15:23:02","guid":{"rendered":"https:\/\/www.meetingone.com\/eu-fr\/?page_id=8216"},"modified":"2024-06-25T08:11:15","modified_gmt":"2024-06-25T14:11:15","slug":"support-class","status":"publish","type":"page","link":"https:\/\/www.meetingone.com\/eu-fr\/support-class\/","title":{"rendered":"Class"},"content":{"rendered":"<p>[vc_row full_width=&#8221;stretch_row_content&#8221;][vc_column][vc_single_image image=&#8221;8295&#8243; img_size=&#8221;full&#8221; style=&#8221;vc_box_rounded&#8221;][\/vc_column][\/vc_row][vc_row][vc_column][vc_column_text]<\/p>\n<h2 style=\"text-align: center;\"><span style=\"color: #0000ff;\">Retrouvez toutes les ressources dont vous avez besoin ici !<\/span><\/h2>\n<p>[\/vc_column_text][\/vc_column][\/vc_row][vc_row][vc_column][vc_cta h2=&#8221;Base de connaissances MeetingOne&#8221; add_button=&#8221;right&#8221; btn_title=&#8221;Base de connaissances MeetingOne&#8221; btn_color=&#8221;blue&#8221; btn_size=&#8221;lg&#8221; btn_align=&#8221;right&#8221; btn_button_block=&#8221;true&#8221; btn_link=&#8221;url:https%3A%2F%2Fsupport.meetingone.com%2Ffr%2Fknowledge|title:Base%20de%20connaissances%20MeetingOne|target:_blank&#8221;]<\/p>\n<h3 style=\"text-align: left;\">Vous cherchez un sujet en particulier ? Visitez notre collection d&#8217;<a href=\"https:\/\/support.meetingone.com\/knowledge\">articles CLASS &#8220;Comment faire ?&#8221; ici.<\/a><\/h3>\n<p>[\/vc_cta][vc_cta h2=&#8221;Formation au produit CLASS&#8221; add_button=&#8221;right&#8221; btn_title=&#8221;Formation au produit CLASS&#8221; btn_color=&#8221;blue&#8221; btn_size=&#8221;lg&#8221; btn_align=&#8221;right&#8221; btn_button_block=&#8221;true&#8221; btn_link=&#8221;url:https%3A%2F%2Fwww.class.com%2Fproduct-training|title:Formation%20au%20produit%20CLASS|target:_blank&#8221;]<\/p>\n<h3>Trouver tout ce dont vous avez besoin pour commencer \u00e0 utiliser <a href=\"https:\/\/www.class.com\/product-training\">Class ici (en anglais).<\/a><\/h3>\n<p><span style=\"text-decoration: underline;\"><strong>\u00c9tape 1 : Bien d\u00e9marrer<\/strong><\/span><br \/>\nApprenez comment configurer et pr\u00e9parer votre instance Class.<\/p>\n<p><span style=\"text-decoration: underline;\"><strong>\u00c9tape 2 : Naviguer dans la salle Class<\/strong><\/span><br \/>\nApprenez \u00e0 comment utiliser les diverses fonctionnalit\u00e9s et configurations pour naviguer ais\u00e9ment dans les activit\u00e9s de la classe.<\/p>\n<p><span style=\"text-decoration: underline;\"><strong>\u00c9tape 3 : Prestation p\u00e9dagogique<\/strong><\/span><br \/>\nD\u00e9couvrez les outils int\u00e9gr\u00e9s de Class pour vous aider \u00e0 proposer du contenu attrayant et \u00e0 partager des supports de cours.<\/p>\n<p><span style=\"text-decoration: underline;\"><strong>\u00c9tape 4 : Outils de mobilisation<\/strong><\/span><br \/>\nApprenez \u00e0 encourager l&#8217;engagement et \u00e0 g\u00e9rer la classe avec une vari\u00e9t\u00e9 d&#8217;outils collaboratifs et administratifs.<\/p>\n<p><span style=\"text-decoration: underline;\"><strong>\u00c9tape 5 : Pratique suppl\u00e9mentaire<\/strong><\/span><br \/>\nUtilisez ces scripts pratiques\u2014seul ou avec vos pairs\u2014 afin de tester vos connaissances Class.[\/vc_cta][\/vc_column][\/vc_row][vc_row css=&#8221;.vc_custom_1718881381492{margin-right: -20px !important;margin-left: -20px !important;background-color: #f2f2f2 !important;border-radius: 10px !important;}&#8221;][vc_column width=&#8221;2\/3&#8243;][vc_video link=&#8221;https:\/\/www.youtube.com\/watch?v=zz56g4Q-PH0&amp;t=752s&#8221;][\/vc_column][vc_column width=&#8221;1\/3&#8243;][vc_column_text css=&#8221;.vc_custom_1718881565703{margin-top: 100px !important;}&#8221;]<\/p>\n<h4 style=\"text-align: center;\"><span style=\"color: #003366;\">A 12 minutes 32 de l&#8217;enregistrement de ce webinaire (<em>Vous en avez assez d&#8217;\u00eatre brid\u00e9(e) par Zoom ou Teams lors de vos sessions ?),<\/em> veuillez trouver une d\u00e9monstration de Class.<\/span><\/h4>\n<h4 style=\"text-align: center;\"><span style=\"color: #003366;\">Intervenants : <strong>Yannick Le Garff<\/strong> (<strong>MeetingOne<\/strong>) et <strong>Emmanuel Clemot<\/strong> (<strong>Class<\/strong>).<\/span><\/h4>\n<p>[\/vc_column_text][\/vc_column][\/vc_row][vc_row][vc_column][vc_column_text]<\/p>\n<h2 style=\"text-align: left;\"><span style=\"color: #0000ff;\">Vous avez envie d&#8217;en apprendre davantage ? <\/span><\/h2>\n<h2 style=\"text-align: right;\"><span style=\"color: #0000ff;\">D\u00e9couvrez ces collections de guides !<\/span><\/h2>\n<p>[\/vc_column_text][\/vc_column][\/vc_row][vc_row][vc_column][vc_cta h2=&#8221;Utilisation de CLASS&#8221; txt_align=&#8221;justify&#8221; add_button=&#8221;left&#8221; btn_title=&#8221;Utiliser CLASS&#8221; btn_color=&#8221;blue&#8221; btn_size=&#8221;lg&#8221; btn_align=&#8221;left&#8221; btn_button_block=&#8221;true&#8221; btn_link=&#8221;url:https%3A%2F%2Fsupport.class.com%2Fs%2Fusingclass|title:Utiliser%20CLASS|target:_blank&#8221; css=&#8221;.vc_custom_1712917413252{padding-left: 150px !important;background-color: #f7ba74 !important;}&#8221;]<\/p>\n<h4>Acc\u00e9der \u00e0 toute la collection des <a href=\"https:\/\/support.class.com\/s\/usingclass\">guides d&#8217;utilisation CLASS ici.<\/a><\/h4>\n<p>[\/vc_cta][vc_cta h2=&#8221;Comment bien d\u00e9marrer avec CLASS&#8221; txt_align=&#8221;justify&#8221; add_button=&#8221;right&#8221; btn_title=&#8221;Bien D\u00e9marrer&#8221; btn_color=&#8221;blue&#8221; btn_size=&#8221;lg&#8221; btn_align=&#8221;left&#8221; btn_button_block=&#8221;true&#8221; btn_link=&#8221;url:https%3A%2F%2Fsupport.class.com%2Fs%2Fgettingstarted|title:Bien%20d%C3%A9mmarrer%20avec%20CLASS|target:_blank&#8221; css=&#8221;.vc_custom_1712917669610{padding-left: 150px !important;background-color: #fce3bd !important;}&#8221;]<\/p>\n<h4>Acc\u00e9der \u00e0 toute la collection des <a href=\"https:\/\/support.class.com\/s\/gettingstarted\">guides Bien d\u00e9marrer avec CLASS ici.<\/a><\/h4>\n<p>[\/vc_cta][vc_cta h2=&#8221;D\u00e9pannage de CLASS&#8221; txt_align=&#8221;justify&#8221; add_button=&#8221;left&#8221; btn_title=&#8221;D\u00e9panner CLASS&#8221; btn_color=&#8221;blue&#8221; btn_size=&#8221;lg&#8221; btn_align=&#8221;left&#8221; btn_button_block=&#8221;true&#8221; btn_link=&#8221;url:https%3A%2F%2Fsupport.class.com%2Fs%2Ftroubleshooting|title:D%C3%A9panner%20CLASS|target:_blank&#8221; css=&#8221;.vc_custom_1712917379601{padding-left: 150px !important;background-color: #f7ba74 !important;}&#8221;]<\/p>\n<h4>Acc\u00e9der \u00e0 toute la collection des <a href=\"https:\/\/support.class.com\/s\/troubleshooting\">guides de d\u00e9pannage de CLASS ici.<\/a><\/h4>\n<p>[\/vc_cta][vc_cta h2=&#8221;Collaborate&#8221; txt_align=&#8221;justify&#8221; add_button=&#8221;right&#8221; btn_title=&#8221;Collaborate&#8221; btn_color=&#8221;blue&#8221; btn_size=&#8221;lg&#8221; btn_align=&#8221;left&#8221; btn_button_block=&#8221;true&#8221; btn_link=&#8221;url:https%3A%2F%2Fsupport.class.com%2Fs%2Fcollaborate|title:Collaborate|target:_blank&#8221; css=&#8221;.vc_custom_1712918288697{padding-left: 150px !important;background-color: #fce3bd !important;}&#8221;]<\/p>\n<h4>Acc\u00e9der \u00e0 toute la collection des <a href=\"https:\/\/support.class.com\/s\/collaborate\">articles CLASS ici.<\/a> \u00a0\u00a0\u00a0\u00a0\u00a0\u00a0\u00a0\u00a0\u00a0\u00a0\u00a0\u00a0\u00a0\u00a0\u00a0\u00a0\u00a0\u00a0\u00a0\u00a0\u00a0\u00a0\u00a0\u00a0\u00a0\u00a0\u00a0\u00a0\u00a0\u00a0\u00a0\u00a0\u00a0\u00a0\u00a0\u00a0\u00a0<span style=\"color: #fce3bd;\"> .<\/span><\/h4>\n<p>[\/vc_cta][\/vc_column][\/vc_row]<\/p>\n","protected":false},"excerpt":{"rendered":"<p>[vc_row full_width=&#8221;stretch_row_content&#8221;][vc_column][vc_single_image image=&#8221;8295&#8243; img_size=&#8221;full&#8221; style=&#8221;vc_box_rounded&#8221;][\/vc_column][\/vc_row][vc_row][vc_column][vc_column_text] Retrouvez toutes les ressources dont vous avez besoin ici ! [\/vc_column_text][\/vc_column][\/vc_row][vc_row][vc_column][vc_cta h2=&#8221;Base de connaissances MeetingOne&#8221; add_button=&#8221;right&#8221; btn_title=&#8221;Base de connaissances MeetingOne&#8221; btn_color=&#8221;blue&#8221; btn_size=&#8221;lg&#8221; btn_align=&#8221;right&#8221; btn_button_block=&#8221;true&#8221; btn_link=&#8221;url:https%3A%2F%2Fsupport.meetingone.com%2Ffr%2Fknowledge|title:Base%20de%20connaissances%20MeetingOne|target:_blank&#8221;] Vous cherchez un sujet en particulier ? Visitez notre collection d&#8217;articles CLASS &#8220;Comment faire ?&#8221; ici. [\/vc_cta][vc_cta h2=&#8221;Formation au produit CLASS&#8221; add_button=&#8221;right&#8221; btn_title=&#8221;Formation au produit [&hellip;]<\/p>\n","protected":false},"author":9,"featured_media":0,"parent":0,"menu_order":0,"comment_status":"closed","ping_status":"closed","template":"","meta":{"footnotes":""},"yoast_head":"<!-- This site is optimized with the Yoast SEO plugin v21.2 - https:\/\/yoast.com\/wordpress\/plugins\/seo\/ -->\n<title>Class - MeetingOne French<\/title>\n<meta name=\"robots\" content=\"index, follow, max-snippet:-1, max-image-preview:large, max-video-preview:-1\" \/>\n<link rel=\"canonical\" href=\"https:\/\/www.meetingone.com\/eu-fr\/support-class\/\" \/>\n<meta property=\"og:locale\" content=\"en_US\" \/>\n<meta property=\"og:type\" content=\"article\" \/>\n<meta property=\"og:title\" content=\"Class - MeetingOne French\" \/>\n<meta property=\"og:description\" content=\"[vc_row full_width=&#8221;stretch_row_content&#8221;][vc_column][vc_single_image image=&#8221;8295&#8243; img_size=&#8221;full&#8221; style=&#8221;vc_box_rounded&#8221;][\/vc_column][\/vc_row][vc_row][vc_column][vc_column_text] Retrouvez toutes les ressources dont vous avez besoin ici ! [\/vc_column_text][\/vc_column][\/vc_row][vc_row][vc_column][vc_cta h2=&#8221;Base de connaissances MeetingOne&#8221; add_button=&#8221;right&#8221; btn_title=&#8221;Base de connaissances MeetingOne&#8221; btn_color=&#8221;blue&#8221; btn_size=&#8221;lg&#8221; btn_align=&#8221;right&#8221; btn_button_block=&#8221;true&#8221; btn_link=&#8221;url:https%3A%2F%2Fsupport.meetingone.com%2Ffr%2Fknowledge|title:Base%20de%20connaissances%20MeetingOne|target:_blank&#8221;] Vous cherchez un sujet en particulier ? Visitez notre collection d&#8217;articles CLASS &#8220;Comment faire ?&#8221; ici. [\/vc_cta][vc_cta h2=&#8221;Formation au produit CLASS&#8221; add_button=&#8221;right&#8221; btn_title=&#8221;Formation au produit [&hellip;]\" \/>\n<meta property=\"og:url\" content=\"https:\/\/www.meetingone.com\/eu-fr\/support-class\/\" \/>\n<meta property=\"og:site_name\" content=\"MeetingOne French\" \/>\n<meta property=\"article:publisher\" content=\"https:\/\/www.facebook.com\/MeetingOne\" \/>\n<meta property=\"article:modified_time\" content=\"2024-06-25T14:11:15+00:00\" \/>\n<meta property=\"og:image\" content=\"https:\/\/www.meetingone.com\/eu-fr\/wp-content\/uploads\/sites\/7\/2015\/07\/MeetingOne-Icon.png\" \/>\n\t<meta property=\"og:image:width\" content=\"400\" \/>\n\t<meta property=\"og:image:height\" content=\"400\" \/>\n\t<meta property=\"og:image:type\" content=\"image\/png\" \/>\n<meta name=\"twitter:card\" content=\"summary_large_image\" \/>\n<meta name=\"twitter:site\" content=\"@meetingone\" \/>\n<meta name=\"twitter:label1\" content=\"Est. reading time\" \/>\n\t<meta name=\"twitter:data1\" content=\"2 minutes\" \/>\n<script type=\"application\/ld+json\" class=\"yoast-schema-graph\">{\"@context\":\"https:\/\/schema.org\",\"@graph\":[{\"@type\":\"WebPage\",\"@id\":\"https:\/\/www.meetingone.com\/eu-fr\/support-class\/\",\"url\":\"https:\/\/www.meetingone.com\/eu-fr\/support-class\/\",\"name\":\"Class - MeetingOne French\",\"isPartOf\":{\"@id\":\"https:\/\/www.meetingone.com\/eu-fr\/#website\"},\"datePublished\":\"2024-04-10T15:23:02+00:00\",\"dateModified\":\"2024-06-25T14:11:15+00:00\",\"breadcrumb\":{\"@id\":\"https:\/\/www.meetingone.com\/eu-fr\/support-class\/#breadcrumb\"},\"inLanguage\":\"en-US\",\"potentialAction\":[{\"@type\":\"ReadAction\",\"target\":[\"https:\/\/www.meetingone.com\/eu-fr\/support-class\/\"]}]},{\"@type\":\"BreadcrumbList\",\"@id\":\"https:\/\/www.meetingone.com\/eu-fr\/support-class\/#breadcrumb\",\"itemListElement\":[{\"@type\":\"ListItem\",\"position\":1,\"name\":\"Home\",\"item\":\"https:\/\/www.meetingone.com\/eu-fr\/\"},{\"@type\":\"ListItem\",\"position\":2,\"name\":\"Class\"}]},{\"@type\":\"WebSite\",\"@id\":\"https:\/\/www.meetingone.com\/eu-fr\/#website\",\"url\":\"https:\/\/www.meetingone.com\/eu-fr\/\",\"name\":\"MeetingOne French\",\"description\":\"\",\"potentialAction\":[{\"@type\":\"SearchAction\",\"target\":{\"@type\":\"EntryPoint\",\"urlTemplate\":\"https:\/\/www.meetingone.com\/eu-fr\/?s={search_term_string}\"},\"query-input\":\"required name=search_term_string\"}],\"inLanguage\":\"en-US\"}]}<\/script>\n<!-- \/ Yoast SEO plugin. -->","yoast_head_json":{"title":"Class - MeetingOne French","robots":{"index":"index","follow":"follow","max-snippet":"max-snippet:-1","max-image-preview":"max-image-preview:large","max-video-preview":"max-video-preview:-1"},"canonical":"https:\/\/www.meetingone.com\/eu-fr\/support-class\/","og_locale":"en_US","og_type":"article","og_title":"Class - MeetingOne French","og_description":"[vc_row full_width=&#8221;stretch_row_content&#8221;][vc_column][vc_single_image image=&#8221;8295&#8243; img_size=&#8221;full&#8221; style=&#8221;vc_box_rounded&#8221;][\/vc_column][\/vc_row][vc_row][vc_column][vc_column_text] Retrouvez toutes les ressources dont vous avez besoin ici ! [\/vc_column_text][\/vc_column][\/vc_row][vc_row][vc_column][vc_cta h2=&#8221;Base de connaissances MeetingOne&#8221; add_button=&#8221;right&#8221; btn_title=&#8221;Base de connaissances MeetingOne&#8221; btn_color=&#8221;blue&#8221; btn_size=&#8221;lg&#8221; btn_align=&#8221;right&#8221; btn_button_block=&#8221;true&#8221; btn_link=&#8221;url:https%3A%2F%2Fsupport.meetingone.com%2Ffr%2Fknowledge|title:Base%20de%20connaissances%20MeetingOne|target:_blank&#8221;] Vous cherchez un sujet en particulier ? Visitez notre collection d&#8217;articles CLASS &#8220;Comment faire ?&#8221; ici. [\/vc_cta][vc_cta h2=&#8221;Formation au produit CLASS&#8221; add_button=&#8221;right&#8221; btn_title=&#8221;Formation au produit [&hellip;]","og_url":"https:\/\/www.meetingone.com\/eu-fr\/support-class\/","og_site_name":"MeetingOne French","article_publisher":"https:\/\/www.facebook.com\/MeetingOne","article_modified_time":"2024-06-25T14:11:15+00:00","og_image":[{"width":400,"height":400,"url":"https:\/\/www.meetingone.com\/eu-fr\/wp-content\/uploads\/sites\/7\/2015\/07\/MeetingOne-Icon.png","type":"image\/png"}],"twitter_card":"summary_large_image","twitter_site":"@meetingone","twitter_misc":{"Est. reading time":"2 minutes"},"schema":{"@context":"https:\/\/schema.org","@graph":[{"@type":"WebPage","@id":"https:\/\/www.meetingone.com\/eu-fr\/support-class\/","url":"https:\/\/www.meetingone.com\/eu-fr\/support-class\/","name":"Class - MeetingOne French","isPartOf":{"@id":"https:\/\/www.meetingone.com\/eu-fr\/#website"},"datePublished":"2024-04-10T15:23:02+00:00","dateModified":"2024-06-25T14:11:15+00:00","breadcrumb":{"@id":"https:\/\/www.meetingone.com\/eu-fr\/support-class\/#breadcrumb"},"inLanguage":"en-US","potentialAction":[{"@type":"ReadAction","target":["https:\/\/www.meetingone.com\/eu-fr\/support-class\/"]}]},{"@type":"BreadcrumbList","@id":"https:\/\/www.meetingone.com\/eu-fr\/support-class\/#breadcrumb","itemListElement":[{"@type":"ListItem","position":1,"name":"Home","item":"https:\/\/www.meetingone.com\/eu-fr\/"},{"@type":"ListItem","position":2,"name":"Class"}]},{"@type":"WebSite","@id":"https:\/\/www.meetingone.com\/eu-fr\/#website","url":"https:\/\/www.meetingone.com\/eu-fr\/","name":"MeetingOne French","description":"","potentialAction":[{"@type":"SearchAction","target":{"@type":"EntryPoint","urlTemplate":"https:\/\/www.meetingone.com\/eu-fr\/?s={search_term_string}"},"query-input":"required name=search_term_string"}],"inLanguage":"en-US"}]}},"_links":{"self":[{"href":"https:\/\/www.meetingone.com\/eu-fr\/wp-json\/wp\/v2\/pages\/8216"}],"collection":[{"href":"https:\/\/www.meetingone.com\/eu-fr\/wp-json\/wp\/v2\/pages"}],"about":[{"href":"https:\/\/www.meetingone.com\/eu-fr\/wp-json\/wp\/v2\/types\/page"}],"author":[{"embeddable":true,"href":"https:\/\/www.meetingone.com\/eu-fr\/wp-json\/wp\/v2\/users\/9"}],"replies":[{"embeddable":true,"href":"https:\/\/www.meetingone.com\/eu-fr\/wp-json\/wp\/v2\/comments?post=8216"}],"version-history":[{"count":28,"href":"https:\/\/www.meetingone.com\/eu-fr\/wp-json\/wp\/v2\/pages\/8216\/revisions"}],"predecessor-version":[{"id":8297,"href":"https:\/\/www.meetingone.com\/eu-fr\/wp-json\/wp\/v2\/pages\/8216\/revisions\/8297"}],"wp:attachment":[{"href":"https:\/\/www.meetingone.com\/eu-fr\/wp-json\/wp\/v2\/media?parent=8216"}],"curies":[{"name":"wp","href":"https:\/\/api.w.org\/{rel}","templated":true}]}}