{"id":8091,"date":"2023-06-09T09:40:51","date_gmt":"2023-06-09T15:40:51","guid":{"rendered":"https:\/\/www.meetingone.com\/eu-fr\/?page_id=8091"},"modified":"2023-07-21T01:49:32","modified_gmt":"2023-07-21T07:49:32","slug":"clickmeet","status":"publish","type":"page","link":"https:\/\/www.meetingone.com\/eu-fr\/audioone\/clickmeet\/","title":{"rendered":"Produits &#8211; AudioOne Click&#038;Meet 5"},"content":{"rendered":"<p>[vc_row full_width=&#8221;stretch_row&#8221; css=&#8221;.vc_custom_1686315791732{padding-top: 60px !important;padding-bottom: 60px !important;background-image: url(https:\/\/www.meetingone.com\/wp-content\/uploads\/2015\/06\/new-hero-background-shadow-copy-blue-shade-2500-1.png?id=17106) !important;background-position: center !important;background-repeat: no-repeat !important;background-size: cover !important;}&#8221;][vc_column width=&#8221;7\/12&#8243;][vc_row_inner el_class=&#8221;banner-content&#8221;][vc_column_inner width=&#8221;3\/12&#8243;][vc_single_image image=&#8221;7853&#8243; img_size=&#8221;160px160&#8243; alignment=&#8221;center&#8221; css=&#8221;.vc_custom_1686320326374{margin-right: -5px !important;}&#8221;][\/vc_column_inner][vc_column_inner width=&#8221;9\/12&#8243;][vc_column_text el_class=&#8221;white-text&#8221; css=&#8221;.vc_custom_1686320344812{margin-left: -10px !important;padding-top: 25px !important;padding-bottom: 15px !important;}&#8221;]<\/p>\n<h1><span style=\"font-size: 70px;\">Click<\/span><span style=\"color: #f68920; font-size: 70px;\">&amp;<\/span><span style=\"font-size: 70px;\"><strong>Meet<\/strong><\/span><\/h1>\n<p>[\/vc_column_text][\/vc_column_inner][\/vc_row_inner][vc_column_text el_class=&#8221;white-text&#8221; css=&#8221;.vc_custom_1686326173498{padding-left: 10px !important;}&#8221;]<\/p>\n<h1>G\u00e9rez votre conf\u00e9rence audio gr\u00e2ce \u00e0 notre interface visuelle s\u00e9curis\u00e9e et facile d&#8217;utilisation<\/h1>\n<p><span style=\"color: #f68920; font-size: 19px;\"><strong>Inclus avec votre compte AudioOne, Click&amp;Meet vous permet de contr\u00f4ler vos conf\u00e9rences audio depuis votre ordinateur.\u00a0<\/strong><\/span><\/p>\n<p><span style=\"font-size: 17px;\">Maintenant, avec l&#8217;interface Click&amp;Meet, c&#8217;est facile de voir qui parle, de g\u00e9rer les intervenants et les sous-conf\u00e9rences et de produire des conf\u00e9rences audio professionnelles de qualit\u00e9.<\/span>[\/vc_column_text][\/vc_column][vc_column width=&#8221;5\/12&#8243;][vc_single_image image=&#8221;8095&#8243; img_size=&#8221;full&#8221; alignment=&#8221;center&#8221;][vc_row_inner css=&#8221;.vc_custom_1601399980251{padding-top: 10px !important;}&#8221;][vc_column_inner][vc_btn title=&#8221;<strong>R\u00e9server une d\u00e9mo<\/strong>&#8221; style=&#8221;custom&#8221; custom_background=&#8221;#6ac8dc&#8221; custom_text=&#8221;#ffffff&#8221; shape=&#8221;round&#8221; size=&#8221;lg&#8221; align=&#8221;center&#8221; css_animation=&#8221;left-to-right&#8221; button_block=&#8221;true&#8221; link=&#8221;url:%23demo&#8221; css=&#8221;.vc_custom_1686326329999{padding-top: 20px !important;}&#8221;][\/vc_column_inner][\/vc_row_inner][vc_btn title=&#8221;D\u00e9j\u00e0 client? <strong>Se connecter<\/strong>&#8221; style=&#8221;custom&#8221; custom_background=&#8221;#a3cd3a&#8221; custom_text=&#8221;#ffffff&#8221; shape=&#8221;round&#8221; size=&#8221;lg&#8221; align=&#8221;center&#8221; css_animation=&#8221;left-to-right&#8221; button_block=&#8221;true&#8221; link=&#8221;url:https%3A%2F%2Fclickandmeet.meetingone.eu%2Flogin%2F|target:_blank&#8221; css=&#8221;.vc_custom_1686321530544{padding-bottom: 30px !important;}&#8221;][\/vc_column][\/vc_row][vc_row full_width=&#8221;stretch_row&#8221; css=&#8221;.vc_custom_1578419183190{background-color: #ebf4f4 !important;}&#8221;][vc_column][vc_column_text css=&#8221;.vc_custom_1686323396892{padding-top: 30px !important;padding-bottom: 35px !important;}&#8221;]<\/p>\n<h2 style=\"text-align: center;\"><span style=\"color: #225d71;\">Faites passer votre audio conf\u00e9rence au niveau sup\u00e9rieur<\/span><\/h2>\n<p>[\/vc_column_text][\/vc_column][\/vc_row][vc_row full_width=&#8221;stretch_row&#8221; css=&#8221;.vc_custom_1578421614853{padding-bottom: 30px !important;background-color: #ebf4f4 !important;}&#8221;][vc_column width=&#8221;1\/2&#8243; css=&#8221;.vc_custom_1578420335665{margin-bottom: 20px !important;border-top-width: 15px !important;border-right-width: 15px !important;border-bottom-width: 15px !important;border-left-width: 15px !important;padding-top: 10px !important;padding-right: 25px !important;padding-bottom: 10px !important;padding-left: 25px !important;background-color: #ffffff !important;border-left-color: #ebf4f4 !important;border-left-style: solid !important;border-right-color: #ebf4f4 !important;border-right-style: solid !important;border-top-color: #ebf4f4 !important;border-top-style: solid !important;border-bottom-color: #ebf4f4 !important;border-bottom-style: solid !important;border-radius: 35px !important;}&#8221;][vc_column_text css=&#8221;.vc_custom_1686323548143{margin-bottom: -5px !important;padding-top: 10px !important;}&#8221;]<\/p>\n<h2 style=\"text-align: center; font-size: 20px;\"><span style=\"color: #f68920;\">Pour un contr\u00f4le total de votre conf\u00e9rence audio<br \/>\n<span style=\"font-size: 28px;\"><strong>et une meilleure exp\u00e9rience<\/strong><\/span><\/span><\/h2>\n<p>[\/vc_column_text][vc_single_image image=&#8221;7855&#8243; img_size=&#8221;400&#215;300&#8243; alignment=&#8221;center&#8221; onclick=&#8221;custom_link&#8221; css=&#8221;.vc_custom_1686324417345{margin-top: -1px !important;margin-bottom: -1px !important;padding-top: 50px !important;padding-bottom: 50px !important;}&#8221; link=&#8221;https:\/\/www.meetingone.com\/clickmeet-call-control\/&#8221;][vc_column_text css=&#8221;.vc_custom_1686325499373{margin-top: -1px !important;padding-top: 10px !important;padding-right: 5px !important;padding-bottom: 10px !important;padding-left: 5px !important;}&#8221;]<\/p>\n<p style=\"text-align: center;\"><b style=\"font-size: 16px;\">Transformez le chaos de la conf\u00e9rence audio en un \u00e9change contr\u00f4l\u00e9 et productif<\/b><br \/>\nGr\u00e4ce \u00e0 Click&amp;Meet, vous pouvez organiser des conf\u00e9rences audio avec de nombreux participants et g\u00e9rer en toute simplicit\u00e9 les microphones des participants, les temps d&#8217;attentes et les sous-conf\u00e9rences, transformant ainsi une t\u00e9l\u00e9conf\u00e9rence ordinaire en une exp\u00e9rience engageante.<\/p>\n<p>[\/vc_column_text][vc_row_inner][vc_column_inner width=&#8221;1\/4&#8243;][\/vc_column_inner][vc_column_inner width=&#8221;1\/2&#8243;][vc_btn title=&#8221;Learn More&#8221; style=&#8221;custom&#8221; custom_background=&#8221;#f68920&#8243; custom_text=&#8221;#ffffff&#8221; shape=&#8221;round&#8221; align=&#8221;center&#8221; button_block=&#8221;true&#8221; css=&#8221;.vc_custom_1686317852048{padding-right: 20px !important;padding-bottom: 30px !important;padding-left: 20px !important;}&#8221; link=&#8221;url:%2Fclickmeet-call-control%2F|target:_blank&#8221;][\/vc_column_inner][vc_column_inner width=&#8221;1\/4&#8243;][\/vc_column_inner][\/vc_row_inner][\/vc_column][vc_column width=&#8221;1\/2&#8243; css=&#8221;.vc_custom_1578420419636{margin-bottom: 20px !important;border-top-width: 15px !important;border-right-width: 15px !important;border-bottom-width: 15px !important;border-left-width: 15px !important;padding-top: 10px !important;padding-right: 25px !important;padding-bottom: 10px !important;padding-left: 25px !important;background-color: #ffffff !important;border-left-color: #ebf4f4 !important;border-left-style: solid !important;border-right-color: #ebf4f4 !important;border-right-style: solid !important;border-top-color: #ebf4f4 !important;border-top-style: solid !important;border-bottom-color: #ebf4f4 !important;border-bottom-style: solid !important;border-radius: 35px !important;}&#8221;][vc_column_text css=&#8221;.vc_custom_1686323744726{margin-bottom: -5px !important;padding-top: 10px !important;}&#8221;]<\/p>\n<h2 style=\"text-align: center; font-size: 20px;\"><span style=\"color: #a3cd3a;\">Pour une ma\u00eetrise et une s\u00e9curit\u00e9 totale de vos<br \/>\n<span style=\"font-size: 28px;\"><strong>Webinaires Adobe Connect<\/strong><\/span><\/span><\/h2>\n<p>[\/vc_column_text][vc_single_image image=&#8221;7854&#8243; img_size=&#8221;391&#215;290&#8243; alignment=&#8221;center&#8221; onclick=&#8221;custom_link&#8221; css=&#8221;.vc_custom_1686324424555{margin-top: -1px !important;margin-bottom: -1px !important;padding-top: 20px !important;}&#8221; link=&#8221;https:\/\/www.meetingone.com\/clickmeet-webinar-audio-control\/&#8221;][vc_column_text css=&#8221;.vc_custom_1686325300672{margin-top: -1px !important;padding-top: 10px !important;padding-right: 5px !important;padding-left: 5px !important;}&#8221;]<\/p>\n<p style=\"text-align: center;\"><b style=\"font-size: 16px;\">Produisez des webinaires fluides et maitris\u00e9s en toutes circonstances<\/b><br \/>\nV\u00e9ritable compl\u00e9ment d&#8217;Adobe Connect, Click&amp;Meet vous permet d&#8217;\u00e9tendre le contr\u00f4le de votre audio conf\u00e9rence. Gr\u00e2ce aux nombreuses fonctionnalit\u00e9s que vous offre Click&amp;Meet, produisez vos conf\u00e9rences en ligne de mani\u00e8re fluide et intuitive.<\/p>\n<p>[\/vc_column_text][vc_row_inner][vc_column_inner width=&#8221;1\/4&#8243;][\/vc_column_inner][vc_column_inner width=&#8221;1\/2&#8243;][vc_btn title=&#8221;Learn More&#8221; style=&#8221;custom&#8221; custom_background=&#8221;#a3cd3a&#8221; custom_text=&#8221;#ffffff&#8221; shape=&#8221;round&#8221; align=&#8221;center&#8221; button_block=&#8221;true&#8221; css=&#8221;.vc_custom_1686317790162{padding-right: 20px !important;padding-bottom: 30px !important;padding-left: 20px !important;}&#8221; link=&#8221;url:%2Fclickmeet-webinar-audio-control%2F|target:_blank&#8221;][\/vc_column_inner][vc_column_inner width=&#8221;1\/4&#8243;][\/vc_column_inner][\/vc_row_inner][\/vc_column][\/vc_row][vc_row full_width=&#8221;stretch_row&#8221; bg_type=&#8221;bg_color&#8221; css=&#8221;.vc_custom_1686317315699{padding-bottom: 55px !important;background-color: #ebf4f4 !important;}&#8221; el_id=&#8221;demo&#8221; bg_color_value=&#8221;#ffffff&#8221;][vc_column width=&#8221;3\/5&#8243; css=&#8221;.vc_custom_1578424298214{padding-top: 10px !important;}&#8221; offset=&#8221;vc_hidden-sm vc_hidden-xs&#8221;][vc_single_image image=&#8221;7852&#8243; img_size=&#8221;full&#8221; alignment=&#8221;center&#8221; style=&#8221;vc_box_rounded&#8221; onclick=&#8221;custom_link&#8221; link=&#8221;\/clickmeet-pricing\/&#8221; css=&#8221;.vc_custom_1686320728228{padding-top: 60px !important;padding-bottom: 30px !important;}&#8221;][\/vc_column][vc_column width=&#8221;2\/5&#8243;][vc_empty_space height=&#8221;60px&#8221;][vc_column_text css=&#8221;.vc_custom_1686321416842{padding-top: 120px !important;padding-left: 15px !important;}&#8221;]<span style=\"color: #225d71;\"><strong><span style=\"color: #0c3f4c;\"><b style=\"font-size: 20px;\">Explorez <span style=\"color: #f68920;\"><span style=\"color: #436e81;\">Click<\/span>&amp;<span style=\"color: #436e81;\">Meet<\/span><\/span> et d\u00e9couvrez tous ses avantages.<br \/>\nR\u00e9servez une d\u00e9monstration avec un expert.<\/b><\/span><\/strong><\/span>[\/vc_column_text][vc_btn title=&#8221;Reserver une d\u00e9mo&#8221; style=&#8221;custom&#8221; custom_background=&#8221;#6ac8dc&#8221; custom_text=&#8221;#ffffff&#8221; shape=&#8221;round&#8221; align=&#8221;left&#8221; css=&#8221;.vc_custom_1686321444442{padding-bottom: 10px !important;padding-left: 15px !important;}&#8221; link=&#8221;url:%2Fschedule-a-demo%2F||target:%20_blank&#8221;][\/vc_column][\/vc_row]<\/p>\n","protected":false},"excerpt":{"rendered":"<p>[vc_row full_width=&#8221;stretch_row&#8221; css=&#8221;.vc_custom_1686315791732{padding-top: 60px !important;padding-bottom: 60px !important;background-image: url(https:\/\/www.meetingone.com\/wp-content\/uploads\/2015\/06\/new-hero-background-shadow-copy-blue-shade-2500-1.png?id=17106) !important;background-position: center !important;background-repeat: no-repeat !important;background-size: cover !important;}&#8221;][vc_column width=&#8221;7\/12&#8243;][vc_row_inner el_class=&#8221;banner-content&#8221;][vc_column_inner width=&#8221;3\/12&#8243;][vc_single_image image=&#8221;7853&#8243; img_size=&#8221;160px160&#8243; alignment=&#8221;center&#8221; css=&#8221;.vc_custom_1686320326374{margin-right: -5px !important;}&#8221;][\/vc_column_inner][vc_column_inner width=&#8221;9\/12&#8243;][vc_column_text el_class=&#8221;white-text&#8221; css=&#8221;.vc_custom_1686320344812{margin-left: -10px !important;padding-top: 25px !important;padding-bottom: 15px !important;}&#8221;] Click&amp;Meet [\/vc_column_text][\/vc_column_inner][\/vc_row_inner][vc_column_text el_class=&#8221;white-text&#8221; css=&#8221;.vc_custom_1686326173498{padding-left: 10px !important;}&#8221;] G\u00e9rez votre conf\u00e9rence audio gr\u00e2ce \u00e0 notre interface visuelle s\u00e9curis\u00e9e et facile d&#8217;utilisation Inclus avec votre [&hellip;]<\/p>\n","protected":false},"author":29,"featured_media":0,"parent":163,"menu_order":0,"comment_status":"closed","ping_status":"closed","template":"","meta":{"footnotes":""},"yoast_head":"<!-- This site is optimized with the Yoast SEO plugin v21.2 - https:\/\/yoast.com\/wordpress\/plugins\/seo\/ -->\n<title>Produits - AudioOne Click&amp;Meet 5 - MeetingOne French<\/title>\n<meta name=\"robots\" content=\"index, follow, max-snippet:-1, max-image-preview:large, max-video-preview:-1\" \/>\n<link rel=\"canonical\" href=\"https:\/\/www.meetingone.com\/eu-fr\/audioone\/clickmeet\/\" \/>\n<meta property=\"og:locale\" content=\"en_US\" \/>\n<meta property=\"og:type\" content=\"article\" \/>\n<meta property=\"og:title\" content=\"Produits - AudioOne Click&amp;Meet 5 - MeetingOne French\" \/>\n<meta property=\"og:description\" content=\"[vc_row full_width=&#8221;stretch_row&#8221; css=&#8221;.vc_custom_1686315791732{padding-top: 60px !important;padding-bottom: 60px !important;background-image: url(https:\/\/www.meetingone.com\/wp-content\/uploads\/2015\/06\/new-hero-background-shadow-copy-blue-shade-2500-1.png?id=17106) !important;background-position: center !important;background-repeat: no-repeat !important;background-size: cover !important;}&#8221;][vc_column width=&#8221;7\/12&#8243;][vc_row_inner el_class=&#8221;banner-content&#8221;][vc_column_inner width=&#8221;3\/12&#8243;][vc_single_image image=&#8221;7853&#8243; img_size=&#8221;160px160&#8243; alignment=&#8221;center&#8221; css=&#8221;.vc_custom_1686320326374{margin-right: -5px !important;}&#8221;][\/vc_column_inner][vc_column_inner width=&#8221;9\/12&#8243;][vc_column_text el_class=&#8221;white-text&#8221; css=&#8221;.vc_custom_1686320344812{margin-left: -10px !important;padding-top: 25px !important;padding-bottom: 15px !important;}&#8221;] Click&amp;Meet [\/vc_column_text][\/vc_column_inner][\/vc_row_inner][vc_column_text el_class=&#8221;white-text&#8221; css=&#8221;.vc_custom_1686326173498{padding-left: 10px !important;}&#8221;] G\u00e9rez votre conf\u00e9rence audio gr\u00e2ce \u00e0 notre interface visuelle s\u00e9curis\u00e9e et facile d&#8217;utilisation Inclus avec votre [&hellip;]\" \/>\n<meta property=\"og:url\" content=\"https:\/\/www.meetingone.com\/eu-fr\/audioone\/clickmeet\/\" \/>\n<meta property=\"og:site_name\" content=\"MeetingOne French\" \/>\n<meta property=\"article:publisher\" content=\"https:\/\/www.facebook.com\/MeetingOne\" \/>\n<meta property=\"article:modified_time\" content=\"2023-07-21T07:49:32+00:00\" \/>\n<meta property=\"og:image\" content=\"https:\/\/www.meetingone.com\/eu-fr\/wp-content\/uploads\/sites\/7\/2015\/07\/MeetingOne-Icon.png\" \/>\n\t<meta property=\"og:image:width\" content=\"400\" \/>\n\t<meta property=\"og:image:height\" content=\"400\" \/>\n\t<meta property=\"og:image:type\" content=\"image\/png\" \/>\n<meta name=\"twitter:card\" content=\"summary_large_image\" \/>\n<meta name=\"twitter:site\" content=\"@meetingone\" \/>\n<meta name=\"twitter:label1\" content=\"Est. reading time\" \/>\n\t<meta name=\"twitter:data1\" content=\"3 minutes\" \/>\n<script type=\"application\/ld+json\" class=\"yoast-schema-graph\">{\"@context\":\"https:\/\/schema.org\",\"@graph\":[{\"@type\":\"WebPage\",\"@id\":\"https:\/\/www.meetingone.com\/eu-fr\/audioone\/clickmeet\/\",\"url\":\"https:\/\/www.meetingone.com\/eu-fr\/audioone\/clickmeet\/\",\"name\":\"Produits - AudioOne Click&Meet 5 - MeetingOne French\",\"isPartOf\":{\"@id\":\"https:\/\/www.meetingone.com\/eu-fr\/#website\"},\"datePublished\":\"2023-06-09T15:40:51+00:00\",\"dateModified\":\"2023-07-21T07:49:32+00:00\",\"breadcrumb\":{\"@id\":\"https:\/\/www.meetingone.com\/eu-fr\/audioone\/clickmeet\/#breadcrumb\"},\"inLanguage\":\"en-US\",\"potentialAction\":[{\"@type\":\"ReadAction\",\"target\":[\"https:\/\/www.meetingone.com\/eu-fr\/audioone\/clickmeet\/\"]}]},{\"@type\":\"BreadcrumbList\",\"@id\":\"https:\/\/www.meetingone.com\/eu-fr\/audioone\/clickmeet\/#breadcrumb\",\"itemListElement\":[{\"@type\":\"ListItem\",\"position\":1,\"name\":\"Home\",\"item\":\"https:\/\/www.meetingone.com\/eu-fr\/\"},{\"@type\":\"ListItem\",\"position\":2,\"name\":\"Produits &#8211; AudioOne\",\"item\":\"https:\/\/www.meetingone.com\/eu-fr\/audioone\/\"},{\"@type\":\"ListItem\",\"position\":3,\"name\":\"Produits &#8211; AudioOne Click&#038;Meet 5\"}]},{\"@type\":\"WebSite\",\"@id\":\"https:\/\/www.meetingone.com\/eu-fr\/#website\",\"url\":\"https:\/\/www.meetingone.com\/eu-fr\/\",\"name\":\"MeetingOne French\",\"description\":\"\",\"potentialAction\":[{\"@type\":\"SearchAction\",\"target\":{\"@type\":\"EntryPoint\",\"urlTemplate\":\"https:\/\/www.meetingone.com\/eu-fr\/?s={search_term_string}\"},\"query-input\":\"required name=search_term_string\"}],\"inLanguage\":\"en-US\"}]}<\/script>\n<!-- \/ Yoast SEO plugin. -->","yoast_head_json":{"title":"Produits - AudioOne Click&Meet 5 - MeetingOne French","robots":{"index":"index","follow":"follow","max-snippet":"max-snippet:-1","max-image-preview":"max-image-preview:large","max-video-preview":"max-video-preview:-1"},"canonical":"https:\/\/www.meetingone.com\/eu-fr\/audioone\/clickmeet\/","og_locale":"en_US","og_type":"article","og_title":"Produits - AudioOne Click&Meet 5 - MeetingOne French","og_description":"[vc_row full_width=&#8221;stretch_row&#8221; css=&#8221;.vc_custom_1686315791732{padding-top: 60px !important;padding-bottom: 60px !important;background-image: url(https:\/\/www.meetingone.com\/wp-content\/uploads\/2015\/06\/new-hero-background-shadow-copy-blue-shade-2500-1.png?id=17106) !important;background-position: center !important;background-repeat: no-repeat !important;background-size: cover !important;}&#8221;][vc_column width=&#8221;7\/12&#8243;][vc_row_inner el_class=&#8221;banner-content&#8221;][vc_column_inner width=&#8221;3\/12&#8243;][vc_single_image image=&#8221;7853&#8243; img_size=&#8221;160px160&#8243; alignment=&#8221;center&#8221; css=&#8221;.vc_custom_1686320326374{margin-right: -5px !important;}&#8221;][\/vc_column_inner][vc_column_inner width=&#8221;9\/12&#8243;][vc_column_text el_class=&#8221;white-text&#8221; css=&#8221;.vc_custom_1686320344812{margin-left: -10px !important;padding-top: 25px !important;padding-bottom: 15px !important;}&#8221;] Click&amp;Meet [\/vc_column_text][\/vc_column_inner][\/vc_row_inner][vc_column_text el_class=&#8221;white-text&#8221; css=&#8221;.vc_custom_1686326173498{padding-left: 10px !important;}&#8221;] G\u00e9rez votre conf\u00e9rence audio gr\u00e2ce \u00e0 notre interface visuelle s\u00e9curis\u00e9e et facile d&#8217;utilisation Inclus avec votre [&hellip;]","og_url":"https:\/\/www.meetingone.com\/eu-fr\/audioone\/clickmeet\/","og_site_name":"MeetingOne French","article_publisher":"https:\/\/www.facebook.com\/MeetingOne","article_modified_time":"2023-07-21T07:49:32+00:00","og_image":[{"width":400,"height":400,"url":"https:\/\/www.meetingone.com\/eu-fr\/wp-content\/uploads\/sites\/7\/2015\/07\/MeetingOne-Icon.png","type":"image\/png"}],"twitter_card":"summary_large_image","twitter_site":"@meetingone","twitter_misc":{"Est. reading time":"3 minutes"},"schema":{"@context":"https:\/\/schema.org","@graph":[{"@type":"WebPage","@id":"https:\/\/www.meetingone.com\/eu-fr\/audioone\/clickmeet\/","url":"https:\/\/www.meetingone.com\/eu-fr\/audioone\/clickmeet\/","name":"Produits - AudioOne Click&Meet 5 - MeetingOne French","isPartOf":{"@id":"https:\/\/www.meetingone.com\/eu-fr\/#website"},"datePublished":"2023-06-09T15:40:51+00:00","dateModified":"2023-07-21T07:49:32+00:00","breadcrumb":{"@id":"https:\/\/www.meetingone.com\/eu-fr\/audioone\/clickmeet\/#breadcrumb"},"inLanguage":"en-US","potentialAction":[{"@type":"ReadAction","target":["https:\/\/www.meetingone.com\/eu-fr\/audioone\/clickmeet\/"]}]},{"@type":"BreadcrumbList","@id":"https:\/\/www.meetingone.com\/eu-fr\/audioone\/clickmeet\/#breadcrumb","itemListElement":[{"@type":"ListItem","position":1,"name":"Home","item":"https:\/\/www.meetingone.com\/eu-fr\/"},{"@type":"ListItem","position":2,"name":"Produits &#8211; AudioOne","item":"https:\/\/www.meetingone.com\/eu-fr\/audioone\/"},{"@type":"ListItem","position":3,"name":"Produits &#8211; AudioOne Click&#038;Meet 5"}]},{"@type":"WebSite","@id":"https:\/\/www.meetingone.com\/eu-fr\/#website","url":"https:\/\/www.meetingone.com\/eu-fr\/","name":"MeetingOne French","description":"","potentialAction":[{"@type":"SearchAction","target":{"@type":"EntryPoint","urlTemplate":"https:\/\/www.meetingone.com\/eu-fr\/?s={search_term_string}"},"query-input":"required name=search_term_string"}],"inLanguage":"en-US"}]}},"_links":{"self":[{"href":"https:\/\/www.meetingone.com\/eu-fr\/wp-json\/wp\/v2\/pages\/8091"}],"collection":[{"href":"https:\/\/www.meetingone.com\/eu-fr\/wp-json\/wp\/v2\/pages"}],"about":[{"href":"https:\/\/www.meetingone.com\/eu-fr\/wp-json\/wp\/v2\/types\/page"}],"author":[{"embeddable":true,"href":"https:\/\/www.meetingone.com\/eu-fr\/wp-json\/wp\/v2\/users\/29"}],"replies":[{"embeddable":true,"href":"https:\/\/www.meetingone.com\/eu-fr\/wp-json\/wp\/v2\/comments?post=8091"}],"version-history":[{"count":12,"href":"https:\/\/www.meetingone.com\/eu-fr\/wp-json\/wp\/v2\/pages\/8091\/revisions"}],"predecessor-version":[{"id":8104,"href":"https:\/\/www.meetingone.com\/eu-fr\/wp-json\/wp\/v2\/pages\/8091\/revisions\/8104"}],"up":[{"embeddable":true,"href":"https:\/\/www.meetingone.com\/eu-fr\/wp-json\/wp\/v2\/pages\/163"}],"wp:attachment":[{"href":"https:\/\/www.meetingone.com\/eu-fr\/wp-json\/wp\/v2\/media?parent=8091"}],"curies":[{"name":"wp","href":"https:\/\/api.w.org\/{rel}","templated":true}]}}