{"id":7836,"date":"2023-02-22T08:11:16","date_gmt":"2023-02-22T15:11:16","guid":{"rendered":"https:\/\/www.meetingone.com\/eu-fr\/?page_id=7836"},"modified":"2023-06-09T05:44:08","modified_gmt":"2023-06-09T11:44:08","slug":"oam","status":"publish","type":"page","link":"https:\/\/www.meetingone.com\/eu-fr\/audioone\/oam\/","title":{"rendered":"Produits &#8211; OAM"},"content":{"rendered":"<p>[vc_row full_width=&#8221;stretch_row_content_no_spaces&#8221; parallax=&#8221;content-moving&#8221; parallax_image=&#8221;1146&#8243; el_class=&#8221;page-banner&#8221; css=&#8221;.vc_custom_1438810954282{background-position: center;background-repeat: no-repeat !important;background-size: cover !important;}&#8221;][vc_column][\/vc_column][\/vc_row][vc_row full_width=&#8221;stretch_row&#8221; css=&#8221;.vc_custom_1438805503517{padding-top: 20px !important;padding-bottom: 20px !important;background-image: url(https:\/\/www.meetingone.com\/wp-content\/uploads\/sites\/6\/2015\/02\/Red-Brushed-Steel_1600x400px.png?id=995) !important;background-position: center !important;background-repeat: no-repeat !important;background-size: cover !important;}&#8221;][vc_column][vc_row_inner][vc_column_inner width=&#8221;1\/4&#8243;][vc_single_image image=&#8221;7843&#8243; img_size=&#8221;medium&#8221; alignment=&#8221;center&#8221; css=&#8221;.vc_custom_1675855169420{padding-top: 20px !important;padding-right: 20px !important;padding-left: 20px !important;}&#8221;][\/vc_column_inner][vc_column_inner width=&#8221;3\/4&#8243;][vc_column_text el_class=&#8221;white-text&#8221; css=&#8221;.vc_custom_1675862968765{padding-right: 70px !important;padding-bottom: 10px !important;padding-left: 30px !important;}&#8221;]<\/p>\n<h1>G\u00e9rer votre compte AudioOne en ligne de n\u2019importe o\u00f9 et \u00e0 tout moment !<\/h1>\n<p>[\/vc_column_text][\/vc_column_inner][\/vc_row_inner][\/vc_column][\/vc_row][vc_row css=&#8221;.vc_custom_1434479767486{margin-top: 35px !important;margin-bottom: 35px !important;}&#8221;][vc_column][vc_column_text]<\/p>\n<h2 style=\"text-align: center;\">Principales caract\u00e9ristiques<\/h2>\n<p>[\/vc_column_text][vc_row_inner][vc_column_inner width=&#8221;1\/3&#8243; css=&#8221;.vc_custom_1443116608241{padding-bottom: 20px !important;}&#8221;][vc_single_image image=&#8221;654&#8243; img_size=&#8221;150&#215;150&#8243; alignment=&#8221;center&#8221; css_animation=&#8221;appear&#8221;][vc_column_text]<\/p>\n<h3 style=\"text-align: center; font-size: 22px;\"><span style=\"color: #f79502;\">Acc\u00e9der \u00e0 vos comptes en ligne<\/span><\/h3>\n<p>[\/vc_column_text][\/vc_column_inner][vc_column_inner width=&#8221;1\/3&#8243; css=&#8221;.vc_custom_1443116616002{padding-bottom: 20px !important;}&#8221;][vc_single_image image=&#8221;655&#8243; img_size=&#8221;150&#215;150&#8243; alignment=&#8221;center&#8221; css_animation=&#8221;appear&#8221;][vc_column_text]<\/p>\n<h3 style=\"text-align: center; font-size: 22px;\"><span style=\"color: #f79502;\">Cr\u00e9er de nouveaux utilisateurs<\/span><\/h3>\n<p>[\/vc_column_text][\/vc_column_inner][vc_column_inner width=&#8221;1\/3&#8243;][vc_single_image image=&#8221;7840&#8243; img_size=&#8221;150&#215;150&#8243; alignment=&#8221;center&#8221; css_animation=&#8221;appear&#8221;][vc_column_text]<\/p>\n<h3 style=\"text-align: center; font-size: 22px;\"><span style=\"color: #f79502;\">T\u00e9l\u00e9chargez vos enregistrements<\/span><\/h3>\n<p>[\/vc_column_text][\/vc_column_inner][\/vc_row_inner][\/vc_column][\/vc_row][vc_row full_width=&#8221;stretch_row&#8221; css=&#8221;.vc_custom_1435267278941{padding-top: 20px !important;padding-bottom: 20px !important;background-color: #b72026 !important;}&#8221;][vc_column width=&#8221;1\/2&#8243;][vc_btn title=&#8221;SE CONNECTER&#8221; style=&#8221;flat&#8221; shape=&#8221;round&#8221; color=&#8221;m1-peach&#8221; size=&#8221;lg&#8221; align=&#8221;center&#8221; css_animation=&#8221;left-to-right&#8221; button_block=&#8221;true&#8221; link=&#8221;url:https%3A%2F%2Foam.meetingone.eu%2FOAM%2Fapp|title:OAM%20Log%20In|target:_blank&#8221;][\/vc_column][vc_column width=&#8221;1\/2&#8243;][vc_btn title=&#8221;ESSAYER AVEC AUDIOONE&#8221; style=&#8221;flat&#8221; shape=&#8221;round&#8221; color=&#8221;m1-yellow&#8221; size=&#8221;lg&#8221; align=&#8221;center&#8221; css_animation=&#8221;right-to-left&#8221; button_block=&#8221;true&#8221; link=&#8221;url:https%3A%2F%2Fwww.meetingone.com%2Feu-en%2Ffree-trials%2Faudioone-trial%2F&#8221;][\/vc_column][\/vc_row][vc_row css=&#8221;.vc_custom_1435267267177{padding-top: 30px !important;padding-bottom: 50px !important;}&#8221;][vc_column][vc_column_text css=&#8221;.vc_custom_1675862925236{padding-right: 10px !important;padding-left: 10px !important;}&#8221;]<\/p>\n<h2>G\u00e9rez votre compte AudioOne en ligne depuis n&#8217;importe o\u00f9 et \u00e0 tout moment<\/h2>\n<h4>Gr\u00e2ce \u00e0 cette plateforme gratuite compl\u00e9mentaire, vous pouvez g\u00e9rer vos utilisateurs, d\u00e9finir des codes de facturation personnalis\u00e9s et acc\u00e9der \u00e0 vos enregistrements.<\/h4>\n<h4><strong><span style=\"color: #f59300;\">Nous vous avons facilit\u00e9 le suivi et la gestion de vos comptes audio.<\/span><\/strong><\/h4>\n<ul>\n<li>\n<h4>Suivez l\u2019utilisation de chaque ligne audio<\/h4>\n<\/li>\n<li>\n<h4>Cr\u00e9er et g\u00e9rez vos utilisateurs<\/h4>\n<\/li>\n<li>\n<h4>T\u00e9l\u00e9chargez les d\u00e9tails de facturation<\/h4>\n<\/li>\n<li>\n<h4>T\u00e9l\u00e9chargez vos enregistrements<\/h4>\n<\/li>\n<li>\n<h4>D\u00e9finissez des codes de facturation personnalis\u00e9s<\/h4>\n<\/li>\n<li>\n<h4>Param\u00e9trez votre salle audio selon vos pr\u00e9f\u00e9rences (utilisation du carillon, conditions d&#8217;acc\u00e8s etc&#8230;)<\/h4>\n<\/li>\n<\/ul>\n<p>[\/vc_column_text][\/vc_column][\/vc_row]<\/p>\n","protected":false},"excerpt":{"rendered":"<p>[vc_row full_width=&#8221;stretch_row_content_no_spaces&#8221; parallax=&#8221;content-moving&#8221; parallax_image=&#8221;1146&#8243; el_class=&#8221;page-banner&#8221; css=&#8221;.vc_custom_1438810954282{background-position: center;background-repeat: no-repeat !important;background-size: cover !important;}&#8221;][vc_column][\/vc_column][\/vc_row][vc_row full_width=&#8221;stretch_row&#8221; css=&#8221;.vc_custom_1438805503517{padding-top: 20px !important;padding-bottom: 20px !important;background-image: url(https:\/\/www.meetingone.com\/wp-content\/uploads\/sites\/6\/2015\/02\/Red-Brushed-Steel_1600x400px.png?id=995) !important;background-position: center !important;background-repeat: no-repeat !important;background-size: cover !important;}&#8221;][vc_column][vc_row_inner][vc_column_inner width=&#8221;1\/4&#8243;][vc_single_image image=&#8221;7843&#8243; img_size=&#8221;medium&#8221; alignment=&#8221;center&#8221; css=&#8221;.vc_custom_1675855169420{padding-top: 20px !important;padding-right: 20px !important;padding-left: 20px !important;}&#8221;][\/vc_column_inner][vc_column_inner width=&#8221;3\/4&#8243;][vc_column_text el_class=&#8221;white-text&#8221; css=&#8221;.vc_custom_1675862968765{padding-right: 70px !important;padding-bottom: 10px !important;padding-left: 30px !important;}&#8221;] G\u00e9rer votre compte AudioOne en ligne de n\u2019importe o\u00f9 et [&hellip;]<\/p>\n","protected":false},"author":29,"featured_media":0,"parent":163,"menu_order":0,"comment_status":"closed","ping_status":"closed","template":"","meta":{"footnotes":""},"yoast_head":"<!-- This site is optimized with the Yoast SEO plugin v21.2 - https:\/\/yoast.com\/wordpress\/plugins\/seo\/ -->\n<title>Produits - OAM - MeetingOne French<\/title>\n<meta name=\"robots\" content=\"index, follow, max-snippet:-1, max-image-preview:large, max-video-preview:-1\" \/>\n<link rel=\"canonical\" href=\"https:\/\/www.meetingone.com\/eu-fr\/audioone\/oam\/\" \/>\n<meta property=\"og:locale\" content=\"en_US\" \/>\n<meta property=\"og:type\" content=\"article\" \/>\n<meta property=\"og:title\" content=\"Produits - OAM - MeetingOne French\" \/>\n<meta property=\"og:description\" content=\"[vc_row full_width=&#8221;stretch_row_content_no_spaces&#8221; parallax=&#8221;content-moving&#8221; parallax_image=&#8221;1146&#8243; el_class=&#8221;page-banner&#8221; css=&#8221;.vc_custom_1438810954282{background-position: center;background-repeat: no-repeat !important;background-size: cover !important;}&#8221;][vc_column][\/vc_column][\/vc_row][vc_row full_width=&#8221;stretch_row&#8221; css=&#8221;.vc_custom_1438805503517{padding-top: 20px !important;padding-bottom: 20px !important;background-image: url(https:\/\/www.meetingone.com\/wp-content\/uploads\/sites\/6\/2015\/02\/Red-Brushed-Steel_1600x400px.png?id=995) !important;background-position: center !important;background-repeat: no-repeat !important;background-size: cover !important;}&#8221;][vc_column][vc_row_inner][vc_column_inner width=&#8221;1\/4&#8243;][vc_single_image image=&#8221;7843&#8243; img_size=&#8221;medium&#8221; alignment=&#8221;center&#8221; css=&#8221;.vc_custom_1675855169420{padding-top: 20px !important;padding-right: 20px !important;padding-left: 20px !important;}&#8221;][\/vc_column_inner][vc_column_inner width=&#8221;3\/4&#8243;][vc_column_text el_class=&#8221;white-text&#8221; css=&#8221;.vc_custom_1675862968765{padding-right: 70px !important;padding-bottom: 10px !important;padding-left: 30px !important;}&#8221;] G\u00e9rer votre compte AudioOne en ligne de n\u2019importe o\u00f9 et [&hellip;]\" \/>\n<meta property=\"og:url\" content=\"https:\/\/www.meetingone.com\/eu-fr\/audioone\/oam\/\" \/>\n<meta property=\"og:site_name\" content=\"MeetingOne French\" \/>\n<meta property=\"article:publisher\" content=\"https:\/\/www.facebook.com\/MeetingOne\" \/>\n<meta property=\"article:modified_time\" content=\"2023-06-09T11:44:08+00:00\" \/>\n<meta property=\"og:image\" content=\"https:\/\/www.meetingone.com\/eu-fr\/wp-content\/uploads\/sites\/7\/2015\/07\/MeetingOne-Icon.png\" \/>\n\t<meta property=\"og:image:width\" content=\"400\" \/>\n\t<meta property=\"og:image:height\" content=\"400\" \/>\n\t<meta property=\"og:image:type\" content=\"image\/png\" \/>\n<meta name=\"twitter:card\" content=\"summary_large_image\" \/>\n<meta name=\"twitter:site\" content=\"@meetingone\" \/>\n<meta name=\"twitter:label1\" content=\"Est. reading time\" \/>\n\t<meta name=\"twitter:data1\" content=\"2 minutes\" \/>\n<script type=\"application\/ld+json\" class=\"yoast-schema-graph\">{\"@context\":\"https:\/\/schema.org\",\"@graph\":[{\"@type\":\"WebPage\",\"@id\":\"https:\/\/www.meetingone.com\/eu-fr\/audioone\/oam\/\",\"url\":\"https:\/\/www.meetingone.com\/eu-fr\/audioone\/oam\/\",\"name\":\"Produits - OAM - MeetingOne French\",\"isPartOf\":{\"@id\":\"https:\/\/www.meetingone.com\/eu-fr\/#website\"},\"datePublished\":\"2023-02-22T15:11:16+00:00\",\"dateModified\":\"2023-06-09T11:44:08+00:00\",\"breadcrumb\":{\"@id\":\"https:\/\/www.meetingone.com\/eu-fr\/audioone\/oam\/#breadcrumb\"},\"inLanguage\":\"en-US\",\"potentialAction\":[{\"@type\":\"ReadAction\",\"target\":[\"https:\/\/www.meetingone.com\/eu-fr\/audioone\/oam\/\"]}]},{\"@type\":\"BreadcrumbList\",\"@id\":\"https:\/\/www.meetingone.com\/eu-fr\/audioone\/oam\/#breadcrumb\",\"itemListElement\":[{\"@type\":\"ListItem\",\"position\":1,\"name\":\"Home\",\"item\":\"https:\/\/www.meetingone.com\/eu-fr\/\"},{\"@type\":\"ListItem\",\"position\":2,\"name\":\"Produits &#8211; AudioOne\",\"item\":\"https:\/\/www.meetingone.com\/eu-fr\/audioone\/\"},{\"@type\":\"ListItem\",\"position\":3,\"name\":\"Produits &#8211; OAM\"}]},{\"@type\":\"WebSite\",\"@id\":\"https:\/\/www.meetingone.com\/eu-fr\/#website\",\"url\":\"https:\/\/www.meetingone.com\/eu-fr\/\",\"name\":\"MeetingOne French\",\"description\":\"\",\"potentialAction\":[{\"@type\":\"SearchAction\",\"target\":{\"@type\":\"EntryPoint\",\"urlTemplate\":\"https:\/\/www.meetingone.com\/eu-fr\/?s={search_term_string}\"},\"query-input\":\"required name=search_term_string\"}],\"inLanguage\":\"en-US\"}]}<\/script>\n<!-- \/ Yoast SEO plugin. -->","yoast_head_json":{"title":"Produits - OAM - MeetingOne French","robots":{"index":"index","follow":"follow","max-snippet":"max-snippet:-1","max-image-preview":"max-image-preview:large","max-video-preview":"max-video-preview:-1"},"canonical":"https:\/\/www.meetingone.com\/eu-fr\/audioone\/oam\/","og_locale":"en_US","og_type":"article","og_title":"Produits - OAM - MeetingOne French","og_description":"[vc_row full_width=&#8221;stretch_row_content_no_spaces&#8221; parallax=&#8221;content-moving&#8221; parallax_image=&#8221;1146&#8243; el_class=&#8221;page-banner&#8221; css=&#8221;.vc_custom_1438810954282{background-position: center;background-repeat: no-repeat !important;background-size: cover !important;}&#8221;][vc_column][\/vc_column][\/vc_row][vc_row full_width=&#8221;stretch_row&#8221; css=&#8221;.vc_custom_1438805503517{padding-top: 20px !important;padding-bottom: 20px !important;background-image: url(https:\/\/www.meetingone.com\/wp-content\/uploads\/sites\/6\/2015\/02\/Red-Brushed-Steel_1600x400px.png?id=995) !important;background-position: center !important;background-repeat: no-repeat !important;background-size: cover !important;}&#8221;][vc_column][vc_row_inner][vc_column_inner width=&#8221;1\/4&#8243;][vc_single_image image=&#8221;7843&#8243; img_size=&#8221;medium&#8221; alignment=&#8221;center&#8221; css=&#8221;.vc_custom_1675855169420{padding-top: 20px !important;padding-right: 20px !important;padding-left: 20px !important;}&#8221;][\/vc_column_inner][vc_column_inner width=&#8221;3\/4&#8243;][vc_column_text el_class=&#8221;white-text&#8221; css=&#8221;.vc_custom_1675862968765{padding-right: 70px !important;padding-bottom: 10px !important;padding-left: 30px !important;}&#8221;] G\u00e9rer votre compte AudioOne en ligne de n\u2019importe o\u00f9 et [&hellip;]","og_url":"https:\/\/www.meetingone.com\/eu-fr\/audioone\/oam\/","og_site_name":"MeetingOne French","article_publisher":"https:\/\/www.facebook.com\/MeetingOne","article_modified_time":"2023-06-09T11:44:08+00:00","og_image":[{"width":400,"height":400,"url":"https:\/\/www.meetingone.com\/eu-fr\/wp-content\/uploads\/sites\/7\/2015\/07\/MeetingOne-Icon.png","type":"image\/png"}],"twitter_card":"summary_large_image","twitter_site":"@meetingone","twitter_misc":{"Est. reading time":"2 minutes"},"schema":{"@context":"https:\/\/schema.org","@graph":[{"@type":"WebPage","@id":"https:\/\/www.meetingone.com\/eu-fr\/audioone\/oam\/","url":"https:\/\/www.meetingone.com\/eu-fr\/audioone\/oam\/","name":"Produits - OAM - MeetingOne French","isPartOf":{"@id":"https:\/\/www.meetingone.com\/eu-fr\/#website"},"datePublished":"2023-02-22T15:11:16+00:00","dateModified":"2023-06-09T11:44:08+00:00","breadcrumb":{"@id":"https:\/\/www.meetingone.com\/eu-fr\/audioone\/oam\/#breadcrumb"},"inLanguage":"en-US","potentialAction":[{"@type":"ReadAction","target":["https:\/\/www.meetingone.com\/eu-fr\/audioone\/oam\/"]}]},{"@type":"BreadcrumbList","@id":"https:\/\/www.meetingone.com\/eu-fr\/audioone\/oam\/#breadcrumb","itemListElement":[{"@type":"ListItem","position":1,"name":"Home","item":"https:\/\/www.meetingone.com\/eu-fr\/"},{"@type":"ListItem","position":2,"name":"Produits &#8211; AudioOne","item":"https:\/\/www.meetingone.com\/eu-fr\/audioone\/"},{"@type":"ListItem","position":3,"name":"Produits &#8211; OAM"}]},{"@type":"WebSite","@id":"https:\/\/www.meetingone.com\/eu-fr\/#website","url":"https:\/\/www.meetingone.com\/eu-fr\/","name":"MeetingOne French","description":"","potentialAction":[{"@type":"SearchAction","target":{"@type":"EntryPoint","urlTemplate":"https:\/\/www.meetingone.com\/eu-fr\/?s={search_term_string}"},"query-input":"required name=search_term_string"}],"inLanguage":"en-US"}]}},"_links":{"self":[{"href":"https:\/\/www.meetingone.com\/eu-fr\/wp-json\/wp\/v2\/pages\/7836"}],"collection":[{"href":"https:\/\/www.meetingone.com\/eu-fr\/wp-json\/wp\/v2\/pages"}],"about":[{"href":"https:\/\/www.meetingone.com\/eu-fr\/wp-json\/wp\/v2\/types\/page"}],"author":[{"embeddable":true,"href":"https:\/\/www.meetingone.com\/eu-fr\/wp-json\/wp\/v2\/users\/29"}],"replies":[{"embeddable":true,"href":"https:\/\/www.meetingone.com\/eu-fr\/wp-json\/wp\/v2\/comments?post=7836"}],"version-history":[{"count":13,"href":"https:\/\/www.meetingone.com\/eu-fr\/wp-json\/wp\/v2\/pages\/7836\/revisions"}],"predecessor-version":[{"id":8108,"href":"https:\/\/www.meetingone.com\/eu-fr\/wp-json\/wp\/v2\/pages\/7836\/revisions\/8108"}],"up":[{"embeddable":true,"href":"https:\/\/www.meetingone.com\/eu-fr\/wp-json\/wp\/v2\/pages\/163"}],"wp:attachment":[{"href":"https:\/\/www.meetingone.com\/eu-fr\/wp-json\/wp\/v2\/media?parent=7836"}],"curies":[{"name":"wp","href":"https:\/\/api.w.org\/{rel}","templated":true}]}}