{"id":774,"date":"2015-07-26T19:03:17","date_gmt":"2015-07-27T01:03:17","guid":{"rendered":"https:\/\/www.meetingone.eu\/eu-fr\/?page_id=774"},"modified":"2023-02-23T04:21:22","modified_gmt":"2023-02-23T11:21:22","slug":"devenir-partenaire","status":"publish","type":"page","link":"https:\/\/www.meetingone.com\/eu-fr\/devenir-partenaire\/","title":{"rendered":"A Propos &#8211; Devenir partenaire"},"content":{"rendered":"<p>[vc_row full_width=&#8221;stretch_row_content_no_spaces&#8221; parallax=&#8221;content-moving&#8221; parallax_image=&#8221;1334&#8243; el_class=&#8221;page-banner&#8221;][vc_column][vc_row_inner el_class=&#8221;banner-content&#8221; css=&#8221;.vc_custom_1441395963373{margin-top: 250px !important;padding-right: 20px !important;padding-left: 20px !important;}&#8221;][vc_column_inner][vc_column_text el_class=&#8221;white-text&#8221; css=&#8221;.vc_custom_1515617373069{padding-top: 10px !important;padding-bottom: 10px !important;}&#8221;]<\/p>\n<h1>Le bon partenariat peut tout changer<\/h1>\n<p>[\/vc_column_text][\/vc_column_inner][\/vc_row_inner][\/vc_column][\/vc_row][vc_row][vc_column][vc_column_text css=&#8221;.vc_custom_1441395718821{padding-top: 25px !important;}&#8221;]<\/p>\n<h2 style=\"text-align: center;\"><span style=\"color: #bb2025;\">Programme de partenariat MeetingOne<\/span><\/h2>\n<p>[\/vc_column_text][vc_row_inner][vc_column_inner width=&#8221;1\/6&#8243;][\/vc_column_inner][vc_column_inner width=&#8221;2\/3&#8243;][vc_column_text css=&#8221;.vc_custom_1441395737468{padding-bottom: 50px !important;}&#8221;]<\/p>\n<h4><span style=\"color: #ff9900;\">En devenant partenaire de MeetingOne, vous pouvez offrir \u00e0 vos clients d&#8217;Adobe Connect une solution compl\u00e8te de conf\u00e9rence en ligne.<\/span><\/h4>\n<p>MeetingOne offre le plus haut niveau de capacit\u00e9s de service et de personnalisation, en fournissant \u00e0 nos partenaires revendeurs, grossistes et repr\u00e9sentants des services de marque priv\u00e9e, tout en augmentant les revenus des solides programmes de partenariat bas\u00e9s sur les commissions ou sur la vente en gros.[\/vc_column_text][\/vc_column_inner][vc_column_inner width=&#8221;1\/6&#8243;][\/vc_column_inner][\/vc_row_inner][\/vc_column][\/vc_row][vc_row full_width=&#8221;stretch_row&#8221; css=&#8221;.vc_custom_1439312986305{background-image: url(https:\/\/www.meetingone.com\/wp-content\/uploads\/sites\/7\/2015\/07\/Options_flipped.jpg?id=1342) !important;background-position: center !important;background-repeat: no-repeat !important;background-size: cover !important;}&#8221;][vc_column width=&#8221;1\/2&#8243;][vc_column_text el_class=&#8221;white-text&#8221; css=&#8221;.vc_custom_1441395838063{padding-top: 20px !important;padding-bottom: 40px !important;background-position: center !important;background-repeat: no-repeat !important;background-size: contain !important;}&#8221;]<\/p>\n<h3><span style=\"color: #ffcc00;\">Nous offrons \u00e0 nos partenaires de nombreux avantages.<\/span><\/h3>\n<ul>\n<li>Service de conf\u00e9rence AudioOne<\/li>\n<li>Assistance \u00e0 la client\u00e8le<\/li>\n<li>Services de facturation<\/li>\n<li>Personnalisation du message de bienvenue pour AudioOne<\/li>\n<li>Formation et soutien \u00e0 votre \u00e9quipe de vente<\/li>\n<li>Une plate-forme compl\u00e8te de solutions personnalis\u00e9es \u00e0 offrir \u00e0 vos clients, telles qu&#8217;AudioOne, ScheduleOne, page de connexion personnalis\u00e9e pour Adobe Connect, Blackboard Integrator pour Adobe Connect et Bulk Provisioning Tool<\/li>\n<\/ul>\n<p>[\/vc_column_text][\/vc_column][vc_column width=&#8221;1\/2&#8243;][\/vc_column][\/vc_row][vc_row][vc_column][vc_column_text css=&#8221;.vc_custom_1441395917048{padding-top: 40px !important;}&#8221;]<\/p>\n<h3><span style=\"color: #bb2025;\">Pour plus de d\u00e9tails, veuillez remplir le formulaire ci-dessous.<\/span><\/h3>\n<p>Nous vous remercions de votre int\u00e9r\u00eat et nous nous r\u00e9jouissons \u00e0 la perspective de travailler avec vous.[\/vc_column_text][vc_column_text el_class=&#8221;hidden&#8221;]<\/p>\n<p style=\"text-align: center;\"><strong>Pardot\u00a0Form Code below.<\/strong><\/p>\n<p style=\"text-align: center;\"><strong>DO NOT DELETE!<\/strong><\/p>\n<p>[\/vc_column_text][vc_raw_html]JTNDc2NyaXB0JTIwY2hhcnNldCUzRCUyMnV0Zi04JTIyJTIwdHlwZSUzRCUyMnRleHQlMkZqYXZhc2NyaXB0JTIyJTIwc3JjJTNEJTIyJTJGJTJGanMuaHNmb3Jtcy5uZXQlMkZmb3JtcyUyRnYyLmpzJTIyJTNFJTNDJTJGc2NyaXB0JTNFJTBBJTNDc2NyaXB0JTNFJTBBJTIwJTIwaGJzcHQuZm9ybXMuY3JlYXRlJTI4JTdCJTBBJTIwJTIwJTIwJTIwcmVnaW9uJTNBJTIwJTIybmExJTIyJTJDJTBBJTIwJTIwJTIwJTIwcG9ydGFsSWQlM0ElMjAlMjIyMTg1Njk5MyUyMiUyQyUwQSUyMCUyMCUyMCUyMGZvcm1JZCUzQSUyMCUyMjhlNzNiNmFiLTk2OTctNDZhNy04YTFhLTVhNzZlMmI2NGQ5OSUyMiUwQSUyMCUyMCU3RCUyOSUzQiUwQSUzQyUyRnNjcmlwdCUzRQ==[\/vc_raw_html][\/vc_column][\/vc_row]<\/p>\n","protected":false},"excerpt":{"rendered":"<p>[vc_row full_width=&#8221;stretch_row_content_no_spaces&#8221; parallax=&#8221;content-moving&#8221; parallax_image=&#8221;1334&#8243; el_class=&#8221;page-banner&#8221;][vc_column][vc_row_inner el_class=&#8221;banner-content&#8221; css=&#8221;.vc_custom_1441395963373{margin-top: 250px !important;padding-right: 20px !important;padding-left: 20px !important;}&#8221;][vc_column_inner][vc_column_text el_class=&#8221;white-text&#8221; css=&#8221;.vc_custom_1515617373069{padding-top: 10px !important;padding-bottom: 10px !important;}&#8221;] Le bon partenariat peut tout changer [\/vc_column_text][\/vc_column_inner][\/vc_row_inner][\/vc_column][\/vc_row][vc_row][vc_column][vc_column_text css=&#8221;.vc_custom_1441395718821{padding-top: 25px !important;}&#8221;] Programme de partenariat MeetingOne [\/vc_column_text][vc_row_inner][vc_column_inner width=&#8221;1\/6&#8243;][\/vc_column_inner][vc_column_inner width=&#8221;2\/3&#8243;][vc_column_text css=&#8221;.vc_custom_1441395737468{padding-bottom: 50px !important;}&#8221;] En devenant partenaire de MeetingOne, vous pouvez offrir \u00e0 vos clients d&#8217;Adobe Connect une solution compl\u00e8te [&hellip;]<\/p>\n","protected":false},"author":1,"featured_media":0,"parent":0,"menu_order":0,"comment_status":"closed","ping_status":"closed","template":"","meta":{"footnotes":""},"yoast_head":"<!-- This site is optimized with the Yoast SEO plugin v21.2 - https:\/\/yoast.com\/wordpress\/plugins\/seo\/ -->\n<title>Devenir partenaire<\/title>\n<meta name=\"description\" content=\"En devenant partenaire de MeetingOne, vous pouvez offrir \u00e0 vos clients d&#039;Adobe Connect une solution compl\u00e8te de conf\u00e9rence en ligne.\" \/>\n<meta name=\"robots\" content=\"index, follow, max-snippet:-1, max-image-preview:large, max-video-preview:-1\" \/>\n<link rel=\"canonical\" href=\"https:\/\/www.meetingone.com\/eu-fr\/devenir-partenaire\/\" \/>\n<meta property=\"og:locale\" content=\"en_US\" \/>\n<meta property=\"og:type\" content=\"article\" \/>\n<meta property=\"og:title\" content=\"Devenir partenaire\" \/>\n<meta property=\"og:description\" content=\"En devenant partenaire de MeetingOne, vous pouvez offrir \u00e0 vos clients d&#039;Adobe Connect une solution compl\u00e8te de conf\u00e9rence en ligne.\" \/>\n<meta property=\"og:url\" content=\"https:\/\/www.meetingone.com\/eu-fr\/devenir-partenaire\/\" \/>\n<meta property=\"og:site_name\" content=\"MeetingOne French\" \/>\n<meta property=\"article:publisher\" content=\"https:\/\/www.facebook.com\/MeetingOne\" \/>\n<meta property=\"article:modified_time\" content=\"2023-02-23T11:21:22+00:00\" \/>\n<meta property=\"og:image\" content=\"https:\/\/www.meetingone.com\/eu-fr\/wp-content\/uploads\/sites\/7\/2015\/07\/MeetingOne-Icon.png\" \/>\n\t<meta property=\"og:image:width\" content=\"400\" \/>\n\t<meta property=\"og:image:height\" content=\"400\" \/>\n\t<meta property=\"og:image:type\" content=\"image\/png\" \/>\n<meta name=\"twitter:card\" content=\"summary_large_image\" \/>\n<meta name=\"twitter:site\" content=\"@meetingone\" \/>\n<meta name=\"twitter:label1\" content=\"Est. reading time\" \/>\n\t<meta name=\"twitter:data1\" content=\"2 minutes\" \/>\n<script type=\"application\/ld+json\" class=\"yoast-schema-graph\">{\"@context\":\"https:\/\/schema.org\",\"@graph\":[{\"@type\":\"WebPage\",\"@id\":\"https:\/\/www.meetingone.com\/eu-fr\/devenir-partenaire\/\",\"url\":\"https:\/\/www.meetingone.com\/eu-fr\/devenir-partenaire\/\",\"name\":\"Devenir partenaire\",\"isPartOf\":{\"@id\":\"https:\/\/www.meetingone.com\/eu-fr\/#website\"},\"datePublished\":\"2015-07-27T01:03:17+00:00\",\"dateModified\":\"2023-02-23T11:21:22+00:00\",\"description\":\"En devenant partenaire de MeetingOne, vous pouvez offrir \u00e0 vos clients d'Adobe Connect une solution compl\u00e8te de conf\u00e9rence en ligne.\",\"breadcrumb\":{\"@id\":\"https:\/\/www.meetingone.com\/eu-fr\/devenir-partenaire\/#breadcrumb\"},\"inLanguage\":\"en-US\",\"potentialAction\":[{\"@type\":\"ReadAction\",\"target\":[\"https:\/\/www.meetingone.com\/eu-fr\/devenir-partenaire\/\"]}]},{\"@type\":\"BreadcrumbList\",\"@id\":\"https:\/\/www.meetingone.com\/eu-fr\/devenir-partenaire\/#breadcrumb\",\"itemListElement\":[{\"@type\":\"ListItem\",\"position\":1,\"name\":\"Home\",\"item\":\"https:\/\/www.meetingone.com\/eu-fr\/\"},{\"@type\":\"ListItem\",\"position\":2,\"name\":\"A Propos &#8211; Devenir partenaire\"}]},{\"@type\":\"WebSite\",\"@id\":\"https:\/\/www.meetingone.com\/eu-fr\/#website\",\"url\":\"https:\/\/www.meetingone.com\/eu-fr\/\",\"name\":\"MeetingOne French\",\"description\":\"\",\"potentialAction\":[{\"@type\":\"SearchAction\",\"target\":{\"@type\":\"EntryPoint\",\"urlTemplate\":\"https:\/\/www.meetingone.com\/eu-fr\/?s={search_term_string}\"},\"query-input\":\"required name=search_term_string\"}],\"inLanguage\":\"en-US\"}]}<\/script>\n<!-- \/ Yoast SEO plugin. -->","yoast_head_json":{"title":"Devenir partenaire","description":"En devenant partenaire de MeetingOne, vous pouvez offrir \u00e0 vos clients d'Adobe Connect une solution compl\u00e8te de conf\u00e9rence en ligne.","robots":{"index":"index","follow":"follow","max-snippet":"max-snippet:-1","max-image-preview":"max-image-preview:large","max-video-preview":"max-video-preview:-1"},"canonical":"https:\/\/www.meetingone.com\/eu-fr\/devenir-partenaire\/","og_locale":"en_US","og_type":"article","og_title":"Devenir partenaire","og_description":"En devenant partenaire de MeetingOne, vous pouvez offrir \u00e0 vos clients d'Adobe Connect une solution compl\u00e8te de conf\u00e9rence en ligne.","og_url":"https:\/\/www.meetingone.com\/eu-fr\/devenir-partenaire\/","og_site_name":"MeetingOne French","article_publisher":"https:\/\/www.facebook.com\/MeetingOne","article_modified_time":"2023-02-23T11:21:22+00:00","og_image":[{"width":400,"height":400,"url":"https:\/\/www.meetingone.com\/eu-fr\/wp-content\/uploads\/sites\/7\/2015\/07\/MeetingOne-Icon.png","type":"image\/png"}],"twitter_card":"summary_large_image","twitter_site":"@meetingone","twitter_misc":{"Est. reading time":"2 minutes"},"schema":{"@context":"https:\/\/schema.org","@graph":[{"@type":"WebPage","@id":"https:\/\/www.meetingone.com\/eu-fr\/devenir-partenaire\/","url":"https:\/\/www.meetingone.com\/eu-fr\/devenir-partenaire\/","name":"Devenir partenaire","isPartOf":{"@id":"https:\/\/www.meetingone.com\/eu-fr\/#website"},"datePublished":"2015-07-27T01:03:17+00:00","dateModified":"2023-02-23T11:21:22+00:00","description":"En devenant partenaire de MeetingOne, vous pouvez offrir \u00e0 vos clients d'Adobe Connect une solution compl\u00e8te de conf\u00e9rence en ligne.","breadcrumb":{"@id":"https:\/\/www.meetingone.com\/eu-fr\/devenir-partenaire\/#breadcrumb"},"inLanguage":"en-US","potentialAction":[{"@type":"ReadAction","target":["https:\/\/www.meetingone.com\/eu-fr\/devenir-partenaire\/"]}]},{"@type":"BreadcrumbList","@id":"https:\/\/www.meetingone.com\/eu-fr\/devenir-partenaire\/#breadcrumb","itemListElement":[{"@type":"ListItem","position":1,"name":"Home","item":"https:\/\/www.meetingone.com\/eu-fr\/"},{"@type":"ListItem","position":2,"name":"A Propos &#8211; Devenir partenaire"}]},{"@type":"WebSite","@id":"https:\/\/www.meetingone.com\/eu-fr\/#website","url":"https:\/\/www.meetingone.com\/eu-fr\/","name":"MeetingOne French","description":"","potentialAction":[{"@type":"SearchAction","target":{"@type":"EntryPoint","urlTemplate":"https:\/\/www.meetingone.com\/eu-fr\/?s={search_term_string}"},"query-input":"required name=search_term_string"}],"inLanguage":"en-US"}]}},"_links":{"self":[{"href":"https:\/\/www.meetingone.com\/eu-fr\/wp-json\/wp\/v2\/pages\/774"}],"collection":[{"href":"https:\/\/www.meetingone.com\/eu-fr\/wp-json\/wp\/v2\/pages"}],"about":[{"href":"https:\/\/www.meetingone.com\/eu-fr\/wp-json\/wp\/v2\/types\/page"}],"author":[{"embeddable":true,"href":"https:\/\/www.meetingone.com\/eu-fr\/wp-json\/wp\/v2\/users\/1"}],"replies":[{"embeddable":true,"href":"https:\/\/www.meetingone.com\/eu-fr\/wp-json\/wp\/v2\/comments?post=774"}],"version-history":[{"count":18,"href":"https:\/\/www.meetingone.com\/eu-fr\/wp-json\/wp\/v2\/pages\/774\/revisions"}],"predecessor-version":[{"id":8022,"href":"https:\/\/www.meetingone.com\/eu-fr\/wp-json\/wp\/v2\/pages\/774\/revisions\/8022"}],"wp:attachment":[{"href":"https:\/\/www.meetingone.com\/eu-fr\/wp-json\/wp\/v2\/media?parent=774"}],"curies":[{"name":"wp","href":"https:\/\/api.w.org\/{rel}","templated":true}]}}