{"id":7552,"date":"2022-05-20T12:38:50","date_gmt":"2022-05-20T18:38:50","guid":{"rendered":"https:\/\/www.meetingone.com\/eu-fr\/?page_id=7552"},"modified":"2023-02-22T04:18:06","modified_gmt":"2023-02-22T11:18:06","slug":"adobe-captivate","status":"publish","type":"page","link":"https:\/\/www.meetingone.com\/eu-fr\/support\/adobe-captivate\/","title":{"rendered":"Ressources &#8211; Adobe Captivate"},"content":{"rendered":"<p>[vc_row full_width=&#8221;stretch_row&#8221; css=&#8221;.vc_custom_1652696812302{padding-top: 0px !important;padding-bottom: 0px !important;background-position: center !important;background-repeat: no-repeat !important;background-size: cover !important;}&#8221; el_class=&#8221;inner-page-one&#8221;][vc_column width=&#8221;1\/2&#8243; css=&#8221;.vc_custom_1651580979100{padding-top: 0px !important;}&#8221;][vc_column_text css=&#8221;.vc_custom_1657120766977{padding-top: 40px !important;padding-right: 40px !important;padding-left: 40px !important;}&#8221; el_class=&#8221;white-text&#8221;]<img decoding=\"async\" loading=\"lazy\" class=\"alignleft size-full wp-image-7679\" src=\"https:\/\/www.meetingone.com\/eu-fr\/wp-content\/uploads\/sites\/7\/2022\/05\/adobe-captive-1.png\" alt=\"\" width=\"73\" height=\"73\" \/><\/p>\n<h2><\/h2>\n<h2 style=\"text-align: left;margin-top: 12px;font-size: 28px\"><span style=\"color: #0c3f4c\"><strong>Adobe Captivate<\/strong><\/span><\/h2>\n<p>[\/vc_column_text][vc_row_inner css=&#8221;.vc_custom_1652697509700{padding-top: 50px !important;padding-bottom: 0px !important;}&#8221;][vc_column_inner][vc_column_text]<\/p>\n<h1 class=\"banner-heading\"><span style=\"color: #0c3e4c\"><strong>Augmenter votre pouvoir de captiver <\/strong><\/span><\/h1>\n<h3><span style=\"color: #0c3e4c\">avec les ressources Adobe Captivate<\/span><\/h3>\n<p>[\/vc_column_text][\/vc_column_inner][\/vc_row_inner][\/vc_column][vc_column width=&#8221;1\/2&#8243; css=&#8221;.vc_custom_1652697090437{padding-top: 0px !important;}&#8221;][vc_single_image image=&#8221;7473&#8243; img_size=&#8221;full&#8221; css=&#8221;.vc_custom_1652700653651{margin-bottom: 0px !important;}&#8221;][\/vc_column][\/vc_row][vc_row full_width=&#8221;stretch_row&#8221; css=&#8221;.vc_custom_1649937411151{padding-top: 35px !important;padding-bottom: 45px !important;}&#8221;][vc_column width=&#8221;1\/2&#8243;][vc_column_text]<\/p>\n<h3 class=\"page-sub-heading\"><span style=\"color: #225d71\"><strong>Webinaires et compagnie&#8230;<\/strong><\/span><\/h3>\n<p>Chaque mois, notre expert Captivate, Damien Bruyndonckx anime un webinaire gratuit en fran\u00e7ais sur Adobe Captivate avec un th\u00e8me diff\u00e9rent \u00e0 chaque session.\u00a0Retrouvez les enregistrements et sessions \u00e0 venir dans notre catalogue. N&#8217;attendez plus l&#8217;acc\u00e8s est gratuit!<\/p>\n<p>Rejoignez aussi notre communaut\u00e9 Adobe Captivate francophone sur LinkedIn pour d\u00e9velopper votre r\u00e9seau et \u00e9changer avec d&#8217;autres utilisateurs.[\/vc_column_text][vc_row_inner][vc_column_inner width=&#8221;1\/6&#8243;][\/vc_column_inner][vc_column_inner width=&#8221;2\/3&#8243; css=&#8221;.vc_custom_1650299722067{padding-right: 25px !important;padding-left: 25px !important;}&#8221;][vc_btn title=&#8221;<strong>D\u00e9couvrir nos webinaires<\/strong>&#8221; style=&#8221;outline-custom&#8221; outline_custom_color=&#8221;#a3cd3a&#8221; outline_custom_hover_background=&#8221;#a3cd3a&#8221; outline_custom_hover_text=&#8221;#ffffff&#8221; shape=&#8221;round&#8221; align=&#8221;center&#8221; button_block=&#8221;true&#8221; link=&#8221;url:https%3A%2F%2Fevents-emea1.adobeconnect.com%2Fcontent%2Fconnect%2Fc1%2F836107716%2Fen%2Fevents%2Fcatalog.html%3Ffrom-origin%3Dhttps%253A%252F%252Fasib-emea.adobeconnect.com|target:_blank&#8221; el_class=&#8221;button-design-green&#8221;][vc_btn title=&#8221;<strong>Rejoindre le groupe LinkedIn<\/strong>&#8221; style=&#8221;outline-custom&#8221; outline_custom_color=&#8221;#6ac8dc&#8221; outline_custom_hover_background=&#8221;#6ac8dc&#8221; outline_custom_hover_text=&#8221;#ffffff&#8221; shape=&#8221;round&#8221; align=&#8221;center&#8221; button_block=&#8221;true&#8221; link=&#8221;url:https%3A%2F%2Fwww.linkedin.com%2Fgroups%2F4575753%2F|target:_blank&#8221; css=&#8221;.vc_custom_1657124954496{padding-bottom: 20px !important;}&#8221; el_class=&#8221;button-design-blue&#8221;][\/vc_column_inner][vc_column_inner width=&#8221;1\/6&#8243;][\/vc_column_inner][\/vc_row_inner][\/vc_column][vc_column width=&#8221;1\/2&#8243;][vc_single_image image=&#8221;7661&#8243; img_size=&#8221;full&#8221; alignment=&#8221;center&#8221;][\/vc_column][\/vc_row][vc_row full_width=&#8221;stretch_row&#8221; css=&#8221;.vc_custom_1649937425282{padding-top: 35px !important;padding-bottom: 45px !important;background-color: #f2f7f9 !important;}&#8221;][vc_column width=&#8221;1\/2&#8243;][vc_single_image image=&#8221;7662&#8243; img_size=&#8221;full&#8221; alignment=&#8221;center&#8221;][\/vc_column][vc_column width=&#8221;1\/2&#8243;][vc_column_text]<\/p>\n<h3 class=\"page-sub-heading\"><span style=\"color: #225d71\"><strong>Suivez le guide !<\/strong><\/span><\/h3>\n<p>Obtenez des r\u00e9ponses rapides et des instructions d\u00e9taill\u00e9es avec le guide en ligne d&#8217;utilisation pour Adobe Captivate. Gr\u00e2ce \u00e0 son menu organis\u00e9 par cat\u00e9gorie, vous naviguerez ais\u00e9ment \u00e0 travers les diff\u00e9rents sujets qui vous int\u00e9ressent. N&#8217;oubliez pas d&#8217;ajouter ce lien dans vos favoris.<\/p>\n<p>Vous n&#8217;avez pas trouv\u00e9 la r\u00e9ponse \u00e0 votre question? Acc\u00e9dez au service de support Entreprise d&#8217;Adobe Captivate.[\/vc_column_text][vc_row_inner][vc_column_inner width=&#8221;1\/6&#8243;][\/vc_column_inner][vc_column_inner width=&#8221;2\/3&#8243; css=&#8221;.vc_custom_1650299648754{padding-right: 25px !important;padding-left: 25px !important;}&#8221;][vc_btn title=&#8221;<strong>Acc\u00e9der au guide d&#8217;utilisation<\/strong>&#8221; style=&#8221;outline-custom&#8221; outline_custom_color=&#8221;#f68920&#8243; outline_custom_hover_background=&#8221;#f68920&#8243; outline_custom_hover_text=&#8221;#ffffff&#8221; shape=&#8221;round&#8221; align=&#8221;center&#8221; button_block=&#8221;true&#8221; link=&#8221;url:https%3A%2F%2Fhelpx.adobe.com%2Ffr%2Fcaptivate%2Fuser-guide.html|target:_blank&#8221; el_class=&#8221;button-design-orange&#8221;][vc_btn title=&#8221;<strong>Chatter avec le support Adobe<\/strong>&#8221; style=&#8221;outline-custom&#8221; outline_custom_color=&#8221;#fedc51&#8243; outline_custom_hover_background=&#8221;#fedc51&#8243; outline_custom_hover_text=&#8221;#ffffff&#8221; shape=&#8221;round&#8221; align=&#8221;center&#8221; button_block=&#8221;true&#8221; link=&#8221;url:https%3A%2F%2Fhelpx.adobe.com%2Ffr%2Fcontact%2Fenterprise-support.other.html%23captivate|target:_blank&#8221; css=&#8221;.vc_custom_1657126035415{padding-bottom: 20px !important;}&#8221; el_class=&#8221;button-design-light-orange&#8221;][\/vc_column_inner][vc_column_inner width=&#8221;1\/6&#8243;][\/vc_column_inner][\/vc_row_inner][\/vc_column][\/vc_row][vc_row full_width=&#8221;stretch_row&#8221; css=&#8221;.vc_custom_1649937411151{padding-top: 35px !important;padding-bottom: 45px !important;}&#8221;][vc_column width=&#8221;1\/2&#8243;][vc_column_text css=&#8221;.vc_custom_1657125864193{padding-top: 20px !important;}&#8221;]<\/p>\n<h3 class=\"page-sub-heading\"><span style=\"color: #225d71\"><strong>Let&#8217;s get started !<\/strong><\/span><\/h3>\n<p>Pour prendre un bon d\u00e9part, nous vous proposons de retrouver ici tous les tutoriels de prise en main d&#8217;Adobe Captivate, <strong>disponibles en anglais<\/strong> depuis la biblioth\u00e8que de contenu du site Adobe. Pour les visionner, assurez-vous de &#8220;continuer sur le site des Etats-Unis&#8221;.[\/vc_column_text][vc_row_inner][vc_column_inner width=&#8221;1\/6&#8243;][\/vc_column_inner][vc_column_inner width=&#8221;2\/3&#8243; css=&#8221;.vc_custom_1650299722067{padding-right: 25px !important;padding-left: 25px !important;}&#8221;][vc_btn title=&#8221;<strong>Voir les tutoriels Adobe<\/strong>&#8221; style=&#8221;outline-custom&#8221; outline_custom_color=&#8221;#a3cd3a&#8221; outline_custom_hover_background=&#8221;#a3cd3a&#8221; outline_custom_hover_text=&#8221;#ffffff&#8221; shape=&#8221;round&#8221; align=&#8221;center&#8221; button_block=&#8221;true&#8221; link=&#8221;url:https%3A%2F%2Fhelpx.adobe.com%2Ffr%2Fcaptivate%2Fget-started.html|target:_blank&#8221; css=&#8221;.vc_custom_1657189465534{padding-bottom: 20px !important;}&#8221; el_class=&#8221;button-design-green&#8221;][\/vc_column_inner][vc_column_inner width=&#8221;1\/6&#8243;][\/vc_column_inner][\/vc_row_inner][\/vc_column][vc_column width=&#8221;1\/2&#8243;][vc_single_image image=&#8221;7660&#8243; img_size=&#8221;full&#8221; alignment=&#8221;center&#8221;][\/vc_column][\/vc_row][vc_row full_width=&#8221;stretch_row&#8221; css=&#8221;.vc_custom_1649937425282{padding-top: 35px !important;padding-bottom: 45px !important;background-color: #f2f7f9 !important;}&#8221;][vc_column width=&#8221;1\/2&#8243;][vc_single_image image=&#8221;7658&#8243; img_size=&#8221;full&#8221; alignment=&#8221;center&#8221;][\/vc_column][vc_column width=&#8221;1\/2&#8243;][vc_column_text css=&#8221;.vc_custom_1657125886254{padding-top: 20px !important;}&#8221;]<\/p>\n<h3 class=\"page-sub-heading\"><span style=\"color: #225d71\"><strong>Allez plus loin<\/strong><\/span><\/h3>\n<p>Vous souhaitez d\u00e9buter avec des bases solides ou vous perfectionner sur Adobe Captivate avec l&#8217;aide d&#8217;un professionnel ? Demandez d\u00e8s aujourd&#8217;hui une formation individuelle ou en groupe anim\u00e9e par Damien Bruyndonckx, notre expert Captivate. Partenaire de longue date avec Adobe, Damien est l&#8217;auteur, ou co-auteur de sept livres en anglais sur Adobe Captivate dont \u00ab Mastering Adobe Captivate 2019 \u00bb. Aujourd\u2019hui, l\u2019une de ses priorit\u00e9s est la cr\u00e9ation de contenus d\u2019apprentissage en Fran\u00e7ais sur les principaux outils auteurs eLearning.[\/vc_column_text][vc_row_inner][vc_column_inner width=&#8221;1\/6&#8243;][\/vc_column_inner][vc_column_inner width=&#8221;2\/3&#8243; css=&#8221;.vc_custom_1650299748042{padding-right: 25px !important;padding-left: 25px !important;}&#8221;][vc_btn title=&#8221;<strong>R\u00e9server une formation<\/strong>&#8221; style=&#8221;outline-custom&#8221; outline_custom_color=&#8221;#fedc51&#8243; outline_custom_hover_background=&#8221;#fedc51&#8243; outline_custom_hover_text=&#8221;#ffffff&#8221; shape=&#8221;round&#8221; align=&#8221;center&#8221; button_block=&#8221;true&#8221; link=&#8221;url:%2Feu-fr%2Fnous-contacter%2F|target:_blank&#8221; css=&#8221;.vc_custom_1652700910420{padding-bottom: 20px !important;}&#8221; el_class=&#8221;button-design-light-orange&#8221;][\/vc_column_inner][vc_column_inner width=&#8221;1\/6&#8243;][\/vc_column_inner][\/vc_row_inner][\/vc_column][\/vc_row]<\/p>\n","protected":false},"excerpt":{"rendered":"<p>[vc_row full_width=&#8221;stretch_row&#8221; css=&#8221;.vc_custom_1652696812302{padding-top: 0px !important;padding-bottom: 0px !important;background-position: center !important;background-repeat: no-repeat !important;background-size: cover !important;}&#8221; el_class=&#8221;inner-page-one&#8221;][vc_column width=&#8221;1\/2&#8243; css=&#8221;.vc_custom_1651580979100{padding-top: 0px !important;}&#8221;][vc_column_text css=&#8221;.vc_custom_1657120766977{padding-top: 40px !important;padding-right: 40px !important;padding-left: 40px !important;}&#8221; el_class=&#8221;white-text&#8221;] Adobe Captivate [\/vc_column_text][vc_row_inner css=&#8221;.vc_custom_1652697509700{padding-top: 50px !important;padding-bottom: 0px !important;}&#8221;][vc_column_inner][vc_column_text] Augmenter votre pouvoir de captiver avec les ressources Adobe Captivate [\/vc_column_text][\/vc_column_inner][\/vc_row_inner][\/vc_column][vc_column width=&#8221;1\/2&#8243; css=&#8221;.vc_custom_1652697090437{padding-top: 0px !important;}&#8221;][vc_single_image image=&#8221;7473&#8243; img_size=&#8221;full&#8221; css=&#8221;.vc_custom_1652700653651{margin-bottom: 0px !important;}&#8221;][\/vc_column][\/vc_row][vc_row full_width=&#8221;stretch_row&#8221; [&hellip;]<\/p>\n","protected":false},"author":5,"featured_media":0,"parent":919,"menu_order":0,"comment_status":"closed","ping_status":"closed","template":"","meta":{"footnotes":""},"yoast_head":"<!-- This site is optimized with the Yoast SEO plugin v21.2 - https:\/\/yoast.com\/wordpress\/plugins\/seo\/ -->\n<title>Ressources - Adobe Captivate - MeetingOne French<\/title>\n<meta name=\"robots\" content=\"index, follow, max-snippet:-1, max-image-preview:large, max-video-preview:-1\" \/>\n<link rel=\"canonical\" href=\"https:\/\/www.meetingone.com\/eu-fr\/support\/adobe-captivate\/\" \/>\n<meta property=\"og:locale\" content=\"en_US\" \/>\n<meta property=\"og:type\" content=\"article\" \/>\n<meta property=\"og:title\" content=\"Ressources - Adobe Captivate - MeetingOne French\" \/>\n<meta property=\"og:description\" content=\"[vc_row full_width=&#8221;stretch_row&#8221; css=&#8221;.vc_custom_1652696812302{padding-top: 0px !important;padding-bottom: 0px !important;background-position: center !important;background-repeat: no-repeat !important;background-size: cover !important;}&#8221; el_class=&#8221;inner-page-one&#8221;][vc_column width=&#8221;1\/2&#8243; css=&#8221;.vc_custom_1651580979100{padding-top: 0px !important;}&#8221;][vc_column_text css=&#8221;.vc_custom_1657120766977{padding-top: 40px !important;padding-right: 40px !important;padding-left: 40px !important;}&#8221; el_class=&#8221;white-text&#8221;] Adobe Captivate [\/vc_column_text][vc_row_inner css=&#8221;.vc_custom_1652697509700{padding-top: 50px !important;padding-bottom: 0px !important;}&#8221;][vc_column_inner][vc_column_text] Augmenter votre pouvoir de captiver avec les ressources Adobe Captivate [\/vc_column_text][\/vc_column_inner][\/vc_row_inner][\/vc_column][vc_column width=&#8221;1\/2&#8243; css=&#8221;.vc_custom_1652697090437{padding-top: 0px !important;}&#8221;][vc_single_image image=&#8221;7473&#8243; img_size=&#8221;full&#8221; css=&#8221;.vc_custom_1652700653651{margin-bottom: 0px !important;}&#8221;][\/vc_column][\/vc_row][vc_row full_width=&#8221;stretch_row&#8221; [&hellip;]\" \/>\n<meta property=\"og:url\" content=\"https:\/\/www.meetingone.com\/eu-fr\/support\/adobe-captivate\/\" \/>\n<meta property=\"og:site_name\" content=\"MeetingOne French\" \/>\n<meta property=\"article:publisher\" content=\"https:\/\/www.facebook.com\/MeetingOne\" \/>\n<meta property=\"article:modified_time\" content=\"2023-02-22T11:18:06+00:00\" \/>\n<meta property=\"og:image\" content=\"https:\/\/www.meetingone.com\/eu-fr\/wp-content\/uploads\/sites\/7\/2022\/05\/adobe-captive-1.png\" \/>\n<meta name=\"twitter:card\" content=\"summary_large_image\" \/>\n<meta name=\"twitter:site\" content=\"@meetingone\" \/>\n<meta name=\"twitter:label1\" content=\"Est. reading time\" \/>\n\t<meta name=\"twitter:data1\" content=\"3 minutes\" \/>\n<script type=\"application\/ld+json\" class=\"yoast-schema-graph\">{\"@context\":\"https:\/\/schema.org\",\"@graph\":[{\"@type\":\"WebPage\",\"@id\":\"https:\/\/www.meetingone.com\/eu-fr\/support\/adobe-captivate\/\",\"url\":\"https:\/\/www.meetingone.com\/eu-fr\/support\/adobe-captivate\/\",\"name\":\"Ressources - Adobe Captivate - MeetingOne French\",\"isPartOf\":{\"@id\":\"https:\/\/www.meetingone.com\/eu-fr\/#website\"},\"datePublished\":\"2022-05-20T18:38:50+00:00\",\"dateModified\":\"2023-02-22T11:18:06+00:00\",\"breadcrumb\":{\"@id\":\"https:\/\/www.meetingone.com\/eu-fr\/support\/adobe-captivate\/#breadcrumb\"},\"inLanguage\":\"en-US\",\"potentialAction\":[{\"@type\":\"ReadAction\",\"target\":[\"https:\/\/www.meetingone.com\/eu-fr\/support\/adobe-captivate\/\"]}]},{\"@type\":\"BreadcrumbList\",\"@id\":\"https:\/\/www.meetingone.com\/eu-fr\/support\/adobe-captivate\/#breadcrumb\",\"itemListElement\":[{\"@type\":\"ListItem\",\"position\":1,\"name\":\"Home\",\"item\":\"https:\/\/www.meetingone.com\/eu-fr\/\"},{\"@type\":\"ListItem\",\"position\":2,\"name\":\"Ressources &#8211; Outils AudioOne\",\"item\":\"https:\/\/www.meetingone.com\/eu-fr\/support\/\"},{\"@type\":\"ListItem\",\"position\":3,\"name\":\"Ressources &#8211; Adobe Captivate\"}]},{\"@type\":\"WebSite\",\"@id\":\"https:\/\/www.meetingone.com\/eu-fr\/#website\",\"url\":\"https:\/\/www.meetingone.com\/eu-fr\/\",\"name\":\"MeetingOne French\",\"description\":\"\",\"potentialAction\":[{\"@type\":\"SearchAction\",\"target\":{\"@type\":\"EntryPoint\",\"urlTemplate\":\"https:\/\/www.meetingone.com\/eu-fr\/?s={search_term_string}\"},\"query-input\":\"required name=search_term_string\"}],\"inLanguage\":\"en-US\"}]}<\/script>\n<!-- \/ Yoast SEO plugin. -->","yoast_head_json":{"title":"Ressources - Adobe Captivate - MeetingOne French","robots":{"index":"index","follow":"follow","max-snippet":"max-snippet:-1","max-image-preview":"max-image-preview:large","max-video-preview":"max-video-preview:-1"},"canonical":"https:\/\/www.meetingone.com\/eu-fr\/support\/adobe-captivate\/","og_locale":"en_US","og_type":"article","og_title":"Ressources - Adobe Captivate - MeetingOne French","og_description":"[vc_row full_width=&#8221;stretch_row&#8221; css=&#8221;.vc_custom_1652696812302{padding-top: 0px !important;padding-bottom: 0px !important;background-position: center !important;background-repeat: no-repeat !important;background-size: cover !important;}&#8221; el_class=&#8221;inner-page-one&#8221;][vc_column width=&#8221;1\/2&#8243; css=&#8221;.vc_custom_1651580979100{padding-top: 0px !important;}&#8221;][vc_column_text css=&#8221;.vc_custom_1657120766977{padding-top: 40px !important;padding-right: 40px !important;padding-left: 40px !important;}&#8221; el_class=&#8221;white-text&#8221;] Adobe Captivate [\/vc_column_text][vc_row_inner css=&#8221;.vc_custom_1652697509700{padding-top: 50px !important;padding-bottom: 0px !important;}&#8221;][vc_column_inner][vc_column_text] Augmenter votre pouvoir de captiver avec les ressources Adobe Captivate [\/vc_column_text][\/vc_column_inner][\/vc_row_inner][\/vc_column][vc_column width=&#8221;1\/2&#8243; css=&#8221;.vc_custom_1652697090437{padding-top: 0px !important;}&#8221;][vc_single_image image=&#8221;7473&#8243; img_size=&#8221;full&#8221; css=&#8221;.vc_custom_1652700653651{margin-bottom: 0px !important;}&#8221;][\/vc_column][\/vc_row][vc_row full_width=&#8221;stretch_row&#8221; [&hellip;]","og_url":"https:\/\/www.meetingone.com\/eu-fr\/support\/adobe-captivate\/","og_site_name":"MeetingOne French","article_publisher":"https:\/\/www.facebook.com\/MeetingOne","article_modified_time":"2023-02-22T11:18:06+00:00","og_image":[{"url":"https:\/\/www.meetingone.com\/eu-fr\/wp-content\/uploads\/sites\/7\/2022\/05\/adobe-captive-1.png"}],"twitter_card":"summary_large_image","twitter_site":"@meetingone","twitter_misc":{"Est. reading time":"3 minutes"},"schema":{"@context":"https:\/\/schema.org","@graph":[{"@type":"WebPage","@id":"https:\/\/www.meetingone.com\/eu-fr\/support\/adobe-captivate\/","url":"https:\/\/www.meetingone.com\/eu-fr\/support\/adobe-captivate\/","name":"Ressources - Adobe Captivate - MeetingOne French","isPartOf":{"@id":"https:\/\/www.meetingone.com\/eu-fr\/#website"},"datePublished":"2022-05-20T18:38:50+00:00","dateModified":"2023-02-22T11:18:06+00:00","breadcrumb":{"@id":"https:\/\/www.meetingone.com\/eu-fr\/support\/adobe-captivate\/#breadcrumb"},"inLanguage":"en-US","potentialAction":[{"@type":"ReadAction","target":["https:\/\/www.meetingone.com\/eu-fr\/support\/adobe-captivate\/"]}]},{"@type":"BreadcrumbList","@id":"https:\/\/www.meetingone.com\/eu-fr\/support\/adobe-captivate\/#breadcrumb","itemListElement":[{"@type":"ListItem","position":1,"name":"Home","item":"https:\/\/www.meetingone.com\/eu-fr\/"},{"@type":"ListItem","position":2,"name":"Ressources &#8211; Outils AudioOne","item":"https:\/\/www.meetingone.com\/eu-fr\/support\/"},{"@type":"ListItem","position":3,"name":"Ressources &#8211; Adobe Captivate"}]},{"@type":"WebSite","@id":"https:\/\/www.meetingone.com\/eu-fr\/#website","url":"https:\/\/www.meetingone.com\/eu-fr\/","name":"MeetingOne French","description":"","potentialAction":[{"@type":"SearchAction","target":{"@type":"EntryPoint","urlTemplate":"https:\/\/www.meetingone.com\/eu-fr\/?s={search_term_string}"},"query-input":"required name=search_term_string"}],"inLanguage":"en-US"}]}},"_links":{"self":[{"href":"https:\/\/www.meetingone.com\/eu-fr\/wp-json\/wp\/v2\/pages\/7552"}],"collection":[{"href":"https:\/\/www.meetingone.com\/eu-fr\/wp-json\/wp\/v2\/pages"}],"about":[{"href":"https:\/\/www.meetingone.com\/eu-fr\/wp-json\/wp\/v2\/types\/page"}],"author":[{"embeddable":true,"href":"https:\/\/www.meetingone.com\/eu-fr\/wp-json\/wp\/v2\/users\/5"}],"replies":[{"embeddable":true,"href":"https:\/\/www.meetingone.com\/eu-fr\/wp-json\/wp\/v2\/comments?post=7552"}],"version-history":[{"count":32,"href":"https:\/\/www.meetingone.com\/eu-fr\/wp-json\/wp\/v2\/pages\/7552\/revisions"}],"predecessor-version":[{"id":7894,"href":"https:\/\/www.meetingone.com\/eu-fr\/wp-json\/wp\/v2\/pages\/7552\/revisions\/7894"}],"up":[{"embeddable":true,"href":"https:\/\/www.meetingone.com\/eu-fr\/wp-json\/wp\/v2\/pages\/919"}],"wp:attachment":[{"href":"https:\/\/www.meetingone.com\/eu-fr\/wp-json\/wp\/v2\/media?parent=7552"}],"curies":[{"name":"wp","href":"https:\/\/api.w.org\/{rel}","templated":true}]}}