{"id":7496,"date":"2022-05-16T06:08:45","date_gmt":"2022-05-16T12:08:45","guid":{"rendered":"https:\/\/www.meetingone.com\/eu-fr\/?page_id=7496"},"modified":"2023-02-23T08:37:29","modified_gmt":"2023-02-23T15:37:29","slug":"webinars","status":"publish","type":"page","link":"https:\/\/www.meetingone.com\/eu-fr\/learn\/webinars\/","title":{"rendered":"Ressources &#8211; Webinaires"},"content":{"rendered":"<p>[vc_row full_width=&#8221;stretch_row&#8221; css=&#8221;.vc_custom_1652451237536{background-position: center !important;background-repeat: no-repeat !important;background-size: cover !important;}&#8221; el_class=&#8221;inner-page-three&#8221;][vc_column width=&#8221;6\/12&#8243;][vc_column_text css=&#8221;.vc_custom_1651828176621{padding-top: 40px !important;}&#8221; el_class=&#8221;white-text&#8221;]<\/p>\n<h1 class=\"banner-heading\"><span style=\"color: #0c3e4c;\"><strong>Renforcez vos comp\u00e9tences<\/strong><\/span><\/h1>\n<div class=\"banner-sub-heading\"><span style=\"color: #0c3f4c;\">Devenez expert de la formation en ligne gr\u00e2ce \u00e0 nos webinaires, o\u00f9 nous partageons avec vous les bonnes pratiques et tendances actuelles afin que vous puissiez am\u00e9liorer vos webinaires, classes virtuelles et contenus e-Learning.<\/span><\/div>\n<p>[\/vc_column_text][vc_row_inner][vc_column_inner width=&#8221;1\/6&#8243;][\/vc_column_inner][vc_column_inner width=&#8221;4\/6&#8243;][vc_column_text]<\/p>\n<div class=\"button-design scrollanchor\"><a class=\"anchorLink vc_general vc_btn3 vc_btn3-size-md vc_btn3-shape-round vc_btn3-style-outline-custom vc_btn3-block\" style=\"border-color: #ffffff; color: #ffffff; background-color: transparent; text-align: center;\" href=\"#myAnchor\" rel=\"noopener\"><strong>Webinaires \u00e0 venir<\/strong><\/a><\/div>\n<div class=\"button-design scrollanchor\"><a class=\"anchorLink vc_general vc_btn3 vc_btn3-size-md vc_btn3-shape-round vc_btn3-style-outline-custom vc_btn3-block\" style=\"border-color: #ffffff; color: #ffffff; background-color: transparent; text-align: center;\" href=\"#myAnchor1\" rel=\"noopener\"><strong>Webinaires \u00e0 la demande<\/strong><\/a><\/div>\n<div class=\"button-design-lightyellow scrollanchor\"><a class=\"anchorLink vc_general vc_btn3 vc_btn3-size-md vc_btn3-shape-round vc_btn3-style-outline-custom vc_btn3-block\" style=\"border-color: #fedc51; color: #ffffff; background-color: transparent; text-align: center;\" href=\"#myAnchor2\" rel=\"noopener\"><strong>Webinaires en anglais<\/strong><\/a><\/div>\n<p>[\/vc_column_text][\/vc_column_inner][vc_column_inner width=&#8221;1\/6&#8243;][\/vc_column_inner][\/vc_row_inner][\/vc_column][vc_column width=&#8221;6\/12&#8243;][vc_single_image image=&#8221;7497&#8243; img_size=&#8221;full&#8221;][\/vc_column][\/vc_row][vc_row full_width=&#8221;stretch_row&#8221; css=&#8221;.vc_custom_1650366386268{padding-top: 5px !important;padding-bottom: 5px !important;}&#8221;][vc_column][vc_column_text]<a id=\"myAnchor\" name=\"myAnchor\"><\/a><\/p>\n<h1 id=\"myAnchor\" class=\"banner-heading\"><span style=\"color: #225d71;\"><strong>Inscrivez-vous \u00e0 nos webinaires en fran\u00e7ais<\/strong><\/span><\/h1>\n<p>[\/vc_column_text][\/vc_column][\/vc_row][vc_row full_width=&#8221;stretch_row&#8221; css=&#8221;.vc_custom_1650025700711{padding-top: 5px !important;padding-bottom: 45px !important;}&#8221;][vc_column width=&#8221;1\/2&#8243;][vc_single_image image=&#8221;7514&#8243; img_size=&#8221;full&#8221; alignment=&#8221;center&#8221;][\/vc_column][vc_column width=&#8221;1\/2&#8243;][vc_column_text]Anim\u00e9s par nos experts chez MeetingOne et One2Learn, nos webinaires vous permettent de d\u00e9couvrir et d&#8217;explorer les solutions eLearning d\u2019Adobe : Adobe Connect pour la classe virtuelle, Adobe Captivate pour la cr\u00e9ation de contenus eLearning, et Adobe Learning Manager comme plateforme LMS \/ LXP d\u2019entreprise[\/vc_column_text][vc_row_inner][vc_column_inner width=&#8221;1\/6&#8243;][\/vc_column_inner][vc_column_inner width=&#8221;2\/3&#8243; css=&#8221;.vc_custom_1650366056361{padding-right: 25px !important;padding-left: 25px !important;}&#8221;][vc_btn title=&#8221;<strong>Consulter tout le progamme<\/strong>&#8221; style=&#8221;outline-custom&#8221; outline_custom_color=&#8221;#f68920&#8243; outline_custom_hover_background=&#8221;#f68920&#8243; outline_custom_hover_text=&#8221;#ffffff&#8221; shape=&#8221;round&#8221; align=&#8221;center&#8221; button_block=&#8221;true&#8221; link=&#8221;url:https%3A%2F%2Fevents-emea1.adobeconnect.com%2Fcontent%2Fconnect%2Fc1%2F836107716%2Fen%2Fevents%2Fcatalog.html%3Ffrom-origin%3Dhttps%253A%252F%252Fasib-emea.adobeconnect.com%23currentSearchTag%3D8304926649|target:_blank&#8221; css=&#8221;.vc_custom_1660312425808{margin-bottom: 13px !important;padding-bottom: 0px !important;}&#8221; el_class=&#8221;button-design-orange&#8221;][vc_btn title=&#8221;<strong>Sessions Adobe Connect<\/strong>&#8221; style=&#8221;outline-custom&#8221; outline_custom_color=&#8221;#a3cd3a&#8221; outline_custom_hover_background=&#8221;#a3cd3a&#8221; outline_custom_hover_text=&#8221;#ffffff&#8221; shape=&#8221;round&#8221; align=&#8221;center&#8221; button_block=&#8221;true&#8221; link=&#8221;url:https%3A%2F%2Fevents-emea1.adobeconnect.com%2Fcontent%2Fconnect%2Fc1%2F836107716%2Fen%2Fevents%2Fcatalog.html%3Ffrom-origin%3Dhttps%253A%252F%252Fasib-emea.adobeconnect.com%23currentSearchTag%3D8694259129|target:_blank&#8221; css=&#8221;.vc_custom_1651229991136{margin-bottom: 13px !important;padding-bottom: 0px !important;}&#8221; el_class=&#8221;button-design-green&#8221;][vc_btn title=&#8221;<strong>Sessions Adobe Captivate<\/strong>&#8221; style=&#8221;outline-custom&#8221; outline_custom_color=&#8221;#fedc51&#8243; outline_custom_hover_background=&#8221;#fedc51&#8243; outline_custom_hover_text=&#8221;#ffffff&#8221; shape=&#8221;round&#8221; align=&#8221;center&#8221; button_block=&#8221;true&#8221; link=&#8221;url:https%3A%2F%2Fevents-emea1.adobeconnect.com%2Fcontent%2Fconnect%2Fc1%2F836107716%2Fen%2Fevents%2Fcatalog.html%3Ffrom-origin%3Dhttps%253A%252F%252Fasib-emea.adobeconnect.com%23currentSearchTag%3D8694315271|target:_blank&#8221; css=&#8221;.vc_custom_1651230004849{margin-bottom: 13px !important;padding-bottom: 0px !important;}&#8221; el_class=&#8221;button-design-lightyellow&#8221;][vc_btn title=&#8221;<strong>Sessions Adobe Learning Manager<\/strong>&#8221; style=&#8221;outline-custom&#8221; outline_custom_color=&#8221;#6ac8dc&#8221; outline_custom_hover_background=&#8221;#6ac8dc&#8221; outline_custom_hover_text=&#8221;#ffffff&#8221; shape=&#8221;round&#8221; align=&#8221;center&#8221; button_block=&#8221;true&#8221; link=&#8221;url:https%3A%2F%2Fevents-emea1.adobeconnect.com%2Fcontent%2Fconnect%2Fc1%2F836107716%2Fen%2Fevents%2Fcatalog.html%3Ffrom-origin%3Dhttps%253A%252F%252Fasib-emea.adobeconnect.com%23currentSearchTag%3D9670970062|target:_blank&#8221; css=&#8221;.vc_custom_1651230018413{padding-bottom: 0px !important;}&#8221; el_class=&#8221;button-design-blue&#8221;][\/vc_column_inner][vc_column_inner width=&#8221;1\/6&#8243;][\/vc_column_inner][\/vc_row_inner][\/vc_column][\/vc_row][vc_row full_width=&#8221;stretch_row_content_no_spaces&#8221; css=&#8221;.vc_custom_1650026162755{padding-bottom: 0px !important;background-color: #f2f7f9 !important;}&#8221;][vc_column][vc_column_text]<a id=\"myAnchor1\" name=\"myAnchor1\"><\/a><\/p>\n<h1 id=\"myAnchor1\" class=\"banner-heading\" style=\"text-align: center;\"><span style=\"color: #225d71;\"><strong>Pas de panique, nous avons tout enregistr\u00e9 !<\/strong><\/span><\/h1>\n<p>[\/vc_column_text][\/vc_column][\/vc_row][vc_row full_width=&#8221;stretch_row_content_no_spaces&#8221; css=&#8221;.vc_custom_1652181703713{padding-top: 0px !important;padding-bottom: 45px !important;background-color: #f2f7f9 !important;}&#8221; el_class=&#8221;banner-second-row&#8221;][vc_column width=&#8221;1\/3&#8243; css=&#8221;.vc_custom_1650029995300{padding-right: 20px !important;padding-left: 20px !important;}&#8221;][vc_single_image image=&#8221;7701&#8243; img_size=&#8221;400&#215;300&#8243; alignment=&#8221;center&#8221;][vc_column_text css=&#8221;.vc_custom_1657187235937{padding-right: 40px !important;padding-left: 40px !important;}&#8221;]Yannick Le Garff, Jacques Fayet et Damien Bruyndonckx abordent le sujet avant-garde de la formation des clients et des partenaires.[\/vc_column_text][vc_row_inner][vc_column_inner width=&#8221;1\/4&#8243; css=&#8221;.vc_custom_1650366981472{padding-right: 25px !important;padding-left: 25px !important;}&#8221;][\/vc_column_inner][vc_column_inner width=&#8221;1\/2&#8243;][vc_btn title=&#8221;<strong>Visionner maintenant<\/strong>&#8221; style=&#8221;outline-custom&#8221; outline_custom_color=&#8221;#a3cd3a&#8221; outline_custom_hover_background=&#8221;#a3cd3a&#8221; outline_custom_hover_text=&#8221;#ffffff&#8221; shape=&#8221;round&#8221; align=&#8221;center&#8221; button_block=&#8221;true&#8221; link=&#8221;url:https%3A%2F%2Finfo.meetingone.com%2Ffr%2Fla-formation-des-clients-et-des-partenaires|target:_blank&#8221; css=&#8221;.vc_custom_1668700283573{padding-bottom: 20px !important;}&#8221; el_class=&#8221;button-design-green&#8221;][\/vc_column_inner][vc_column_inner width=&#8221;1\/4&#8243;][\/vc_column_inner][\/vc_row_inner][\/vc_column][vc_column width=&#8221;1\/3&#8243; css=&#8221;.vc_custom_1650030005496{padding-right: 20px !important;padding-left: 20px !important;}&#8221;][vc_single_image image=&#8221;7502&#8243; img_size=&#8221;large&#8221; alignment=&#8221;center&#8221;][vc_column_text css=&#8221;.vc_custom_1657187838645{padding-right: 40px !important;padding-left: 40px !important;}&#8221;]Yannick Le Garff et Alexandre Beruet Teboul, sp\u00e9cialistes des classes virtuelles, pr\u00e9sentent les enjeux et les atouts de la classe virtuelle pour l\u2019\u00c9ducation.[\/vc_column_text][vc_row_inner][vc_column_inner width=&#8221;1\/4&#8243; css=&#8221;.vc_custom_1650367302707{padding-right: 25px !important;padding-left: 25px !important;}&#8221;][\/vc_column_inner][vc_column_inner width=&#8221;1\/2&#8243;][vc_btn title=&#8221;<strong>Visionner maintenant<\/strong>&#8221; style=&#8221;outline-custom&#8221; outline_custom_color=&#8221;#a3cd3a&#8221; outline_custom_hover_background=&#8221;#a3cd3a&#8221; outline_custom_hover_text=&#8221;#ffffff&#8221; shape=&#8221;round&#8221; align=&#8221;center&#8221; button_block=&#8221;true&#8221; link=&#8221;url:https%3A%2F%2Finfo.meetingone.com%2Fla-classe-virtuelle-enjeux-et-atouts-pour-leducation|target:_blank&#8221; css=&#8221;.vc_custom_1651230074885{padding-bottom: 20px !important;}&#8221; el_class=&#8221;button-design-green&#8221;][\/vc_column_inner][vc_column_inner width=&#8221;1\/4&#8243;][\/vc_column_inner][\/vc_row_inner][\/vc_column][vc_column width=&#8221;1\/3&#8243; css=&#8221;.vc_custom_1650030017428{padding-right: 20px !important;padding-left: 20px !important;}&#8221;][vc_single_image image=&#8221;7503&#8243; img_size=&#8221;large&#8221; alignment=&#8221;center&#8221;][vc_column_text css=&#8221;.vc_custom_1657187848973{padding-right: 40px !important;padding-left: 40px !important;}&#8221;]Jacques Fayet et Alexandre Beruet Teboul, deux experts en classe virtuelle, mettent en perspective cet extraordinaire outil collaboratif et pr\u00e9sentent ses diff\u00e9rentes utilisations.[\/vc_column_text][vc_row_inner][vc_column_inner width=&#8221;1\/4&#8243; css=&#8221;.vc_custom_1650367395108{padding-right: 25px !important;padding-left: 25px !important;}&#8221;][\/vc_column_inner][vc_column_inner width=&#8221;1\/2&#8243;][vc_btn title=&#8221;<strong>Visionner maintenant<\/strong>&#8221; style=&#8221;outline-custom&#8221; outline_custom_color=&#8221;#a3cd3a&#8221; outline_custom_hover_background=&#8221;#a3cd3a&#8221; outline_custom_hover_text=&#8221;#ffffff&#8221; shape=&#8221;round&#8221; align=&#8221;center&#8221; button_block=&#8221;true&#8221; link=&#8221;url:https%3A%2F%2Finfo.meetingone.com%2Fla-classe-virtuelle-dans-tous-ses-%25C3%25A9tats|target:_blank&#8221; css=&#8221;.vc_custom_1651230102155{padding-bottom: 20px !important;}&#8221; el_class=&#8221;button-design-green&#8221;][\/vc_column_inner][vc_column_inner width=&#8221;1\/4&#8243;][\/vc_column_inner][\/vc_row_inner][\/vc_column][\/vc_row][vc_row full_width=&#8221;stretch_row&#8221; css=&#8221;.vc_custom_1650367949549{padding-top: 35px !important;padding-bottom: 15px !important;}&#8221;][vc_column width=&#8221;1\/2&#8243;][vc_single_image image=&#8221;7506&#8243; img_size=&#8221;full&#8221; alignment=&#8221;center&#8221;][\/vc_column][vc_column width=&#8221;1\/2&#8243;][vc_column_text]<a id=\"myAnchor2\" name=\"myAnchor2\"><\/a><\/p>\n<h1 id=\"myAnchor2\" class=\"banner-heading\" style=\"text-align: center;\"><span style=\"color: #0c3f4c;\"><strong>Do you speak English?<\/strong><\/span><\/h1>\n<p>[\/vc_column_text][vc_row_inner][vc_column_inner width=&#8221;1\/6&#8243;][\/vc_column_inner][vc_column_inner width=&#8221;2\/3&#8243; css=&#8221;.vc_custom_1650367742813{padding-right: 25px !important;padding-left: 25px !important;}&#8221;][vc_btn title=&#8221;<strong>Check our next live sessions<\/strong>&#8221; style=&#8221;outline-custom&#8221; outline_custom_color=&#8221;#6ac8dc&#8221; outline_custom_hover_background=&#8221;#6ac8dc&#8221; outline_custom_hover_text=&#8221;#ffffff&#8221; shape=&#8221;round&#8221; align=&#8221;center&#8221; button_block=&#8221;true&#8221; link=&#8221;url:https%3A%2F%2Fwww.meetingone.com%2Feu-en%2Flearn%2Fwebinars%2F|target:_blank&#8221; css=&#8221;.vc_custom_1660148550681{padding-bottom: 20px !important;}&#8221; el_class=&#8221;button-design-blue&#8221;][\/vc_column_inner][vc_column_inner width=&#8221;1\/6&#8243;][\/vc_column_inner][\/vc_row_inner][\/vc_column][\/vc_row][vc_row el_class=&#8221;speak-english&#8221;][vc_column][vc_column_text]<\/p>\n<p style=\"text-align: center;\">Retrouvez aussi \u00e0 la demande, les webinaires en anglais r\u00e9alis\u00e9s par MeetingOne.<\/p>\n<p>[\/vc_column_text][vc_btn title=&#8221;<strong>Trucs &amp; Astuces<\/strong>&#8221; style=&#8221;outline-custom&#8221; outline_custom_color=&#8221;#fedc51&#8243; outline_custom_hover_background=&#8221;#fedc51&#8243; outline_custom_hover_text=&#8221;#ffffff&#8221; shape=&#8221;square&#8221; align=&#8221;center&#8221; button_block=&#8221;true&#8221; link=&#8221;target:_blank&#8221; css=&#8221;.vc_custom_1652704128025{padding-bottom: 0px !important;}&#8221; el_class=&#8221;button-design-lightyellow&#8221;][vc_btn title=&#8221;<strong>Amelioration des interactions virtuelles<\/strong>&#8221; style=&#8221;outline-custom&#8221; outline_custom_color=&#8221;#a3cd3a&#8221; outline_custom_hover_background=&#8221;#a3cd3a&#8221; outline_custom_hover_text=&#8221;#ffffff&#8221; shape=&#8221;square&#8221; align=&#8221;center&#8221; button_block=&#8221;true&#8221; link=&#8221;target:_blank&#8221; css=&#8221;.vc_custom_1652704140825{padding-bottom: 0px !important;}&#8221; el_class=&#8221;button-design-green&#8221;][vc_btn title=&#8221;<strong>Renforcement des conpt\u00e9tences pour les sessions en ligne<\/strong>&#8221; style=&#8221;outline-custom&#8221; outline_custom_color=&#8221;#f68920&#8243; outline_custom_hover_background=&#8221;#f68920&#8243; outline_custom_hover_text=&#8221;#ffffff&#8221; shape=&#8221;square&#8221; align=&#8221;center&#8221; button_block=&#8221;true&#8221; link=&#8221;target:_blank&#8221; css=&#8221;.vc_custom_1652704153371{padding-bottom: 0px !important;}&#8221; el_class=&#8221;button-design-orange&#8221;][\/vc_column][\/vc_row][vc_row full_width=&#8221;stretch_row&#8221; css=&#8221;.vc_custom_1652698133468{padding-top: 0px !important;padding-bottom: 0px !important;background-position: 0 0 !important;background-repeat: repeat !important;}&#8221; el_class=&#8221;background-image-minheight&#8221;][vc_column width=&#8221;1\/2&#8243; css=&#8221;.vc_custom_1652698399491{padding-top: 0px !important;}&#8221;][vc_single_image image=&#8221;7507&#8243; img_size=&#8221;full&#8221; css=&#8221;.vc_custom_1652703389332{margin-bottom: 0px !important;padding-top: 0px !important;}&#8221;][\/vc_column][vc_column width=&#8221;1\/2&#8243; css=&#8221;.vc_custom_1652698610787{padding-top: 0px !important;padding-right: 40px !important;padding-bottom: 40px !important;padding-left: 40px !important;}&#8221;][vc_column_text]<\/p>\n<h3 class=\"page-sub-heading\"><span style=\"color: #225d71;\"><strong>Vous en voulez encore ?<\/strong><\/span><\/h3>\n<p>Nous avons effectu\u00e9 des recherches et travers\u00e9 de nombreuses \u00e9preuves\u2026 Profitez de nos connaissances gr\u00e2ce \u00e0 nos indispensables eBooks et \u00e0 des visuels tr\u00e8s pratiques afin de garder une longueur d\u2019avance sur les autres.[\/vc_column_text][vc_row_inner][vc_column_inner width=&#8221;1\/6&#8243;][\/vc_column_inner][vc_column_inner width=&#8221;2\/3&#8243; css=&#8221;.vc_custom_1650366056361{padding-right: 25px !important;padding-left: 25px !important;}&#8221;][vc_btn title=&#8221;<strong>Consultez nos eBooks<\/strong>&#8221; style=&#8221;outline-custom&#8221; outline_custom_color=&#8221;#6ac8dc&#8221; outline_custom_hover_background=&#8221;#6ac8dc&#8221; outline_custom_hover_text=&#8221;#ffffff&#8221; shape=&#8221;round&#8221; align=&#8221;center&#8221; button_block=&#8221;true&#8221; link=&#8221;url:https%3A%2F%2Fwww.meetingone.com%2Feu-fr%2Fapprendre%2Febooks%2F|target:_blank&#8221; css=&#8221;.vc_custom_1652703403699{padding-bottom: 0px !important;}&#8221; el_class=&#8221;button-design-blue&#8221;][\/vc_column_inner][vc_column_inner width=&#8221;1\/6&#8243;][\/vc_column_inner][\/vc_row_inner][\/vc_column][\/vc_row]<\/p>\n","protected":false},"excerpt":{"rendered":"<p>[vc_row full_width=&#8221;stretch_row&#8221; css=&#8221;.vc_custom_1652451237536{background-position: center !important;background-repeat: no-repeat !important;background-size: cover !important;}&#8221; el_class=&#8221;inner-page-three&#8221;][vc_column width=&#8221;6\/12&#8243;][vc_column_text css=&#8221;.vc_custom_1651828176621{padding-top: 40px !important;}&#8221; el_class=&#8221;white-text&#8221;] Renforcez vos comp\u00e9tences Devenez expert de la formation en ligne gr\u00e2ce \u00e0 nos webinaires, o\u00f9 nous partageons avec vous les bonnes pratiques et tendances actuelles afin que vous puissiez am\u00e9liorer vos webinaires, classes virtuelles et contenus e-Learning. [\/vc_column_text][vc_row_inner][vc_column_inner width=&#8221;1\/6&#8243;][\/vc_column_inner][vc_column_inner width=&#8221;4\/6&#8243;][vc_column_text] [&hellip;]<\/p>\n","protected":false},"author":5,"featured_media":0,"parent":8019,"menu_order":0,"comment_status":"closed","ping_status":"closed","template":"","meta":{"footnotes":""},"yoast_head":"<!-- This site is optimized with the Yoast SEO plugin v21.2 - https:\/\/yoast.com\/wordpress\/plugins\/seo\/ -->\n<title>Ressources - Webinaires - MeetingOne French<\/title>\n<meta name=\"robots\" content=\"index, follow, max-snippet:-1, max-image-preview:large, max-video-preview:-1\" \/>\n<link rel=\"canonical\" href=\"https:\/\/www.meetingone.com\/eu-fr\/learn\/webinars\/\" \/>\n<meta property=\"og:locale\" content=\"en_US\" \/>\n<meta property=\"og:type\" content=\"article\" \/>\n<meta property=\"og:title\" content=\"Ressources - Webinaires - MeetingOne French\" \/>\n<meta property=\"og:description\" content=\"[vc_row full_width=&#8221;stretch_row&#8221; css=&#8221;.vc_custom_1652451237536{background-position: center !important;background-repeat: no-repeat !important;background-size: cover !important;}&#8221; el_class=&#8221;inner-page-three&#8221;][vc_column width=&#8221;6\/12&#8243;][vc_column_text css=&#8221;.vc_custom_1651828176621{padding-top: 40px !important;}&#8221; el_class=&#8221;white-text&#8221;] Renforcez vos comp\u00e9tences Devenez expert de la formation en ligne gr\u00e2ce \u00e0 nos webinaires, o\u00f9 nous partageons avec vous les bonnes pratiques et tendances actuelles afin que vous puissiez am\u00e9liorer vos webinaires, classes virtuelles et contenus e-Learning. [\/vc_column_text][vc_row_inner][vc_column_inner width=&#8221;1\/6&#8243;][\/vc_column_inner][vc_column_inner width=&#8221;4\/6&#8243;][vc_column_text] [&hellip;]\" \/>\n<meta property=\"og:url\" content=\"https:\/\/www.meetingone.com\/eu-fr\/learn\/webinars\/\" \/>\n<meta property=\"og:site_name\" content=\"MeetingOne French\" \/>\n<meta property=\"article:publisher\" content=\"https:\/\/www.facebook.com\/MeetingOne\" \/>\n<meta property=\"article:modified_time\" content=\"2023-02-23T15:37:29+00:00\" \/>\n<meta property=\"og:image\" content=\"https:\/\/www.meetingone.com\/eu-fr\/wp-content\/uploads\/sites\/7\/2015\/07\/MeetingOne-Icon.png\" \/>\n\t<meta property=\"og:image:width\" content=\"400\" \/>\n\t<meta property=\"og:image:height\" content=\"400\" \/>\n\t<meta property=\"og:image:type\" content=\"image\/png\" \/>\n<meta name=\"twitter:card\" content=\"summary_large_image\" \/>\n<meta name=\"twitter:site\" content=\"@meetingone\" \/>\n<meta name=\"twitter:label1\" content=\"Est. reading time\" \/>\n\t<meta name=\"twitter:data1\" content=\"3 minutes\" \/>\n<script type=\"application\/ld+json\" class=\"yoast-schema-graph\">{\"@context\":\"https:\/\/schema.org\",\"@graph\":[{\"@type\":\"WebPage\",\"@id\":\"https:\/\/www.meetingone.com\/eu-fr\/learn\/webinars\/\",\"url\":\"https:\/\/www.meetingone.com\/eu-fr\/learn\/webinars\/\",\"name\":\"Ressources - Webinaires - MeetingOne French\",\"isPartOf\":{\"@id\":\"https:\/\/www.meetingone.com\/eu-fr\/#website\"},\"datePublished\":\"2022-05-16T12:08:45+00:00\",\"dateModified\":\"2023-02-23T15:37:29+00:00\",\"breadcrumb\":{\"@id\":\"https:\/\/www.meetingone.com\/eu-fr\/learn\/webinars\/#breadcrumb\"},\"inLanguage\":\"en-US\",\"potentialAction\":[{\"@type\":\"ReadAction\",\"target\":[\"https:\/\/www.meetingone.com\/eu-fr\/learn\/webinars\/\"]}]},{\"@type\":\"BreadcrumbList\",\"@id\":\"https:\/\/www.meetingone.com\/eu-fr\/learn\/webinars\/#breadcrumb\",\"itemListElement\":[{\"@type\":\"ListItem\",\"position\":1,\"name\":\"Home\",\"item\":\"https:\/\/www.meetingone.com\/eu-fr\/\"},{\"@type\":\"ListItem\",\"position\":2,\"name\":\"Ressources &#8211; Apprentissage\",\"item\":\"https:\/\/www.meetingone.com\/eu-fr\/learn\/\"},{\"@type\":\"ListItem\",\"position\":3,\"name\":\"Ressources &#8211; Webinaires\"}]},{\"@type\":\"WebSite\",\"@id\":\"https:\/\/www.meetingone.com\/eu-fr\/#website\",\"url\":\"https:\/\/www.meetingone.com\/eu-fr\/\",\"name\":\"MeetingOne French\",\"description\":\"\",\"potentialAction\":[{\"@type\":\"SearchAction\",\"target\":{\"@type\":\"EntryPoint\",\"urlTemplate\":\"https:\/\/www.meetingone.com\/eu-fr\/?s={search_term_string}\"},\"query-input\":\"required name=search_term_string\"}],\"inLanguage\":\"en-US\"}]}<\/script>\n<!-- \/ Yoast SEO plugin. -->","yoast_head_json":{"title":"Ressources - Webinaires - MeetingOne French","robots":{"index":"index","follow":"follow","max-snippet":"max-snippet:-1","max-image-preview":"max-image-preview:large","max-video-preview":"max-video-preview:-1"},"canonical":"https:\/\/www.meetingone.com\/eu-fr\/learn\/webinars\/","og_locale":"en_US","og_type":"article","og_title":"Ressources - Webinaires - MeetingOne French","og_description":"[vc_row full_width=&#8221;stretch_row&#8221; css=&#8221;.vc_custom_1652451237536{background-position: center !important;background-repeat: no-repeat !important;background-size: cover !important;}&#8221; el_class=&#8221;inner-page-three&#8221;][vc_column width=&#8221;6\/12&#8243;][vc_column_text css=&#8221;.vc_custom_1651828176621{padding-top: 40px !important;}&#8221; el_class=&#8221;white-text&#8221;] Renforcez vos comp\u00e9tences Devenez expert de la formation en ligne gr\u00e2ce \u00e0 nos webinaires, o\u00f9 nous partageons avec vous les bonnes pratiques et tendances actuelles afin que vous puissiez am\u00e9liorer vos webinaires, classes virtuelles et contenus e-Learning. [\/vc_column_text][vc_row_inner][vc_column_inner width=&#8221;1\/6&#8243;][\/vc_column_inner][vc_column_inner width=&#8221;4\/6&#8243;][vc_column_text] [&hellip;]","og_url":"https:\/\/www.meetingone.com\/eu-fr\/learn\/webinars\/","og_site_name":"MeetingOne French","article_publisher":"https:\/\/www.facebook.com\/MeetingOne","article_modified_time":"2023-02-23T15:37:29+00:00","og_image":[{"width":400,"height":400,"url":"https:\/\/www.meetingone.com\/eu-fr\/wp-content\/uploads\/sites\/7\/2015\/07\/MeetingOne-Icon.png","type":"image\/png"}],"twitter_card":"summary_large_image","twitter_site":"@meetingone","twitter_misc":{"Est. reading time":"3 minutes"},"schema":{"@context":"https:\/\/schema.org","@graph":[{"@type":"WebPage","@id":"https:\/\/www.meetingone.com\/eu-fr\/learn\/webinars\/","url":"https:\/\/www.meetingone.com\/eu-fr\/learn\/webinars\/","name":"Ressources - Webinaires - MeetingOne French","isPartOf":{"@id":"https:\/\/www.meetingone.com\/eu-fr\/#website"},"datePublished":"2022-05-16T12:08:45+00:00","dateModified":"2023-02-23T15:37:29+00:00","breadcrumb":{"@id":"https:\/\/www.meetingone.com\/eu-fr\/learn\/webinars\/#breadcrumb"},"inLanguage":"en-US","potentialAction":[{"@type":"ReadAction","target":["https:\/\/www.meetingone.com\/eu-fr\/learn\/webinars\/"]}]},{"@type":"BreadcrumbList","@id":"https:\/\/www.meetingone.com\/eu-fr\/learn\/webinars\/#breadcrumb","itemListElement":[{"@type":"ListItem","position":1,"name":"Home","item":"https:\/\/www.meetingone.com\/eu-fr\/"},{"@type":"ListItem","position":2,"name":"Ressources &#8211; Apprentissage","item":"https:\/\/www.meetingone.com\/eu-fr\/learn\/"},{"@type":"ListItem","position":3,"name":"Ressources &#8211; Webinaires"}]},{"@type":"WebSite","@id":"https:\/\/www.meetingone.com\/eu-fr\/#website","url":"https:\/\/www.meetingone.com\/eu-fr\/","name":"MeetingOne French","description":"","potentialAction":[{"@type":"SearchAction","target":{"@type":"EntryPoint","urlTemplate":"https:\/\/www.meetingone.com\/eu-fr\/?s={search_term_string}"},"query-input":"required name=search_term_string"}],"inLanguage":"en-US"}]}},"_links":{"self":[{"href":"https:\/\/www.meetingone.com\/eu-fr\/wp-json\/wp\/v2\/pages\/7496"}],"collection":[{"href":"https:\/\/www.meetingone.com\/eu-fr\/wp-json\/wp\/v2\/pages"}],"about":[{"href":"https:\/\/www.meetingone.com\/eu-fr\/wp-json\/wp\/v2\/types\/page"}],"author":[{"embeddable":true,"href":"https:\/\/www.meetingone.com\/eu-fr\/wp-json\/wp\/v2\/users\/5"}],"replies":[{"embeddable":true,"href":"https:\/\/www.meetingone.com\/eu-fr\/wp-json\/wp\/v2\/comments?post=7496"}],"version-history":[{"count":33,"href":"https:\/\/www.meetingone.com\/eu-fr\/wp-json\/wp\/v2\/pages\/7496\/revisions"}],"predecessor-version":[{"id":8083,"href":"https:\/\/www.meetingone.com\/eu-fr\/wp-json\/wp\/v2\/pages\/7496\/revisions\/8083"}],"up":[{"embeddable":true,"href":"https:\/\/www.meetingone.com\/eu-fr\/wp-json\/wp\/v2\/pages\/8019"}],"wp:attachment":[{"href":"https:\/\/www.meetingone.com\/eu-fr\/wp-json\/wp\/v2\/media?parent=7496"}],"curies":[{"name":"wp","href":"https:\/\/api.w.org\/{rel}","templated":true}]}}