{"id":7482,"date":"2022-05-16T05:38:19","date_gmt":"2022-05-16T11:38:19","guid":{"rendered":"https:\/\/www.meetingone.com\/eu-fr\/?page_id=7482"},"modified":"2023-06-14T03:32:59","modified_gmt":"2023-06-14T09:32:59","slug":"adobe-connect","status":"publish","type":"page","link":"https:\/\/www.meetingone.com\/eu-fr\/adobe-connect\/","title":{"rendered":"Produits &#8211; Adobe Connect"},"content":{"rendered":"<p>[vc_row full_width=&#8221;stretch_row_content_no_spaces&#8221; el_class=&#8221;inner-page-two&#8221;][vc_column][vc_single_image image=&#8221;7565&#8243; img_size=&#8221;full&#8221; css=&#8221;.vc_custom_1653317684902{margin-bottom: 0px !important;}&#8221;][vc_row_inner css=&#8221;.vc_custom_1658481760420{margin-top: -456px !important;padding-bottom: 50px !important;}&#8221; el_class=&#8221;adobe-connect-banner&#8221;][vc_column_inner width=&#8221;1\/6&#8243;][vc_single_image image=&#8221;7488&#8243; img_size=&#8221;full&#8221; alignment=&#8221;center&#8221; css=&#8221;.vc_custom_1658481041350{padding-left: 100px !important;}&#8221;][\/vc_column_inner][vc_column_inner width=&#8221;2\/6&#8243;][vc_column_text]<\/p>\n<h2 style=\"text-align: left;\"><span style=\"color: #000;\"><strong>Adobe Connect<\/strong><\/span><\/h2>\n<p>[\/vc_column_text][\/vc_column_inner][vc_column_inner width=&#8221;1\/2&#8243;][vc_column_text]<\/p>\n<h1 class=\"banner-heading\" style=\"text-align: left;\"><span style=\"color: #0c3f4c;\"><strong>\u00a0 \u00a0 \u00a0 La classe virtuelle<\/strong><\/span><\/h1>\n<p>[\/vc_column_text][\/vc_column_inner][\/vc_row_inner][\/vc_column][\/vc_row][vc_row full_width=&#8221;stretch_row&#8221; css=&#8221;.vc_custom_1649936956200{padding-top: 35px !important;padding-bottom: 45px !important;}&#8221;][vc_column width=&#8221;1\/2&#8243;][vc_column_text]<\/p>\n<h3 class=\"page-sub-heading\"><span style=\"color: #225d71;\"><strong>La classe virtuelle qui offre une exp\u00e9rience bien r\u00e9elle<\/strong><\/span><\/h3>\n<p>Avec Adobe Connect, la classe virtuelle devient exceptionnelle. Gr\u00e2ce \u00e0 ses nombreuses fonctionnalit\u00e9s, vous allez pouvoir cr\u00e9er une salle de classe qui vous accompagne dans votre d\u00e9marche p\u00e9dagogique et dans le d\u00e9roul\u00e9 de votre histoire.<\/p>\n<p>Transformez la mani\u00e8re dont vous mobilisez votre public en cr\u00e9ant des exp\u00e9riences virtuelles immersives gr\u00e2ce \u00e0 de puissantes capacit\u00e9s de sc\u00e9narisation et de conception d\u2019engagement.<\/p>\n<p>En tant qu\u2019h\u00f4te, vous gardez un contr\u00f4le total sur la narration et engagez votre public gr\u00e2ce \u00e0 des interactions judicieusement con\u00e7ues tout au long de l\u2019histoire.[\/vc_column_text][\/vc_column][vc_column width=&#8221;1\/2&#8243;][vc_single_image image=&#8221;7489&#8243; img_size=&#8221;full&#8221; alignment=&#8221;center&#8221;][\/vc_column][\/vc_row][vc_row content_placement=&#8221;middle&#8221;][vc_column width=&#8221;1\/3&#8243;][\/vc_column][vc_column width=&#8221;1\/3&#8243; css=&#8221;.vc_custom_1650359555350{padding-right: 25px !important;padding-left: 25px !important;}&#8221;][vc_btn title=&#8221;<strong>Voir la vid\u00e9o de pr\u00e9sentation<\/strong>&#8221; style=&#8221;outline-custom&#8221; outline_custom_color=&#8221;#a3cd3a&#8221; outline_custom_hover_background=&#8221;#a3cd3a&#8221; outline_custom_hover_text=&#8221;#ffffff&#8221; shape=&#8221;round&#8221; align=&#8221;center&#8221; button_block=&#8221;true&#8221; link=&#8221;url:https%3A%2F%2Fwww.adobe.com%2Fproducts%2Fadobeconnect%2Fwhats-new-c12.html%23watch-new|target:_blank&#8221; css=&#8221;.vc_custom_1659627980113{padding-bottom: 20px !important;}&#8221; el_class=&#8221;button-design-green&#8221;][\/vc_column][vc_column width=&#8221;1\/3&#8243;][\/vc_column][\/vc_row][vc_row full_width=&#8221;stretch_row&#8221; css=&#8221;.vc_custom_1649937425282{padding-top: 35px !important;padding-bottom: 45px !important;background-color: #f2f7f9 !important;}&#8221;][vc_column width=&#8221;1\/2&#8243;][vc_single_image image=&#8221;7609&#8243; img_size=&#8221;full&#8221; alignment=&#8221;center&#8221;][\/vc_column][vc_column width=&#8221;1\/2&#8243;][vc_column_text]<\/p>\n<h3 class=\"page-sub-heading\"><span style=\"color: #225d71;\"><strong>Cr\u00e9ez et r\u00e9utilisez vos salles \u00e0 l&#8217;infini<\/strong><\/span><\/h3>\n<p>La puissance d&#8217;Adobe Connect est de pouvoir r\u00e9utiliser autant de fois que vous le souhaitez votre salle de classe virtuelle. Vous pouvez cr\u00e9er et r\u00e9utiliser des sondages, des quiz et du contenu pour un public diff\u00e9rent, ou qui se situe dans un autre fuseau horaire.<\/p>\n<p>Vous pouvez aussi cr\u00e9er des mod\u00e8les de salle selon votre approche p\u00e9dagogique, sans avoir \u00e0 tout recommencer \u00e0 chaque fois. Convertissez votre sc\u00e8ne parfaite en mod\u00e8les accessibles par vos \u00e9quipes. Les mod\u00e8les facilitent et acc\u00e9l\u00e8rent la cr\u00e9ation de nouvelles salles et assurent la coh\u00e9rence de l\u2019exp\u00e9rience \u00e0 vos apprenants.[\/vc_column_text][vc_row_inner][vc_column_inner width=&#8221;1\/6&#8243;][\/vc_column_inner][vc_column_inner width=&#8221;2\/3&#8243; css=&#8221;.vc_custom_1650359599260{padding-right: 25px !important;padding-left: 25px !important;}&#8221;][vc_btn title=&#8221;<strong>S&#8217;inscrire pour une d\u00e9mo<\/strong>&#8221; style=&#8221;outline-custom&#8221; outline_custom_color=&#8221;#f68920&#8243; outline_custom_hover_background=&#8221;#f68920&#8243; outline_custom_hover_text=&#8221;#ffffff&#8221; shape=&#8221;round&#8221; align=&#8221;center&#8221; button_block=&#8221;true&#8221; link=&#8221;url:%2Flearn%2Fwebinars%2F%23myAnchor&#8221; css=&#8221;.vc_custom_1686735177550{padding-bottom: 20px !important;}&#8221; el_class=&#8221;button-design-orange&#8221;][\/vc_column_inner][vc_column_inner width=&#8221;1\/6&#8243;][\/vc_column_inner][\/vc_row_inner][\/vc_column][\/vc_row][vc_row full_width=&#8221;stretch_row&#8221; css=&#8221;.vc_custom_1649937411151{padding-top: 35px !important;padding-bottom: 45px !important;}&#8221;][vc_column width=&#8221;1\/2&#8243;][vc_column_text]<\/p>\n<h3 class=\"page-sub-heading\"><span style=\"color: #225d71;\"><strong>Maintenez l&#8217;engagement de vos apprenants<\/strong><\/span><\/h3>\n<p>La classe virtuelle ne doit pas n\u00e9cessairement \u00eatre compos\u00e9 d&#8217;un monologue tenu par un instructeur, d&#8217;un partage d\u2019\u00e9cran et d&#8217;une webcam. Dynamisez-la avec des story-boards, con\u00e7us avec attention et optimis\u00e9s pour les interactions, afin de capturer au mieux l\u2019attention des apprenants. Gr\u00e2ce aux nombreux modules d&#8217;interaction d&#8217;Adobe Connect, vos apprenants deviennent de v\u00e9ritables acteurs de la classe virtuelle. Gr\u00e2ce aux ateliers, ils ne se contentent pas d\u2019\u00e9couter, mais font un apprentissage pratique et collaboratif en petits groupes. Avec Adobe Connect, envolez-vous vers un monde nouveau de possibilit\u00e9s et d&#8217;\u00e9changes.[\/vc_column_text][vc_row_inner][vc_column_inner width=&#8221;1\/6&#8243;][\/vc_column_inner][vc_column_inner width=&#8221;2\/3&#8243; css=&#8221;.vc_custom_1650359618367{padding-right: 25px !important;padding-left: 25px !important;}&#8221;][vc_btn title=&#8221;<strong>Demandez un essai ou un devis<\/strong>&#8221; style=&#8221;outline-custom&#8221; outline_custom_color=&#8221;#89cff0&#8243; outline_custom_hover_background=&#8221;#89cff0&#8243; outline_custom_hover_text=&#8221;#ffffff&#8221; shape=&#8221;round&#8221; align=&#8221;center&#8221; button_block=&#8221;true&#8221; link=&#8221;url:%2Feu-fr%2Fnous-contacter%2F|target:_blank&#8221; css=&#8221;.vc_custom_1652701988804{padding-bottom: 20px !important;}&#8221; el_class=&#8221;button-design-blue&#8221;][\/vc_column_inner][vc_column_inner width=&#8221;1\/6&#8243;][\/vc_column_inner][\/vc_row_inner][\/vc_column][vc_column width=&#8221;1\/2&#8243;][vc_single_image image=&#8221;7491&#8243; img_size=&#8221;full&#8221; alignment=&#8221;center&#8221;][\/vc_column][\/vc_row][vc_row full_width=&#8221;stretch_row&#8221; css=&#8221;.vc_custom_1649937425282{padding-top: 35px !important;padding-bottom: 45px !important;background-color: #f2f7f9 !important;}&#8221;][vc_column width=&#8221;1\/2&#8243;][vc_single_image image=&#8221;7492&#8243; img_size=&#8221;full&#8221; alignment=&#8221;center&#8221;][\/vc_column][vc_column width=&#8221;1\/2&#8243;][vc_column_text]<\/p>\n<h3 class=\"page-sub-heading\"><span style=\"color: #225d71;\"><strong>R\u00e9alisez un sans faute avec l&#8217;int\u00e9gration audio<\/strong><\/span><\/h3>\n<p>Avec le num\u00e9rique, nous sommes d\u00e9pendants de la qualit\u00e9 du r\u00e9seau et l&#8217;utilisation de la bande passante.<\/p>\n<p>Afin de ne pas compromettre la qualit\u00e9 de vos formations, am\u00e9liorez l\u2019exp\u00e9rience audio de vos apprenants en int\u00e9grant la t\u00e9l\u00e9conf\u00e9rence AudioOne \u00e0 Adobe Connect.<\/p>\n<p>L&#8217;int\u00e9gration audio permet un contr\u00f4le audio complet de vos participants et garantit la qualit\u00e9 de vos enregistrements. MeetingOne est le premier partenaire d\u2019Adobe Connect pour les audio-conf\u00e9rences. Nous proposons une liste de fonctionnalit\u00e9s audio exclusives qui int\u00e8grent et offrent une exp\u00e9rience in\u00e9gal\u00e9e de l\u2019audioconf\u00e9rence int\u00e9gr\u00e9e.[\/vc_column_text][vc_row_inner][vc_column_inner width=&#8221;1\/6&#8243;][\/vc_column_inner][vc_column_inner width=&#8221;2\/3&#8243; css=&#8221;.vc_custom_1650359693193{padding-right: 25px !important;padding-left: 25px !important;}&#8221;][vc_btn title=&#8221;<strong>en savoir plus<\/strong>&#8221; style=&#8221;outline-custom&#8221; outline_custom_color=&#8221;#fedc51&#8243; outline_custom_hover_background=&#8221;#fedc51&#8243; outline_custom_hover_text=&#8221;#ffffff&#8221; shape=&#8221;round&#8221; align=&#8221;center&#8221; button_block=&#8221;true&#8221; link=&#8221;url:%2Feu-fr%2Faudioone%2F|target:_blank&#8221; css=&#8221;.vc_custom_1652702088072{padding-bottom: 20px !important;}&#8221; el_class=&#8221;button-design-light-orange&#8221;][\/vc_column_inner][vc_column_inner width=&#8221;1\/6&#8243;][\/vc_column_inner][\/vc_row_inner][\/vc_column][\/vc_row]<\/p>\n","protected":false},"excerpt":{"rendered":"<p>[vc_row full_width=&#8221;stretch_row_content_no_spaces&#8221; el_class=&#8221;inner-page-two&#8221;][vc_column][vc_single_image image=&#8221;7565&#8243; img_size=&#8221;full&#8221; css=&#8221;.vc_custom_1653317684902{margin-bottom: 0px !important;}&#8221;][vc_row_inner css=&#8221;.vc_custom_1658481760420{margin-top: -456px !important;padding-bottom: 50px !important;}&#8221; el_class=&#8221;adobe-connect-banner&#8221;][vc_column_inner width=&#8221;1\/6&#8243;][vc_single_image image=&#8221;7488&#8243; img_size=&#8221;full&#8221; alignment=&#8221;center&#8221; css=&#8221;.vc_custom_1658481041350{padding-left: 100px !important;}&#8221;][\/vc_column_inner][vc_column_inner width=&#8221;2\/6&#8243;][vc_column_text] Adobe Connect [\/vc_column_text][\/vc_column_inner][vc_column_inner width=&#8221;1\/2&#8243;][vc_column_text] \u00a0 \u00a0 \u00a0 La classe virtuelle [\/vc_column_text][\/vc_column_inner][\/vc_row_inner][\/vc_column][\/vc_row][vc_row full_width=&#8221;stretch_row&#8221; css=&#8221;.vc_custom_1649936956200{padding-top: 35px !important;padding-bottom: 45px !important;}&#8221;][vc_column width=&#8221;1\/2&#8243;][vc_column_text] La classe virtuelle qui offre une exp\u00e9rience bien r\u00e9elle Avec Adobe Connect, la classe virtuelle [&hellip;]<\/p>\n","protected":false},"author":5,"featured_media":0,"parent":0,"menu_order":0,"comment_status":"closed","ping_status":"closed","template":"","meta":{"footnotes":""},"yoast_head":"<!-- This site is optimized with the Yoast SEO plugin v21.2 - https:\/\/yoast.com\/wordpress\/plugins\/seo\/ -->\n<title>Produits - Adobe Connect - MeetingOne French<\/title>\n<meta name=\"robots\" content=\"index, follow, max-snippet:-1, max-image-preview:large, max-video-preview:-1\" \/>\n<link rel=\"canonical\" href=\"https:\/\/www.meetingone.com\/eu-fr\/adobe-connect\/\" \/>\n<meta property=\"og:locale\" content=\"en_US\" \/>\n<meta property=\"og:type\" content=\"article\" \/>\n<meta property=\"og:title\" content=\"Produits - Adobe Connect - MeetingOne French\" \/>\n<meta property=\"og:description\" content=\"[vc_row full_width=&#8221;stretch_row_content_no_spaces&#8221; el_class=&#8221;inner-page-two&#8221;][vc_column][vc_single_image image=&#8221;7565&#8243; img_size=&#8221;full&#8221; css=&#8221;.vc_custom_1653317684902{margin-bottom: 0px !important;}&#8221;][vc_row_inner css=&#8221;.vc_custom_1658481760420{margin-top: -456px !important;padding-bottom: 50px !important;}&#8221; el_class=&#8221;adobe-connect-banner&#8221;][vc_column_inner width=&#8221;1\/6&#8243;][vc_single_image image=&#8221;7488&#8243; img_size=&#8221;full&#8221; alignment=&#8221;center&#8221; css=&#8221;.vc_custom_1658481041350{padding-left: 100px !important;}&#8221;][\/vc_column_inner][vc_column_inner width=&#8221;2\/6&#8243;][vc_column_text] Adobe Connect [\/vc_column_text][\/vc_column_inner][vc_column_inner width=&#8221;1\/2&#8243;][vc_column_text] \u00a0 \u00a0 \u00a0 La classe virtuelle [\/vc_column_text][\/vc_column_inner][\/vc_row_inner][\/vc_column][\/vc_row][vc_row full_width=&#8221;stretch_row&#8221; css=&#8221;.vc_custom_1649936956200{padding-top: 35px !important;padding-bottom: 45px !important;}&#8221;][vc_column width=&#8221;1\/2&#8243;][vc_column_text] La classe virtuelle qui offre une exp\u00e9rience bien r\u00e9elle Avec Adobe Connect, la classe virtuelle [&hellip;]\" \/>\n<meta property=\"og:url\" content=\"https:\/\/www.meetingone.com\/eu-fr\/adobe-connect\/\" \/>\n<meta property=\"og:site_name\" content=\"MeetingOne French\" \/>\n<meta property=\"article:publisher\" content=\"https:\/\/www.facebook.com\/MeetingOne\" \/>\n<meta property=\"article:modified_time\" content=\"2023-06-14T09:32:59+00:00\" \/>\n<meta property=\"og:image\" content=\"https:\/\/www.meetingone.com\/eu-fr\/wp-content\/uploads\/sites\/7\/2015\/07\/MeetingOne-Icon.png\" \/>\n\t<meta property=\"og:image:width\" content=\"400\" \/>\n\t<meta property=\"og:image:height\" content=\"400\" \/>\n\t<meta property=\"og:image:type\" content=\"image\/png\" \/>\n<meta name=\"twitter:card\" content=\"summary_large_image\" \/>\n<meta name=\"twitter:site\" content=\"@meetingone\" \/>\n<meta name=\"twitter:label1\" content=\"Est. reading time\" \/>\n\t<meta name=\"twitter:data1\" content=\"3 minutes\" \/>\n<script type=\"application\/ld+json\" class=\"yoast-schema-graph\">{\"@context\":\"https:\/\/schema.org\",\"@graph\":[{\"@type\":\"WebPage\",\"@id\":\"https:\/\/www.meetingone.com\/eu-fr\/adobe-connect\/\",\"url\":\"https:\/\/www.meetingone.com\/eu-fr\/adobe-connect\/\",\"name\":\"Produits - Adobe Connect - MeetingOne French\",\"isPartOf\":{\"@id\":\"https:\/\/www.meetingone.com\/eu-fr\/#website\"},\"datePublished\":\"2022-05-16T11:38:19+00:00\",\"dateModified\":\"2023-06-14T09:32:59+00:00\",\"breadcrumb\":{\"@id\":\"https:\/\/www.meetingone.com\/eu-fr\/adobe-connect\/#breadcrumb\"},\"inLanguage\":\"en-US\",\"potentialAction\":[{\"@type\":\"ReadAction\",\"target\":[\"https:\/\/www.meetingone.com\/eu-fr\/adobe-connect\/\"]}]},{\"@type\":\"BreadcrumbList\",\"@id\":\"https:\/\/www.meetingone.com\/eu-fr\/adobe-connect\/#breadcrumb\",\"itemListElement\":[{\"@type\":\"ListItem\",\"position\":1,\"name\":\"Home\",\"item\":\"https:\/\/www.meetingone.com\/eu-fr\/\"},{\"@type\":\"ListItem\",\"position\":2,\"name\":\"Produits &#8211; Adobe Connect\"}]},{\"@type\":\"WebSite\",\"@id\":\"https:\/\/www.meetingone.com\/eu-fr\/#website\",\"url\":\"https:\/\/www.meetingone.com\/eu-fr\/\",\"name\":\"MeetingOne French\",\"description\":\"\",\"potentialAction\":[{\"@type\":\"SearchAction\",\"target\":{\"@type\":\"EntryPoint\",\"urlTemplate\":\"https:\/\/www.meetingone.com\/eu-fr\/?s={search_term_string}\"},\"query-input\":\"required name=search_term_string\"}],\"inLanguage\":\"en-US\"}]}<\/script>\n<!-- \/ Yoast SEO plugin. -->","yoast_head_json":{"title":"Produits - Adobe Connect - MeetingOne French","robots":{"index":"index","follow":"follow","max-snippet":"max-snippet:-1","max-image-preview":"max-image-preview:large","max-video-preview":"max-video-preview:-1"},"canonical":"https:\/\/www.meetingone.com\/eu-fr\/adobe-connect\/","og_locale":"en_US","og_type":"article","og_title":"Produits - Adobe Connect - MeetingOne French","og_description":"[vc_row full_width=&#8221;stretch_row_content_no_spaces&#8221; el_class=&#8221;inner-page-two&#8221;][vc_column][vc_single_image image=&#8221;7565&#8243; img_size=&#8221;full&#8221; css=&#8221;.vc_custom_1653317684902{margin-bottom: 0px !important;}&#8221;][vc_row_inner css=&#8221;.vc_custom_1658481760420{margin-top: -456px !important;padding-bottom: 50px !important;}&#8221; el_class=&#8221;adobe-connect-banner&#8221;][vc_column_inner width=&#8221;1\/6&#8243;][vc_single_image image=&#8221;7488&#8243; img_size=&#8221;full&#8221; alignment=&#8221;center&#8221; css=&#8221;.vc_custom_1658481041350{padding-left: 100px !important;}&#8221;][\/vc_column_inner][vc_column_inner width=&#8221;2\/6&#8243;][vc_column_text] Adobe Connect [\/vc_column_text][\/vc_column_inner][vc_column_inner width=&#8221;1\/2&#8243;][vc_column_text] \u00a0 \u00a0 \u00a0 La classe virtuelle [\/vc_column_text][\/vc_column_inner][\/vc_row_inner][\/vc_column][\/vc_row][vc_row full_width=&#8221;stretch_row&#8221; css=&#8221;.vc_custom_1649936956200{padding-top: 35px !important;padding-bottom: 45px !important;}&#8221;][vc_column width=&#8221;1\/2&#8243;][vc_column_text] La classe virtuelle qui offre une exp\u00e9rience bien r\u00e9elle Avec Adobe Connect, la classe virtuelle [&hellip;]","og_url":"https:\/\/www.meetingone.com\/eu-fr\/adobe-connect\/","og_site_name":"MeetingOne French","article_publisher":"https:\/\/www.facebook.com\/MeetingOne","article_modified_time":"2023-06-14T09:32:59+00:00","og_image":[{"width":400,"height":400,"url":"https:\/\/www.meetingone.com\/eu-fr\/wp-content\/uploads\/sites\/7\/2015\/07\/MeetingOne-Icon.png","type":"image\/png"}],"twitter_card":"summary_large_image","twitter_site":"@meetingone","twitter_misc":{"Est. reading time":"3 minutes"},"schema":{"@context":"https:\/\/schema.org","@graph":[{"@type":"WebPage","@id":"https:\/\/www.meetingone.com\/eu-fr\/adobe-connect\/","url":"https:\/\/www.meetingone.com\/eu-fr\/adobe-connect\/","name":"Produits - Adobe Connect - MeetingOne French","isPartOf":{"@id":"https:\/\/www.meetingone.com\/eu-fr\/#website"},"datePublished":"2022-05-16T11:38:19+00:00","dateModified":"2023-06-14T09:32:59+00:00","breadcrumb":{"@id":"https:\/\/www.meetingone.com\/eu-fr\/adobe-connect\/#breadcrumb"},"inLanguage":"en-US","potentialAction":[{"@type":"ReadAction","target":["https:\/\/www.meetingone.com\/eu-fr\/adobe-connect\/"]}]},{"@type":"BreadcrumbList","@id":"https:\/\/www.meetingone.com\/eu-fr\/adobe-connect\/#breadcrumb","itemListElement":[{"@type":"ListItem","position":1,"name":"Home","item":"https:\/\/www.meetingone.com\/eu-fr\/"},{"@type":"ListItem","position":2,"name":"Produits &#8211; Adobe Connect"}]},{"@type":"WebSite","@id":"https:\/\/www.meetingone.com\/eu-fr\/#website","url":"https:\/\/www.meetingone.com\/eu-fr\/","name":"MeetingOne French","description":"","potentialAction":[{"@type":"SearchAction","target":{"@type":"EntryPoint","urlTemplate":"https:\/\/www.meetingone.com\/eu-fr\/?s={search_term_string}"},"query-input":"required name=search_term_string"}],"inLanguage":"en-US"}]}},"_links":{"self":[{"href":"https:\/\/www.meetingone.com\/eu-fr\/wp-json\/wp\/v2\/pages\/7482"}],"collection":[{"href":"https:\/\/www.meetingone.com\/eu-fr\/wp-json\/wp\/v2\/pages"}],"about":[{"href":"https:\/\/www.meetingone.com\/eu-fr\/wp-json\/wp\/v2\/types\/page"}],"author":[{"embeddable":true,"href":"https:\/\/www.meetingone.com\/eu-fr\/wp-json\/wp\/v2\/users\/5"}],"replies":[{"embeddable":true,"href":"https:\/\/www.meetingone.com\/eu-fr\/wp-json\/wp\/v2\/comments?post=7482"}],"version-history":[{"count":29,"href":"https:\/\/www.meetingone.com\/eu-fr\/wp-json\/wp\/v2\/pages\/7482\/revisions"}],"predecessor-version":[{"id":8121,"href":"https:\/\/www.meetingone.com\/eu-fr\/wp-json\/wp\/v2\/pages\/7482\/revisions\/8121"}],"wp:attachment":[{"href":"https:\/\/www.meetingone.com\/eu-fr\/wp-json\/wp\/v2\/media?parent=7482"}],"curies":[{"name":"wp","href":"https:\/\/api.w.org\/{rel}","templated":true}]}}