{"id":7470,"date":"2022-05-16T05:27:24","date_gmt":"2022-05-16T11:27:24","guid":{"rendered":"https:\/\/www.meetingone.com\/eu-fr\/?page_id=7470"},"modified":"2023-06-14T03:29:18","modified_gmt":"2023-06-14T09:29:18","slug":"adobe-captivate","status":"publish","type":"page","link":"https:\/\/www.meetingone.com\/eu-fr\/adobe-captivate\/","title":{"rendered":"Produits &#8211; Adobe Captivate"},"content":{"rendered":"<p>[vc_row full_width=&#8221;stretch_row&#8221; css=&#8221;.vc_custom_1652696812302{padding-top: 0px !important;padding-bottom: 0px !important;background-position: center !important;background-repeat: no-repeat !important;background-size: cover !important;}&#8221; el_class=&#8221;inner-page-one&#8221;][vc_column width=&#8221;1\/2&#8243; css=&#8221;.vc_custom_1651580979100{padding-top: 0px !important;}&#8221;][vc_column_text css=&#8221;.vc_custom_1652700603208{padding-top: 40px !important;padding-right: 40px !important;padding-left: 40px !important;}&#8221; el_class=&#8221;white-text&#8221;]<img decoding=\"async\" loading=\"lazy\" class=\"alignleft size-full wp-image-7679\" src=\"https:\/\/www.meetingone.com\/eu-fr\/wp-content\/uploads\/sites\/7\/2022\/05\/adobe-captive-1.png\" alt=\"\" width=\"73\" height=\"73\" \/><\/p>\n<h4 style=\"text-align: left; margin-top: 12px; font-size: 28px;\"><span style=\"color: #0c3f4c;\"><strong>Adobe Captivate<\/strong><\/span><\/h4>\n<p>[\/vc_column_text][vc_row_inner css=&#8221;.vc_custom_1652697509700{padding-top: 50px !important;padding-bottom: 0px !important;}&#8221;][vc_column_inner][vc_column_text]<\/p>\n<h1 class=\"banner-heading\"><span style=\"color: #0c3e4c;\"><strong>Cr\u00e9ez du contenu eLearning captivant<\/strong><\/span><\/h1>\n<p>[\/vc_column_text][\/vc_column_inner][\/vc_row_inner][\/vc_column][vc_column width=&#8221;1\/2&#8243; css=&#8221;.vc_custom_1652697090437{padding-top: 0px !important;}&#8221;][vc_single_image image=&#8221;7473&#8243; img_size=&#8221;full&#8221; css=&#8221;.vc_custom_1652700653651{margin-bottom: 0px !important;}&#8221;][\/vc_column][\/vc_row][vc_row full_width=&#8221;stretch_row&#8221; css=&#8221;.vc_custom_1649936956200{padding-top: 35px !important;padding-bottom: 45px !important;}&#8221;][vc_column width=&#8221;1\/2&#8243;][vc_column_text]<\/p>\n<h3 class=\"page-sub-heading\"><span style=\"color: #225d71;\"><strong>Cr\u00e9ez de superbes cours en quelques minutes<\/strong><\/span><\/h3>\n<p>Cr\u00e9ez de magnifiques cours adapt\u00e9s aux portables en quelques minutes gr\u00e2ce aux nouveaux projets \u00e0 d\u00e9marrage rapide, aux diapositives et interactions pr\u00eates \u00e0 l&#8217;emploi. Acc\u00e9l\u00e9rez la cr\u00e9ation de cours en utilisant la fonction d&#8217;embranchement automatique et en copiant l&#8217;apparence et le style d&#8217;un objet, puis en l&#8217;appliquant \u00e0 un autre. Vous pouvez d\u00e9sormais modifier les images SVG et les convertir en boutons, lire des vid\u00e9os en incrustation en cliquant sur une zone r\u00e9active de r\u00e9alit\u00e9 virtuelle et ajouter plusieurs diapositives incrust\u00e9es \u00e0 n&#8217;importe quel moment de votre vid\u00e9o interactive.[\/vc_column_text][\/vc_column][vc_column width=&#8221;1\/2&#8243;][vc_single_image image=&#8221;7586&#8243; img_size=&#8221;full&#8221; alignment=&#8221;center&#8221;][\/vc_column][\/vc_row][vc_row content_placement=&#8221;middle&#8221;][vc_column width=&#8221;1\/3&#8243;][\/vc_column][vc_column width=&#8221;1\/3&#8243; css=&#8221;.vc_custom_1650299612560{padding-right: 25px !important;padding-left: 25px !important;}&#8221;][vc_btn title=&#8221;<strong>Voir la vid\u00e9o de pr\u00e9sentation<\/strong>&#8221; style=&#8221;outline-custom&#8221; outline_custom_color=&#8221;#a3cd3a&#8221; outline_custom_hover_background=&#8221;#a3cd3a&#8221; outline_custom_hover_text=&#8221;#ffffff&#8221; shape=&#8221;round&#8221; align=&#8221;center&#8221; button_block=&#8221;true&#8221; link=&#8221;url:https%3A%2F%2Fwww.adobe.com%2Fproducts%2Fcaptivate.html%23introducing|target:_blank&#8221; css=&#8221;.vc_custom_1660312184489{padding-bottom: 20px !important;}&#8221; el_class=&#8221;button-design-green&#8221;][\/vc_column][vc_column width=&#8221;1\/3&#8243;][\/vc_column][\/vc_row][vc_row full_width=&#8221;stretch_row&#8221; css=&#8221;.vc_custom_1649937425282{padding-top: 35px !important;padding-bottom: 45px !important;background-color: #f2f7f9 !important;}&#8221;][vc_column width=&#8221;1\/2&#8243;][vc_single_image image=&#8221;7584&#8243; img_size=&#8221;full&#8221; alignment=&#8221;center&#8221;][\/vc_column][vc_column width=&#8221;1\/2&#8243;][vc_column_text]<\/p>\n<h3 class=\"page-sub-heading\"><span style=\"color: #225d71;\"><strong>Rendez vos formations interactives<\/strong><\/span><\/h3>\n<p>Lorsque vos apprenants sont sollicit\u00e9s \u00e0 interagir, leur attention est plus \u00e9lev\u00e9e et c&#8217;est pourquoi un cours interactif sera plus efficace qu&#8217;une simple vid\u00e9o ou qu&#8217;une s\u00e9rie de diapositives.<\/p>\n<p>Adobe Captivate vous offre la possibilit\u00e9 de concevoir vos cours de mani\u00e8re totalement interactive. Gr\u00e2ce \u00e0 sa biblioth\u00e8que de contenus, vous avez acc\u00e8s \u00e0 des ressources pr\u00eates \u00e0 l&#8217;emploi comme des personnages, des boutons ou des diapositives de questionnaires et d&#8217;interactions. Vous pouvez aussi utiliser les mod\u00e8les existants en les adaptant \u00e0 votre th\u00e9matique.<\/p>\n<p>Avec Adobe Captivate, c&#8217;est facile ![\/vc_column_text][vc_row_inner][vc_column_inner width=&#8221;1\/6&#8243;][\/vc_column_inner][vc_column_inner width=&#8221;2\/3&#8243; css=&#8221;.vc_custom_1650299648754{padding-right: 25px !important;padding-left: 25px !important;}&#8221;][vc_btn title=&#8221;<strong>D\u00e9couvrir nos webinaires<\/strong>&#8221; style=&#8221;outline-custom&#8221; outline_custom_color=&#8221;#f68920&#8243; outline_custom_hover_background=&#8221;#f68920&#8243; outline_custom_hover_text=&#8221;#ffffff&#8221; shape=&#8221;round&#8221; align=&#8221;center&#8221; button_block=&#8221;true&#8221; link=&#8221;url:%2Feu-fr%2Flearn%2Fwebinars%2F%23myAnchor|target:_blank&#8221; css=&#8221;.vc_custom_1686734953297{padding-bottom: 20px !important;}&#8221; el_class=&#8221;button-design-orange&#8221;][\/vc_column_inner][vc_column_inner width=&#8221;1\/6&#8243;][\/vc_column_inner][\/vc_row_inner][\/vc_column][\/vc_row][vc_row full_width=&#8221;stretch_row&#8221; css=&#8221;.vc_custom_1649937411151{padding-top: 35px !important;padding-bottom: 45px !important;}&#8221;][vc_column width=&#8221;1\/2&#8243;][vc_column_text]<\/p>\n<h3 class=\"page-sub-heading\"><span style=\"color: #225d71;\"><strong>Facile avec les diapos pr\u00eates \u00e0 l&#8217;emploi<\/strong><\/span><\/h3>\n<p>Cr\u00e9ez rapidement des contenus d&#8217;e-learning en choisissant parmi des centaines de diapositives, compatibles avec les appareils mobiles, con\u00e7ues par des experts. \u00c9changez facilement les textes, les images, les formes, les personnages et les vid\u00e9os de ces diapositives, puis publiez votre cours.<\/p>\n<p>Les projets \u00e0 d\u00e9marrage rapide sont un ensemble de diapositives pr\u00eates \u00e0 l&#8217;emploi qui peuvent \u00eatre t\u00e9l\u00e9charg\u00e9es en une seule fois et contiennent toutes les diapositives dont vous avez besoin pour cr\u00e9er un cours complet. Le projet comprend plusieurs options de diapositives : introduction, objectif, sc\u00e9narios, menu, interaction, questionnaire, etc.[\/vc_column_text][vc_row_inner][vc_column_inner width=&#8221;1\/6&#8243;][\/vc_column_inner][vc_column_inner width=&#8221;2\/3&#8243; css=&#8221;.vc_custom_1650299722067{padding-right: 25px !important;padding-left: 25px !important;}&#8221;][vc_btn title=&#8221;<strong>Demander un essai gratuit<\/strong>&#8221; style=&#8221;outline-custom&#8221; outline_custom_color=&#8221;#6ac8dc&#8221; outline_custom_hover_background=&#8221;#6ac8dc&#8221; outline_custom_hover_text=&#8221;#ffffff&#8221; shape=&#8221;round&#8221; align=&#8221;center&#8221; button_block=&#8221;true&#8221; link=&#8221;url:%2Feu-fr%2Fnous-contacter%2F|target:_blank&#8221; css=&#8221;.vc_custom_1652700897045{padding-bottom: 20px !important;}&#8221; el_class=&#8221;button-design-blue&#8221;][\/vc_column_inner][vc_column_inner width=&#8221;1\/6&#8243;][\/vc_column_inner][\/vc_row_inner][\/vc_column][vc_column width=&#8221;1\/2&#8243;][vc_single_image image=&#8221;7709&#8243; img_size=&#8221;full&#8221; alignment=&#8221;center&#8221;][\/vc_column][\/vc_row][vc_row full_width=&#8221;stretch_row&#8221; css=&#8221;.vc_custom_1649937425282{padding-top: 35px !important;padding-bottom: 45px !important;background-color: #f2f7f9 !important;}&#8221;][vc_column width=&#8221;1\/2&#8243;][vc_single_image image=&#8221;7587&#8243; img_size=&#8221;full&#8221; alignment=&#8221;center&#8221;][\/vc_column][vc_column width=&#8221;1\/2&#8243;][vc_column_text]<\/p>\n<h3 class=\"page-sub-heading\"><span style=\"color: #225d71;\"><strong>Int\u00e9grez un parcours de r\u00e9alit\u00e9 virtuelle<\/strong><\/span><\/h3>\n<p>Cr\u00e9ez des formations bas\u00e9es sur l&#8217;exp\u00e9rience : visites virtuelles, gestion de crise, exercices de s\u00e9curit\u00e9, situations de premiers secours, et bien plus encore.<\/p>\n<p>Importez des images ou des vid\u00e9os \u00e0 360\u00b0. Utilisez des l\u00e9gendes textuelles pour marquer des objets de la sc\u00e8ne et naviguer dans l&#8217;environnement virtuel. Ajoutez des zones r\u00e9actives de navigation sur lesquelles les utilisateurs peuvent cliquer pour passer \u00e0 la sc\u00e8ne suivante, leur offrant ainsi une exp\u00e9rience fluide. Vous pouvez \u00e9galement ajouter des questions pour tester les participants et signaler les scores \u00e0 un syst\u00e8me LMS.[\/vc_column_text][vc_row_inner][vc_column_inner width=&#8221;1\/6&#8243;][\/vc_column_inner][vc_column_inner width=&#8221;2\/3&#8243; css=&#8221;.vc_custom_1650299748042{padding-right: 25px !important;padding-left: 25px !important;}&#8221;][vc_btn title=&#8221;<strong>R\u00e9server une formation<\/strong>&#8221; style=&#8221;outline-custom&#8221; outline_custom_color=&#8221;#fedc51&#8243; outline_custom_hover_background=&#8221;#fedc51&#8243; outline_custom_hover_text=&#8221;#ffffff&#8221; shape=&#8221;round&#8221; align=&#8221;center&#8221; button_block=&#8221;true&#8221; link=&#8221;url:%2Feu-fr%2Fnous-contacter%2F|target:_blank&#8221; css=&#8221;.vc_custom_1652700910420{padding-bottom: 20px !important;}&#8221; el_class=&#8221;button-design-light-orange&#8221;][\/vc_column_inner][vc_column_inner width=&#8221;1\/6&#8243;][\/vc_column_inner][\/vc_row_inner][\/vc_column][\/vc_row]<\/p>\n","protected":false},"excerpt":{"rendered":"<p>[vc_row full_width=&#8221;stretch_row&#8221; css=&#8221;.vc_custom_1652696812302{padding-top: 0px !important;padding-bottom: 0px !important;background-position: center !important;background-repeat: no-repeat !important;background-size: cover !important;}&#8221; el_class=&#8221;inner-page-one&#8221;][vc_column width=&#8221;1\/2&#8243; css=&#8221;.vc_custom_1651580979100{padding-top: 0px !important;}&#8221;][vc_column_text css=&#8221;.vc_custom_1652700603208{padding-top: 40px !important;padding-right: 40px !important;padding-left: 40px !important;}&#8221; el_class=&#8221;white-text&#8221;] Adobe Captivate [\/vc_column_text][vc_row_inner css=&#8221;.vc_custom_1652697509700{padding-top: 50px !important;padding-bottom: 0px !important;}&#8221;][vc_column_inner][vc_column_text] Cr\u00e9ez du contenu eLearning captivant [\/vc_column_text][\/vc_column_inner][\/vc_row_inner][\/vc_column][vc_column width=&#8221;1\/2&#8243; css=&#8221;.vc_custom_1652697090437{padding-top: 0px !important;}&#8221;][vc_single_image image=&#8221;7473&#8243; img_size=&#8221;full&#8221; css=&#8221;.vc_custom_1652700653651{margin-bottom: 0px !important;}&#8221;][\/vc_column][\/vc_row][vc_row full_width=&#8221;stretch_row&#8221; css=&#8221;.vc_custom_1649936956200{padding-top: 35px !important;padding-bottom: 45px !important;}&#8221;][vc_column [&hellip;]<\/p>\n","protected":false},"author":5,"featured_media":0,"parent":0,"menu_order":0,"comment_status":"closed","ping_status":"closed","template":"","meta":{"footnotes":""},"yoast_head":"<!-- This site is optimized with the Yoast SEO plugin v21.2 - https:\/\/yoast.com\/wordpress\/plugins\/seo\/ -->\n<title>Produits - Adobe Captivate - MeetingOne French<\/title>\n<meta name=\"robots\" content=\"index, follow, max-snippet:-1, max-image-preview:large, max-video-preview:-1\" \/>\n<link rel=\"canonical\" href=\"https:\/\/www.meetingone.com\/eu-fr\/adobe-captivate\/\" \/>\n<meta property=\"og:locale\" content=\"en_US\" \/>\n<meta property=\"og:type\" content=\"article\" \/>\n<meta property=\"og:title\" content=\"Produits - Adobe Captivate - MeetingOne French\" \/>\n<meta property=\"og:description\" content=\"[vc_row full_width=&#8221;stretch_row&#8221; css=&#8221;.vc_custom_1652696812302{padding-top: 0px !important;padding-bottom: 0px !important;background-position: center !important;background-repeat: no-repeat !important;background-size: cover !important;}&#8221; el_class=&#8221;inner-page-one&#8221;][vc_column width=&#8221;1\/2&#8243; css=&#8221;.vc_custom_1651580979100{padding-top: 0px !important;}&#8221;][vc_column_text css=&#8221;.vc_custom_1652700603208{padding-top: 40px !important;padding-right: 40px !important;padding-left: 40px !important;}&#8221; el_class=&#8221;white-text&#8221;] Adobe Captivate [\/vc_column_text][vc_row_inner css=&#8221;.vc_custom_1652697509700{padding-top: 50px !important;padding-bottom: 0px !important;}&#8221;][vc_column_inner][vc_column_text] Cr\u00e9ez du contenu eLearning captivant [\/vc_column_text][\/vc_column_inner][\/vc_row_inner][\/vc_column][vc_column width=&#8221;1\/2&#8243; css=&#8221;.vc_custom_1652697090437{padding-top: 0px !important;}&#8221;][vc_single_image image=&#8221;7473&#8243; img_size=&#8221;full&#8221; css=&#8221;.vc_custom_1652700653651{margin-bottom: 0px !important;}&#8221;][\/vc_column][\/vc_row][vc_row full_width=&#8221;stretch_row&#8221; css=&#8221;.vc_custom_1649936956200{padding-top: 35px !important;padding-bottom: 45px !important;}&#8221;][vc_column [&hellip;]\" \/>\n<meta property=\"og:url\" content=\"https:\/\/www.meetingone.com\/eu-fr\/adobe-captivate\/\" \/>\n<meta property=\"og:site_name\" content=\"MeetingOne French\" \/>\n<meta property=\"article:publisher\" content=\"https:\/\/www.facebook.com\/MeetingOne\" \/>\n<meta property=\"article:modified_time\" content=\"2023-06-14T09:29:18+00:00\" \/>\n<meta property=\"og:image\" content=\"https:\/\/www.meetingone.com\/eu-fr\/wp-content\/uploads\/sites\/7\/2022\/05\/adobe-captive-1.png\" \/>\n<meta name=\"twitter:card\" content=\"summary_large_image\" \/>\n<meta name=\"twitter:site\" content=\"@meetingone\" \/>\n<meta name=\"twitter:label1\" content=\"Est. reading time\" \/>\n\t<meta name=\"twitter:data1\" content=\"3 minutes\" \/>\n<script type=\"application\/ld+json\" class=\"yoast-schema-graph\">{\"@context\":\"https:\/\/schema.org\",\"@graph\":[{\"@type\":\"WebPage\",\"@id\":\"https:\/\/www.meetingone.com\/eu-fr\/adobe-captivate\/\",\"url\":\"https:\/\/www.meetingone.com\/eu-fr\/adobe-captivate\/\",\"name\":\"Produits - Adobe Captivate - MeetingOne French\",\"isPartOf\":{\"@id\":\"https:\/\/www.meetingone.com\/eu-fr\/#website\"},\"datePublished\":\"2022-05-16T11:27:24+00:00\",\"dateModified\":\"2023-06-14T09:29:18+00:00\",\"breadcrumb\":{\"@id\":\"https:\/\/www.meetingone.com\/eu-fr\/adobe-captivate\/#breadcrumb\"},\"inLanguage\":\"en-US\",\"potentialAction\":[{\"@type\":\"ReadAction\",\"target\":[\"https:\/\/www.meetingone.com\/eu-fr\/adobe-captivate\/\"]}]},{\"@type\":\"BreadcrumbList\",\"@id\":\"https:\/\/www.meetingone.com\/eu-fr\/adobe-captivate\/#breadcrumb\",\"itemListElement\":[{\"@type\":\"ListItem\",\"position\":1,\"name\":\"Home\",\"item\":\"https:\/\/www.meetingone.com\/eu-fr\/\"},{\"@type\":\"ListItem\",\"position\":2,\"name\":\"Produits &#8211; Adobe Captivate\"}]},{\"@type\":\"WebSite\",\"@id\":\"https:\/\/www.meetingone.com\/eu-fr\/#website\",\"url\":\"https:\/\/www.meetingone.com\/eu-fr\/\",\"name\":\"MeetingOne French\",\"description\":\"\",\"potentialAction\":[{\"@type\":\"SearchAction\",\"target\":{\"@type\":\"EntryPoint\",\"urlTemplate\":\"https:\/\/www.meetingone.com\/eu-fr\/?s={search_term_string}\"},\"query-input\":\"required name=search_term_string\"}],\"inLanguage\":\"en-US\"}]}<\/script>\n<!-- \/ Yoast SEO plugin. -->","yoast_head_json":{"title":"Produits - Adobe Captivate - MeetingOne French","robots":{"index":"index","follow":"follow","max-snippet":"max-snippet:-1","max-image-preview":"max-image-preview:large","max-video-preview":"max-video-preview:-1"},"canonical":"https:\/\/www.meetingone.com\/eu-fr\/adobe-captivate\/","og_locale":"en_US","og_type":"article","og_title":"Produits - Adobe Captivate - MeetingOne French","og_description":"[vc_row full_width=&#8221;stretch_row&#8221; css=&#8221;.vc_custom_1652696812302{padding-top: 0px !important;padding-bottom: 0px !important;background-position: center !important;background-repeat: no-repeat !important;background-size: cover !important;}&#8221; el_class=&#8221;inner-page-one&#8221;][vc_column width=&#8221;1\/2&#8243; css=&#8221;.vc_custom_1651580979100{padding-top: 0px !important;}&#8221;][vc_column_text css=&#8221;.vc_custom_1652700603208{padding-top: 40px !important;padding-right: 40px !important;padding-left: 40px !important;}&#8221; el_class=&#8221;white-text&#8221;] Adobe Captivate [\/vc_column_text][vc_row_inner css=&#8221;.vc_custom_1652697509700{padding-top: 50px !important;padding-bottom: 0px !important;}&#8221;][vc_column_inner][vc_column_text] Cr\u00e9ez du contenu eLearning captivant [\/vc_column_text][\/vc_column_inner][\/vc_row_inner][\/vc_column][vc_column width=&#8221;1\/2&#8243; css=&#8221;.vc_custom_1652697090437{padding-top: 0px !important;}&#8221;][vc_single_image image=&#8221;7473&#8243; img_size=&#8221;full&#8221; css=&#8221;.vc_custom_1652700653651{margin-bottom: 0px !important;}&#8221;][\/vc_column][\/vc_row][vc_row full_width=&#8221;stretch_row&#8221; css=&#8221;.vc_custom_1649936956200{padding-top: 35px !important;padding-bottom: 45px !important;}&#8221;][vc_column [&hellip;]","og_url":"https:\/\/www.meetingone.com\/eu-fr\/adobe-captivate\/","og_site_name":"MeetingOne French","article_publisher":"https:\/\/www.facebook.com\/MeetingOne","article_modified_time":"2023-06-14T09:29:18+00:00","og_image":[{"url":"https:\/\/www.meetingone.com\/eu-fr\/wp-content\/uploads\/sites\/7\/2022\/05\/adobe-captive-1.png"}],"twitter_card":"summary_large_image","twitter_site":"@meetingone","twitter_misc":{"Est. reading time":"3 minutes"},"schema":{"@context":"https:\/\/schema.org","@graph":[{"@type":"WebPage","@id":"https:\/\/www.meetingone.com\/eu-fr\/adobe-captivate\/","url":"https:\/\/www.meetingone.com\/eu-fr\/adobe-captivate\/","name":"Produits - Adobe Captivate - MeetingOne French","isPartOf":{"@id":"https:\/\/www.meetingone.com\/eu-fr\/#website"},"datePublished":"2022-05-16T11:27:24+00:00","dateModified":"2023-06-14T09:29:18+00:00","breadcrumb":{"@id":"https:\/\/www.meetingone.com\/eu-fr\/adobe-captivate\/#breadcrumb"},"inLanguage":"en-US","potentialAction":[{"@type":"ReadAction","target":["https:\/\/www.meetingone.com\/eu-fr\/adobe-captivate\/"]}]},{"@type":"BreadcrumbList","@id":"https:\/\/www.meetingone.com\/eu-fr\/adobe-captivate\/#breadcrumb","itemListElement":[{"@type":"ListItem","position":1,"name":"Home","item":"https:\/\/www.meetingone.com\/eu-fr\/"},{"@type":"ListItem","position":2,"name":"Produits &#8211; Adobe Captivate"}]},{"@type":"WebSite","@id":"https:\/\/www.meetingone.com\/eu-fr\/#website","url":"https:\/\/www.meetingone.com\/eu-fr\/","name":"MeetingOne French","description":"","potentialAction":[{"@type":"SearchAction","target":{"@type":"EntryPoint","urlTemplate":"https:\/\/www.meetingone.com\/eu-fr\/?s={search_term_string}"},"query-input":"required name=search_term_string"}],"inLanguage":"en-US"}]}},"_links":{"self":[{"href":"https:\/\/www.meetingone.com\/eu-fr\/wp-json\/wp\/v2\/pages\/7470"}],"collection":[{"href":"https:\/\/www.meetingone.com\/eu-fr\/wp-json\/wp\/v2\/pages"}],"about":[{"href":"https:\/\/www.meetingone.com\/eu-fr\/wp-json\/wp\/v2\/types\/page"}],"author":[{"embeddable":true,"href":"https:\/\/www.meetingone.com\/eu-fr\/wp-json\/wp\/v2\/users\/5"}],"replies":[{"embeddable":true,"href":"https:\/\/www.meetingone.com\/eu-fr\/wp-json\/wp\/v2\/comments?post=7470"}],"version-history":[{"count":16,"href":"https:\/\/www.meetingone.com\/eu-fr\/wp-json\/wp\/v2\/pages\/7470\/revisions"}],"predecessor-version":[{"id":8119,"href":"https:\/\/www.meetingone.com\/eu-fr\/wp-json\/wp\/v2\/pages\/7470\/revisions\/8119"}],"wp:attachment":[{"href":"https:\/\/www.meetingone.com\/eu-fr\/wp-json\/wp\/v2\/media?parent=7470"}],"curies":[{"name":"wp","href":"https:\/\/api.w.org\/{rel}","templated":true}]}}