{"id":7443,"date":"2022-05-16T02:39:37","date_gmt":"2022-05-16T08:39:37","guid":{"rendered":"https:\/\/www.meetingone.com\/eu-fr\/?page_id=7443"},"modified":"2023-02-22T09:41:13","modified_gmt":"2023-02-22T16:41:13","slug":"under-construction","status":"publish","type":"page","link":"https:\/\/www.meetingone.com\/eu-fr\/under-construction\/","title":{"rendered":"Under Construction"},"content":{"rendered":"<p>[vc_row full_width=&#8221;stretch_row&#8221; css=&#8221;.vc_custom_1652690375316{background-image: url(https:\/\/www.meetingone.com\/eu-fr\/wp-content\/uploads\/sites\/7\/2022\/05\/background-image.png?id=7434) !important;background-position: center !important;background-repeat: no-repeat !important;background-size: cover !important;}&#8221;][vc_column css=&#8221;.vc_custom_1650616984600{padding-top: 300px !important;}&#8221;][vc_column_text css=&#8221;.vc_custom_1653313817859{padding-top: 40px !important;}&#8221; el_class=&#8221;white-text&#8221;]<\/p>\n<h1><span style=\"color: #436e81;\"><strong>Page en d\u00e9veloppement.<br \/>\nRevenez bient\u00f4t pour la d\u00e9couvrir&#8230;<\/strong><\/span><\/h1>\n<p>[\/vc_column_text][\/vc_column][\/vc_row]<\/p>\n","protected":false},"excerpt":{"rendered":"<p>[vc_row full_width=&#8221;stretch_row&#8221; css=&#8221;.vc_custom_1652690375316{background-image: url(https:\/\/www.meetingone.com\/eu-fr\/wp-content\/uploads\/sites\/7\/2022\/05\/background-image.png?id=7434) !important;background-position: center !important;background-repeat: no-repeat !important;background-size: cover !important;}&#8221;][vc_column css=&#8221;.vc_custom_1650616984600{padding-top: 300px !important;}&#8221;][vc_column_text css=&#8221;.vc_custom_1653313817859{padding-top: 40px !important;}&#8221; el_class=&#8221;white-text&#8221;] Page en d\u00e9veloppement. Revenez bient\u00f4t pour la d\u00e9couvrir&#8230; [\/vc_column_text][\/vc_column][\/vc_row]<\/p>\n","protected":false},"author":5,"featured_media":0,"parent":0,"menu_order":0,"comment_status":"closed","ping_status":"closed","template":"","meta":{"footnotes":""},"yoast_head":"<!-- This site is optimized with the Yoast SEO plugin v21.2 - https:\/\/yoast.com\/wordpress\/plugins\/seo\/ -->\n<title>Under Construction - MeetingOne French<\/title>\n<meta name=\"robots\" content=\"index, follow, max-snippet:-1, max-image-preview:large, max-video-preview:-1\" \/>\n<link rel=\"canonical\" href=\"https:\/\/www.meetingone.com\/eu-fr\/under-construction\/\" \/>\n<meta property=\"og:locale\" content=\"en_US\" \/>\n<meta property=\"og:type\" content=\"article\" \/>\n<meta property=\"og:title\" content=\"Under Construction - MeetingOne French\" \/>\n<meta property=\"og:description\" content=\"[vc_row full_width=&#8221;stretch_row&#8221; css=&#8221;.vc_custom_1652690375316{background-image: url(https:\/\/www.meetingone.com\/eu-fr\/wp-content\/uploads\/sites\/7\/2022\/05\/background-image.png?id=7434) !important;background-position: center !important;background-repeat: no-repeat !important;background-size: cover !important;}&#8221;][vc_column css=&#8221;.vc_custom_1650616984600{padding-top: 300px !important;}&#8221;][vc_column_text css=&#8221;.vc_custom_1653313817859{padding-top: 40px !important;}&#8221; el_class=&#8221;white-text&#8221;] Page en d\u00e9veloppement. Revenez bient\u00f4t pour la d\u00e9couvrir&#8230; [\/vc_column_text][\/vc_column][\/vc_row]\" \/>\n<meta property=\"og:url\" content=\"https:\/\/www.meetingone.com\/eu-fr\/under-construction\/\" \/>\n<meta property=\"og:site_name\" content=\"MeetingOne French\" \/>\n<meta property=\"article:publisher\" content=\"https:\/\/www.facebook.com\/MeetingOne\" \/>\n<meta property=\"article:modified_time\" content=\"2023-02-22T16:41:13+00:00\" \/>\n<meta property=\"og:image\" content=\"https:\/\/www.meetingone.com\/eu-fr\/wp-content\/uploads\/sites\/7\/2015\/07\/MeetingOne-Icon.png\" \/>\n\t<meta property=\"og:image:width\" content=\"400\" \/>\n\t<meta property=\"og:image:height\" content=\"400\" \/>\n\t<meta property=\"og:image:type\" content=\"image\/png\" \/>\n<meta name=\"twitter:card\" content=\"summary_large_image\" \/>\n<meta name=\"twitter:site\" content=\"@meetingone\" \/>\n<meta name=\"twitter:label1\" content=\"Est. reading time\" \/>\n\t<meta name=\"twitter:data1\" content=\"1 minute\" \/>\n<script type=\"application\/ld+json\" class=\"yoast-schema-graph\">{\"@context\":\"https:\/\/schema.org\",\"@graph\":[{\"@type\":\"WebPage\",\"@id\":\"https:\/\/www.meetingone.com\/eu-fr\/under-construction\/\",\"url\":\"https:\/\/www.meetingone.com\/eu-fr\/under-construction\/\",\"name\":\"Under Construction - MeetingOne French\",\"isPartOf\":{\"@id\":\"https:\/\/www.meetingone.com\/eu-fr\/#website\"},\"datePublished\":\"2022-05-16T08:39:37+00:00\",\"dateModified\":\"2023-02-22T16:41:13+00:00\",\"breadcrumb\":{\"@id\":\"https:\/\/www.meetingone.com\/eu-fr\/under-construction\/#breadcrumb\"},\"inLanguage\":\"en-US\",\"potentialAction\":[{\"@type\":\"ReadAction\",\"target\":[\"https:\/\/www.meetingone.com\/eu-fr\/under-construction\/\"]}]},{\"@type\":\"BreadcrumbList\",\"@id\":\"https:\/\/www.meetingone.com\/eu-fr\/under-construction\/#breadcrumb\",\"itemListElement\":[{\"@type\":\"ListItem\",\"position\":1,\"name\":\"Home\",\"item\":\"https:\/\/www.meetingone.com\/eu-fr\/\"},{\"@type\":\"ListItem\",\"position\":2,\"name\":\"Under Construction\"}]},{\"@type\":\"WebSite\",\"@id\":\"https:\/\/www.meetingone.com\/eu-fr\/#website\",\"url\":\"https:\/\/www.meetingone.com\/eu-fr\/\",\"name\":\"MeetingOne French\",\"description\":\"\",\"potentialAction\":[{\"@type\":\"SearchAction\",\"target\":{\"@type\":\"EntryPoint\",\"urlTemplate\":\"https:\/\/www.meetingone.com\/eu-fr\/?s={search_term_string}\"},\"query-input\":\"required name=search_term_string\"}],\"inLanguage\":\"en-US\"}]}<\/script>\n<!-- \/ Yoast SEO plugin. -->","yoast_head_json":{"title":"Under Construction - MeetingOne French","robots":{"index":"index","follow":"follow","max-snippet":"max-snippet:-1","max-image-preview":"max-image-preview:large","max-video-preview":"max-video-preview:-1"},"canonical":"https:\/\/www.meetingone.com\/eu-fr\/under-construction\/","og_locale":"en_US","og_type":"article","og_title":"Under Construction - MeetingOne French","og_description":"[vc_row full_width=&#8221;stretch_row&#8221; css=&#8221;.vc_custom_1652690375316{background-image: url(https:\/\/www.meetingone.com\/eu-fr\/wp-content\/uploads\/sites\/7\/2022\/05\/background-image.png?id=7434) !important;background-position: center !important;background-repeat: no-repeat !important;background-size: cover !important;}&#8221;][vc_column css=&#8221;.vc_custom_1650616984600{padding-top: 300px !important;}&#8221;][vc_column_text css=&#8221;.vc_custom_1653313817859{padding-top: 40px !important;}&#8221; el_class=&#8221;white-text&#8221;] Page en d\u00e9veloppement. Revenez bient\u00f4t pour la d\u00e9couvrir&#8230; [\/vc_column_text][\/vc_column][\/vc_row]","og_url":"https:\/\/www.meetingone.com\/eu-fr\/under-construction\/","og_site_name":"MeetingOne French","article_publisher":"https:\/\/www.facebook.com\/MeetingOne","article_modified_time":"2023-02-22T16:41:13+00:00","og_image":[{"width":400,"height":400,"url":"https:\/\/www.meetingone.com\/eu-fr\/wp-content\/uploads\/sites\/7\/2015\/07\/MeetingOne-Icon.png","type":"image\/png"}],"twitter_card":"summary_large_image","twitter_site":"@meetingone","twitter_misc":{"Est. reading time":"1 minute"},"schema":{"@context":"https:\/\/schema.org","@graph":[{"@type":"WebPage","@id":"https:\/\/www.meetingone.com\/eu-fr\/under-construction\/","url":"https:\/\/www.meetingone.com\/eu-fr\/under-construction\/","name":"Under Construction - MeetingOne French","isPartOf":{"@id":"https:\/\/www.meetingone.com\/eu-fr\/#website"},"datePublished":"2022-05-16T08:39:37+00:00","dateModified":"2023-02-22T16:41:13+00:00","breadcrumb":{"@id":"https:\/\/www.meetingone.com\/eu-fr\/under-construction\/#breadcrumb"},"inLanguage":"en-US","potentialAction":[{"@type":"ReadAction","target":["https:\/\/www.meetingone.com\/eu-fr\/under-construction\/"]}]},{"@type":"BreadcrumbList","@id":"https:\/\/www.meetingone.com\/eu-fr\/under-construction\/#breadcrumb","itemListElement":[{"@type":"ListItem","position":1,"name":"Home","item":"https:\/\/www.meetingone.com\/eu-fr\/"},{"@type":"ListItem","position":2,"name":"Under Construction"}]},{"@type":"WebSite","@id":"https:\/\/www.meetingone.com\/eu-fr\/#website","url":"https:\/\/www.meetingone.com\/eu-fr\/","name":"MeetingOne French","description":"","potentialAction":[{"@type":"SearchAction","target":{"@type":"EntryPoint","urlTemplate":"https:\/\/www.meetingone.com\/eu-fr\/?s={search_term_string}"},"query-input":"required name=search_term_string"}],"inLanguage":"en-US"}]}},"_links":{"self":[{"href":"https:\/\/www.meetingone.com\/eu-fr\/wp-json\/wp\/v2\/pages\/7443"}],"collection":[{"href":"https:\/\/www.meetingone.com\/eu-fr\/wp-json\/wp\/v2\/pages"}],"about":[{"href":"https:\/\/www.meetingone.com\/eu-fr\/wp-json\/wp\/v2\/types\/page"}],"author":[{"embeddable":true,"href":"https:\/\/www.meetingone.com\/eu-fr\/wp-json\/wp\/v2\/users\/5"}],"replies":[{"embeddable":true,"href":"https:\/\/www.meetingone.com\/eu-fr\/wp-json\/wp\/v2\/comments?post=7443"}],"version-history":[{"count":4,"href":"https:\/\/www.meetingone.com\/eu-fr\/wp-json\/wp\/v2\/pages\/7443\/revisions"}],"predecessor-version":[{"id":8003,"href":"https:\/\/www.meetingone.com\/eu-fr\/wp-json\/wp\/v2\/pages\/7443\/revisions\/8003"}],"wp:attachment":[{"href":"https:\/\/www.meetingone.com\/eu-fr\/wp-json\/wp\/v2\/media?parent=7443"}],"curies":[{"name":"wp","href":"https:\/\/api.w.org\/{rel}","templated":true}]}}