{"id":227,"date":"2015-06-10T16:11:46","date_gmt":"2015-06-10T22:11:46","guid":{"rendered":"https:\/\/www.meetingone.eu\/eu-fr\/?page_id=227"},"modified":"2023-02-22T06:03:50","modified_gmt":"2023-02-22T13:03:50","slug":"personnalisation","status":"publish","type":"page","link":"https:\/\/www.meetingone.com\/eu-fr\/services\/personnalisation\/","title":{"rendered":"Services &#8211; Personnalisation \/ Customisation"},"content":{"rendered":"<p>[vc_row full_width=&#8221;stretch_row_content_no_spaces&#8221; parallax=&#8221;content-moving&#8221; parallax_image=&#8221;2073&#8243; el_class=&#8221;page-banner&#8221;][vc_column][vc_row_inner el_class=&#8221;banner-content&#8221; css=&#8221;.vc_custom_1441390420959{margin-top: 250px !important;padding-top: 10px !important;padding-right: 20px !important;padding-bottom: 10px !important;padding-left: 20px !important;}&#8221;][vc_column_inner][vc_column_text el_class=&#8221;white-text&#8221;]<\/p>\n<h1 style=\"font-size: 28px;\">Cr\u00e9ez une exp\u00e9rience de conf\u00e9rence en ligne personnalis\u00e9e<\/h1>\n<p>[\/vc_column_text][\/vc_column_inner][\/vc_row_inner][\/vc_column][\/vc_row][vc_row full_width=&#8221;stretch_row&#8221; bg_type=&#8221;grad&#8221; css=&#8221;.vc_custom_1439565773183{padding-top: 20px !important;padding-bottom: 20px !important;background-position: center !important;background-repeat: no-repeat !important;background-size: cover !important;}&#8221; bg_grad=&#8221;background: -webkit-gradient(linear, left top, left bottom, color-stop(0%, #BD460F), color-stop(25%, #E86F1E), color-stop(75%, #E86F1E), color-stop(100%, #BD460F));background: -moz-linear-gradient(left,#BD460F 0%,#E86F1E 25%,#E86F1E 75%,#BD460F 100%);background: -webkit-linear-gradient(left,#BD460F 0%,#E86F1E 25%,#E86F1E 75%,#BD460F 100%);background: -o-linear-gradient(left,#BD460F 0%,#E86F1E 25%,#E86F1E 75%,#BD460F 100%);background: -ms-linear-gradient(left,#BD460F 0%,#E86F1E 25%,#E86F1E 75%,#BD460F 100%);background: linear-gradient(left,#BD460F 0%,#E86F1E 25%,#E86F1E 75%,#BD460F 100%);&#8221;][vc_column][vc_row_inner][vc_column_inner width=&#8221;1\/4&#8243;][vc_single_image image=&#8221;682&#8243; img_size=&#8221;175&#215;175&#8243; alignment=&#8221;center&#8221; css=&#8221;.vc_custom_1441390399814{padding-top: 25px !important;padding-bottom: 25px !important;}&#8221;][\/vc_column_inner][vc_column_inner width=&#8221;3\/4&#8243; css=&#8221;.vc_custom_1441390369453{padding-bottom: 20px !important;}&#8221;][vc_column_text el_class=&#8221;white-text&#8221;]<\/p>\n<h2>Page de connexion Adobe Connect personnalis\u00e9e<\/h2>\n<p>Affichez la marque de votre entreprise devant les yeux de vos participants \u00e0 l&#8217;instant m\u00eame o\u00f9 ils se connectent \u00e0 votre salle de r\u00e9union en ligne ! Adobe Connect peut v\u00e9ritablement appartenir \u00e0 votre entreprise gr\u00e2ce au service de page de connexion personnalis\u00e9e de MeetingOne. Vous avez le choix entre une personnalisation de base ou avanc\u00e9e, et vous pouvez m\u00eame demander \u00e0 notre \u00e9quipe d&#8217;en cr\u00e9er une de toutes pi\u00e8ces pour les besoins uniques de votre entreprise.[\/vc_column_text][\/vc_column_inner][\/vc_row_inner][\/vc_column][\/vc_row][vc_row][vc_column][vc_column_text css=&#8221;.vc_custom_1441390439784{padding-top: 25px !important;}&#8221;]<\/p>\n<h3 style=\"text-align: center;\"><span style=\"color: #bb2025;\">PRINCIPALES CARACT\u00c9RISTIQUES<\/span><\/h3>\n<p>[\/vc_column_text][vc_row_inner][vc_column_inner width=&#8221;1\/3&#8243; css=&#8221;.vc_custom_1443211706483{padding-bottom: 30px !important;}&#8221;][vc_single_image image=&#8221;768&#8243; img_size=&#8221;150&#215;150&#8243; alignment=&#8221;center&#8221; css_animation=&#8221;appear&#8221;][vc_column_text]<\/p>\n<h4 style=\"text-align: center;\">Mise en page personnalis\u00e9e<\/h4>\n<p>[\/vc_column_text][\/vc_column_inner][vc_column_inner width=&#8221;1\/3&#8243; css=&#8221;.vc_custom_1443211714279{padding-bottom: 30px !important;}&#8221;][vc_single_image image=&#8221;767&#8243; img_size=&#8221;150&#215;150&#8243; alignment=&#8221;center&#8221; css_animation=&#8221;appear&#8221;][vc_column_text]<\/p>\n<h4 style=\"text-align: center;\">Formulaire portant votre marque<\/h4>\n<p>[\/vc_column_text][\/vc_column_inner][vc_column_inner width=&#8221;1\/3&#8243; css=&#8221;.vc_custom_1443211722546{padding-bottom: 30px !important;}&#8221;][vc_single_image image=&#8221;769&#8243; img_size=&#8221;150&#215;150&#8243; alignment=&#8221;center&#8221; css_animation=&#8221;appear&#8221;][vc_column_text]<\/p>\n<h4 style=\"text-align: center;\">Adaptabilit\u00e9 instantan\u00e9e de la page<\/h4>\n<p>[\/vc_column_text][\/vc_column_inner][\/vc_row_inner][vc_empty_space height=&#8221;20px&#8221;][\/vc_column][\/vc_row][vc_row full_width=&#8221;stretch_row&#8221; css=&#8221;.vc_custom_1476115367435{padding-top: 30px !important;padding-bottom: 30px !important;background-color: #225d71 !important;}&#8221;][vc_column][vc_column_text el_class=&#8221;white-text&#8221;]<\/p>\n<h4 style=\"text-align: center;\">Nous proposons un \u00e9ventail d&#8217;options personnalisables, de la personnalisation de base \u00e0 celle avanc\u00e9e<\/h4>\n<p>[\/vc_column_text][vc_row_inner][vc_column_inner width=&#8221;1\/2&#8243;][vc_single_image image=&#8221;4994&#8243; img_size=&#8221;395 x 325&#8243; alignment=&#8221;center&#8221; style=&#8221;vc_box_shadow&#8221; onclick=&#8221;img_link_large&#8221; img_link_target=&#8221;_blank&#8221; css_animation=&#8221;left-to-right&#8221; css=&#8221;.vc_custom_1476115319160{padding-top: 10px !important;padding-bottom: 10px !important;}&#8221;][\/vc_column_inner][vc_column_inner width=&#8221;1\/2&#8243; css=&#8221;.vc_custom_1443211780220{padding-top: 10px !important;padding-bottom: 10px !important;}&#8221;][vc_single_image image=&#8221;2039&#8243; img_size=&#8221;555&#215;325&#8243; alignment=&#8221;center&#8221; style=&#8221;vc_box_shadow&#8221; onclick=&#8221;img_link_large&#8221; img_link_target=&#8221;_blank&#8221; css_animation=&#8221;right-to-left&#8221;][\/vc_column_inner][\/vc_row_inner][\/vc_column][\/vc_row][vc_row full_width=&#8221;stretch_row&#8221; css=&#8221;.vc_custom_1439568962553{padding-top: 20px !important;padding-bottom: 20px !important;background-color: #f2f2f2 !important;}&#8221;][vc_column width=&#8221;1\/2&#8243;][vc_btn title=&#8221;Faites-nous part de vos besoins !&#8221; style=&#8221;flat&#8221; shape=&#8221;square&#8221; color=&#8221;m1-orange&#8221; size=&#8221;lg&#8221; align=&#8221;center&#8221; css_animation=&#8221;left-to-right&#8221; button_block=&#8221;true&#8221; link=&#8221;url:mailto%3Asaleseu%40meetingone.com&#8221;][\/vc_column][vc_column width=&#8221;1\/2&#8243;][vc_btn title=&#8221;Quelles zones puis-je personnaliser ?&#8221; style=&#8221;flat&#8221; shape=&#8221;square&#8221; color=&#8221;m1-yellow&#8221; size=&#8221;lg&#8221; align=&#8221;center&#8221; css_animation=&#8221;right-to-left&#8221; button_block=&#8221;true&#8221; link=&#8221;url:http%3A%2F%2Finfo.meetingone.eu%2Fhubfs%2FM1_Flyers%2FEU-2016-Custom_Login_Page_ALL_Editable_Areas.pdf||target:%20_blank&#8221;][\/vc_column][\/vc_row][vc_row css=&#8221;.vc_custom_1439568575085{padding-top: 20px !important;padding-bottom: 50px !important;}&#8221;][vc_column][vc_column_text]<\/p>\n<h3 style=\"text-align: center;\"><span style=\"color: #bb2025;\">Transformez votre page de connexion \u00e0 Adobe Connect en un portail et une page d&#8217;accueil personnalis\u00e9s.<\/span><\/h3>\n<p>[\/vc_column_text][vc_row_inner][vc_column_inner width=&#8221;1\/2&#8243;][vc_column_text]<\/p>\n<h4><span style=\"color: #ff9900;\">Les options de personnalisation comprennent :<\/span><\/h4>\n<ul>\n<li>Formulaire de connexion portant votre propre marque<\/li>\n<li>Effets de survol<\/li>\n<li>Rotation dynamique d&#8217;image<\/li>\n<li>Adaptabilit\u00e9 \u00e0 toutes tailles de fen\u00eatres<\/li>\n<li>Images d&#8217;en-t\u00eate et de pied de page personnalis\u00e9es<\/li>\n<li>Ajout de boutons de r\u00e9seaux sociaux<\/li>\n<li>Couleur et fonds de page personnalis\u00e9s<\/li>\n<\/ul>\n<p>[\/vc_column_text][\/vc_column_inner][vc_column_inner width=&#8221;1\/2&#8243;][vc_column_text css=&#8221;.vc_custom_1441747264476{padding-top: 20px !important;}&#8221;]<\/p>\n<h4 style=\"text-align: center;\">Appel ou email pour commencer!<\/h4>\n<p>[\/vc_column_text][vc_btn title=&#8221;Contacter&#8221; style=&#8221;flat&#8221; shape=&#8221;square&#8221; color=&#8221;m1-orange&#8221; size=&#8221;lg&#8221; align=&#8221;center&#8221; css_animation=&#8221;appear&#8221; link=&#8221;url:%2Feu-fr%2Fnous-contacter%2F||&#8221; css=&#8221;.vc_custom_1441747485503{padding-top: 15px !important;}&#8221;][\/vc_column_inner][\/vc_row_inner][\/vc_column][\/vc_row][vc_row full_width=&#8221;stretch_row&#8221;][vc_column]<div class=\"templatera_shortcode\"><p>[vc_row full_width=&#8221;stretch_row&#8221; css=&#8221;.vc_custom_1439846154648{padding-bottom: 30px !important;background-image: url(https:\/\/www.meetingone.com\/wp-content\/uploads\/sites\/7\/2015\/02\/product-tab-bg.jpg?id=71) !important;background-position: center !important;background-repeat: no-repeat !important;background-size: cover !important;}&#8221; el_class=&#8221;product-tabs&#8221;][vc_column][vc_empty_space height=&#8221;20px&#8221;][vc_column_text css=&#8221;.vc_custom_1441902487505{padding-top: 40px !important;padding-bottom: 20px !important;}&#8221;]<\/p>\n<h3 style=\"text-align: center;\"><span style=\"color: #bb2025;\">Am\u00e9liorez vos conf\u00e9rences en ligne gr\u00e2ce aux produits de MeetingOne<\/span><\/h3>\n<p>[\/vc_column_text][vc_tta_tabs style=&#8221;flat&#8221; shape=&#8221;square&#8221; color=&#8221;white&#8221; alignment=&#8221;center&#8221; active_section=&#8221;1&#8243; el_class=&#8221;the-product-tabs&#8221;][vc_tta_section title=&#8221;Adobe Connect&#8221; tab_id=&#8221;1436469061645-24e15fd0-1585fcb4-e55c&#8221;][vc_column_text]<img decoding=\"async\" loading=\"lazy\" class=\"wp-image-7242 size-full alignleft\" src=\"https:\/\/www.meetingone.com\/eu-fr\/wp-content\/uploads\/sites\/7\/2020\/10\/AC11-thumbnail.png\" alt=\"\" width=\"232\" height=\"226\" \/><\/p>\n<p>&nbsp;<\/p>\n<p>Adobe Connect est un logiciel de conf\u00e9rence en ligne de pointe qui offre une exp\u00e9rience de r\u00e9union en ligne interactive et passionnante. Le syst\u00e8me va bien au-del\u00e0 du simple partage d&#8217;\u00e9cran pour la collaboration, de la formation en ligne et des cybers\u00e9minaires \u00e0 grande \u00e9chelle. Adobe Connect permet aux utilisateurs de g\u00e9rer les sessions en ligne les plus importantes directement \u00e0 partir d&#8217;un outil mobile, y compris l&#8217;h\u00e9bergement, la pr\u00e9sentation, le partage de fichiers, le tableau blanc, les s\u00e9ances en petits groupes, \u00e0 l&#8217;aide d&#8217;\u00e9motic\u00f4nes et bien plus encore !<\/p>\n<p style=\"text-align: right;\"><a class=\"button yellow\" href=\"https:\/\/www.meetingone.com\/eu-fr\/adobe-connect\/\">D\u00e9couvrir la solution<\/a><\/p>\n<p>[\/vc_column_text][\/vc_tta_section][vc_tta_section title=&#8221;AudioOne&#8221; tab_id=&#8221;1436469061357-fcdba6b8-38a0fcb4-e55c&#8221;][vc_column_text]<img decoding=\"async\" loading=\"lazy\" class=\"alignleft wp-image-345\" src=\"https:\/\/www.meetingone.com\/wp-content\/uploads\/sites\/7\/2015\/07\/audio-one-logo.png\" alt=\"audio-one-logo\" width=\"200\" height=\"149\" \/><\/p>\n<p>Cette solution audio, leader de l&#8217;industrie, offre \u00e0 la fois les audioconf\u00e9rences traditionnelles et l&#8217;int\u00e9gration avec Adobe Connect dans un ensemble fiable et \u00e9conomique. Simple, s\u00e9curis\u00e9e et enti\u00e8rement personnalisable, AudioOne est la solution de nouvelle g\u00e9n\u00e9ration pour les besoins d&#8217;audioconf\u00e9rence de pointe.<\/p>\n<p style=\"text-align: right;\"><a class=\"button yellow\" href=\"https:\/\/www.meetingone.com\/eu-fr\/audioone\/\">Afficher plus d&#8217;informations<\/a><\/p>\n<p>[\/vc_column_text][\/vc_tta_section][vc_tta_section title=&#8221;Click&amp;Meet&#8221; tab_id=&#8221;1436469096553-b54b865a-888cfcb4-e55c&#8221;][vc_column_text]<img decoding=\"async\" loading=\"lazy\" class=\"alignleft wp-image-346\" src=\"https:\/\/www.meetingone.com\/wp-content\/uploads\/sites\/7\/2015\/07\/click-meet-logo.png\" alt=\"click-meet-logo\" width=\"200\" height=\"119\" \/><\/p>\n<p>Click&amp;Meet est une interface facile \u00e0 utiliser int\u00e9gr\u00e9e dans tous les comptes AudioOne, et qui offre aux clients la souplesse n\u00e9cessaire pour conserver le contr\u00f4le total de leurs r\u00e9unions dans le confort et la commodit\u00e9 de leur \u00e9cran d&#8217;ordinateur. En un seul clic, vous pouvez couper ou rouvrir le micro, appeler des participants, voir qui parle et obtenir un feedback instantan\u00e9 gr\u00e2ce \u00e0 la fonction de sondage.<\/p>\n<p style=\"text-align: right;\"><a class=\"button yellow\" href=\"https:\/\/www.meetingone.com\/eu-fr\/audioone\/clickmeet\/\">En savoir plus<\/a><\/p>\n<p>[\/vc_column_text][\/vc_tta_section][vc_tta_section title=&#8221;ScheduleOne&#8221; tab_id=&#8221;1436469113141-eab0033d-52c7fcb4-e55c&#8221;][vc_column_text]<img decoding=\"async\" loading=\"lazy\" class=\"alignleft wp-image-348\" src=\"https:\/\/www.meetingone.com\/wp-content\/uploads\/sites\/7\/2015\/07\/schedule-one-logo.png\" alt=\"schedule-one-logo\" width=\"200\" height=\"142\" \/><\/p>\n<p>ScheduleOne est utilis\u00e9 pour la personnalisation des invitations de r\u00e9union d&#8217;Adobe Connect, la planification des appels AudioOne int\u00e9gr\u00e9s et m\u00eame la cr\u00e9ation de nouvelles salles de r\u00e9union virtuelles. Ce module d&#8217;extension (plugin) avanc\u00e9 pour Outlook offre la possibilit\u00e9 de faire tout cela et plus encore, sans jamais quitter Outlook. Rationalisez les communications de votre \u00e9quipe avec ce puissant et innovant plugin pour conf\u00e9rence, une exclusivit\u00e9 de MeetingOne !<\/p>\n<p style=\"text-align: right;\"><a class=\"button yellow\" href=\"https:\/\/www.meetingone.com\/eu-fr\/produits\/scheduleone\/\">De quoi s&#8217;agit-il ?<\/a><\/p>\n<p>[\/vc_column_text][\/vc_tta_section][vc_tta_section title=&#8221;OAI&#8221; tab_id=&#8221;1436469125342-7f659e94-bea4fcb4-e55c&#8221;][vc_column_text]<a href=\"\/eu-fr\/audioone\/oai\/\"><img decoding=\"async\" loading=\"lazy\" class=\"wp-image-4018 alignleft\" src=\"https:\/\/www.meetingone.com\/eu-fr\/wp-content\/uploads\/sites\/7\/2015\/06\/OAI-White-color.png\" alt=\"\" width=\"200\" height=\"127\" srcset=\"https:\/\/www.meetingone.com\/eu-fr\/wp-content\/uploads\/sites\/7\/2015\/06\/OAI-White-color.png 644w, https:\/\/www.meetingone.com\/eu-fr\/wp-content\/uploads\/sites\/7\/2015\/06\/OAI-White-color-300x191.png 300w\" sizes=\"(max-width: 200px) 100vw, 200px\" \/><\/a><\/p>\n<p class=\"p1\">Visualisez en ligne et en toute simplicit\u00e9 l\u2019ensemble des consommations de vos salles d\u2019audioconf\u00e9rence en temps r\u00e9el pour les 4 derniers mois et g\u00e9rez vos codes de facturation personnalis\u00e9s.<\/p>\n<p style=\"text-align: right;\"><a class=\"button yellow\" href=\"https:\/\/www.meetingone.com\/eu-fr\/audioone\/oai\/\">Obtenir des d\u00e9tails<\/a><\/p>\n<p>[\/vc_column_text][\/vc_tta_section][vc_tta_section title=&#8221;Blackboard&#8221; tab_id=&#8221;1436469138345-4cded42f-1b57fcb4-e55c&#8221;][vc_column_text]<img decoding=\"async\" loading=\"lazy\" class=\"alignleft wp-image-948 size-medium\" src=\"https:\/\/www.meetingone.com\/wp-content\/uploads\/sites\/7\/2015\/02\/blackboard-logo-300x141.png\" alt=\"blackboard-logo\" width=\"300\" height=\"141\" \/>MeetingOne a\u00a0d\u00e9velopp\u00e9 un bloc de construction int\u00e9gr\u00e9 qui offre de nombreux avantages uniques pour l&#8217;utilisation transparente de la technologie de pointe d&#8217;Adobe Connect dans le syst\u00e8me de gestion de Blackboard Learning. L&#8217;int\u00e9grateur propose de nombreuses fonctionnalit\u00e9s innovantes et riches pour offrir \u00e0 vos stagiaires une exp\u00e9rience Blackboard in\u00e9gal\u00e9e !<\/p>\n<p style=\"text-align: right;\"><a class=\"button yellow\" href=\"https:\/\/www.meetingone.com\/eu-fr\/adobe-connect\/lms-integration\/blackboard-integrator\/\">Me former<\/a><\/p>\n<p>[\/vc_column_text][\/vc_tta_section][\/vc_tta_tabs][\/vc_column][\/vc_row]<\/p>\n<\/div>[\/vc_column][\/vc_row]<\/p>\n","protected":false},"excerpt":{"rendered":"<p>[vc_row full_width=&#8221;stretch_row_content_no_spaces&#8221; parallax=&#8221;content-moving&#8221; parallax_image=&#8221;2073&#8243; el_class=&#8221;page-banner&#8221;][vc_column][vc_row_inner el_class=&#8221;banner-content&#8221; css=&#8221;.vc_custom_1441390420959{margin-top: 250px !important;padding-top: 10px !important;padding-right: 20px !important;padding-bottom: 10px !important;padding-left: 20px !important;}&#8221;][vc_column_inner][vc_column_text el_class=&#8221;white-text&#8221;] Cr\u00e9ez une exp\u00e9rience de conf\u00e9rence en ligne personnalis\u00e9e [\/vc_column_text][\/vc_column_inner][\/vc_row_inner][\/vc_column][\/vc_row][vc_row full_width=&#8221;stretch_row&#8221; bg_type=&#8221;grad&#8221; css=&#8221;.vc_custom_1439565773183{padding-top: 20px !important;padding-bottom: 20px !important;background-position: center !important;background-repeat: no-repeat !important;background-size: cover !important;}&#8221; bg_grad=&#8221;background: -webkit-gradient(linear, left top, left bottom, color-stop(0%, #BD460F), color-stop(25%, #E86F1E), color-stop(75%, #E86F1E), color-stop(100%, #BD460F));background: -moz-linear-gradient(left,#BD460F [&hellip;]<\/p>\n","protected":false},"author":1,"featured_media":0,"parent":161,"menu_order":0,"comment_status":"closed","ping_status":"closed","template":"","meta":{"footnotes":""},"yoast_head":"<!-- This site is optimized with the Yoast SEO plugin v21.2 - https:\/\/yoast.com\/wordpress\/plugins\/seo\/ -->\n<title>Page de connexion personnalis\u00e9e<\/title>\n<meta name=\"description\" content=\"MeetingOne fournit des pages de connexion Adobe Connect personnalis\u00e9e avec la marque de votre entreprise.\" \/>\n<meta name=\"robots\" content=\"index, follow, max-snippet:-1, max-image-preview:large, max-video-preview:-1\" \/>\n<link rel=\"canonical\" href=\"https:\/\/www.meetingone.com\/eu-fr\/services\/personnalisation\/\" \/>\n<meta property=\"og:locale\" content=\"en_US\" \/>\n<meta property=\"og:type\" content=\"article\" \/>\n<meta property=\"og:title\" content=\"Page de connexion personnalis\u00e9e\" \/>\n<meta property=\"og:description\" content=\"MeetingOne fournit des pages de connexion Adobe Connect personnalis\u00e9e avec la marque de votre entreprise.\" \/>\n<meta property=\"og:url\" content=\"https:\/\/www.meetingone.com\/eu-fr\/services\/personnalisation\/\" \/>\n<meta property=\"og:site_name\" content=\"MeetingOne French\" \/>\n<meta property=\"article:publisher\" content=\"https:\/\/www.facebook.com\/MeetingOne\" \/>\n<meta property=\"article:modified_time\" content=\"2023-02-22T13:03:50+00:00\" \/>\n<meta property=\"og:image\" content=\"https:\/\/www.meetingone.com\/eu-fr\/wp-content\/uploads\/sites\/7\/2015\/07\/MeetingOne-Icon.png\" \/>\n\t<meta property=\"og:image:width\" content=\"400\" \/>\n\t<meta property=\"og:image:height\" content=\"400\" \/>\n\t<meta property=\"og:image:type\" content=\"image\/png\" \/>\n<meta name=\"twitter:card\" content=\"summary_large_image\" \/>\n<meta name=\"twitter:site\" content=\"@meetingone\" \/>\n<meta name=\"twitter:label1\" content=\"Est. reading time\" \/>\n\t<meta name=\"twitter:data1\" content=\"2 minutes\" \/>\n<script type=\"application\/ld+json\" class=\"yoast-schema-graph\">{\"@context\":\"https:\/\/schema.org\",\"@graph\":[{\"@type\":\"WebPage\",\"@id\":\"https:\/\/www.meetingone.com\/eu-fr\/services\/personnalisation\/\",\"url\":\"https:\/\/www.meetingone.com\/eu-fr\/services\/personnalisation\/\",\"name\":\"Page de connexion personnalis\u00e9e\",\"isPartOf\":{\"@id\":\"https:\/\/www.meetingone.com\/eu-fr\/#website\"},\"datePublished\":\"2015-06-10T22:11:46+00:00\",\"dateModified\":\"2023-02-22T13:03:50+00:00\",\"description\":\"MeetingOne fournit des pages de connexion Adobe Connect personnalis\u00e9e avec la marque de votre entreprise.\",\"breadcrumb\":{\"@id\":\"https:\/\/www.meetingone.com\/eu-fr\/services\/personnalisation\/#breadcrumb\"},\"inLanguage\":\"en-US\",\"potentialAction\":[{\"@type\":\"ReadAction\",\"target\":[\"https:\/\/www.meetingone.com\/eu-fr\/services\/personnalisation\/\"]}]},{\"@type\":\"BreadcrumbList\",\"@id\":\"https:\/\/www.meetingone.com\/eu-fr\/services\/personnalisation\/#breadcrumb\",\"itemListElement\":[{\"@type\":\"ListItem\",\"position\":1,\"name\":\"Home\",\"item\":\"https:\/\/www.meetingone.com\/eu-fr\/\"},{\"@type\":\"ListItem\",\"position\":2,\"name\":\"Services &#8211; Support\",\"item\":\"https:\/\/www.meetingone.com\/eu-fr\/services\/\"},{\"@type\":\"ListItem\",\"position\":3,\"name\":\"Services &#8211; Personnalisation \/ Customisation\"}]},{\"@type\":\"WebSite\",\"@id\":\"https:\/\/www.meetingone.com\/eu-fr\/#website\",\"url\":\"https:\/\/www.meetingone.com\/eu-fr\/\",\"name\":\"MeetingOne French\",\"description\":\"\",\"potentialAction\":[{\"@type\":\"SearchAction\",\"target\":{\"@type\":\"EntryPoint\",\"urlTemplate\":\"https:\/\/www.meetingone.com\/eu-fr\/?s={search_term_string}\"},\"query-input\":\"required name=search_term_string\"}],\"inLanguage\":\"en-US\"}]}<\/script>\n<!-- \/ Yoast SEO plugin. -->","yoast_head_json":{"title":"Page de connexion personnalis\u00e9e","description":"MeetingOne fournit des pages de connexion Adobe Connect personnalis\u00e9e avec la marque de votre entreprise.","robots":{"index":"index","follow":"follow","max-snippet":"max-snippet:-1","max-image-preview":"max-image-preview:large","max-video-preview":"max-video-preview:-1"},"canonical":"https:\/\/www.meetingone.com\/eu-fr\/services\/personnalisation\/","og_locale":"en_US","og_type":"article","og_title":"Page de connexion personnalis\u00e9e","og_description":"MeetingOne fournit des pages de connexion Adobe Connect personnalis\u00e9e avec la marque de votre entreprise.","og_url":"https:\/\/www.meetingone.com\/eu-fr\/services\/personnalisation\/","og_site_name":"MeetingOne French","article_publisher":"https:\/\/www.facebook.com\/MeetingOne","article_modified_time":"2023-02-22T13:03:50+00:00","og_image":[{"width":400,"height":400,"url":"https:\/\/www.meetingone.com\/eu-fr\/wp-content\/uploads\/sites\/7\/2015\/07\/MeetingOne-Icon.png","type":"image\/png"}],"twitter_card":"summary_large_image","twitter_site":"@meetingone","twitter_misc":{"Est. reading time":"2 minutes"},"schema":{"@context":"https:\/\/schema.org","@graph":[{"@type":"WebPage","@id":"https:\/\/www.meetingone.com\/eu-fr\/services\/personnalisation\/","url":"https:\/\/www.meetingone.com\/eu-fr\/services\/personnalisation\/","name":"Page de connexion personnalis\u00e9e","isPartOf":{"@id":"https:\/\/www.meetingone.com\/eu-fr\/#website"},"datePublished":"2015-06-10T22:11:46+00:00","dateModified":"2023-02-22T13:03:50+00:00","description":"MeetingOne fournit des pages de connexion Adobe Connect personnalis\u00e9e avec la marque de votre entreprise.","breadcrumb":{"@id":"https:\/\/www.meetingone.com\/eu-fr\/services\/personnalisation\/#breadcrumb"},"inLanguage":"en-US","potentialAction":[{"@type":"ReadAction","target":["https:\/\/www.meetingone.com\/eu-fr\/services\/personnalisation\/"]}]},{"@type":"BreadcrumbList","@id":"https:\/\/www.meetingone.com\/eu-fr\/services\/personnalisation\/#breadcrumb","itemListElement":[{"@type":"ListItem","position":1,"name":"Home","item":"https:\/\/www.meetingone.com\/eu-fr\/"},{"@type":"ListItem","position":2,"name":"Services &#8211; Support","item":"https:\/\/www.meetingone.com\/eu-fr\/services\/"},{"@type":"ListItem","position":3,"name":"Services &#8211; Personnalisation \/ Customisation"}]},{"@type":"WebSite","@id":"https:\/\/www.meetingone.com\/eu-fr\/#website","url":"https:\/\/www.meetingone.com\/eu-fr\/","name":"MeetingOne French","description":"","potentialAction":[{"@type":"SearchAction","target":{"@type":"EntryPoint","urlTemplate":"https:\/\/www.meetingone.com\/eu-fr\/?s={search_term_string}"},"query-input":"required name=search_term_string"}],"inLanguage":"en-US"}]}},"_links":{"self":[{"href":"https:\/\/www.meetingone.com\/eu-fr\/wp-json\/wp\/v2\/pages\/227"}],"collection":[{"href":"https:\/\/www.meetingone.com\/eu-fr\/wp-json\/wp\/v2\/pages"}],"about":[{"href":"https:\/\/www.meetingone.com\/eu-fr\/wp-json\/wp\/v2\/types\/page"}],"author":[{"embeddable":true,"href":"https:\/\/www.meetingone.com\/eu-fr\/wp-json\/wp\/v2\/users\/1"}],"replies":[{"embeddable":true,"href":"https:\/\/www.meetingone.com\/eu-fr\/wp-json\/wp\/v2\/comments?post=227"}],"version-history":[{"count":36,"href":"https:\/\/www.meetingone.com\/eu-fr\/wp-json\/wp\/v2\/pages\/227\/revisions"}],"predecessor-version":[{"id":7924,"href":"https:\/\/www.meetingone.com\/eu-fr\/wp-json\/wp\/v2\/pages\/227\/revisions\/7924"}],"up":[{"embeddable":true,"href":"https:\/\/www.meetingone.com\/eu-fr\/wp-json\/wp\/v2\/pages\/161"}],"wp:attachment":[{"href":"https:\/\/www.meetingone.com\/eu-fr\/wp-json\/wp\/v2\/media?parent=227"}],"curies":[{"name":"wp","href":"https:\/\/api.w.org\/{rel}","templated":true}]}}