{"id":169,"date":"2015-06-10T15:47:59","date_gmt":"2015-06-10T21:47:59","guid":{"rendered":"https:\/\/www.meetingone.eu\/eu-fr\/?page_id=169"},"modified":"2023-02-22T09:14:16","modified_gmt":"2023-02-22T16:14:16","slug":"oai","status":"publish","type":"page","link":"https:\/\/www.meetingone.com\/eu-fr\/audioone\/oai\/","title":{"rendered":"Produits &#8211; OAI"},"content":{"rendered":"<p>[vc_row full_width=&#8221;stretch_row_content_no_spaces&#8221; parallax=&#8221;content-moving&#8221; parallax_image=&#8221;1146&#8243; el_class=&#8221;page-banner&#8221; css=&#8221;.vc_custom_1438810954282{background-position: center;background-repeat: no-repeat !important;background-size: cover !important;}&#8221;][vc_column][\/vc_column][\/vc_row][vc_row full_width=&#8221;stretch_row&#8221; css=&#8221;.vc_custom_1438805503517{padding-top: 20px !important;padding-bottom: 20px !important;background-image: url(https:\/\/www.meetingone.com\/wp-content\/uploads\/sites\/7\/2015\/02\/Red-Brushed-Steel_1600x400px.png?id=995) !important;background-position: center !important;background-repeat: no-repeat !important;background-size: cover !important;}&#8221;][vc_column][vc_row_inner css=&#8221;.vc_custom_1443200459421{padding-top: 5px !important;padding-bottom: 5px !important;}&#8221;][vc_column_inner width=&#8221;1\/4&#8243;][vc_single_image image=&#8221;4017&#8243; img_size=&#8221;medium&#8221; alignment=&#8221;center&#8221; css=&#8221;.vc_custom_1443200449811{padding-right: 25px !important;}&#8221;][\/vc_column_inner][vc_column_inner width=&#8221;3\/4&#8243;][vc_empty_space height=&#8221;25px&#8221;][vc_column_text el_class=&#8221;white-text&#8221;]<\/p>\n<h1 style=\"text-align: left;font-size: 24px\">G\u00e9rez votre compte audio en ligne, de partout et \u00e0 tout moment.<\/h1>\n<p>[\/vc_column_text][\/vc_column_inner][\/vc_row_inner][\/vc_column][\/vc_row][vc_row css=&#8221;.vc_custom_1434479767486{margin-top: 35px !important;margin-bottom: 35px !important;}&#8221;][vc_column][vc_column_text]<\/p>\n<h2 style=\"text-align: center\"><span style=\"color: #bb2025\">PRINCIPALES CARACT\u00c9RISTIQUES<\/span><\/h2>\n<p>[\/vc_column_text][vc_row_inner][vc_column_inner width=&#8221;1\/2&#8243; css=&#8221;.vc_custom_1443200487523{padding-bottom: 25px !important;}&#8221;][vc_single_image image=&#8221;654&#8243; img_size=&#8221;150&#215;150&#8243; alignment=&#8221;center&#8221; css_animation=&#8221;appear&#8221;][vc_column_text]<\/p>\n<h4 style=\"text-align: center\">Acc\u00e9dez \u00e0 vos comptes \u00e0 tout moment et en tous lieux<\/h4>\n<p>[\/vc_column_text][\/vc_column_inner][vc_column_inner width=&#8221;1\/2&#8243; css=&#8221;.vc_custom_1443200495160{padding-bottom: 25px !important;}&#8221;][vc_single_image image=&#8221;655&#8243; img_size=&#8221;150&#215;150&#8243; alignment=&#8221;center&#8221; css_animation=&#8221;appear&#8221;][vc_column_text]<\/p>\n<h4 style=\"text-align: center\">Suivez l&#8217;utilisation du syst\u00e8me audio<\/h4>\n<p>[\/vc_column_text][\/vc_column_inner][\/vc_row_inner][\/vc_column][\/vc_row][vc_row full_width=&#8221;stretch_row&#8221; css=&#8221;.vc_custom_1435267278941{padding-top: 20px !important;padding-bottom: 20px !important;background-color: #b72026 !important;}&#8221;][vc_column width=&#8221;1\/3&#8243;][vc_btn title=&#8221;Se connecter&#8221; style=&#8221;flat&#8221; shape=&#8221;square&#8221; color=&#8221;m1-peach&#8221; size=&#8221;lg&#8221; align=&#8221;center&#8221; css_animation=&#8221;left-to-right&#8221; link=&#8221;url:https%3A%2F%2Fwww.meetingone.com%2Feu-fr%2Faudioone%2Foai%2Fse-connecter-a-oai%2F%20|title:Se%20connecter%20%C3%A0%20l&#8217;OAI|&#8221; button_block=&#8221;true&#8221;][\/vc_column][vc_column width=&#8221;1\/3&#8243;][vc_btn title=&#8221;Guide Utilisateur&#8221; style=&#8221;flat&#8221; shape=&#8221;square&#8221; color=&#8221;m1-orange&#8221; size=&#8221;lg&#8221; align=&#8221;center&#8221; css_animation=&#8221;appear&#8221; link=&#8221;url:http%3A%2F%2Fwww.meetingone.com%2Feu_fr%2Fwhitepapers%2FMiniguideOAIFR.pdf|title:Guide%20Utilisateur%20de%20l&#8217;Oai%20-%20Online%20Account%20Interface|target:%20_blank&#8221; button_block=&#8221;true&#8221;][\/vc_column][vc_column width=&#8221;1\/3&#8243;][vc_btn title=&#8221;L&#8217;essayer avec AudioOne&#8221; style=&#8221;flat&#8221; shape=&#8221;square&#8221; color=&#8221;m1-yellow&#8221; size=&#8221;lg&#8221; align=&#8221;center&#8221; css_animation=&#8221;right-to-left&#8221; link=&#8221;url:%2Feu-fr%2Fessai-gratuit%2FEssai-AudioOne%2F||&#8221; button_block=&#8221;true&#8221;][\/vc_column][\/vc_row][vc_row css=&#8221;.vc_custom_1435267267177{padding-top: 30px !important;padding-bottom: 50px !important;}&#8221;][vc_column][vc_column_text]<\/p>\n<h3><span style=\"color: #bb2025\">G\u00e9rez les comptes audio via le portail Online Account Information <\/span><\/h3>\n<p>G\u00e9rez votre compte audio et son utilisation en temps r\u00e9el. Gr\u00e2ce \u00e0 ce module compl\u00e9mentaire (add-on) gratuit inclus avec tous les comptes audio, vous pouvez d\u00e9finir des codes de facturation personnalis\u00e9s.<\/p>\n<h4><span style=\"color: #ff9900\">Nous avons facilit\u00e9 le suivi et la gestion de vos comptes audio.<\/span><\/h4>\n<ul>\n<li>Suivez l&#8217;utilisation de chaque ligne audio<\/li>\n<li>T\u00e9l\u00e9chargez les d\u00e9tails de facturation<\/li>\n<li>D\u00e9finissez des codes de facturation personnalis\u00e9s.<\/li>\n<\/ul>\n<p>[\/vc_column_text][\/vc_column][\/vc_row][vc_row full_width=&#8221;stretch_row&#8221;][vc_column]<div class=\"templatera_shortcode\"><p>[vc_row full_width=&#8221;stretch_row&#8221; css=&#8221;.vc_custom_1439846154648{padding-bottom: 30px !important;background-image: url(https:\/\/www.meetingone.com\/wp-content\/uploads\/sites\/7\/2015\/02\/product-tab-bg.jpg?id=71) !important;background-position: center !important;background-repeat: no-repeat !important;background-size: cover !important;}&#8221; el_class=&#8221;product-tabs&#8221;][vc_column][vc_empty_space height=&#8221;20px&#8221;][vc_column_text css=&#8221;.vc_custom_1441902487505{padding-top: 40px !important;padding-bottom: 20px !important;}&#8221;]<\/p>\n<h3 style=\"text-align: center;\"><span style=\"color: #bb2025;\">Am\u00e9liorez vos conf\u00e9rences en ligne gr\u00e2ce aux produits de MeetingOne<\/span><\/h3>\n<p>[\/vc_column_text][vc_tta_tabs style=&#8221;flat&#8221; shape=&#8221;square&#8221; color=&#8221;white&#8221; alignment=&#8221;center&#8221; active_section=&#8221;1&#8243; el_class=&#8221;the-product-tabs&#8221;][vc_tta_section title=&#8221;Adobe Connect&#8221; tab_id=&#8221;1436469061645-24e15fd0-1585fcb4-e55c&#8221;][vc_column_text]<img decoding=\"async\" loading=\"lazy\" class=\"wp-image-7242 size-full alignleft\" src=\"https:\/\/www.meetingone.com\/eu-fr\/wp-content\/uploads\/sites\/7\/2020\/10\/AC11-thumbnail.png\" alt=\"\" width=\"232\" height=\"226\" \/><\/p>\n<p>&nbsp;<\/p>\n<p>Adobe Connect est un logiciel de conf\u00e9rence en ligne de pointe qui offre une exp\u00e9rience de r\u00e9union en ligne interactive et passionnante. Le syst\u00e8me va bien au-del\u00e0 du simple partage d&#8217;\u00e9cran pour la collaboration, de la formation en ligne et des cybers\u00e9minaires \u00e0 grande \u00e9chelle. Adobe Connect permet aux utilisateurs de g\u00e9rer les sessions en ligne les plus importantes directement \u00e0 partir d&#8217;un outil mobile, y compris l&#8217;h\u00e9bergement, la pr\u00e9sentation, le partage de fichiers, le tableau blanc, les s\u00e9ances en petits groupes, \u00e0 l&#8217;aide d&#8217;\u00e9motic\u00f4nes et bien plus encore !<\/p>\n<p style=\"text-align: right;\"><a class=\"button yellow\" href=\"https:\/\/www.meetingone.com\/eu-fr\/adobe-connect\/\">D\u00e9couvrir la solution<\/a><\/p>\n<p>[\/vc_column_text][\/vc_tta_section][vc_tta_section title=&#8221;AudioOne&#8221; tab_id=&#8221;1436469061357-fcdba6b8-38a0fcb4-e55c&#8221;][vc_column_text]<img decoding=\"async\" loading=\"lazy\" class=\"alignleft wp-image-345\" src=\"https:\/\/www.meetingone.com\/wp-content\/uploads\/sites\/7\/2015\/07\/audio-one-logo.png\" alt=\"audio-one-logo\" width=\"200\" height=\"149\" \/><\/p>\n<p>Cette solution audio, leader de l&#8217;industrie, offre \u00e0 la fois les audioconf\u00e9rences traditionnelles et l&#8217;int\u00e9gration avec Adobe Connect dans un ensemble fiable et \u00e9conomique. Simple, s\u00e9curis\u00e9e et enti\u00e8rement personnalisable, AudioOne est la solution de nouvelle g\u00e9n\u00e9ration pour les besoins d&#8217;audioconf\u00e9rence de pointe.<\/p>\n<p style=\"text-align: right;\"><a class=\"button yellow\" href=\"https:\/\/www.meetingone.com\/eu-fr\/audioone\/\">Afficher plus d&#8217;informations<\/a><\/p>\n<p>[\/vc_column_text][\/vc_tta_section][vc_tta_section title=&#8221;Click&amp;Meet&#8221; tab_id=&#8221;1436469096553-b54b865a-888cfcb4-e55c&#8221;][vc_column_text]<img decoding=\"async\" loading=\"lazy\" class=\"alignleft wp-image-346\" src=\"https:\/\/www.meetingone.com\/wp-content\/uploads\/sites\/7\/2015\/07\/click-meet-logo.png\" alt=\"click-meet-logo\" width=\"200\" height=\"119\" \/><\/p>\n<p>Click&amp;Meet est une interface facile \u00e0 utiliser int\u00e9gr\u00e9e dans tous les comptes AudioOne, et qui offre aux clients la souplesse n\u00e9cessaire pour conserver le contr\u00f4le total de leurs r\u00e9unions dans le confort et la commodit\u00e9 de leur \u00e9cran d&#8217;ordinateur. En un seul clic, vous pouvez couper ou rouvrir le micro, appeler des participants, voir qui parle et obtenir un feedback instantan\u00e9 gr\u00e2ce \u00e0 la fonction de sondage.<\/p>\n<p style=\"text-align: right;\"><a class=\"button yellow\" href=\"https:\/\/www.meetingone.com\/eu-fr\/audioone\/clickmeet\/\">En savoir plus<\/a><\/p>\n<p>[\/vc_column_text][\/vc_tta_section][vc_tta_section title=&#8221;ScheduleOne&#8221; tab_id=&#8221;1436469113141-eab0033d-52c7fcb4-e55c&#8221;][vc_column_text]<img decoding=\"async\" loading=\"lazy\" class=\"alignleft wp-image-348\" src=\"https:\/\/www.meetingone.com\/wp-content\/uploads\/sites\/7\/2015\/07\/schedule-one-logo.png\" alt=\"schedule-one-logo\" width=\"200\" height=\"142\" \/><\/p>\n<p>ScheduleOne est utilis\u00e9 pour la personnalisation des invitations de r\u00e9union d&#8217;Adobe Connect, la planification des appels AudioOne int\u00e9gr\u00e9s et m\u00eame la cr\u00e9ation de nouvelles salles de r\u00e9union virtuelles. Ce module d&#8217;extension (plugin) avanc\u00e9 pour Outlook offre la possibilit\u00e9 de faire tout cela et plus encore, sans jamais quitter Outlook. Rationalisez les communications de votre \u00e9quipe avec ce puissant et innovant plugin pour conf\u00e9rence, une exclusivit\u00e9 de MeetingOne !<\/p>\n<p style=\"text-align: right;\"><a class=\"button yellow\" href=\"https:\/\/www.meetingone.com\/eu-fr\/produits\/scheduleone\/\">De quoi s&#8217;agit-il ?<\/a><\/p>\n<p>[\/vc_column_text][\/vc_tta_section][vc_tta_section title=&#8221;OAI&#8221; tab_id=&#8221;1436469125342-7f659e94-bea4fcb4-e55c&#8221;][vc_column_text]<a href=\"\/eu-fr\/audioone\/oai\/\"><img decoding=\"async\" loading=\"lazy\" class=\"wp-image-4018 alignleft\" src=\"https:\/\/www.meetingone.com\/eu-fr\/wp-content\/uploads\/sites\/7\/2015\/06\/OAI-White-color.png\" alt=\"\" width=\"200\" height=\"127\" srcset=\"https:\/\/www.meetingone.com\/eu-fr\/wp-content\/uploads\/sites\/7\/2015\/06\/OAI-White-color.png 644w, https:\/\/www.meetingone.com\/eu-fr\/wp-content\/uploads\/sites\/7\/2015\/06\/OAI-White-color-300x191.png 300w\" sizes=\"(max-width: 200px) 100vw, 200px\" \/><\/a><\/p>\n<p class=\"p1\">Visualisez en ligne et en toute simplicit\u00e9 l\u2019ensemble des consommations de vos salles d\u2019audioconf\u00e9rence en temps r\u00e9el pour les 4 derniers mois et g\u00e9rez vos codes de facturation personnalis\u00e9s.<\/p>\n<p style=\"text-align: right;\"><a class=\"button yellow\" href=\"https:\/\/www.meetingone.com\/eu-fr\/audioone\/oai\/\">Obtenir des d\u00e9tails<\/a><\/p>\n<p>[\/vc_column_text][\/vc_tta_section][vc_tta_section title=&#8221;Blackboard&#8221; tab_id=&#8221;1436469138345-4cded42f-1b57fcb4-e55c&#8221;][vc_column_text]<img decoding=\"async\" loading=\"lazy\" class=\"alignleft wp-image-948 size-medium\" src=\"https:\/\/www.meetingone.com\/wp-content\/uploads\/sites\/7\/2015\/02\/blackboard-logo-300x141.png\" alt=\"blackboard-logo\" width=\"300\" height=\"141\" \/>MeetingOne a\u00a0d\u00e9velopp\u00e9 un bloc de construction int\u00e9gr\u00e9 qui offre de nombreux avantages uniques pour l&#8217;utilisation transparente de la technologie de pointe d&#8217;Adobe Connect dans le syst\u00e8me de gestion de Blackboard Learning. L&#8217;int\u00e9grateur propose de nombreuses fonctionnalit\u00e9s innovantes et riches pour offrir \u00e0 vos stagiaires une exp\u00e9rience Blackboard in\u00e9gal\u00e9e !<\/p>\n<p style=\"text-align: right;\"><a class=\"button yellow\" href=\"https:\/\/www.meetingone.com\/eu-fr\/adobe-connect\/lms-integration\/blackboard-integrator\/\">Me former<\/a><\/p>\n<p>[\/vc_column_text][\/vc_tta_section][\/vc_tta_tabs][\/vc_column][\/vc_row]<\/p>\n<\/div>[\/vc_column][\/vc_row]<\/p>\n","protected":false},"excerpt":{"rendered":"<p>[vc_row full_width=&#8221;stretch_row_content_no_spaces&#8221; parallax=&#8221;content-moving&#8221; parallax_image=&#8221;1146&#8243; el_class=&#8221;page-banner&#8221; css=&#8221;.vc_custom_1438810954282{background-position: center;background-repeat: no-repeat !important;background-size: cover !important;}&#8221;][vc_column][\/vc_column][\/vc_row][vc_row full_width=&#8221;stretch_row&#8221; css=&#8221;.vc_custom_1438805503517{padding-top: 20px !important;padding-bottom: 20px !important;background-image: url(https:\/\/www.meetingone.com\/wp-content\/uploads\/sites\/7\/2015\/02\/Red-Brushed-Steel_1600x400px.png?id=995) !important;background-position: center !important;background-repeat: no-repeat !important;background-size: cover !important;}&#8221;][vc_column][vc_row_inner css=&#8221;.vc_custom_1443200459421{padding-top: 5px !important;padding-bottom: 5px !important;}&#8221;][vc_column_inner width=&#8221;1\/4&#8243;][vc_single_image image=&#8221;4017&#8243; img_size=&#8221;medium&#8221; alignment=&#8221;center&#8221; css=&#8221;.vc_custom_1443200449811{padding-right: 25px !important;}&#8221;][\/vc_column_inner][vc_column_inner width=&#8221;3\/4&#8243;][vc_empty_space height=&#8221;25px&#8221;][vc_column_text el_class=&#8221;white-text&#8221;] G\u00e9rez votre compte audio en ligne, de partout et \u00e0 tout moment. [\/vc_column_text][\/vc_column_inner][\/vc_row_inner][\/vc_column][\/vc_row][vc_row css=&#8221;.vc_custom_1434479767486{margin-top: 35px [&hellip;]<\/p>\n","protected":false},"author":1,"featured_media":0,"parent":163,"menu_order":0,"comment_status":"closed","ping_status":"closed","template":"","meta":{"footnotes":""},"yoast_head":"<!-- This site is optimized with the Yoast SEO plugin v21.2 - https:\/\/yoast.com\/wordpress\/plugins\/seo\/ -->\n<title>Conferencing Online Account Information - MeetingOne<\/title>\n<meta name=\"description\" content=\"MeetingOne propose avec AudioOne un portail adapt\u00e9 et facile d\u2019utilisation pour g\u00e9rer l\u2019ensemble de vos audioconf\u00e9rences\" \/>\n<meta name=\"robots\" content=\"index, follow, max-snippet:-1, max-image-preview:large, max-video-preview:-1\" \/>\n<link rel=\"canonical\" href=\"https:\/\/www.meetingone.com\/eu-fr\/audioone\/oai\/\" \/>\n<meta property=\"og:locale\" content=\"en_US\" \/>\n<meta property=\"og:type\" content=\"article\" \/>\n<meta property=\"og:title\" content=\"Conferencing Online Account Information - MeetingOne\" \/>\n<meta property=\"og:description\" content=\"MeetingOne propose avec AudioOne un portail adapt\u00e9 et facile d\u2019utilisation pour g\u00e9rer l\u2019ensemble de vos audioconf\u00e9rences\" \/>\n<meta property=\"og:url\" content=\"https:\/\/www.meetingone.com\/eu-fr\/audioone\/oai\/\" \/>\n<meta property=\"og:site_name\" content=\"MeetingOne French\" \/>\n<meta property=\"article:publisher\" content=\"https:\/\/www.facebook.com\/MeetingOne\" \/>\n<meta property=\"article:modified_time\" content=\"2023-02-22T16:14:16+00:00\" \/>\n<meta property=\"og:image\" content=\"https:\/\/www.meetingone.com\/eu-fr\/wp-content\/uploads\/sites\/7\/2015\/07\/MeetingOne-Icon.png\" \/>\n\t<meta property=\"og:image:width\" content=\"400\" \/>\n\t<meta property=\"og:image:height\" content=\"400\" \/>\n\t<meta property=\"og:image:type\" content=\"image\/png\" \/>\n<meta name=\"twitter:card\" content=\"summary_large_image\" \/>\n<meta name=\"twitter:site\" content=\"@meetingone\" \/>\n<meta name=\"twitter:label1\" content=\"Est. reading time\" \/>\n\t<meta name=\"twitter:data1\" content=\"3 minutes\" \/>\n<script type=\"application\/ld+json\" class=\"yoast-schema-graph\">{\"@context\":\"https:\/\/schema.org\",\"@graph\":[{\"@type\":\"WebPage\",\"@id\":\"https:\/\/www.meetingone.com\/eu-fr\/audioone\/oai\/\",\"url\":\"https:\/\/www.meetingone.com\/eu-fr\/audioone\/oai\/\",\"name\":\"Conferencing Online Account Information - MeetingOne\",\"isPartOf\":{\"@id\":\"https:\/\/www.meetingone.com\/eu-fr\/#website\"},\"datePublished\":\"2015-06-10T21:47:59+00:00\",\"dateModified\":\"2023-02-22T16:14:16+00:00\",\"description\":\"MeetingOne propose avec AudioOne un portail adapt\u00e9 et facile d\u2019utilisation pour g\u00e9rer l\u2019ensemble de vos audioconf\u00e9rences\",\"breadcrumb\":{\"@id\":\"https:\/\/www.meetingone.com\/eu-fr\/audioone\/oai\/#breadcrumb\"},\"inLanguage\":\"en-US\",\"potentialAction\":[{\"@type\":\"ReadAction\",\"target\":[\"https:\/\/www.meetingone.com\/eu-fr\/audioone\/oai\/\"]}]},{\"@type\":\"BreadcrumbList\",\"@id\":\"https:\/\/www.meetingone.com\/eu-fr\/audioone\/oai\/#breadcrumb\",\"itemListElement\":[{\"@type\":\"ListItem\",\"position\":1,\"name\":\"Home\",\"item\":\"https:\/\/www.meetingone.com\/eu-fr\/\"},{\"@type\":\"ListItem\",\"position\":2,\"name\":\"Produits &#8211; AudioOne\",\"item\":\"https:\/\/www.meetingone.com\/eu-fr\/audioone\/\"},{\"@type\":\"ListItem\",\"position\":3,\"name\":\"Produits &#8211; OAI\"}]},{\"@type\":\"WebSite\",\"@id\":\"https:\/\/www.meetingone.com\/eu-fr\/#website\",\"url\":\"https:\/\/www.meetingone.com\/eu-fr\/\",\"name\":\"MeetingOne French\",\"description\":\"\",\"potentialAction\":[{\"@type\":\"SearchAction\",\"target\":{\"@type\":\"EntryPoint\",\"urlTemplate\":\"https:\/\/www.meetingone.com\/eu-fr\/?s={search_term_string}\"},\"query-input\":\"required name=search_term_string\"}],\"inLanguage\":\"en-US\"}]}<\/script>\n<!-- \/ Yoast SEO plugin. -->","yoast_head_json":{"title":"Conferencing Online Account Information - MeetingOne","description":"MeetingOne propose avec AudioOne un portail adapt\u00e9 et facile d\u2019utilisation pour g\u00e9rer l\u2019ensemble de vos audioconf\u00e9rences","robots":{"index":"index","follow":"follow","max-snippet":"max-snippet:-1","max-image-preview":"max-image-preview:large","max-video-preview":"max-video-preview:-1"},"canonical":"https:\/\/www.meetingone.com\/eu-fr\/audioone\/oai\/","og_locale":"en_US","og_type":"article","og_title":"Conferencing Online Account Information - MeetingOne","og_description":"MeetingOne propose avec AudioOne un portail adapt\u00e9 et facile d\u2019utilisation pour g\u00e9rer l\u2019ensemble de vos audioconf\u00e9rences","og_url":"https:\/\/www.meetingone.com\/eu-fr\/audioone\/oai\/","og_site_name":"MeetingOne French","article_publisher":"https:\/\/www.facebook.com\/MeetingOne","article_modified_time":"2023-02-22T16:14:16+00:00","og_image":[{"width":400,"height":400,"url":"https:\/\/www.meetingone.com\/eu-fr\/wp-content\/uploads\/sites\/7\/2015\/07\/MeetingOne-Icon.png","type":"image\/png"}],"twitter_card":"summary_large_image","twitter_site":"@meetingone","twitter_misc":{"Est. reading time":"3 minutes"},"schema":{"@context":"https:\/\/schema.org","@graph":[{"@type":"WebPage","@id":"https:\/\/www.meetingone.com\/eu-fr\/audioone\/oai\/","url":"https:\/\/www.meetingone.com\/eu-fr\/audioone\/oai\/","name":"Conferencing Online Account Information - MeetingOne","isPartOf":{"@id":"https:\/\/www.meetingone.com\/eu-fr\/#website"},"datePublished":"2015-06-10T21:47:59+00:00","dateModified":"2023-02-22T16:14:16+00:00","description":"MeetingOne propose avec AudioOne un portail adapt\u00e9 et facile d\u2019utilisation pour g\u00e9rer l\u2019ensemble de vos audioconf\u00e9rences","breadcrumb":{"@id":"https:\/\/www.meetingone.com\/eu-fr\/audioone\/oai\/#breadcrumb"},"inLanguage":"en-US","potentialAction":[{"@type":"ReadAction","target":["https:\/\/www.meetingone.com\/eu-fr\/audioone\/oai\/"]}]},{"@type":"BreadcrumbList","@id":"https:\/\/www.meetingone.com\/eu-fr\/audioone\/oai\/#breadcrumb","itemListElement":[{"@type":"ListItem","position":1,"name":"Home","item":"https:\/\/www.meetingone.com\/eu-fr\/"},{"@type":"ListItem","position":2,"name":"Produits &#8211; AudioOne","item":"https:\/\/www.meetingone.com\/eu-fr\/audioone\/"},{"@type":"ListItem","position":3,"name":"Produits &#8211; OAI"}]},{"@type":"WebSite","@id":"https:\/\/www.meetingone.com\/eu-fr\/#website","url":"https:\/\/www.meetingone.com\/eu-fr\/","name":"MeetingOne French","description":"","potentialAction":[{"@type":"SearchAction","target":{"@type":"EntryPoint","urlTemplate":"https:\/\/www.meetingone.com\/eu-fr\/?s={search_term_string}"},"query-input":"required name=search_term_string"}],"inLanguage":"en-US"}]}},"_links":{"self":[{"href":"https:\/\/www.meetingone.com\/eu-fr\/wp-json\/wp\/v2\/pages\/169"}],"collection":[{"href":"https:\/\/www.meetingone.com\/eu-fr\/wp-json\/wp\/v2\/pages"}],"about":[{"href":"https:\/\/www.meetingone.com\/eu-fr\/wp-json\/wp\/v2\/types\/page"}],"author":[{"embeddable":true,"href":"https:\/\/www.meetingone.com\/eu-fr\/wp-json\/wp\/v2\/users\/1"}],"replies":[{"embeddable":true,"href":"https:\/\/www.meetingone.com\/eu-fr\/wp-json\/wp\/v2\/comments?post=169"}],"version-history":[{"count":32,"href":"https:\/\/www.meetingone.com\/eu-fr\/wp-json\/wp\/v2\/pages\/169\/revisions"}],"predecessor-version":[{"id":7975,"href":"https:\/\/www.meetingone.com\/eu-fr\/wp-json\/wp\/v2\/pages\/169\/revisions\/7975"}],"up":[{"embeddable":true,"href":"https:\/\/www.meetingone.com\/eu-fr\/wp-json\/wp\/v2\/pages\/163"}],"wp:attachment":[{"href":"https:\/\/www.meetingone.com\/eu-fr\/wp-json\/wp\/v2\/media?parent=169"}],"curies":[{"name":"wp","href":"https:\/\/api.w.org\/{rel}","templated":true}]}}