{"id":1274,"date":"2015-08-10T14:07:58","date_gmt":"2015-08-10T20:07:58","guid":{"rendered":"https:\/\/www.meetingone.eu\/eu-fr\/?page_id=1274"},"modified":"2024-05-07T04:57:11","modified_gmt":"2024-05-07T10:57:11","slug":"numerosdacces","status":"publish","type":"page","link":"https:\/\/www.meetingone.com\/eu-fr\/support\/numerosdacces\/","title":{"rendered":"Ressources &#8211; Num\u00e9ros d&#8217;acc\u00e8s locaux \/ International Access Numbers"},"content":{"rendered":"<p>[vc_row full_width=&#8221;stretch_row_content_no_spaces&#8221; parallax=&#8221;content-moving&#8221; parallax_image=&#8221;3001&#8243; el_class=&#8221;small-banner&#8221;][vc_column][\/vc_column][\/vc_row][vc_row full_width=&#8221;stretch_row&#8221; css=&#8221;.vc_custom_1677058020421{padding-bottom: 15px !important;background-image: url(https:\/\/www.meetingone.com\/wp-content\/uploads\/sites\/7\/2015\/06\/Brushed-Steel-blue.png?id=1929) !important;background-position: center !important;background-repeat: no-repeat !important;background-size: cover !important;}&#8221;][vc_column][vc_row_inner][vc_column_inner width=&#8221;1\/4&#8243; css=&#8221;.vc_custom_1677058003564{padding-top: 40px !important;}&#8221;]<div class=\"ult-just-icon-wrapper \"><div class=\"align-icon\" style=\"text-align:center;\">\n<div class=\"aio-icon none \"  style=\"color:#ffffff;font-size:175px;display:inline-block;\">\n\t<i class=\"Defaults-globe\"><\/i>\n<\/div><\/div><\/div>[\/vc_column_inner][vc_column_inner width=&#8221;3\/4&#8243;][vc_column_text el_class=&#8221;white-text&#8221; css=&#8221;.vc_custom_1715079410384{padding-top: 0px !important;padding-bottom: 10px !important;}&#8221;]<\/p>\n<h1 style=\"font-size: 32px;\">Num\u00e9ros d&#8217;acc\u00e8s locaux\/internationaux<\/h1>\n<p>Les num\u00e9ros d&#8217;acc\u00e8s locaux\/internationaux permettent aux h\u00f4tes et aux participants d&#8217;acc\u00e9der \u00e0 leur audioconf\u00e9rence \u00e0 partir d&#8217;un num\u00e9ro de t\u00e9l\u00e9phone local.\u00a0 Veuillez consulter ci-dessous la liste des num\u00e9ros locaux\/internationaux disponibles.[\/vc_column_text][\/vc_column_inner][\/vc_row_inner][\/vc_column][\/vc_row][vc_row css=&#8221;.vc_custom_1440290477474{margin-top: 20px !important;margin-bottom: 40px !important;}&#8221;][vc_column][vc_column_text]<\/p>\n<h2 style=\"font-size: 24px;\"><span style=\"color: #bb2025;\">Pour acc\u00e9der \u00e0 votre conf\u00e9rence en utilisant un num\u00e9ro local ou International\u00a0:<\/span><\/h2>\n<p><span style=\"color: #ff9900;\"><strong>Participant :<\/strong><\/span> (Num\u00e9ro d&#8217;acc\u00e8s local\/international) + (Num\u00e9ro de\u00a0<span class=\"s1\">t\u00e9l\u00e9conf\u00e9rence\u00a0<\/span>#)<br \/>\n<span style=\"color: #ff9900;\"><strong>Animateur :<\/strong> <\/span>(Num\u00e9ro d&#8217;acc\u00e8s local\/international) + (Num\u00e9ro de t\u00e9l\u00e9conf\u00e9rence #) + (votre code PIN animateur #)[\/vc_column_text][\/vc_column][\/vc_row][vc_row full_width=&#8221;stretch_row&#8221; bg_type=&#8221;grad&#8221; css=&#8221;.vc_custom_1677058117798{padding-top: 10px !important;padding-bottom: 10px !important;}&#8221; bg_grad=&#8221;background: -webkit-gradient(linear, left top, left bottom, color-stop(0%, #8F0E12), color-stop(25%, #BB2025), color-stop(75%, #BB2025), color-stop(100%, #8F0E12));background: -moz-linear-gradient(left,#8F0E12 0%,#BB2025 25%,#BB2025 75%,#8F0E12 100%);background: -webkit-linear-gradient(left,#8F0E12 0%,#BB2025 25%,#BB2025 75%,#8F0E12 100%);background: -o-linear-gradient(left,#8F0E12 0%,#BB2025 25%,#BB2025 75%,#8F0E12 100%);background: -ms-linear-gradient(left,#8F0E12 0%,#BB2025 25%,#BB2025 75%,#8F0E12 100%);background: linear-gradient(left,#8F0E12 0%,#BB2025 25%,#BB2025 75%,#8F0E12 100%);&#8221;][vc_column][vc_column_text el_class=&#8221;white-text&#8221;]<\/p>\n<h3 style=\"text-align: center; font-size: 28px;\">Recherchez votre num\u00e9ro d&#8217;acc\u00e8s local\/international :<\/h3>\n<p>[\/vc_column_text][\/vc_column][\/vc_row][vc_row][vc_column width=&#8221;1\/6&#8243;][vc_column_text]<br \/>\n[\/vc_column_text][\/vc_column][vc_column width=&#8221;2\/3&#8243;][vc_empty_space][vc_tta_accordion style=&#8221;modern&#8221; shape=&#8221;square&#8221; c_icon=&#8221;triangle&#8221; active_section=&#8221;50&#8243; no_fill=&#8221;true&#8221; collapsible_all=&#8221;true&#8221;][vc_tta_section title=&#8221;France&#8221; tab_id=&#8221;1440109258013-bb54b212-a345&#8243;][vc_column_text]<\/p>\n<div class=\"vc_tta-panel-body\">\n<div class=\"wpb_vc_table wpb_content_element\">\n<table>\n<tbody>\n<tr class=\"vc-th\">\n<td class=\"vc_table_cell\" style=\"font-weight: bold;\"><\/td>\n<td class=\"vc_table_cell\" style=\"font-weight: bold;\"><span class=\"vc_table_content\">Num\u00e9ro d\u2019Acc\u00e8s Local<\/span><\/td>\n<td class=\"vc_table_cell\" style=\"font-weight: bold;\"><span class=\"vc_table_content\">Num\u00e9ro d\u2019Acc\u00e8s \u00e0 l\u2019International<\/span><\/td>\n<\/tr>\n<tr>\n<td class=\"vc_table_cell\"><span class=\"vc_table_content\">messages anglais<\/span><\/td>\n<td class=\"vc_table_cell\"><span class=\"vc_table_content\">0430291000<br \/>\n<\/span><\/td>\n<td class=\"vc_table_cell\"><span class=\"vc_table_content\">+33 430291000<\/span><\/td>\n<\/tr>\n<tr>\n<td class=\"vc_table_cell\"><span class=\"vc_table_content\">messages franc\u0327ais<\/span><\/td>\n<td class=\"vc_table_cell\"><span class=\"vc_table_content\">0430291001<br \/>\n<\/span><\/td>\n<td class=\"vc_table_cell\"><span class=\"vc_table_content\">+33 430291001<\/span><\/td>\n<\/tr>\n<\/tbody>\n<\/table>\n<\/div>\n<\/div>\n<p>[\/vc_column_text][\/vc_tta_section][\/vc_tta_accordion][vc_empty_space][\/vc_column][vc_column width=&#8221;1\/6&#8243;][vc_column_text]<br \/>\n[\/vc_column_text][\/vc_column][\/vc_row]<\/p>\n","protected":false},"excerpt":{"rendered":"<p>[vc_row full_width=&#8221;stretch_row_content_no_spaces&#8221; parallax=&#8221;content-moving&#8221; parallax_image=&#8221;3001&#8243; el_class=&#8221;small-banner&#8221;][vc_column][\/vc_column][\/vc_row][vc_row full_width=&#8221;stretch_row&#8221; css=&#8221;.vc_custom_1677058020421{padding-bottom: 15px !important;background-image: url(https:\/\/www.meetingone.com\/wp-content\/uploads\/sites\/7\/2015\/06\/Brushed-Steel-blue.png?id=1929) !important;background-position: center !important;background-repeat: no-repeat !important;background-size: cover !important;}&#8221;][vc_column][vc_row_inner][vc_column_inner width=&#8221;1\/4&#8243; css=&#8221;.vc_custom_1677058003564{padding-top: 40px !important;}&#8221;][\/vc_column_inner][vc_column_inner width=&#8221;3\/4&#8243;][vc_column_text el_class=&#8221;white-text&#8221; css=&#8221;.vc_custom_1715079410384{padding-top: 0px !important;padding-bottom: 10px !important;}&#8221;] Num\u00e9ros d&#8217;acc\u00e8s locaux\/internationaux Les num\u00e9ros d&#8217;acc\u00e8s locaux\/internationaux permettent aux h\u00f4tes et aux participants d&#8217;acc\u00e9der \u00e0 leur audioconf\u00e9rence \u00e0 partir d&#8217;un num\u00e9ro de t\u00e9l\u00e9phone local.\u00a0 Veuillez consulter ci-dessous [&hellip;]<\/p>\n","protected":false},"author":1,"featured_media":0,"parent":919,"menu_order":0,"comment_status":"closed","ping_status":"closed","template":"","meta":{"footnotes":""},"yoast_head":"<!-- This site is optimized with the Yoast SEO plugin v21.2 - https:\/\/yoast.com\/wordpress\/plugins\/seo\/ -->\n<title>Num\u00e9ros d&#039;acc\u00e8s locaux \u00e0 l&#039;international<\/title>\n<meta name=\"description\" content=\"Les num\u00e9ros d\u2019acc\u00e8s locaux \u00e0 l&#039;international permettent aux pr\u00e9sentateurs et aux participants d\u2019entrer en audioconf\u00e9rence \u00e0 partir d\u2019un num\u00e9ro de t\u00e9l\u00e9phone local.\" \/>\n<meta name=\"robots\" content=\"index, follow, max-snippet:-1, max-image-preview:large, max-video-preview:-1\" \/>\n<link rel=\"canonical\" href=\"https:\/\/www.meetingone.com\/eu-fr\/support\/numerosdacces\/\" \/>\n<meta property=\"og:locale\" content=\"en_US\" \/>\n<meta property=\"og:type\" content=\"article\" \/>\n<meta property=\"og:title\" content=\"Num\u00e9ros d&#039;acc\u00e8s locaux \u00e0 l&#039;international\" \/>\n<meta property=\"og:description\" content=\"Les num\u00e9ros d\u2019acc\u00e8s locaux \u00e0 l&#039;international permettent aux pr\u00e9sentateurs et aux participants d\u2019entrer en audioconf\u00e9rence \u00e0 partir d\u2019un num\u00e9ro de t\u00e9l\u00e9phone local.\" \/>\n<meta property=\"og:url\" content=\"https:\/\/www.meetingone.com\/eu-fr\/support\/numerosdacces\/\" \/>\n<meta property=\"og:site_name\" content=\"MeetingOne French\" \/>\n<meta property=\"article:publisher\" content=\"https:\/\/www.facebook.com\/MeetingOne\" \/>\n<meta property=\"article:modified_time\" content=\"2024-05-07T10:57:11+00:00\" \/>\n<meta property=\"og:image\" content=\"https:\/\/www.meetingone.com\/eu-fr\/wp-content\/uploads\/sites\/7\/2015\/07\/MeetingOne-Icon.png\" \/>\n\t<meta property=\"og:image:width\" content=\"400\" \/>\n\t<meta property=\"og:image:height\" content=\"400\" \/>\n\t<meta property=\"og:image:type\" content=\"image\/png\" \/>\n<meta name=\"twitter:card\" content=\"summary_large_image\" \/>\n<meta name=\"twitter:site\" content=\"@meetingone\" \/>\n<meta name=\"twitter:label1\" content=\"Est. reading time\" \/>\n\t<meta name=\"twitter:data1\" content=\"1 minute\" \/>\n<script type=\"application\/ld+json\" class=\"yoast-schema-graph\">{\"@context\":\"https:\/\/schema.org\",\"@graph\":[{\"@type\":\"WebPage\",\"@id\":\"https:\/\/www.meetingone.com\/eu-fr\/support\/numerosdacces\/\",\"url\":\"https:\/\/www.meetingone.com\/eu-fr\/support\/numerosdacces\/\",\"name\":\"Num\u00e9ros d'acc\u00e8s locaux \u00e0 l'international\",\"isPartOf\":{\"@id\":\"https:\/\/www.meetingone.com\/eu-fr\/#website\"},\"datePublished\":\"2015-08-10T20:07:58+00:00\",\"dateModified\":\"2024-05-07T10:57:11+00:00\",\"description\":\"Les num\u00e9ros d\u2019acc\u00e8s locaux \u00e0 l'international permettent aux pr\u00e9sentateurs et aux participants d\u2019entrer en audioconf\u00e9rence \u00e0 partir d\u2019un num\u00e9ro de t\u00e9l\u00e9phone local.\",\"breadcrumb\":{\"@id\":\"https:\/\/www.meetingone.com\/eu-fr\/support\/numerosdacces\/#breadcrumb\"},\"inLanguage\":\"en-US\",\"potentialAction\":[{\"@type\":\"ReadAction\",\"target\":[\"https:\/\/www.meetingone.com\/eu-fr\/support\/numerosdacces\/\"]}]},{\"@type\":\"BreadcrumbList\",\"@id\":\"https:\/\/www.meetingone.com\/eu-fr\/support\/numerosdacces\/#breadcrumb\",\"itemListElement\":[{\"@type\":\"ListItem\",\"position\":1,\"name\":\"Home\",\"item\":\"https:\/\/www.meetingone.com\/eu-fr\/\"},{\"@type\":\"ListItem\",\"position\":2,\"name\":\"Ressources &#8211; Outils AudioOne\",\"item\":\"https:\/\/www.meetingone.com\/eu-fr\/support\/\"},{\"@type\":\"ListItem\",\"position\":3,\"name\":\"Ressources &#8211; Num\u00e9ros d&#8217;acc\u00e8s locaux \/ International Access Numbers\"}]},{\"@type\":\"WebSite\",\"@id\":\"https:\/\/www.meetingone.com\/eu-fr\/#website\",\"url\":\"https:\/\/www.meetingone.com\/eu-fr\/\",\"name\":\"MeetingOne French\",\"description\":\"\",\"potentialAction\":[{\"@type\":\"SearchAction\",\"target\":{\"@type\":\"EntryPoint\",\"urlTemplate\":\"https:\/\/www.meetingone.com\/eu-fr\/?s={search_term_string}\"},\"query-input\":\"required name=search_term_string\"}],\"inLanguage\":\"en-US\"}]}<\/script>\n<!-- \/ Yoast SEO plugin. -->","yoast_head_json":{"title":"Num\u00e9ros d'acc\u00e8s locaux \u00e0 l'international","description":"Les num\u00e9ros d\u2019acc\u00e8s locaux \u00e0 l'international permettent aux pr\u00e9sentateurs et aux participants d\u2019entrer en audioconf\u00e9rence \u00e0 partir d\u2019un num\u00e9ro de t\u00e9l\u00e9phone local.","robots":{"index":"index","follow":"follow","max-snippet":"max-snippet:-1","max-image-preview":"max-image-preview:large","max-video-preview":"max-video-preview:-1"},"canonical":"https:\/\/www.meetingone.com\/eu-fr\/support\/numerosdacces\/","og_locale":"en_US","og_type":"article","og_title":"Num\u00e9ros d'acc\u00e8s locaux \u00e0 l'international","og_description":"Les num\u00e9ros d\u2019acc\u00e8s locaux \u00e0 l'international permettent aux pr\u00e9sentateurs et aux participants d\u2019entrer en audioconf\u00e9rence \u00e0 partir d\u2019un num\u00e9ro de t\u00e9l\u00e9phone local.","og_url":"https:\/\/www.meetingone.com\/eu-fr\/support\/numerosdacces\/","og_site_name":"MeetingOne French","article_publisher":"https:\/\/www.facebook.com\/MeetingOne","article_modified_time":"2024-05-07T10:57:11+00:00","og_image":[{"width":400,"height":400,"url":"https:\/\/www.meetingone.com\/eu-fr\/wp-content\/uploads\/sites\/7\/2015\/07\/MeetingOne-Icon.png","type":"image\/png"}],"twitter_card":"summary_large_image","twitter_site":"@meetingone","twitter_misc":{"Est. reading time":"1 minute"},"schema":{"@context":"https:\/\/schema.org","@graph":[{"@type":"WebPage","@id":"https:\/\/www.meetingone.com\/eu-fr\/support\/numerosdacces\/","url":"https:\/\/www.meetingone.com\/eu-fr\/support\/numerosdacces\/","name":"Num\u00e9ros d'acc\u00e8s locaux \u00e0 l'international","isPartOf":{"@id":"https:\/\/www.meetingone.com\/eu-fr\/#website"},"datePublished":"2015-08-10T20:07:58+00:00","dateModified":"2024-05-07T10:57:11+00:00","description":"Les num\u00e9ros d\u2019acc\u00e8s locaux \u00e0 l'international permettent aux pr\u00e9sentateurs et aux participants d\u2019entrer en audioconf\u00e9rence \u00e0 partir d\u2019un num\u00e9ro de t\u00e9l\u00e9phone local.","breadcrumb":{"@id":"https:\/\/www.meetingone.com\/eu-fr\/support\/numerosdacces\/#breadcrumb"},"inLanguage":"en-US","potentialAction":[{"@type":"ReadAction","target":["https:\/\/www.meetingone.com\/eu-fr\/support\/numerosdacces\/"]}]},{"@type":"BreadcrumbList","@id":"https:\/\/www.meetingone.com\/eu-fr\/support\/numerosdacces\/#breadcrumb","itemListElement":[{"@type":"ListItem","position":1,"name":"Home","item":"https:\/\/www.meetingone.com\/eu-fr\/"},{"@type":"ListItem","position":2,"name":"Ressources &#8211; Outils AudioOne","item":"https:\/\/www.meetingone.com\/eu-fr\/support\/"},{"@type":"ListItem","position":3,"name":"Ressources &#8211; Num\u00e9ros d&#8217;acc\u00e8s locaux \/ International Access Numbers"}]},{"@type":"WebSite","@id":"https:\/\/www.meetingone.com\/eu-fr\/#website","url":"https:\/\/www.meetingone.com\/eu-fr\/","name":"MeetingOne French","description":"","potentialAction":[{"@type":"SearchAction","target":{"@type":"EntryPoint","urlTemplate":"https:\/\/www.meetingone.com\/eu-fr\/?s={search_term_string}"},"query-input":"required name=search_term_string"}],"inLanguage":"en-US"}]}},"_links":{"self":[{"href":"https:\/\/www.meetingone.com\/eu-fr\/wp-json\/wp\/v2\/pages\/1274"}],"collection":[{"href":"https:\/\/www.meetingone.com\/eu-fr\/wp-json\/wp\/v2\/pages"}],"about":[{"href":"https:\/\/www.meetingone.com\/eu-fr\/wp-json\/wp\/v2\/types\/page"}],"author":[{"embeddable":true,"href":"https:\/\/www.meetingone.com\/eu-fr\/wp-json\/wp\/v2\/users\/1"}],"replies":[{"embeddable":true,"href":"https:\/\/www.meetingone.com\/eu-fr\/wp-json\/wp\/v2\/comments?post=1274"}],"version-history":[{"count":86,"href":"https:\/\/www.meetingone.com\/eu-fr\/wp-json\/wp\/v2\/pages\/1274\/revisions"}],"predecessor-version":[{"id":8280,"href":"https:\/\/www.meetingone.com\/eu-fr\/wp-json\/wp\/v2\/pages\/1274\/revisions\/8280"}],"up":[{"embeddable":true,"href":"https:\/\/www.meetingone.com\/eu-fr\/wp-json\/wp\/v2\/pages\/919"}],"wp:attachment":[{"href":"https:\/\/www.meetingone.com\/eu-fr\/wp-json\/wp\/v2\/media?parent=1274"}],"curies":[{"name":"wp","href":"https:\/\/api.w.org\/{rel}","templated":true}]}}